{"id":100,"date":"2023-12-18T19:15:00","date_gmt":"2023-12-18T19:15:00","guid":{"rendered":"https:\/\/superjetx.com\/?page_id=100"},"modified":"2024-01-24T19:16:17","modified_gmt":"2024-01-24T19:16:17","slug":"how-to-win-in-jetx-game","status":"publish","type":"page","link":"https:\/\/superjetx.com\/pt\/how-to-win-in-jetx-game\/","title":{"rendered":"Como ganhar no JetX Game"},"content":{"rendered":"<p>Atualmente, muitos jogos interessantes est\u00e3o dispon\u00edveis para os jogadores em v\u00e1rios dispositivos. Al\u00e9m de ter a possibilidade de simplesmente se divertir, os usu\u00e1rios tamb\u00e9m podem ganhar dinheiro real jogando jogos on-line. O JetX \u00e9 um dos jogos que oferece aos jogadores a oportunidade de ganhar algum dinheiro.<\/p>\n\n\n\n<p>Tanto os jogadores novos quanto os regulares t\u00eam a chance de jogar no JetX e sacar fundos reais. No entanto, um pouco de sorte n\u00e3o ser\u00e1 suficiente para isso. \u00c9 necess\u00e1rio estar familiarizado com as regras do jogo e ter, no m\u00ednimo, uma estrat\u00e9gia de jogo. Vamos considerar abaixo o que \u00e9 o JetX Game e como aumentar suas chances de sucesso com a ajuda de conselhos e truques especiais.<\/p>\n\n\n\n<h2 class=\"wp-block-heading\">O que \u00e9 o JetX Game<\/h2>\n\n\n\n<p>O JetX \u00e9 um jogo muito popular entre os usu\u00e1rios. Esse jogo de quebra promete aos jogadores multiplicadores de ganhos infinitos. O JetX \u00e9 um jogo de ca\u00e7a-n\u00edqueis com apar\u00eancia de arcade e foi desenvolvido pela SmartSoft Gaming. O jogo foi visto pela primeira vez no cassino Cbet. No entanto, hoje o JetX est\u00e1 dispon\u00edvel em v\u00e1rios cassinos, sites e plataformas on-line. Isso permite que usu\u00e1rios de todos os cantos do mundo se divirtam jogando o JetX Game e obtenham ganhos reais.<\/p>\n\n\n\n<p>O JetX oferece um visual retr\u00f4 envolvente que lembrar\u00e1 os jogadores dos jogos cl\u00e1ssicos dos anos 80. Em termos gerais, o JetX Game representa uma interface gr\u00e1fica desenvolvida com base em um gerador de n\u00fameros aleat\u00f3rios (GNA).<\/p>\n\n\n\n<h2 class=\"wp-block-heading\">Como jogar o JetX<\/h2>\n\n\n\n<p>O JetX \u00e9 um jogo bastante simples. At\u00e9 mesmo os usu\u00e1rios que nunca jogaram jogos de cassino on-line antes podem desfrutar do JetX com facilidade. Para jogar o JetX Game, primeiro \u00e9 preciso encontrar um cassino on-line ou site adequado. Certifique-se de que a plataforma escolhida seja segura e de boa reputa\u00e7\u00e3o.<\/p>\n\n\n\n<p>Depois que um site de jogos seguro for selecionado, sua tarefa ser\u00e1 registrar-se nele. Depois que o procedimento de registro for conclu\u00eddo, voc\u00ea poder\u00e1 iniciar o JetX Game e come\u00e7ar a jogar.<\/p>\n\n\n\n<p>Se voc\u00ea for jogar JetX pela primeira vez, dever\u00e1 conhecer completamente as regras do jogo. Al\u00e9m disso, \u00e9 recomend\u00e1vel ter uma estrat\u00e9gia vencedora que aumente suas chances de vit\u00f3ria.<\/p>\n\n\n\n<h3 class=\"wp-block-heading\">Gama de apostas e regras<\/h3>\n\n\n\n<p>Como mencionado acima, as regras do JetX Game n\u00e3o s\u00e3o desafiadoras. Ainda assim, voc\u00ea deve se certificar de que est\u00e1 ciente delas. Sem conhecer a mec\u00e2nica do jogo, voc\u00ea simplesmente gastar\u00e1 seu dinheiro em v\u00e3o.<\/p>\n\n\n\n<p>Nesse jogo, um jato decola e come\u00e7a a voar at\u00e9 cair. Enquanto o jato voar e subir cada vez mais alto, o multiplicador conectado a ele continuar\u00e1 a crescer. Quando o jato cai, a rodada termina.<\/p>\n\n\n\n<p>Quando os jogadores jogam JetX, cada usu\u00e1rio deve fazer uma ou v\u00e1rias apostas, tentando adivinhar em qual multiplicador o jato cair\u00e1. Quanto mais tempo o jato voar, maior ser\u00e1 o multiplicador da aposta do usu\u00e1rio. Os jogadores t\u00eam a possibilidade de apostar entre 0,10 e 300 euros por rodada.<\/p>\n\n\n\n<p>O jato pode cair a qualquer momento, mesmo com um multiplicador de 1,00. N\u00e3o h\u00e1 restri\u00e7\u00f5es quanto \u00e0 altura em que o jato pode voar.<\/p>\n\n\n\n<h3 class=\"wp-block-heading\">Jackpot de tr\u00eas n\u00edveis<\/h3>\n\n\n\n<p>O JetX Game tamb\u00e9m oferece um agrad\u00e1vel recurso de jackpot de tr\u00eas n\u00edveis. Isso s\u00f3 acrescenta mais interesse ao jogo para os jogadores. Como os usu\u00e1rios podem ganhar esses jackpots? \u00c0 medida que o jato avan\u00e7a, ele percorrer\u00e1 tr\u00eas n\u00edveis intitulados Planeta, Gal\u00e1xia e Espa\u00e7o. Cada n\u00edvel tem um jackpot aleat\u00f3rio associado a ele. Independentemente do valor da sua aposta, se o jackpot funcionar, voc\u00ea receber\u00e1 sua parte do pr\u00eamio.<\/p>\n\n\n\n<h2 class=\"wp-block-heading\">Estrat\u00e9gia de ganhos para o JetX<\/h2>\n\n\n\n<p>Conhecer as regras e a mec\u00e2nica do jogo \u00e9 \u00fatil. Entretanto, a aplica\u00e7\u00e3o de estrat\u00e9gias de jogo aumentar\u00e1 ainda mais suas chances de obter grandes ganhos.<\/p>\n\n\n\n<p>Como se sabe, o JetX Game \u00e9 baseado em um gerador de n\u00fameros aleat\u00f3rios (GNA). Como o JetX gira em torno da sorte do jogador, n\u00e3o existe uma estrat\u00e9gia 100% vencedora que garanta ganhos em todas as rodadas. No entanto, algumas t\u00e9cnicas eficazes podem ser aceitas pelos usu\u00e1rios, que devem saber.<\/p>\n\n\n\n<h3 class=\"wp-block-heading\">Apostas<\/h3>\n\n\n\n<p>H\u00e1 uma t\u00e9cnica popular que \u00e9 ativamente empregada pelos jogadores do JetX. Ela implica fazer uma grande aposta em um multiplicador baixo com saque autom\u00e1tico e, ao mesmo tempo, fazer uma pequena aposta em um multiplicador alto na mesma rodada.<\/p>\n\n\n\n<p>Essa estrat\u00e9gia tem alguns objetivos. O primeiro objetivo \u00e9 restringir o risco e, ao mesmo tempo, tentar garantir vit\u00f3rias recorrentes e manter um saldo est\u00e1vel com a ajuda da aposta grande. Ao mesmo tempo, a aposta pequena pode ser feita para tentar atingir um grande multiplicador que possa aumentar seu saldo.<\/p>\n\n\n\n<h3 class=\"wp-block-heading\">Saque<\/h3>\n\n\n\n<p>Outra estrat\u00e9gia \u00fatil pode implicar a ades\u00e3o a um estilo de jogo vol\u00e1til. A ideia dessa estrat\u00e9gia \u00e9 apostar mais do que o normal e sacar em multiplicadores baixos. Vale a pena mencionar que o multiplicador mais baixo que os jogadores podem coletar no JetX \u00e9 x1,35. O objetivo aqui \u00e9 ter ganhos recorrentes e retirar seus fundos do cassino assim que ganhar dinheiro suficiente.<\/p>\n\n\n\n<h3 class=\"wp-block-heading\">Martingale<\/h3>\n\n\n\n<p>A pr\u00f3xima t\u00e9cnica \u00e9 bem conhecida entre muitos jogadores de cassino. Entretanto, essa t\u00e9cnica tamb\u00e9m \u00e9 considerada perigosa por diferentes raz\u00f5es. A t\u00e9cnica Martingale consiste em come\u00e7ar com uma aposta pequena e dobr\u00e1-la a cada aposta perdida. Por exemplo, voc\u00ea pode apostar 1 euro. Se perder, deve apostar 2 euros. Se perder novamente, deve apostar 4 euros. Se perder, ent\u00e3o coloque 8 euros e ganhe. Voc\u00ea fez 15 euros em apostas no total e ganhou 16 euros na \u00faltima rodada. Isso significa que seu lucro \u00e9 de  1 euro.<\/p>\n\n\n\n<h2 class=\"wp-block-heading\">Dicas do JetX<\/h2>\n\n\n\n<p>O JetX Game \u00e9 baseado em um gerador de n\u00fameros aleat\u00f3rios (GNA). Sua sorte \u00e9 o foco desse jogo. Felizmente, os jogadores podem tirar proveito de algumas dicas e recomenda\u00e7\u00f5es. Com essas dicas e conselhos, \u00e9 poss\u00edvel que os usu\u00e1rios minimizem os riscos e aumentem o potencial de ganho.<\/p>\n\n\n\n<h3 class=\"wp-block-heading\">Gerencie sua banca (bankroll)<\/h3>\n\n\n\n<p>O gerenciamento da banca desempenha um papel importante ao jogar JetX e outros jogos. Quando se trata de gerenciar sua banca durante os jogos, em especial o JetX, h\u00e1 v\u00e1rias dicas gerais que podem ser levadas em considera\u00e7\u00e3o. Por exemplo, voc\u00ea pode definir um or\u00e7amento, priorizar despesas essenciais, evitar gastos impulsivos, monitorar seu progresso etc.<\/p>\n\n\n\n<h3 class=\"wp-block-heading\">Saque autom\u00e1tico<\/h3>\n\n\n\n<p>Quando se trata de fazer saques, os jogadores t\u00eam algumas op\u00e7\u00f5es. Os jogadores podem sacar manualmente quando desejarem. Ou os usu\u00e1rios podem ativar o modo de saque autom\u00e1tico. Com esse recurso, os jogadores podem definir um multiplicador de meta no qual eles retirar\u00e3o automaticamente o dinheiro da rodada atual. Observe que, se o jato cair antes desse multiplicador, os jogadores perder\u00e3o.<\/p>\n\n\n\n<h2 class=\"wp-block-heading\">B\u00f4nus do JetX<\/h2>\n\n\n\n<p>A variedade de b\u00f4nus \u00e9 uma das raz\u00f5es pelas quais os usu\u00e1rios decidem jogar o JetX Game. A parte mais agrad\u00e1vel \u00e9 que s\u00e3o oferecidas ofertas especiais para jogadores novos e regulares. Por exemplo, os novos usu\u00e1rios podem receber um b\u00f4nus de boas-vindas pelo primeiro dep\u00f3sito. Os b\u00f4nus dispon\u00edveis podem variar dependendo da plataforma ou do site em que estiver jogando o JetX Game.<\/p>\n\n\n\n<h2 class=\"wp-block-heading\">Sum\u00e1rio<\/h2>\n\n\n\n<p>O JetX \u00e9 um jogo envolvente que garante n\u00e3o apenas divers\u00e3o, mas tamb\u00e9m grandes ganhos. Embora esse jogo seja geralmente baseado na sorte dos jogadores e no Gerador de N\u00fameros Aleat\u00f3rios (GNA), ainda h\u00e1 algumas dicas eficazes que podem aumentar suas chances de grandes ganhos. Com as recomenda\u00e7\u00f5es e estrat\u00e9gias vencedoras discutidas acima, voc\u00ea certamente ter\u00e1 uma experi\u00eancia de jogo inesquec\u00edvel e a possibilidade de sacar uma boa quantia de dinheiro real.<\/p>\n\n\n\n<h2 class=\"wp-block-heading\">Perguntas mais frequentes<\/h2>\n\n\n\n<div class=\"schema-faq wp-block-yoast-faq-block\"><div class=\"schema-faq-section\" id=\"faq-question-1706123619561\"><strong class=\"schema-faq-question\">O que \u00e9 o JetX?<\/strong> <p class=\"schema-faq-answer\">O JetX Game \u00e9 um simulador de acidentes a\u00e9reos on-line que \u00e9 diferente de op\u00e7\u00f5es semelhantes no mundo dos jogos pela Internet.<\/p> <\/div> <div class=\"schema-faq-section\" id=\"faq-question-1706123630908\"><strong class=\"schema-faq-question\">Como posso melhorar minha jogabilidade no JetX?<\/strong> <p class=\"schema-faq-answer\">Para melhorar sua jogabilidade no JetX, voc\u00ea pode seguir dicas \u00fateis que o ajudar\u00e3o a aprimorar suas habilidades e seu desempenho. Por exemplo, pratique bastante, domine os controles do JetX, aprenda bem as regras do jogo, mantenha-se concentrado, assista a v\u00eddeos de jogos, tutoriais ou transmiss\u00f5es de jogadores experientes do JetX etc.<\/p> <\/div> <div class=\"schema-faq-section\" id=\"faq-question-1706123643044\"><strong class=\"schema-faq-question\">Quanto posso ganhar?<\/strong> <p class=\"schema-faq-answer\">O valor que voc\u00ea pode ganhar depende da sua aposta e do multiplicador em que voc\u00ea apostou. Multiplicadores mais altos d\u00e3o a oportunidade de ganhar mais dinheiro, mas tamb\u00e9m s\u00e3o mais arriscados.<\/p> <\/div> <\/div>","protected":false},"excerpt":{"rendered":"<p>Nowadays, a lot of interesting games are available for players on various devices. Aside from having the possibility to simply have fun, users likewise can win real money playing online games. JetX is one of the games that provide players with the opportunity to earn some money. Both new and regular gamers have a chance [&hellip;]<\/p>\n","protected":false},"author":2,"featured_media":0,"parent":0,"menu_order":0,"comment_status":"closed","ping_status":"closed","template":"","meta":{"footnotes":""},"class_list":["post-100","page","type-page","status-publish","hentry"],"yoast_head":"<!-- This site is optimized with the Yoast SEO plugin v27.4 - https:\/\/yoast.com\/product\/yoast-seo-wordpress\/ -->\n<title>How to Win in JetX and Get Amazing Gaming Experience<\/title>\n<meta name=\"description\" content=\"How to Win in JetX by applying special tricks, hints, and recommendations? This article includes detailed information on the JetX game and useful winning strategies for players\" \/>\n<meta name=\"robots\" content=\"index, follow, max-snippet:-1, max-image-preview:large, max-video-preview:-1\" \/>\n<link rel=\"canonical\" href=\"https:\/\/superjetx.com\/pt\/how-to-win-in-jetx-game\/\" \/>\n<meta property=\"og:locale\" content=\"pt_BR\" \/>\n<meta property=\"og:type\" content=\"article\" \/>\n<meta property=\"og:title\" content=\"How to Win in JetX and Get Amazing Gaming Experience\" \/>\n<meta property=\"og:description\" content=\"How to Win in JetX by applying special tricks, hints, and recommendations? This article includes detailed information on the JetX game and useful winning strategies for players\" \/>\n<meta property=\"og:url\" content=\"https:\/\/superjetx.com\/pt\/how-to-win-in-jetx-game\/\" \/>\n<meta property=\"og:site_name\" content=\"JetX Game\" \/>\n<meta property=\"article:modified_time\" content=\"2024-01-24T19:16:17+00:00\" \/>\n<meta name=\"twitter:card\" content=\"summary_large_image\" \/>\n<meta name=\"twitter:label1\" content=\"Est. tempo de leitura\" \/>\n\t<meta name=\"twitter:data1\" content=\"6 minutos\" \/>\n<script type=\"application\/ld+json\" class=\"yoast-schema-graph\">{\"@context\":\"https:\\\/\\\/schema.org\",\"@graph\":[{\"@type\":[\"WebPage\",\"FAQPage\"],\"@id\":\"https:\\\/\\\/superjetx.com\\\/how-to-win-in-jetx-game\\\/\",\"url\":\"https:\\\/\\\/superjetx.com\\\/how-to-win-in-jetx-game\\\/\",\"name\":\"How to Win in JetX and Get Amazing Gaming Experience\",\"isPartOf\":{\"@id\":\"https:\\\/\\\/superjetx.com\\\/#website\"},\"datePublished\":\"2023-12-18T19:15:00+00:00\",\"dateModified\":\"2024-01-24T19:16:17+00:00\",\"description\":\"How to Win in JetX by applying special tricks, hints, and recommendations? This article includes detailed information on the JetX game and useful winning strategies for players\",\"breadcrumb\":{\"@id\":\"https:\\\/\\\/superjetx.com\\\/how-to-win-in-jetx-game\\\/#breadcrumb\"},\"mainEntity\":[{\"@id\":\"https:\\\/\\\/superjetx.com\\\/how-to-win-in-jetx-game\\\/#faq-question-1706123619561\"},{\"@id\":\"https:\\\/\\\/superjetx.com\\\/how-to-win-in-jetx-game\\\/#faq-question-1706123630908\"},{\"@id\":\"https:\\\/\\\/superjetx.com\\\/how-to-win-in-jetx-game\\\/#faq-question-1706123643044\"}],\"inLanguage\":\"pt-BR\",\"potentialAction\":[{\"@type\":\"ReadAction\",\"target\":[\"https:\\\/\\\/superjetx.com\\\/how-to-win-in-jetx-game\\\/\"]}]},{\"@type\":\"BreadcrumbList\",\"@id\":\"https:\\\/\\\/superjetx.com\\\/how-to-win-in-jetx-game\\\/#breadcrumb\",\"itemListElement\":[{\"@type\":\"ListItem\",\"position\":1,\"name\":\"Home\",\"item\":\"https:\\\/\\\/superjetx.com\\\/\"},{\"@type\":\"ListItem\",\"position\":2,\"name\":\"How to Win in JetX Game\"}]},{\"@type\":\"WebSite\",\"@id\":\"https:\\\/\\\/superjetx.com\\\/#website\",\"url\":\"https:\\\/\\\/superjetx.com\\\/\",\"name\":\"JetX Game\",\"description\":\"Super JetX Club\",\"potentialAction\":[{\"@type\":\"SearchAction\",\"target\":{\"@type\":\"EntryPoint\",\"urlTemplate\":\"https:\\\/\\\/superjetx.com\\\/?s={search_term_string}\"},\"query-input\":{\"@type\":\"PropertyValueSpecification\",\"valueRequired\":true,\"valueName\":\"search_term_string\"}}],\"inLanguage\":\"pt-BR\"},{\"@type\":\"Question\",\"@id\":\"https:\\\/\\\/superjetx.com\\\/how-to-win-in-jetx-game\\\/#faq-question-1706123619561\",\"position\":1,\"url\":\"https:\\\/\\\/superjetx.com\\\/how-to-win-in-jetx-game\\\/#faq-question-1706123619561\",\"name\":\"What is JetX?\",\"answerCount\":1,\"acceptedAnswer\":{\"@type\":\"Answer\",\"text\":\"The JetX game is an online air crash simulator that differs from similar options in the world of internet gaming.\",\"inLanguage\":\"pt-BR\"},\"inLanguage\":\"pt-BR\"},{\"@type\":\"Question\",\"@id\":\"https:\\\/\\\/superjetx.com\\\/how-to-win-in-jetx-game\\\/#faq-question-1706123630908\",\"position\":2,\"url\":\"https:\\\/\\\/superjetx.com\\\/how-to-win-in-jetx-game\\\/#faq-question-1706123630908\",\"name\":\"How can I improve my gameplay in JetX?\",\"answerCount\":1,\"acceptedAnswer\":{\"@type\":\"Answer\",\"text\":\"To improve your gameplay in JetX, you may adhere to helpful tips that will assist you in enhancing your skills and performance. For instance, you may practice a lot, master the controls of JetX, learn the game's rules well, stay concentrated, watch gameplay videos, tutorials, or streams of experienced JetX players, etc.\",\"inLanguage\":\"pt-BR\"},\"inLanguage\":\"pt-BR\"},{\"@type\":\"Question\",\"@id\":\"https:\\\/\\\/superjetx.com\\\/how-to-win-in-jetx-game\\\/#faq-question-1706123643044\",\"position\":3,\"url\":\"https:\\\/\\\/superjetx.com\\\/how-to-win-in-jetx-game\\\/#faq-question-1706123643044\",\"name\":\"How much can I win?\",\"answerCount\":1,\"acceptedAnswer\":{\"@type\":\"Answer\",\"text\":\"The amount you can win depends on your bet and the multiplier you bet on. Higher multipliers grant the opportunity to win more money, however, they are likewise riskier.\",\"inLanguage\":\"pt-BR\"},\"inLanguage\":\"pt-BR\"}]}<\/script>\n<!-- \/ Yoast SEO plugin. -->","yoast_head_json":{"title":"Como ganhar no JetX e ter uma experi\u00eancia de jogo incr\u00edvel e emocionante","description":"Como ganhar no JetX aplicando truques, dicas e recomenda\u00e7\u00f5es especiais? Este artigo inclui informa\u00e7\u00f5es detalhadas sobre o jogo JetX e estrat\u00e9gias de vit\u00f3ria \u00fateis para os jogadores.","robots":{"index":"index","follow":"follow","max-snippet":"max-snippet:-1","max-image-preview":"max-image-preview:large","max-video-preview":"max-video-preview:-1"},"canonical":"https:\/\/superjetx.com\/pt\/how-to-win-in-jetx-game\/","og_locale":"pt_BR","og_type":"article","og_title":"How to Win in JetX and Get Amazing Gaming Experience","og_description":"How to Win in JetX by applying special tricks, hints, and recommendations? This article includes detailed information on the JetX game and useful winning strategies for players","og_url":"https:\/\/superjetx.com\/pt\/how-to-win-in-jetx-game\/","og_site_name":"JetX Game","article_modified_time":"2024-01-24T19:16:17+00:00","twitter_card":"summary_large_image","twitter_misc":{"Est. tempo de leitura":"6 minutos"},"schema":{"@context":"https:\/\/schema.org","@graph":[{"@type":["WebPage","FAQPage"],"@id":"https:\/\/superjetx.com\/how-to-win-in-jetx-game\/","url":"https:\/\/superjetx.com\/how-to-win-in-jetx-game\/","name":"Como ganhar no JetX e ter uma experi\u00eancia de jogo incr\u00edvel e emocionante","isPartOf":{"@id":"https:\/\/superjetx.com\/#website"},"datePublished":"2023-12-18T19:15:00+00:00","dateModified":"2024-01-24T19:16:17+00:00","description":"Como ganhar no JetX aplicando truques, dicas e recomenda\u00e7\u00f5es especiais? Este artigo inclui informa\u00e7\u00f5es detalhadas sobre o jogo JetX e estrat\u00e9gias de vit\u00f3ria \u00fateis para os jogadores.","breadcrumb":{"@id":"https:\/\/superjetx.com\/how-to-win-in-jetx-game\/#breadcrumb"},"mainEntity":[{"@id":"https:\/\/superjetx.com\/how-to-win-in-jetx-game\/#faq-question-1706123619561"},{"@id":"https:\/\/superjetx.com\/how-to-win-in-jetx-game\/#faq-question-1706123630908"},{"@id":"https:\/\/superjetx.com\/how-to-win-in-jetx-game\/#faq-question-1706123643044"}],"inLanguage":"pt-BR","potentialAction":[{"@type":"ReadAction","target":["https:\/\/superjetx.com\/how-to-win-in-jetx-game\/"]}]},{"@type":"BreadcrumbList","@id":"https:\/\/superjetx.com\/how-to-win-in-jetx-game\/#breadcrumb","itemListElement":[{"@type":"ListItem","position":1,"name":"Home","item":"https:\/\/superjetx.com\/"},{"@type":"ListItem","position":2,"name":"How to Win in JetX Game"}]},{"@type":"WebSite","@id":"https:\/\/superjetx.com\/#website","url":"https:\/\/superjetx.com\/","name":"O jogo JetX","description":"Clube Super JetX","potentialAction":[{"@type":"SearchAction","target":{"@type":"EntryPoint","urlTemplate":"https:\/\/superjetx.com\/?s={search_term_string}"},"query-input":{"@type":"PropertyValueSpecification","valueRequired":true,"valueName":"search_term_string"}}],"inLanguage":"pt-BR"},{"@type":"Question","@id":"https:\/\/superjetx.com\/how-to-win-in-jetx-game\/#faq-question-1706123619561","position":1,"url":"https:\/\/superjetx.com\/how-to-win-in-jetx-game\/#faq-question-1706123619561","name":"O que \u00e9 o JetX?","answerCount":1,"acceptedAnswer":{"@type":"Answer","text":"The JetX game is an online air crash simulator that differs from similar options in the world of internet gaming.","inLanguage":"pt-BR"},"inLanguage":"pt-BR"},{"@type":"Question","@id":"https:\/\/superjetx.com\/how-to-win-in-jetx-game\/#faq-question-1706123630908","position":2,"url":"https:\/\/superjetx.com\/how-to-win-in-jetx-game\/#faq-question-1706123630908","name":"Como posso melhorar minha jogabilidade no JetX?","answerCount":1,"acceptedAnswer":{"@type":"Answer","text":"To improve your gameplay in JetX, you may adhere to helpful tips that will assist you in enhancing your skills and performance. For instance, you may practice a lot, master the controls of JetX, learn the game's rules well, stay concentrated, watch gameplay videos, tutorials, or streams of experienced JetX players, etc.","inLanguage":"pt-BR"},"inLanguage":"pt-BR"},{"@type":"Question","@id":"https:\/\/superjetx.com\/how-to-win-in-jetx-game\/#faq-question-1706123643044","position":3,"url":"https:\/\/superjetx.com\/how-to-win-in-jetx-game\/#faq-question-1706123643044","name":"Quanto posso ganhar?","answerCount":1,"acceptedAnswer":{"@type":"Answer","text":"The amount you can win depends on your bet and the multiplier you bet on. Higher multipliers grant the opportunity to win more money, however, they are likewise riskier.","inLanguage":"pt-BR"},"inLanguage":"pt-BR"}]}},"_links":{"self":[{"href":"https:\/\/superjetx.com\/pt\/wp-json\/wp\/v2\/pages\/100","targetHints":{"allow":["GET"]}}],"collection":[{"href":"https:\/\/superjetx.com\/pt\/wp-json\/wp\/v2\/pages"}],"about":[{"href":"https:\/\/superjetx.com\/pt\/wp-json\/wp\/v2\/types\/page"}],"author":[{"embeddable":true,"href":"https:\/\/superjetx.com\/pt\/wp-json\/wp\/v2\/users\/2"}],"replies":[{"embeddable":true,"href":"https:\/\/superjetx.com\/pt\/wp-json\/wp\/v2\/comments?post=100"}],"version-history":[{"count":1,"href":"https:\/\/superjetx.com\/pt\/wp-json\/wp\/v2\/pages\/100\/revisions"}],"predecessor-version":[{"id":101,"href":"https:\/\/superjetx.com\/pt\/wp-json\/wp\/v2\/pages\/100\/revisions\/101"}],"wp:attachment":[{"href":"https:\/\/superjetx.com\/pt\/wp-json\/wp\/v2\/media?parent=100"}],"curies":[{"name":"wp","href":"https:\/\/api.w.org\/{rel}","templated":true}]}}