{"id":102,"date":"2024-01-24T20:06:24","date_gmt":"2024-01-24T20:06:24","guid":{"rendered":"https:\/\/superjetx.com\/?page_id=102"},"modified":"2024-01-26T22:00:18","modified_gmt":"2024-01-26T22:00:18","slug":"jetx-game-bonuses","status":"publish","type":"page","link":"https:\/\/superjetx.com\/pt\/jetx-game-bonuses\/","title":{"rendered":"B\u00f4nus do JetX Game"},"content":{"rendered":"<p>Se quiser jogar, divertir-se e ganhar, o JetX Game \u00e9 a op\u00e7\u00e3o ideal para voc\u00ea. Os desenvolvedores se esfor\u00e7aram ao m\u00e1ximo para criar uma experi\u00eancia de jogo perfeita e oferecer grandes chances de ganhar. Esse jogo \u00e9 f\u00e1cil de entender e jogar, fascina e prende a aten\u00e7\u00e3o. Al\u00e9m disso, h\u00e1 b\u00f4nus que voc\u00ea pode utilizar e lucrar ainda mais.<\/p>\n\n\n\n<h2 class=\"wp-block-heading\">O que \u00e9 o JetX Game<\/h2>\n\n\n\n<p>Esse jogo pertence aos chamados jogos de colis\u00e3o. A jogabilidade consiste nas seguintes fases:<\/p>\n\n\n\n<ul class=\"space-mark wp-block-list\">\n<li>Antes de iniciar a rodada, o usu\u00e1rio faz uma aposta.<\/li>\n\n\n\n<li>Quando o jogo come\u00e7a, o avi\u00e3o decola e o jogador acompanha seu progresso.<\/li>\n\n\n\n<li>Enquanto o voo continua, o multiplicador est\u00e1 crescendo e oferece chances de ganhar cada vez mais.<\/li>\n\n\n\n<li>O jogador precisa selecionar o ponto para sacar o dinheiro e isso deve ser feito antes da queda.<\/li>\n\n\n\n<li>Se ele tiver escolhido o momento certo, ganhar\u00e1 de acordo com o multiplicador definido nele.<\/li>\n\n\n\n<li>Se a aeronave cair enquanto o usu\u00e1rio ainda estiver no jogo, a aposta ser\u00e1 perdida.<\/li>\n<\/ul>\n\n\n\n<p>Assim, tudo \u00e9 bastante simples e din\u00e2mico. Uma rodada dura, em m\u00e9dia, segundos e minutos. Portanto, o usu\u00e1rio deve permanecer ativo e alerta para ganhar.<\/p>\n\n\n\n<p>Os desenvolvedores alegam um RTP de quase 97%. Isso significa que a chance de ganhar \u00e9 realmente alta. Na verdade, s\u00e3o raros os casos em que o avi\u00e3o cai durante os primeiros segundos. Esse \u00e9 um dos motivos da enorme popularidade dessa op\u00e7\u00e3o.<\/p>\n\n\n\n<h2 class=\"wp-block-heading\">Como jogar o JetX<\/h2>\n\n\n\n<p>A quest\u00e3o mais importante \u00e9 onde jogar esse jogo. H\u00e1 duas op\u00e7\u00f5es principais, a saber:<\/p>\n\n\n\n<ul class=\"space-mark wp-block-list\">\n<li>Voc\u00ea pode fazer o download do aplicativo dedicado na Apple Store ou na Google Play Store e instal\u00e1-lo em seu telefone celular. Esse processo \u00e9 bastante f\u00e1cil e r\u00e1pido. O aplicativo n\u00e3o ocupa muito espa\u00e7o e \u00e9 instalado em poucos minutos.<\/li>\n\n\n\n<li>Voc\u00ea pode procurar um cassino on-line confi\u00e1vel que ofere\u00e7a essa op\u00e7\u00e3o de jogo. Devido \u00e0 sua popularidade, o jogo \u00e9 bastante comum. No site, \u00e9 preciso se registrar e verificar a conta, e ent\u00e3o o jogo ser\u00e1 iniciado. Tamb\u00e9m pode haver a possibilidade de baixar o cliente para CP, bem como o aplicativo do clube.<\/li>\n<\/ul>\n\n\n\n<p>Lembrese de que h\u00e1 uma vers\u00e3o de demonstra\u00e7\u00e3o gratuita para esse jogo. Ela tem as mesmas regras e a mesma interface, mas n\u00e3o exige registro nem apostas em dinheiro real. Essa \u00e9 uma \u00f3tima maneira de se familiarizar com o jogo, entender as regras b\u00e1sicas e se tornar um jogador experiente. Depois disso, voc\u00ea pode prosseguir com a vers\u00e3o completa, apostar e ganhar.<\/p>\n\n\n\n<h2 class=\"wp-block-heading\">B\u00f4nus do JetX<\/h2>\n\n\n\n<p>Quanto aos b\u00f4nus dispon\u00edveis, eles geralmente dependem do clube escolhido. Uma op\u00e7\u00e3o comum \u00e9 um b\u00f4nus para o primeiro dep\u00f3sito. Ao fazer esse procedimento, \u00e9 preciso digitar \"JETX bonus\" no campo obrigat\u00f3rio para obter um b\u00f4nus de boas-vindas. Este \u00faltimo geralmente \u00e9 igual ao valor do dep\u00f3sito.<\/p>\n\n\n\n<p>Al\u00e9m disso, cada estabelecimento on-line tem seu pr\u00f3prio conjunto de promo\u00e7\u00f5es. \u00c9 aconselh\u00e1vel segui-las e usar aquelas que se aplicam ao JetX Game.<\/p>\n\n\n\n<h2 class=\"wp-block-heading\">Estrat\u00e9gia para ganhar no JetX<\/h2>\n\n\n\n<p>Por um lado, esse jogo incr\u00edvel depende da sorte e do acaso. N\u00e3o h\u00e1 como superar o algoritmo ou prever corretamente o resultado de uma nova rodada. Por outro lado, os jogadores continuam buscando estrat\u00e9gias e conselhos bem-sucedidos.<br>H\u00e1 algumas recomenda\u00e7\u00f5es que podem ser \u00fateis para os jogadores, a saber:<\/p>\n\n\n\n<ul class=\"space-mark wp-block-list\">\n<li>Sempre comece com a vers\u00e3o de demonstra\u00e7\u00e3o. Ela \u00e9 totalmente gratuita e est\u00e1 dispon\u00edvel para qualquer pessoa. Ela oferece a chance perfeita para treinar e ganhar experi\u00eancia valiosa. H\u00e1 menos tens\u00e3o porque voc\u00ea n\u00e3o joga com dinheiro real. Assim, voc\u00ea pode simplesmente relaxar e aproveitar o processo enquanto tenta acompanhar todos os recursos do jogo.<\/li>\n\n\n\n<li>Fa\u00e7a apostas pequenas, mas frequentes. As chances de ganhar s\u00e3o maiores, mas a perda tamb\u00e9m pode ocorrer. Ainda assim, quanto mais rodadas voc\u00ea jogar, mais terminar\u00e1 com sucesso. Nesse caso, mesmo as apostas pequenas ser\u00e3o lucrativas.<\/li>\n\n\n\n<li>Defina seus limites com anteced\u00eancia. Voc\u00ea precisa saber quanto pode gastar com o jogo. Isso est\u00e1 relacionado tanto ao dinheiro quanto ao tempo. Pense nesses limites e siga-os rigorosamente. Assim, voc\u00ea evitar\u00e1 consequ\u00eancias desagrad\u00e1veis e decep\u00e7\u00f5es no jogo.<\/li>\n\n\n\n<li>Analise sua pr\u00f3pria experi\u00eancia, bem como a de outros jogadores. \u00c9 claro que cada rodada \u00e9 \u00fanica, mas voc\u00ea pode observar uma l\u00f3gica geral e tentar segui-la. Voc\u00ea tamb\u00e9m pode se comunicar com outros jogadores no chat.<\/li>\n<\/ul>\n\n\n\n<p>N\u00e3o negligencie as regras de jogo respons\u00e1vel e divirta-se.<\/p>\n\n\n\n<h2 class=\"wp-block-heading\">Aplicativo m\u00f3vel JetX Mobile<\/h2>\n\n\n\n<p>Como j\u00e1 mencionamos, h\u00e1 uma maneira perfeita de aproveitar esse jogo usando seu telefone celular. Os desenvolvedores criaram aplicativos para Android e IOS. Assim, voc\u00ea pode baix\u00e1-lo facilmente da loja on-line correspondente, instalar e iniciar o jogo.<\/p>\n\n\n\n<p>N\u00e3o h\u00e1 diferen\u00e7a entre a vers\u00e3o desktop e a vers\u00e3o m\u00f3vel. Portanto, tudo depende de suas prefer\u00eancias e da disponibilidade de dispositivos. Al\u00e9m disso, voc\u00ea pode criar uma conta e fazer login em qualquer dispositivo, dependendo da situa\u00e7\u00e3o.<\/p>\n\n\n\n<h2 class=\"wp-block-heading\">Sum\u00e1rio<\/h2>\n\n\n\n<p>De modo geral, \u00e9 dif\u00edcil encontrar outro jogo que traga tanta divers\u00e3o e lucros dignos. Al\u00e9m disso, n\u00e3o \u00e9 necess\u00e1rio gastar muito tempo aprendendo as regras e a jogabilidade. Ele \u00e9 amig\u00e1vel e f\u00e1cil de navegar, justo e alegre. N\u00e3o hesite em encontrar uma op\u00e7\u00e3o adequada para jogar e experimente esse jogo perfeito n\u00e3o apenas para relaxar, mas tamb\u00e9m para ganhar dinheiro de verdade.<\/p>\n\n\n\n<h2 class=\"wp-block-heading\">Perguntas mais frequentes<\/h2>\n\n\n\n<div class=\"schema-faq wp-block-yoast-faq-block\"><div class=\"schema-faq-section\" id=\"faq-question-1706124033291\"><strong class=\"schema-faq-question\">Como ganhar dinheiro com o JetX?<\/strong> <p class=\"schema-faq-answer\">Inicie o jogo, fa\u00e7a sua primeira aposta e comece a jogar. \u00c9 f\u00e1cil e realmente poss\u00edvel ganhar ao apostar pequenas quantias com frequ\u00eancia.<\/p> <\/div> <div class=\"schema-faq-section\" id=\"faq-question-1706124057267\"><strong class=\"schema-faq-question\">Como vencer o JetX?<\/strong> <p class=\"schema-faq-answer\">Esse jogo \u00e9 justo e totalmente imprevis\u00edvel. Portanto, acredite em sua sorte e confie em sua intui\u00e7\u00e3o. Al\u00e9m disso, analise a experi\u00eancia anterior e aprenda a jogar no modo de demonstra\u00e7\u00e3o. Alguma experi\u00eancia \u00e9 sempre \u00fatil.<\/p> <\/div> <div class=\"schema-faq-section\" id=\"faq-question-1706124072459\"><strong class=\"schema-faq-question\">Como funciona o JetX Game?<\/strong> <p class=\"schema-faq-answer\">H\u00e1 uma aeronave que voa e o multiplicador aumenta junto com ela. O jogador deve decidir em qual ponto fazer o saque. Ele ser\u00e1 o vencedor se conseguir fazer isso antes do acidente.<\/p> <\/div> <\/div>","protected":false},"excerpt":{"rendered":"<p>If you wish to play, enjoy the game and win, then JetX Game is the option just for you. Its developers did their best to create a seamless gaming experience and provide high chance of winning. This game is easy to understand and play, it fascinates and grips attention. In addition, there are bonuses that [&hellip;]<\/p>\n","protected":false},"author":2,"featured_media":0,"parent":0,"menu_order":0,"comment_status":"closed","ping_status":"closed","template":"","meta":{"footnotes":""},"class_list":["post-102","page","type-page","status-publish","hentry"],"yoast_head":"<!-- This site is optimized with the Yoast SEO plugin v27.3 - https:\/\/yoast.com\/product\/yoast-seo-wordpress\/ -->\n<title>JetX Bonuses and all the features of the prefect game for winnings<\/title>\n<meta name=\"description\" content=\"JetX Bonuses are available for everyone. They include a generous welcome bonus and other options. Do not hesitate to learn more about this awesome game, start to play and win money\" \/>\n<meta name=\"robots\" content=\"index, follow, max-snippet:-1, max-image-preview:large, max-video-preview:-1\" \/>\n<link rel=\"canonical\" href=\"https:\/\/superjetx.com\/pt\/jetx-game-bonuses\/\" \/>\n<meta property=\"og:locale\" content=\"pt_BR\" \/>\n<meta property=\"og:type\" content=\"article\" \/>\n<meta property=\"og:title\" content=\"JetX Bonuses and all the features of the prefect game for winnings\" \/>\n<meta property=\"og:description\" content=\"JetX Bonuses are available for everyone. They include a generous welcome bonus and other options. Do not hesitate to learn more about this awesome game, start to play and win money\" \/>\n<meta property=\"og:url\" content=\"https:\/\/superjetx.com\/pt\/jetx-game-bonuses\/\" \/>\n<meta property=\"og:site_name\" content=\"JetX Game\" \/>\n<meta property=\"article:modified_time\" content=\"2024-01-26T22:00:18+00:00\" \/>\n<meta name=\"twitter:card\" content=\"summary_large_image\" \/>\n<meta name=\"twitter:label1\" content=\"Est. tempo de leitura\" \/>\n\t<meta name=\"twitter:data1\" content=\"5 minutos\" \/>\n<script type=\"application\/ld+json\" class=\"yoast-schema-graph\">{\"@context\":\"https:\\\/\\\/schema.org\",\"@graph\":[{\"@type\":[\"WebPage\",\"FAQPage\"],\"@id\":\"https:\\\/\\\/superjetx.com\\\/jetx-game-bonuses\\\/\",\"url\":\"https:\\\/\\\/superjetx.com\\\/jetx-game-bonuses\\\/\",\"name\":\"JetX Bonuses and all the features of the prefect game for winnings\",\"isPartOf\":{\"@id\":\"https:\\\/\\\/superjetx.com\\\/#website\"},\"datePublished\":\"2024-01-24T20:06:24+00:00\",\"dateModified\":\"2024-01-26T22:00:18+00:00\",\"description\":\"JetX Bonuses are available for everyone. They include a generous welcome bonus and other options. Do not hesitate to learn more about this awesome game, start to play and win money\",\"breadcrumb\":{\"@id\":\"https:\\\/\\\/superjetx.com\\\/jetx-game-bonuses\\\/#breadcrumb\"},\"mainEntity\":[{\"@id\":\"https:\\\/\\\/superjetx.com\\\/jetx-game-bonuses\\\/#faq-question-1706124033291\"},{\"@id\":\"https:\\\/\\\/superjetx.com\\\/jetx-game-bonuses\\\/#faq-question-1706124057267\"},{\"@id\":\"https:\\\/\\\/superjetx.com\\\/jetx-game-bonuses\\\/#faq-question-1706124072459\"}],\"inLanguage\":\"pt-BR\",\"potentialAction\":[{\"@type\":\"ReadAction\",\"target\":[\"https:\\\/\\\/superjetx.com\\\/jetx-game-bonuses\\\/\"]}]},{\"@type\":\"BreadcrumbList\",\"@id\":\"https:\\\/\\\/superjetx.com\\\/jetx-game-bonuses\\\/#breadcrumb\",\"itemListElement\":[{\"@type\":\"ListItem\",\"position\":1,\"name\":\"Home\",\"item\":\"https:\\\/\\\/superjetx.com\\\/\"},{\"@type\":\"ListItem\",\"position\":2,\"name\":\"JetX Game Bonuses\"}]},{\"@type\":\"WebSite\",\"@id\":\"https:\\\/\\\/superjetx.com\\\/#website\",\"url\":\"https:\\\/\\\/superjetx.com\\\/\",\"name\":\"JetX Game\",\"description\":\"Super JetX Club\",\"potentialAction\":[{\"@type\":\"SearchAction\",\"target\":{\"@type\":\"EntryPoint\",\"urlTemplate\":\"https:\\\/\\\/superjetx.com\\\/?s={search_term_string}\"},\"query-input\":{\"@type\":\"PropertyValueSpecification\",\"valueRequired\":true,\"valueName\":\"search_term_string\"}}],\"inLanguage\":\"pt-BR\"},{\"@type\":\"Question\",\"@id\":\"https:\\\/\\\/superjetx.com\\\/jetx-game-bonuses\\\/#faq-question-1706124033291\",\"position\":1,\"url\":\"https:\\\/\\\/superjetx.com\\\/jetx-game-bonuses\\\/#faq-question-1706124033291\",\"name\":\"How to make money with JetX?\",\"answerCount\":1,\"acceptedAnswer\":{\"@type\":\"Answer\",\"text\":\"Launch the game, make your first bet and start to play. It is easy and really to win while betting small sums frequently.\",\"inLanguage\":\"pt-BR\"},\"inLanguage\":\"pt-BR\"},{\"@type\":\"Question\",\"@id\":\"https:\\\/\\\/superjetx.com\\\/jetx-game-bonuses\\\/#faq-question-1706124057267\",\"position\":2,\"url\":\"https:\\\/\\\/superjetx.com\\\/jetx-game-bonuses\\\/#faq-question-1706124057267\",\"name\":\"How do you beat JetX?\",\"answerCount\":1,\"acceptedAnswer\":{\"@type\":\"Answer\",\"text\":\"This game is fair and completely unpredictable. Therefore, believe in your luck and trust your intuition. In addition, analyze the previous experience and learn to play in the demo mode. Some experience is always helpful.\",\"inLanguage\":\"pt-BR\"},\"inLanguage\":\"pt-BR\"},{\"@type\":\"Question\",\"@id\":\"https:\\\/\\\/superjetx.com\\\/jetx-game-bonuses\\\/#faq-question-1706124072459\",\"position\":3,\"url\":\"https:\\\/\\\/superjetx.com\\\/jetx-game-bonuses\\\/#faq-question-1706124072459\",\"name\":\"How does JetX game work?\",\"answerCount\":1,\"acceptedAnswer\":{\"@type\":\"Answer\",\"text\":\"There is an aircraft that flies and the multiplier rises together with it. The gamer should decide on which point to cash out. He becomes the winner if he succeeded in doing it before the crash.\",\"inLanguage\":\"pt-BR\"},\"inLanguage\":\"pt-BR\"}]}<\/script>\n<!-- \/ Yoast SEO plugin. -->","yoast_head_json":{"title":"B\u00f4nus do JetX e todos os recursos do jogo perfeito para ganhar","description":"B\u00f4nus do JetX est\u00e3o dispon\u00edveis para todos. Elas incluem um generoso b\u00f4nus de boas-vindas e outras op\u00e7\u00f5es. N\u00e3o hesite em saber mais sobre esse jogo incr\u00edvel, comece a jogar e ganhe dinheiro","robots":{"index":"index","follow":"follow","max-snippet":"max-snippet:-1","max-image-preview":"max-image-preview:large","max-video-preview":"max-video-preview:-1"},"canonical":"https:\/\/superjetx.com\/pt\/jetx-game-bonuses\/","og_locale":"pt_BR","og_type":"article","og_title":"JetX Bonuses and all the features of the prefect game for winnings","og_description":"JetX Bonuses are available for everyone. They include a generous welcome bonus and other options. Do not hesitate to learn more about this awesome game, start to play and win money","og_url":"https:\/\/superjetx.com\/pt\/jetx-game-bonuses\/","og_site_name":"JetX Game","article_modified_time":"2024-01-26T22:00:18+00:00","twitter_card":"summary_large_image","twitter_misc":{"Est. tempo de leitura":"5 minutos"},"schema":{"@context":"https:\/\/schema.org","@graph":[{"@type":["WebPage","FAQPage"],"@id":"https:\/\/superjetx.com\/jetx-game-bonuses\/","url":"https:\/\/superjetx.com\/jetx-game-bonuses\/","name":"B\u00f4nus do JetX e todos os recursos do jogo perfeito para ganhar","isPartOf":{"@id":"https:\/\/superjetx.com\/#website"},"datePublished":"2024-01-24T20:06:24+00:00","dateModified":"2024-01-26T22:00:18+00:00","description":"B\u00f4nus do JetX est\u00e3o dispon\u00edveis para todos. Elas incluem um generoso b\u00f4nus de boas-vindas e outras op\u00e7\u00f5es. N\u00e3o hesite em saber mais sobre esse jogo incr\u00edvel, comece a jogar e ganhe dinheiro","breadcrumb":{"@id":"https:\/\/superjetx.com\/jetx-game-bonuses\/#breadcrumb"},"mainEntity":[{"@id":"https:\/\/superjetx.com\/jetx-game-bonuses\/#faq-question-1706124033291"},{"@id":"https:\/\/superjetx.com\/jetx-game-bonuses\/#faq-question-1706124057267"},{"@id":"https:\/\/superjetx.com\/jetx-game-bonuses\/#faq-question-1706124072459"}],"inLanguage":"pt-BR","potentialAction":[{"@type":"ReadAction","target":["https:\/\/superjetx.com\/jetx-game-bonuses\/"]}]},{"@type":"BreadcrumbList","@id":"https:\/\/superjetx.com\/jetx-game-bonuses\/#breadcrumb","itemListElement":[{"@type":"ListItem","position":1,"name":"Home","item":"https:\/\/superjetx.com\/"},{"@type":"ListItem","position":2,"name":"JetX Game Bonuses"}]},{"@type":"WebSite","@id":"https:\/\/superjetx.com\/#website","url":"https:\/\/superjetx.com\/","name":"O jogo JetX","description":"Clube Super JetX","potentialAction":[{"@type":"SearchAction","target":{"@type":"EntryPoint","urlTemplate":"https:\/\/superjetx.com\/?s={search_term_string}"},"query-input":{"@type":"PropertyValueSpecification","valueRequired":true,"valueName":"search_term_string"}}],"inLanguage":"pt-BR"},{"@type":"Question","@id":"https:\/\/superjetx.com\/jetx-game-bonuses\/#faq-question-1706124033291","position":1,"url":"https:\/\/superjetx.com\/jetx-game-bonuses\/#faq-question-1706124033291","name":"Como ganhar dinheiro com o JetX?","answerCount":1,"acceptedAnswer":{"@type":"Answer","text":"Launch the game, make your first bet and start to play. It is easy and really to win while betting small sums frequently.","inLanguage":"pt-BR"},"inLanguage":"pt-BR"},{"@type":"Question","@id":"https:\/\/superjetx.com\/jetx-game-bonuses\/#faq-question-1706124057267","position":2,"url":"https:\/\/superjetx.com\/jetx-game-bonuses\/#faq-question-1706124057267","name":"Como vencer o JetX?","answerCount":1,"acceptedAnswer":{"@type":"Answer","text":"This game is fair and completely unpredictable. Therefore, believe in your luck and trust your intuition. In addition, analyze the previous experience and learn to play in the demo mode. Some experience is always helpful.","inLanguage":"pt-BR"},"inLanguage":"pt-BR"},{"@type":"Question","@id":"https:\/\/superjetx.com\/jetx-game-bonuses\/#faq-question-1706124072459","position":3,"url":"https:\/\/superjetx.com\/jetx-game-bonuses\/#faq-question-1706124072459","name":"Como funciona o JetX Game?","answerCount":1,"acceptedAnswer":{"@type":"Answer","text":"There is an aircraft that flies and the multiplier rises together with it. The gamer should decide on which point to cash out. He becomes the winner if he succeeded in doing it before the crash.","inLanguage":"pt-BR"},"inLanguage":"pt-BR"}]}},"_links":{"self":[{"href":"https:\/\/superjetx.com\/pt\/wp-json\/wp\/v2\/pages\/102","targetHints":{"allow":["GET"]}}],"collection":[{"href":"https:\/\/superjetx.com\/pt\/wp-json\/wp\/v2\/pages"}],"about":[{"href":"https:\/\/superjetx.com\/pt\/wp-json\/wp\/v2\/types\/page"}],"author":[{"embeddable":true,"href":"https:\/\/superjetx.com\/pt\/wp-json\/wp\/v2\/users\/2"}],"replies":[{"embeddable":true,"href":"https:\/\/superjetx.com\/pt\/wp-json\/wp\/v2\/comments?post=102"}],"version-history":[{"count":3,"href":"https:\/\/superjetx.com\/pt\/wp-json\/wp\/v2\/pages\/102\/revisions"}],"predecessor-version":[{"id":119,"href":"https:\/\/superjetx.com\/pt\/wp-json\/wp\/v2\/pages\/102\/revisions\/119"}],"wp:attachment":[{"href":"https:\/\/superjetx.com\/pt\/wp-json\/wp\/v2\/media?parent=102"}],"curies":[{"name":"wp","href":"https:\/\/api.w.org\/{rel}","templated":true}]}}