{"id":108,"date":"2023-11-13T20:22:00","date_gmt":"2023-11-13T20:22:00","guid":{"rendered":"https:\/\/superjetx.com\/?page_id=108"},"modified":"2024-01-24T20:22:24","modified_gmt":"2024-01-24T20:22:24","slug":"lucky-jet-free-online-game-casino","status":"publish","type":"page","link":"https:\/\/superjetx.com\/pt\/lucky-jet-free-online-game-casino\/","title":{"rendered":"Jogo de cassino online gratuito Lucky Jet"},"content":{"rendered":"<p>Os jogos Crash \u00e0s vezes s\u00e3o chamados de ca\u00e7a-n\u00edqueis, embora funcionem de forma diferente. A conex\u00e3o entre os dois g\u00eaneros \u00e9 a aleatoriedade (o resultado depende da sorte, n\u00e3o da habilidade do jogador) e o resultado instant\u00e2neo do jogo. No entanto, os crash games est\u00e3o mais ligados ao jogador porque \u00e9 ele quem determina quando retirar seu dinheiro.<\/p>\n\n\n\n<p>Inicialmente projetados apenas para cassinos de criptomoedas, os jogos de crash rapidamente ganharam popularidade, portanto, hoje em dia, voc\u00ea tamb\u00e9m pode apostar dinheiro fiduci\u00e1rio. Seu sucesso foi determinado pela combina\u00e7\u00e3o de aleatoriedade, simplicidade e divers\u00e3o. Hoje em dia, todo cassino on-line de boa reputa\u00e7\u00e3o oferece um ou v\u00e1rios jogos de colis\u00e3o para jogar. Portanto, pode ser complicado navegar por eles e escolher um, mas aqui estamos para ajud\u00e1-lo com nossos artigos. Esta an\u00e1lise do jogo Lucky Jet \u00e9 um deles. Continue a leitura para conhecer todos os aspectos importantes desse popular jogo de cassino.<\/p>\n\n\n\n<h2 class=\"wp-block-heading\">O que \u00e9 o jogo Lucky Jet?<\/h2>\n\n\n\n<p>O Lucky Jet \u00e9 um jogo de azar que funciona de forma semelhante ao Aviator e a outros t\u00edtulos de jogos de colis\u00e3o. Seu protagonista \u00e9 o Lucky Joe, um homem descolado com um jetpack. Cada s\u00e9rie de jogos come\u00e7a com ele decolando do ch\u00e3o e voando com a ajuda de seu jato. O objetivo do jogador \u00e9 retirar o dinheiro que ganhou antes que Lucky Joe saia da tela.<\/p>\n\n\n\n<p>Enquanto o voo continua, o multiplicador no centro da tela muda seu valor. Os apostadores mais ousados podem esperar por um n\u00famero grande, mas isso \u00e9 arriscado - o momento em que o Lucky Joe desaparece \u00e9 aleat\u00f3rio. Se o cliente conseguir sacar antes que isso aconte\u00e7a, seu pr\u00eamio ser\u00e1 a aposta multiplicada pelo coeficiente que estava na tela quando ele fez isso.<\/p>\n\n\n\n<h2 class=\"wp-block-heading\">Como jogar Lucky Jet Online<\/h2>\n\n\n\n<p>O Lucky Jet \u00e9 um original da 1win. Para jog\u00e1-lo on-line, voc\u00ea precisar\u00e1 de uma conta 1win - visite o site oficial e crie uma conta para mergulhar no mundo de um jato emocionante ou em outros jogos e ca\u00e7a-n\u00edqueis igualmente emocionantes.<\/p>\n\n\n\n<p>Depois de se tornar oficialmente um jogador 1win, fa\u00e7a um dep\u00f3sito, encontre o jogo on-line Lucky Jet e fa\u00e7a uma aposta antes do in\u00edcio da nova rodada. Assim que ela come\u00e7ar e o Lucky Joe decolar, observe o multiplicador. Quando gostar do valor, clique no bot\u00e3o \"Cash out\" e seu pr\u00eamio ser\u00e1 transferido para sua conta. Desde que, \u00e9 claro, o jato n\u00e3o tenha decolado. Se isso acontecer e voc\u00ea n\u00e3o fizer o saque, a aposta ser\u00e1 perdida.<\/p>\n\n\n\n<h3 class=\"wp-block-heading\">Algoritmo do Lucky Jet<\/h3>\n\n\n\n<p>O momento em que a rodada termina \u00e9 escolhido aleatoriamente. Ele \u00e9 calculado pelo algoritmo que usa um gerador de n\u00fameros aleat\u00f3rios (RNG) que garante sua imparcialidade e imprevisibilidade.<\/p>\n\n\n\n<h3 class=\"wp-block-heading\">Como apostar no Lucky Jet<\/h3>\n\n\n\n<p>O usu\u00e1rio precisa fazer uma aposta antes do in\u00edcio da rodada para jogar Lucky Jet. A aposta pode ser feita manualmente e a soma pode ser ajustada conforme desejado; o jogo fornece elementos de interface para simplificar o processo. Voc\u00ea pode aumentar ou diminuir o valor gradualmente clicando nos bot\u00f5es \"menos\" e \"mais\", ou pode clicar em bot\u00f5es que adicionam ou deduzem o valor escrito neles. Da mesma forma que no Aviator, \u00e9 poss\u00edvel fazer duas apostas em uma rodada para aumentar seus lucros.<\/p>\n\n\n\n<p>Outra op\u00e7\u00e3o \u00e9 definir par\u00e2metros para dar lances automaticamente. Basta definir o valor e marcar a caixa de sele\u00e7\u00e3o \"auto bid\" (lance autom\u00e1tico). Isso \u00e9 \u00fatil para quem usa uma estrat\u00e9gia de Aposta Fixa (falaremos sobre as estrat\u00e9gias de jogo do Lucky Jet mais adiante) e n\u00e3o quer apostar manualmente antes de cada rodada.<\/p>\n\n\n\n<h3 class=\"wp-block-heading\">Dep\u00f3sito e saque<\/h3>\n\n\n\n<p>O dinheiro apostado \u00e9 subtra\u00eddo de sua conta. Isso significa que voc\u00ea precisa fazer um dep\u00f3sito para come\u00e7ar a apostar no Lucky Jet. O 1win aceita v\u00e1rias moedas fiduci\u00e1rias e tamb\u00e9m criptomoedas. H\u00e1 tamb\u00e9m v\u00e1rias op\u00e7\u00f5es para sacar o dinheiro que voc\u00ea ganhar.<\/p>\n\n\n\n<p>E quanto ao saque no Lucky Jet, voc\u00ea j\u00e1 sabe que precisa fazer isso antes que o jato saia da tela. Mas voc\u00ea tamb\u00e9m pode deixar isso por conta do jogo! Ative a op\u00e7\u00e3o \"Auto cash out\" e defina o coeficiente multiplicador que voc\u00ea deseja para essa fun\u00e7\u00e3o. Quando ele for atingido durante a rodada, o saque ocorrer\u00e1 sem a sua participa\u00e7\u00e3o.<\/p>\n\n\n\n<h2 class=\"wp-block-heading\">Estrat\u00e9gia para ganhar no Lucky Jet<\/h2>\n\n\n\n<p>Simplesmente n\u00e3o existe um truque \u00e0 prova de falhas para ganhar o jogo com o Lucky Jet. Ele \u00e9 determinado pela aleatoriedade do jogo (mais uma vez, os jogos de queda e os ca\u00e7a-n\u00edqueis s\u00e3o uma quest\u00e3o de sorte, n\u00e3o de habilidade). No entanto, \u00e9 poss\u00edvel fazer apostas bem pensadas e usar as probabilidades a seu favor! Aperte os cintos, pois vamos nos aprofundar na variedade de estrat\u00e9gias do jogo Lucky Jet.<\/p>\n\n\n\n<h3 class=\"wp-block-heading\">Riscos baixos ou altos<\/h3>\n\n\n\n<p>Os riscos que voc\u00ea est\u00e1 disposto a correr dependem de voc\u00ea e de seu bankroll. H\u00e1 duas abordagens opostas que podem equilibrar seus lucros e perdas sem esgotar seus ativos muito rapidamente:<\/p>\n\n\n\n<ol class=\"wp-block-list\">\n<li>Grande aposta, pequeno multiplicador. Aposte uma quantia decente e fa\u00e7a o saque antecipadamente para n\u00e3o perd\u00ea-la. Seu lucro puro ser\u00e1 determinado n\u00e3o pelo coeficiente de multiplica\u00e7\u00e3o, mas pelo tamanho da aposta. Vale a pena observar que haver\u00e1 rodadas em que o jato voar\u00e1 instantaneamente e a aposta ser\u00e1 perdida automaticamente.<\/li>\n\n\n\n<li>Pequena aposta, grande multiplicador. Essa estrat\u00e9gia \u00e9 para pessoas pacientes e ousadas: o apostador deve esperar at\u00e9 que o coeficiente seja alto o suficiente para que seus ganhos valham a pena. E, se perder, o tamanho pequeno da aposta inicial far\u00e1 com que n\u00e3o seja t\u00e3o ruim.<\/li>\n<\/ol>\n\n\n\n<h3 class=\"wp-block-heading\">Estrat\u00e9gia \u04451.1<\/h3>\n\n\n\n<p>A chave para esse plano \u00e9 que, quando os juros de 1,1 forem atingidos, a aposta ser\u00e1 imediatamente retirada (isso \u00e9 feito por meio da fun\u00e7\u00e3o de saque autom\u00e1tico). A taxa aumentar\u00e1 em 10% a cada rodada. Portanto, a taxa inicial aumenta duas vezes a cada 10 rodadas. A \u00fanica desvantagem \u00e9 que, se a aposta n\u00e3o for bem-sucedida uma vez a cada poucas s\u00e9ries, o dinheiro poder\u00e1 ser perdido. Para proteger seus ativos, espere algumas rodadas com uma taxa de juros de 1,03x, 1,09x e, em seguida, espere mais 3-4 rodadas antes de come\u00e7ar a apostar. Com um coeficiente de 1,1, voc\u00ea deve evitar fazer mais de duas ou tr\u00eas apostas seguidas.<\/p>\n\n\n\n<h3 class=\"wp-block-heading\">Escadas para baixo<\/h3>\n\n\n\n<p>Outra estrat\u00e9gia para apostas pequenas (e per\u00edodos em que n\u00e3o h\u00e1 muitos jogadores no lobby). O segredo \u00e9 aumentar sua aposta e diminuir o limite de saque autom\u00e1tico cada vez que voc\u00ea ganhar. Mais uma vez, com essa estrat\u00e9gia, voc\u00ea est\u00e1 se aproximando do plano \"grande aposta, pequeno multiplicador\", mas fa\u00e7a isso gradualmente.<\/p>\n\n\n\n<h3 class=\"wp-block-heading\">Estrat\u00e9gia 3 para 1<\/h3>\n\n\n\n<p>Essa estrat\u00e9gia inclui duas apostas: menor e maior. A aposta grande deve ser retirada cedo, com um coeficiente baixo. A segunda \u00e9 para tentar a sorte. Duas apostas aumentam suas chances: se a aposta grande n\u00e3o der muito resultado, a segunda dar\u00e1. E se a segunda for queimada antes de voc\u00ea sacar o dinheiro, suas despesas ser\u00e3o cobertas pelos lucros da primeira aposta.<\/p>\n\n\n\n<h2 class=\"wp-block-heading\">Dicas e truques do Lucky Jet<\/h2>\n\n\n\n<p>Nesta se\u00e7\u00e3o, preparamos alguns truques do jogo Lucky Jet que tornar\u00e3o seu jogo mais agrad\u00e1vel e suas apostas mais eficazes.<\/p>\n\n\n\n<ul class=\"space-mark wp-block-list\">\n<li>Mantenha a cabe\u00e7a fria e aproveite o jogo. Se perceber irrita\u00e7\u00e3o ou t\u00e9dio, pare de jogar e fa\u00e7a outra coisa. O cansa\u00e7o e a irrita\u00e7\u00e3o causar\u00e3o mais erros, e os erros causar\u00e3o perda de dinheiro.<\/li>\n\n\n\n<li>Fique de olho em sua banca. Algumas estrat\u00e9gias s\u00e3o planejadas para o longo prazo e n\u00e3o funcionar\u00e3o se sua conta estiver vazia antes disso.<\/li>\n\n\n\n<li>Estabele\u00e7a limites. As perdas acontecer\u00e3o: para evitar muita frustra\u00e7\u00e3o, determine a quantia de dinheiro que voc\u00ea pode se dar ao luxo de perder. Se voc\u00ea atingiu esse limite, afaste-se por um tempo.<\/li>\n\n\n\n<li>Jogue com uma boa conex\u00e3o \u00e0 Internet. Atrasos nos sinais podem levar a uma aposta perdida. Isso pode acontecer se seu comando para sacar tiver chegado ao servidor ap\u00f3s o acidente.<\/li>\n<\/ul>\n\n\n\n<h2 class=\"wp-block-heading\">Demonstra\u00e7\u00e3o do Lucky Jet<\/h2>\n\n\n\n<p>Voc\u00ea sabia que o Lucky Jet pode ser jogado de gra\u00e7a? Sim, o jogo tem um modo de demonstra\u00e7\u00e3o para aqueles que querem apenas se divertir. Ou ganhar experi\u00eancia no jogo, ou testar a estrat\u00e9gia. Ou, por algum motivo, quer jogar sem apostas. Voc\u00ea n\u00e3o est\u00e1 ganhando dinheiro de verdade, \u00e9 claro. Al\u00e9m disso, n\u00e3o se esque\u00e7a de manter a calma depois de voltar \u00e0 realidade. No modo real, perder lhe custar\u00e1 caro.<\/p>\n\n\n\n<h2 class=\"wp-block-heading\">Baixar Lucky Jet<\/h2>\n\n\n\n<p>O Lucky Jet funciona muito bem no site oficial do cassino. Voc\u00ea pode jog\u00e1-lo em seu PC ou em um navegador em um dispositivo m\u00f3vel (telefone ou tablet) sem baixar nenhum aplicativo. O jogo se ajusta a diferentes tamanhos de tela, portanto, voc\u00ea n\u00e3o sentir\u00e1 nenhum inconveniente e poder\u00e1 jogar quando quiser.<\/p>\n\n\n\n<h3 class=\"wp-block-heading\">Aplicativos m\u00f3veis<\/h3>\n\n\n\n<p>Se a op\u00e7\u00e3o de navegador m\u00f3vel for muito complicada para voc\u00ea, baixe um arquivo .apk ou iOS dedicado ao Lucky Jet e instale-o em seu smartphone ou tablet.<\/p>\n\n\n\n<h2 class=\"wp-block-heading\">Bol\u00e3o do jato da sorte<\/h2>\n\n\n\n<p>Acreditamos que a previs\u00e3o do jogo Lucky Jet torna os jogos menos emocionantes. Al\u00e9m disso, ela nunca funciona perfeitamente devido \u00e0 aleatoriedade do jogo. No entanto, h\u00e1 bots e aplicativos que analisam as estat\u00edsticas atuais do jogo e enviam dicas e sinais sobre quando apostar e sacar. No entanto, tenha cuidado para n\u00e3o baixar um v\u00edrus ao experimentar arquivos de diferentes desenvolvedores!<\/p>\n\n\n\n<h2 class=\"wp-block-heading\">C\u00f3digos de b\u00f4nus da Lucky Jet<\/h2>\n\n\n\n<p>O 1win sempre concede b\u00f4nus e recompensas decentes aos seus jogadores. Por exemplo, o cassino oferece um b\u00f4nus de boas-vindas que 100% iguala o seu primeiro dep\u00f3sito at\u00e9 o limite de 200 euros. H\u00e1 tamb\u00e9m v\u00e1rios b\u00f4nus de recarga que adicionam dinheiro extra \u00e0 sua conta sempre que voc\u00ea depositar dinheiro. Verifique regularmente se h\u00e1 c\u00f3digos e promo\u00e7\u00f5es no site oficial para obter o m\u00e1ximo de lucros com esses eventos!<\/p>\n\n\n\n<h2 class=\"wp-block-heading\">Sum\u00e1rio<\/h2>\n\n\n\n<p>O Lucky Jet \u00e9 um jogo popular de acidente que pode ser encontrado no site oficial do 1win Casino. Ele funciona de forma semelhante ao Aviator, mas tem outra hist\u00f3ria e jogabilidade. O jogo pode ser jogado em computadores, smartphones e tablets, e oferece v\u00e1rios recursos \u00fateis e diferentes op\u00e7\u00f5es de dep\u00f3sito e saque.<\/p>\n\n\n\n<h2 class=\"wp-block-heading\">Perguntas mais frequentes<\/h2>\n\n\n\n<div class=\"schema-faq wp-block-yoast-faq-block\"><div class=\"schema-faq-section\" id=\"faq-question-1706127611125\"><strong class=\"schema-faq-question\">Como ganhar o jogo Lucky Jet?<\/strong> <p class=\"schema-faq-answer\">Embora n\u00e3o exista um hack ou truque definitivo para ganhar no Lucky Jet, os jogadores desenvolveram algumas estrat\u00e9gias que podem minimizar suas perdas financeiras e aumentar a possibilidade de ganhar. Tamb\u00e9m existem v\u00e1rios aplicativos e servi\u00e7os que afirmam poder prever o padr\u00e3o do multiplicador.<\/p> <\/div> <div class=\"schema-faq-section\" id=\"faq-question-1706127623003\"><strong class=\"schema-faq-question\">O jogo Lucky Jet \u00e9 leg\u00edtimo?<\/strong> <p class=\"schema-faq-answer\">Sim, o 1win \u00e9 um cassino licenciado e o jogo tem um RTP bastante alto de 97%. Al\u00e9m disso, ele usa um RNG comprovado para garantir a imparcialidade do processo de jogo.<\/p> <\/div> <div class=\"schema-faq-section\" id=\"faq-question-1706127634355\"><strong class=\"schema-faq-question\">\u00c9 poss\u00edvel prever o jogo do Lucky Jet?<\/strong> <p class=\"schema-faq-answer\">Existem bots e servi\u00e7os de previs\u00e3o; no entanto, eles n\u00e3o s\u00e3o 100% confi\u00e1veis devido \u00e0 aleatoriedade do jogo e exigem atualiza\u00e7\u00f5es constantes para rastrear as estat\u00edsticas atuais a serem analisadas.<\/p> <\/div> <div class=\"schema-faq-section\" id=\"faq-question-1706127646362\"><strong class=\"schema-faq-question\">Onde jogar Lucky Jet?<\/strong> <p class=\"schema-faq-answer\">O Lucky Jet est\u00e1 dispon\u00edvel no site oficial da 1win. Voc\u00ea pode baix\u00e1-lo como um aplicativo m\u00f3vel e jog\u00e1-lo em um tablet ou smartphone.<\/p> <\/div> <\/div>","protected":false},"excerpt":{"rendered":"<p>Crash games are sometimes called slots although they work differently. The connection between the two genres is randomness (the result depends on luck, not the player\u2019s skill) and the instant result of the game. However, crash games are connected to the player more because it is the player who determines when to withdraw their money. [&hellip;]<\/p>\n","protected":false},"author":2,"featured_media":0,"parent":0,"menu_order":0,"comment_status":"closed","ping_status":"closed","template":"","meta":{"footnotes":""},"class_list":["post-108","page","type-page","status-publish","hentry"],"yoast_head":"<!-- This site is optimized with the Yoast SEO plugin v27.4 - https:\/\/yoast.com\/product\/yoast-seo-wordpress\/ -->\n<title>Lucky Jet Game and What Do You Need to Know About It<\/title>\n<meta name=\"description\" content=\"Lucky Jet game is for those who are bored with Aviator. It works both on computers and mobile devices, so you can play anywhere. And we will tell you everything about it!\" \/>\n<meta name=\"robots\" content=\"index, follow, max-snippet:-1, max-image-preview:large, max-video-preview:-1\" \/>\n<link rel=\"canonical\" href=\"https:\/\/superjetx.com\/pt\/lucky-jet-free-online-game-casino\/\" \/>\n<meta property=\"og:locale\" content=\"pt_BR\" \/>\n<meta property=\"og:type\" content=\"article\" \/>\n<meta property=\"og:title\" content=\"Lucky Jet Game and What Do You Need to Know About It\" \/>\n<meta property=\"og:description\" content=\"Lucky Jet game is for those who are bored with Aviator. It works both on computers and mobile devices, so you can play anywhere. And we will tell you everything about it!\" \/>\n<meta property=\"og:url\" content=\"https:\/\/superjetx.com\/pt\/lucky-jet-free-online-game-casino\/\" \/>\n<meta property=\"og:site_name\" content=\"JetX Game\" \/>\n<meta property=\"article:modified_time\" content=\"2024-01-24T20:22:24+00:00\" \/>\n<meta name=\"twitter:card\" content=\"summary_large_image\" \/>\n<meta name=\"twitter:label1\" content=\"Est. tempo de leitura\" \/>\n\t<meta name=\"twitter:data1\" content=\"8 minutos\" \/>\n<script type=\"application\/ld+json\" class=\"yoast-schema-graph\">{\"@context\":\"https:\\\/\\\/schema.org\",\"@graph\":[{\"@type\":[\"WebPage\",\"FAQPage\"],\"@id\":\"https:\\\/\\\/superjetx.com\\\/lucky-jet-free-online-game-casino\\\/\",\"url\":\"https:\\\/\\\/superjetx.com\\\/lucky-jet-free-online-game-casino\\\/\",\"name\":\"Lucky Jet Game and What Do You Need to Know About It\",\"isPartOf\":{\"@id\":\"https:\\\/\\\/superjetx.com\\\/#website\"},\"datePublished\":\"2023-11-13T20:22:00+00:00\",\"dateModified\":\"2024-01-24T20:22:24+00:00\",\"description\":\"Lucky Jet game is for those who are bored with Aviator. It works both on computers and mobile devices, so you can play anywhere. And we will tell you everything about it!\",\"breadcrumb\":{\"@id\":\"https:\\\/\\\/superjetx.com\\\/lucky-jet-free-online-game-casino\\\/#breadcrumb\"},\"mainEntity\":[{\"@id\":\"https:\\\/\\\/superjetx.com\\\/lucky-jet-free-online-game-casino\\\/#faq-question-1706127611125\"},{\"@id\":\"https:\\\/\\\/superjetx.com\\\/lucky-jet-free-online-game-casino\\\/#faq-question-1706127623003\"},{\"@id\":\"https:\\\/\\\/superjetx.com\\\/lucky-jet-free-online-game-casino\\\/#faq-question-1706127634355\"},{\"@id\":\"https:\\\/\\\/superjetx.com\\\/lucky-jet-free-online-game-casino\\\/#faq-question-1706127646362\"}],\"inLanguage\":\"pt-BR\",\"potentialAction\":[{\"@type\":\"ReadAction\",\"target\":[\"https:\\\/\\\/superjetx.com\\\/lucky-jet-free-online-game-casino\\\/\"]}]},{\"@type\":\"BreadcrumbList\",\"@id\":\"https:\\\/\\\/superjetx.com\\\/lucky-jet-free-online-game-casino\\\/#breadcrumb\",\"itemListElement\":[{\"@type\":\"ListItem\",\"position\":1,\"name\":\"Home\",\"item\":\"https:\\\/\\\/superjetx.com\\\/\"},{\"@type\":\"ListItem\",\"position\":2,\"name\":\"Lucky Jet Free Online Game Casino\"}]},{\"@type\":\"WebSite\",\"@id\":\"https:\\\/\\\/superjetx.com\\\/#website\",\"url\":\"https:\\\/\\\/superjetx.com\\\/\",\"name\":\"JetX Game\",\"description\":\"Super JetX Club\",\"potentialAction\":[{\"@type\":\"SearchAction\",\"target\":{\"@type\":\"EntryPoint\",\"urlTemplate\":\"https:\\\/\\\/superjetx.com\\\/?s={search_term_string}\"},\"query-input\":{\"@type\":\"PropertyValueSpecification\",\"valueRequired\":true,\"valueName\":\"search_term_string\"}}],\"inLanguage\":\"pt-BR\"},{\"@type\":\"Question\",\"@id\":\"https:\\\/\\\/superjetx.com\\\/lucky-jet-free-online-game-casino\\\/#faq-question-1706127611125\",\"position\":1,\"url\":\"https:\\\/\\\/superjetx.com\\\/lucky-jet-free-online-game-casino\\\/#faq-question-1706127611125\",\"name\":\"How to win the Lucky Jet game?\",\"answerCount\":1,\"acceptedAnswer\":{\"@type\":\"Answer\",\"text\":\"Although there is no ultimate hack or trick to win in Lucky Jet, the players have developed some strategies that can minimize their financial losses and increase the possibility of winning. Various applications and services that claim they can predict the multiplier pattern also exist.\",\"inLanguage\":\"pt-BR\"},\"inLanguage\":\"pt-BR\"},{\"@type\":\"Question\",\"@id\":\"https:\\\/\\\/superjetx.com\\\/lucky-jet-free-online-game-casino\\\/#faq-question-1706127623003\",\"position\":2,\"url\":\"https:\\\/\\\/superjetx.com\\\/lucky-jet-free-online-game-casino\\\/#faq-question-1706127623003\",\"name\":\"Is the Lucky Jet game legit?\",\"answerCount\":1,\"acceptedAnswer\":{\"@type\":\"Answer\",\"text\":\"Yes, 1win is a licensed casino, and the game has a pretty high RTP of 97%. Additionally, it uses a provable RNG to guarantee the fairness of the playing process.\",\"inLanguage\":\"pt-BR\"},\"inLanguage\":\"pt-BR\"},{\"@type\":\"Question\",\"@id\":\"https:\\\/\\\/superjetx.com\\\/lucky-jet-free-online-game-casino\\\/#faq-question-1706127634355\",\"position\":3,\"url\":\"https:\\\/\\\/superjetx.com\\\/lucky-jet-free-online-game-casino\\\/#faq-question-1706127634355\",\"name\":\"Can the Lucky Jet game be predicted?\",\"answerCount\":1,\"acceptedAnswer\":{\"@type\":\"Answer\",\"text\":\"Predicting bots and services do exist; however, they are not 100% reliable because of the game\u2019s randomness and require constant updates to track current statistics to analyze.\",\"inLanguage\":\"pt-BR\"},\"inLanguage\":\"pt-BR\"},{\"@type\":\"Question\",\"@id\":\"https:\\\/\\\/superjetx.com\\\/lucky-jet-free-online-game-casino\\\/#faq-question-1706127646362\",\"position\":4,\"url\":\"https:\\\/\\\/superjetx.com\\\/lucky-jet-free-online-game-casino\\\/#faq-question-1706127646362\",\"name\":\"Where to play Lucky Jet?\",\"answerCount\":1,\"acceptedAnswer\":{\"@type\":\"Answer\",\"text\":\"Lucky Jet is available on 1win official site. You can download it as a mobile application and play it on a tablet or smartphone.\",\"inLanguage\":\"pt-BR\"},\"inLanguage\":\"pt-BR\"}]}<\/script>\n<!-- \/ Yoast SEO plugin. -->","yoast_head_json":{"title":"Jogo Lucky Jet e o que voc\u00ea precisa saber sobre ele","description":"O jogo Lucky Jet \u00e9 para aqueles que est\u00e3o entediados com o Aviator. Ele funciona tanto em computadores quanto em dispositivos m\u00f3veis, portanto, voc\u00ea pode jogar em qualquer lugar. E n\u00f3s lhe contaremos tudo sobre ele!","robots":{"index":"index","follow":"follow","max-snippet":"max-snippet:-1","max-image-preview":"max-image-preview:large","max-video-preview":"max-video-preview:-1"},"canonical":"https:\/\/superjetx.com\/pt\/lucky-jet-free-online-game-casino\/","og_locale":"pt_BR","og_type":"article","og_title":"Lucky Jet Game and What Do You Need to Know About It","og_description":"Lucky Jet game is for those who are bored with Aviator. It works both on computers and mobile devices, so you can play anywhere. And we will tell you everything about it!","og_url":"https:\/\/superjetx.com\/pt\/lucky-jet-free-online-game-casino\/","og_site_name":"JetX Game","article_modified_time":"2024-01-24T20:22:24+00:00","twitter_card":"summary_large_image","twitter_misc":{"Est. tempo de leitura":"8 minutos"},"schema":{"@context":"https:\/\/schema.org","@graph":[{"@type":["WebPage","FAQPage"],"@id":"https:\/\/superjetx.com\/lucky-jet-free-online-game-casino\/","url":"https:\/\/superjetx.com\/lucky-jet-free-online-game-casino\/","name":"Jogo Lucky Jet e o que voc\u00ea precisa saber sobre ele","isPartOf":{"@id":"https:\/\/superjetx.com\/#website"},"datePublished":"2023-11-13T20:22:00+00:00","dateModified":"2024-01-24T20:22:24+00:00","description":"O jogo Lucky Jet \u00e9 para aqueles que est\u00e3o entediados com o Aviator. Ele funciona tanto em computadores quanto em dispositivos m\u00f3veis, portanto, voc\u00ea pode jogar em qualquer lugar. E n\u00f3s lhe contaremos tudo sobre ele!","breadcrumb":{"@id":"https:\/\/superjetx.com\/lucky-jet-free-online-game-casino\/#breadcrumb"},"mainEntity":[{"@id":"https:\/\/superjetx.com\/lucky-jet-free-online-game-casino\/#faq-question-1706127611125"},{"@id":"https:\/\/superjetx.com\/lucky-jet-free-online-game-casino\/#faq-question-1706127623003"},{"@id":"https:\/\/superjetx.com\/lucky-jet-free-online-game-casino\/#faq-question-1706127634355"},{"@id":"https:\/\/superjetx.com\/lucky-jet-free-online-game-casino\/#faq-question-1706127646362"}],"inLanguage":"pt-BR","potentialAction":[{"@type":"ReadAction","target":["https:\/\/superjetx.com\/lucky-jet-free-online-game-casino\/"]}]},{"@type":"BreadcrumbList","@id":"https:\/\/superjetx.com\/lucky-jet-free-online-game-casino\/#breadcrumb","itemListElement":[{"@type":"ListItem","position":1,"name":"Home","item":"https:\/\/superjetx.com\/"},{"@type":"ListItem","position":2,"name":"Lucky Jet Free Online Game Casino"}]},{"@type":"WebSite","@id":"https:\/\/superjetx.com\/#website","url":"https:\/\/superjetx.com\/","name":"O jogo JetX","description":"Clube Super JetX","potentialAction":[{"@type":"SearchAction","target":{"@type":"EntryPoint","urlTemplate":"https:\/\/superjetx.com\/?s={search_term_string}"},"query-input":{"@type":"PropertyValueSpecification","valueRequired":true,"valueName":"search_term_string"}}],"inLanguage":"pt-BR"},{"@type":"Question","@id":"https:\/\/superjetx.com\/lucky-jet-free-online-game-casino\/#faq-question-1706127611125","position":1,"url":"https:\/\/superjetx.com\/lucky-jet-free-online-game-casino\/#faq-question-1706127611125","name":"Como ganhar o jogo Lucky Jet?","answerCount":1,"acceptedAnswer":{"@type":"Answer","text":"Although there is no ultimate hack or trick to win in Lucky Jet, the players have developed some strategies that can minimize their financial losses and increase the possibility of winning. Various applications and services that claim they can predict the multiplier pattern also exist.","inLanguage":"pt-BR"},"inLanguage":"pt-BR"},{"@type":"Question","@id":"https:\/\/superjetx.com\/lucky-jet-free-online-game-casino\/#faq-question-1706127623003","position":2,"url":"https:\/\/superjetx.com\/lucky-jet-free-online-game-casino\/#faq-question-1706127623003","name":"O jogo Lucky Jet \u00e9 leg\u00edtimo?","answerCount":1,"acceptedAnswer":{"@type":"Answer","text":"Yes, 1win is a licensed casino, and the game has a pretty high RTP of 97%. Additionally, it uses a provable RNG to guarantee the fairness of the playing process.","inLanguage":"pt-BR"},"inLanguage":"pt-BR"},{"@type":"Question","@id":"https:\/\/superjetx.com\/lucky-jet-free-online-game-casino\/#faq-question-1706127634355","position":3,"url":"https:\/\/superjetx.com\/lucky-jet-free-online-game-casino\/#faq-question-1706127634355","name":"\u00c9 poss\u00edvel prever o jogo do Lucky Jet?","answerCount":1,"acceptedAnswer":{"@type":"Answer","text":"Predicting bots and services do exist; however, they are not 100% reliable because of the game\u2019s randomness and require constant updates to track current statistics to analyze.","inLanguage":"pt-BR"},"inLanguage":"pt-BR"},{"@type":"Question","@id":"https:\/\/superjetx.com\/lucky-jet-free-online-game-casino\/#faq-question-1706127646362","position":4,"url":"https:\/\/superjetx.com\/lucky-jet-free-online-game-casino\/#faq-question-1706127646362","name":"Onde jogar Lucky Jet?","answerCount":1,"acceptedAnswer":{"@type":"Answer","text":"Lucky Jet is available on 1win official site. You can download it as a mobile application and play it on a tablet or smartphone.","inLanguage":"pt-BR"},"inLanguage":"pt-BR"}]}},"_links":{"self":[{"href":"https:\/\/superjetx.com\/pt\/wp-json\/wp\/v2\/pages\/108","targetHints":{"allow":["GET"]}}],"collection":[{"href":"https:\/\/superjetx.com\/pt\/wp-json\/wp\/v2\/pages"}],"about":[{"href":"https:\/\/superjetx.com\/pt\/wp-json\/wp\/v2\/types\/page"}],"author":[{"embeddable":true,"href":"https:\/\/superjetx.com\/pt\/wp-json\/wp\/v2\/users\/2"}],"replies":[{"embeddable":true,"href":"https:\/\/superjetx.com\/pt\/wp-json\/wp\/v2\/comments?post=108"}],"version-history":[{"count":3,"href":"https:\/\/superjetx.com\/pt\/wp-json\/wp\/v2\/pages\/108\/revisions"}],"predecessor-version":[{"id":111,"href":"https:\/\/superjetx.com\/pt\/wp-json\/wp\/v2\/pages\/108\/revisions\/111"}],"wp:attachment":[{"href":"https:\/\/superjetx.com\/pt\/wp-json\/wp\/v2\/media?parent=108"}],"curies":[{"name":"wp","href":"https:\/\/api.w.org\/{rel}","templated":true}]}}