{"id":115,"date":"2024-01-24T20:34:15","date_gmt":"2024-01-24T20:34:15","guid":{"rendered":"https:\/\/superjetx.com\/?page_id=115"},"modified":"2024-01-24T20:34:15","modified_gmt":"2024-01-24T20:34:15","slug":"rocketon-game-review","status":"publish","type":"page","link":"https:\/\/superjetx.com\/pt\/rocketon-game-review\/","title":{"rendered":"An\u00e1lise do jogo Rocketon"},"content":{"rendered":"<p>A combina\u00e7\u00e3o de apostas e jogos \u00e9 duplamente divertida: a emo\u00e7\u00e3o de apostar tem uma sinergia empolgante com a alegria de jogar um jogo. \u00c9 por isso que os jogos de cassino s\u00e3o t\u00e3o populares. H\u00e1 dezenas de t\u00edtulos e pode ser dif\u00edcil navegar em uma variedade t\u00e3o grande. Nossas an\u00e1lises t\u00eam o objetivo de ajud\u00e1-lo a decidir qual jogo vale a pena experimentar.<\/p>\n\n\n\n<p>Os jogos Crash s\u00e3o um g\u00eanero de grande sucesso no mundo dos cassinos on-line. Inicialmente projetados apenas para criptomoedas, eles rapidamente conquistaram o gosto dos apostadores e se tornaram dispon\u00edveis tamb\u00e9m para aqueles que apostam com dinheiro fiduci\u00e1rio. Seus desenvolvedores trabalham constantemente para criar novas hist\u00f3rias e recursos. Voc\u00ea pode assistir ao voo de um avi\u00e3o ou a uma bruxa em uma vassoura, o que preferir! Alguns t\u00edtulos permitem que voc\u00ea personalize sua aeronave ou at\u00e9 mesmo fa\u00e7a um NFT dela.<\/p>\n\n\n\n<p>O jogo Rocketon funciona com o mesmo princ\u00edpio dos jogos de colis\u00e3o, mas tem v\u00e1rias caracter\u00edsticas que o diferenciam.<\/p>\n\n\n\n<h2 class=\"wp-block-heading\">O que \u00e9 o Rocketon Game?<\/h2>\n\n\n\n<p>O Rocketon foi criado pela Galaxsys LLC, um est\u00fadio de desenvolvimento de iGaming com sede na Arm\u00eania. Eles lan\u00e7aram muitas solu\u00e7\u00f5es de jogos de cassino de alto n\u00edvel, incluindo jogos r\u00e1pidos e de habilidade. Seus t\u00edtulos de jogos r\u00e1pidos incluem F Mies, Cash Show, Sic Bo, Crash e, \u00e9 claro, Rocketon.<\/p>\n\n\n\n<p>Como a verdadeira aleatoriedade \u00e9 a base dos jogos instant\u00e2neos, a Galaxsys certificou-se de que o resultado de cada rodada fosse completamente imprevis\u00edvel. Para isso, o est\u00fadio usou os geradores de n\u00fameros aleat\u00f3rios qu\u00e2nticos fornecidos pela ID Quantique, reconhecida como a l\u00edder mundial no ramo. Al\u00e9m do gerador de n\u00fameros mais confi\u00e1vel (o que, no nosso caso, significa \"imprevis\u00edvel\"), o est\u00fadio incorporou tecnologias de justi\u00e7a comprovada com verifica\u00e7\u00e3o criptogr\u00e1fica baseada em Hash. A aleatoriedade do resultado do jogo pode ser testada e confirmada. Portanto, podemos ter certeza de que as solu\u00e7\u00f5es de criptografia de jogos da Rocketon s\u00e3o de \u00faltima gera\u00e7\u00e3o.<\/p>\n\n\n\n<h2 class=\"wp-block-heading\">Recursos e jogabilidade do Rocketon<\/h2>\n\n\n\n<p>O jogo de cassino Rocketon apresenta, surpreendentemente, um foguete que decola no in\u00edcio da rodada. Enquanto o foguete voa no espa\u00e7o, o multiplicador aumenta e os jogadores devem sacar seu dinheiro antes que o foguete exploda.<\/p>\n\n\n\n<p>Esse conceito \u00e9 bastante semelhante ao de outros jogos de queda, como Aviator, Space XY, Lucky Jet ou Stormy Witch. O valor do pr\u00eamio potencial aumenta, mas o apostador precisa sacar antes do momento do \"crash\". A parte complicada \u00e9 que o saque muito cedo concede apenas um pequeno pr\u00eamio, enquanto o n\u00e3o saque a tempo causa a perda da aposta. No entanto, o Rocketon oferece recursos conhecidos e inovadores:<\/p>\n\n\n\n<ul class=\"space-mark wp-block-list\">\n<li>Retirada autom\u00e1tica<\/li>\n\n\n\n<li>Metade do saque<\/li>\n\n\n\n<li>Aposta autom\u00e1tica<\/li>\n\n\n\n<li>Aposta dupla<\/li>\n\n\n\n<li>Sistema de b\u00f4nus<\/li>\n<\/ul>\n\n\n\n<h2 class=\"wp-block-heading\">Design gr\u00e1fico e de som<\/h2>\n\n\n\n<p>Al\u00e9m das vantagens mencionadas, o jogo \u00e9 bem projetado. Com uma arte 3D impressionante e detalhada, o fundo espacial muda conforme o foguete avan\u00e7a e as partes da espa\u00e7onave s\u00e3o descarregadas como acontece na realidade. As anima\u00e7\u00f5es legais combinam bem com os efeitos sonoros que acrescentam atmosfera e aumentam a imers\u00e3o do jogo.<\/p>\n\n\n\n<h2 class=\"wp-block-heading\">Como jogar Rocketon Game<\/h2>\n\n\n\n<p>Para aqueles que n\u00e3o s\u00e3o veteranos em jogos de cassino, explicaremos brevemente o processo de jogar no Rocketon.<\/p>\n\n\n\n<h3 class=\"wp-block-heading\">Fa\u00e7a sua aposta<\/h3>\n\n\n\n<p>Antes do in\u00edcio da rodada, o jogador precisa fazer uma aposta. O sistema de apostas autom\u00e1ticas permitir\u00e1 que voc\u00ea continue jogando sem interfer\u00eancia manual. Voc\u00ea s\u00f3 precisar\u00e1 definir suas prefer\u00eancias e gerenciar seus fundos. Al\u00e9m disso, ao contr\u00e1rio de outros jogos de cassino de queda, o Rocketon lhe d\u00e1 a oportunidade de fazer duas apostas em uma rodada, aumentando assim os seus ganhos.<\/p>\n\n\n\n<h3 class=\"wp-block-heading\">Saque<\/h3>\n\n\n\n<p>A rodada termina quando o jogador retira o dinheiro ou o foguete explode. Naturalmente, o primeiro resultado \u00e9 prefer\u00edvel. O saque pode ser feito manualmente; al\u00e9m disso, o apostador pode definir o limite para o saque autom\u00e1tico. Quando o multiplicador atingir o limite, a retirada do dinheiro ocorrer\u00e1 automaticamente.<\/p>\n\n\n\n<p>Outro recurso inovador do Rocketon \u00e9 a possibilidade de o jogador sacar apenas metade do dinheiro. Isso garante parte dos ganhos e permite que o jogador continue a rodada.<\/p>\n\n\n\n<h2 class=\"wp-block-heading\">Estrat\u00e9gias de vit\u00f3ria para a Rocketon<\/h2>\n\n\n\n<p>N\u00e3o existe uma estrat\u00e9gia \u00e0 prova de risco para apostar no jogo Rocketon. Como o jogo \u00e9 totalmente aleat\u00f3rio, em algum momento, a explos\u00e3o pode acontecer instantaneamente. Mas \u00e9 poss\u00edvel equilibrar suas perdas e ganhos:<\/p>\n\n\n\n<ol class=\"wp-block-list\">\n<li>Estabele\u00e7a limites. Estabele\u00e7a uma quantia de dinheiro que voc\u00ea pode se dar ao luxo de perder e cumpra-a religiosamente. Se voc\u00ea perdeu essa quantia, pare de jogar, n\u00e3o importa o que aconte\u00e7a, e volte em outra ocasi\u00e3o, quando estiver financeiramente pronto para jogar novamente. Talvez sua sorte seja mais gentil com voc\u00ea na pr\u00f3xima vez.<\/li>\n\n\n\n<li>Gerencie sua banca. Algumas maneiras de apostar s\u00e3o projetadas para serem ben\u00e9ficas a longo prazo - se suas op\u00e7\u00f5es financeiras forem limitadas, elas podem esgotar rapidamente seus limites antes de dar certo. Ajuste seu estilo de jogo \u00e0 sua banca.<\/li>\n\n\n\n<li>Jogue de forma respons\u00e1vel e com a cabe\u00e7a fria. Ser muito ganancioso afetar\u00e1 sua capacidade de avaliar adequadamente sua situa\u00e7\u00e3o atual. Nessas situa\u00e7\u00f5es, \u00e9 f\u00e1cil se deixar levar e perder mais do que voc\u00ea pode pagar.<\/li>\n<\/ol>\n\n\n\n<h2 class=\"wp-block-heading\">B\u00f4nus do jogo Rocketon<\/h2>\n\n\n\n<p>A Rocketon tem um sistema de reten\u00e7\u00e3o decente e concede aos seus jogadores apostas gr\u00e1tis e b\u00f4nus de valor gr\u00e1tis nos termos estabelecidos pela operadora.<\/p>\n\n\n\n<h2 class=\"wp-block-heading\">Jogue Rocketon de gra\u00e7a<\/h2>\n\n\n\n<p>Para aqueles que querem experimentar um jogo sem riscos, h\u00e1 um modo de demonstra\u00e7\u00e3o. Na demonstra\u00e7\u00e3o, o jogador n\u00e3o aposta dinheiro real e, consequentemente, n\u00e3o pode ganhar dinheiro real tamb\u00e9m. O modo de demonstra\u00e7\u00e3o \u00e9 uma boa oportunidade para se familiarizar com o jogo, aprender sua jogabilidade ou testar uma determinada estrat\u00e9gia de seu interesse.<\/p>\n\n\n\n<h2 class=\"wp-block-heading\">Sum\u00e1rio<\/h2>\n\n\n\n<p>Apesar de ter semelhan\u00e7as com outros t\u00edtulos de jogos de queda, o jogo de cassino Rocketone oferece recursos ben\u00e9ficos e exclusivos para o jogador. O jogo tamb\u00e9m tem um design atraente com arte 3D, anima\u00e7\u00f5es e efeitos sonoros cativantes.<\/p>\n\n\n\n<h2 class=\"wp-block-heading\">Perguntas mais frequentes<\/h2>\n\n\n\n<div class=\"schema-faq wp-block-yoast-faq-block\"><div class=\"schema-faq-section\" id=\"faq-question-1706128348250\"><strong class=\"schema-faq-question\">O Rocketon Game \u00e9 legal?<\/strong> <p class=\"schema-faq-answer\">A legalidade dos jogos de azar on-line depende das leis de seu pa\u00eds. Como sempre, recomendamos que voc\u00ea verifique a licen\u00e7a do cassino e as op\u00e7\u00f5es de retirada de dinheiro antes de jogar.<\/p> <\/div> <div class=\"schema-faq-section\" id=\"faq-question-1706128363220\"><strong class=\"schema-faq-question\">Como ganhar na Rocketon?<\/strong> <p class=\"schema-faq-answer\">N\u00e3o h\u00e1 como prever seu algoritmo e resultado. Entretanto, voc\u00ea pode usar certas estrat\u00e9gias de apostas para operar seu dinheiro de forma mais eficaz.<\/p> <\/div> <div class=\"schema-faq-section\" id=\"faq-question-1706128378170\"><strong class=\"schema-faq-question\">O jogo Rocketon \u00e9 gratuito?<\/strong> <p class=\"schema-faq-answer\">O jogo exige apostas em dinheiro para que se possa jogar e ganhar. Ele tem um modo de demonstra\u00e7\u00e3o que d\u00e1 uma ideia do jogo, mas n\u00e3o oferece nenhuma chance de ganhar porque o usu\u00e1rio n\u00e3o aposta seus fundos.<\/p> <\/div> <\/div>","protected":false},"excerpt":{"rendered":"<p>The combination of gambling and gaming is double fun: the thrill of betting has an exciting synergy with the joy of playing a game. This is why casino games are so popular. There are dozens of titles, and it can be hard to navigate in such a variety. Our reviews are meant to help you [&hellip;]<\/p>\n","protected":false},"author":2,"featured_media":0,"parent":0,"menu_order":0,"comment_status":"closed","ping_status":"closed","template":"","meta":{"footnotes":""},"class_list":["post-115","page","type-page","status-publish","hentry"],"yoast_head":"<!-- This site is optimized with the Yoast SEO plugin v27.4 - https:\/\/yoast.com\/product\/yoast-seo-wordpress\/ -->\n<title>Rocketon Game Review: Everything the Player Needs to Know<\/title>\n<meta name=\"description\" content=\"Rocketon game works similarly to crash casino games but offers immersive design, interesting features, and cutting-edge technologies that provide randomness.\" \/>\n<meta name=\"robots\" content=\"index, follow, max-snippet:-1, max-image-preview:large, max-video-preview:-1\" \/>\n<link rel=\"canonical\" href=\"https:\/\/superjetx.com\/pt\/rocketon-game-review\/\" \/>\n<meta property=\"og:locale\" content=\"pt_BR\" \/>\n<meta property=\"og:type\" content=\"article\" \/>\n<meta property=\"og:title\" content=\"Rocketon Game Review: Everything the Player Needs to Know\" \/>\n<meta property=\"og:description\" content=\"Rocketon game works similarly to crash casino games but offers immersive design, interesting features, and cutting-edge technologies that provide randomness.\" \/>\n<meta property=\"og:url\" content=\"https:\/\/superjetx.com\/pt\/rocketon-game-review\/\" \/>\n<meta property=\"og:site_name\" content=\"JetX Game\" \/>\n<meta name=\"twitter:card\" content=\"summary_large_image\" \/>\n<meta name=\"twitter:label1\" content=\"Est. tempo de leitura\" \/>\n\t<meta name=\"twitter:data1\" content=\"5 minutos\" \/>\n<script type=\"application\/ld+json\" class=\"yoast-schema-graph\">{\"@context\":\"https:\\\/\\\/schema.org\",\"@graph\":[{\"@type\":[\"WebPage\",\"FAQPage\"],\"@id\":\"https:\\\/\\\/superjetx.com\\\/rocketon-game-review\\\/\",\"url\":\"https:\\\/\\\/superjetx.com\\\/rocketon-game-review\\\/\",\"name\":\"Rocketon Game Review: Everything the Player Needs to Know\",\"isPartOf\":{\"@id\":\"https:\\\/\\\/superjetx.com\\\/#website\"},\"datePublished\":\"2024-01-24T20:34:15+00:00\",\"description\":\"Rocketon game works similarly to crash casino games but offers immersive design, interesting features, and cutting-edge technologies that provide randomness.\",\"breadcrumb\":{\"@id\":\"https:\\\/\\\/superjetx.com\\\/rocketon-game-review\\\/#breadcrumb\"},\"mainEntity\":[{\"@id\":\"https:\\\/\\\/superjetx.com\\\/rocketon-game-review\\\/#faq-question-1706128348250\"},{\"@id\":\"https:\\\/\\\/superjetx.com\\\/rocketon-game-review\\\/#faq-question-1706128363220\"},{\"@id\":\"https:\\\/\\\/superjetx.com\\\/rocketon-game-review\\\/#faq-question-1706128378170\"}],\"inLanguage\":\"pt-BR\",\"potentialAction\":[{\"@type\":\"ReadAction\",\"target\":[\"https:\\\/\\\/superjetx.com\\\/rocketon-game-review\\\/\"]}]},{\"@type\":\"BreadcrumbList\",\"@id\":\"https:\\\/\\\/superjetx.com\\\/rocketon-game-review\\\/#breadcrumb\",\"itemListElement\":[{\"@type\":\"ListItem\",\"position\":1,\"name\":\"Home\",\"item\":\"https:\\\/\\\/superjetx.com\\\/\"},{\"@type\":\"ListItem\",\"position\":2,\"name\":\"Rocketon Game Review\"}]},{\"@type\":\"WebSite\",\"@id\":\"https:\\\/\\\/superjetx.com\\\/#website\",\"url\":\"https:\\\/\\\/superjetx.com\\\/\",\"name\":\"JetX Game\",\"description\":\"Super JetX Club\",\"potentialAction\":[{\"@type\":\"SearchAction\",\"target\":{\"@type\":\"EntryPoint\",\"urlTemplate\":\"https:\\\/\\\/superjetx.com\\\/?s={search_term_string}\"},\"query-input\":{\"@type\":\"PropertyValueSpecification\",\"valueRequired\":true,\"valueName\":\"search_term_string\"}}],\"inLanguage\":\"pt-BR\"},{\"@type\":\"Question\",\"@id\":\"https:\\\/\\\/superjetx.com\\\/rocketon-game-review\\\/#faq-question-1706128348250\",\"position\":1,\"url\":\"https:\\\/\\\/superjetx.com\\\/rocketon-game-review\\\/#faq-question-1706128348250\",\"name\":\"Is Rocketon Game Legal?\",\"answerCount\":1,\"acceptedAnswer\":{\"@type\":\"Answer\",\"text\":\"The legality of online gambling depends on the laws of your country. As always, we recommend you check your casino license and money withdrawal options before playing.\",\"inLanguage\":\"pt-BR\"},\"inLanguage\":\"pt-BR\"},{\"@type\":\"Question\",\"@id\":\"https:\\\/\\\/superjetx.com\\\/rocketon-game-review\\\/#faq-question-1706128363220\",\"position\":2,\"url\":\"https:\\\/\\\/superjetx.com\\\/rocketon-game-review\\\/#faq-question-1706128363220\",\"name\":\"How to win at Rocketon?\",\"answerCount\":1,\"acceptedAnswer\":{\"@type\":\"Answer\",\"text\":\"There is no way to predict its algorithm and outcome. However, you can use certain betting strategies to operate your money more effectively.\",\"inLanguage\":\"pt-BR\"},\"inLanguage\":\"pt-BR\"},{\"@type\":\"Question\",\"@id\":\"https:\\\/\\\/superjetx.com\\\/rocketon-game-review\\\/#faq-question-1706128378170\",\"position\":3,\"url\":\"https:\\\/\\\/superjetx.com\\\/rocketon-game-review\\\/#faq-question-1706128378170\",\"name\":\"Is Rocketon game free?\",\"answerCount\":1,\"acceptedAnswer\":{\"@type\":\"Answer\",\"text\":\"The game requires betting money in order to play and win. It has a demo mode that gives an idea about the game but offers no chance to win because the user does not bet their funds.\",\"inLanguage\":\"pt-BR\"},\"inLanguage\":\"pt-BR\"}]}<\/script>\n<!-- \/ Yoast SEO plugin. -->","yoast_head_json":{"title":"An\u00e1lise do jogo Rocketon: Tudo o que o jogador precisa saber","description":"O jogo Rocketon funciona de forma semelhante aos jogos de cassino, mas oferece um design imersivo, recursos interessantes e tecnologias de ponta que proporcionam aleatoriedade.","robots":{"index":"index","follow":"follow","max-snippet":"max-snippet:-1","max-image-preview":"max-image-preview:large","max-video-preview":"max-video-preview:-1"},"canonical":"https:\/\/superjetx.com\/pt\/rocketon-game-review\/","og_locale":"pt_BR","og_type":"article","og_title":"Rocketon Game Review: Everything the Player Needs to Know","og_description":"Rocketon game works similarly to crash casino games but offers immersive design, interesting features, and cutting-edge technologies that provide randomness.","og_url":"https:\/\/superjetx.com\/pt\/rocketon-game-review\/","og_site_name":"JetX Game","twitter_card":"summary_large_image","twitter_misc":{"Est. tempo de leitura":"5 minutos"},"schema":{"@context":"https:\/\/schema.org","@graph":[{"@type":["WebPage","FAQPage"],"@id":"https:\/\/superjetx.com\/rocketon-game-review\/","url":"https:\/\/superjetx.com\/rocketon-game-review\/","name":"An\u00e1lise do jogo Rocketon: Tudo o que o jogador precisa saber","isPartOf":{"@id":"https:\/\/superjetx.com\/#website"},"datePublished":"2024-01-24T20:34:15+00:00","description":"O jogo Rocketon funciona de forma semelhante aos jogos de cassino, mas oferece um design imersivo, recursos interessantes e tecnologias de ponta que proporcionam aleatoriedade.","breadcrumb":{"@id":"https:\/\/superjetx.com\/rocketon-game-review\/#breadcrumb"},"mainEntity":[{"@id":"https:\/\/superjetx.com\/rocketon-game-review\/#faq-question-1706128348250"},{"@id":"https:\/\/superjetx.com\/rocketon-game-review\/#faq-question-1706128363220"},{"@id":"https:\/\/superjetx.com\/rocketon-game-review\/#faq-question-1706128378170"}],"inLanguage":"pt-BR","potentialAction":[{"@type":"ReadAction","target":["https:\/\/superjetx.com\/rocketon-game-review\/"]}]},{"@type":"BreadcrumbList","@id":"https:\/\/superjetx.com\/rocketon-game-review\/#breadcrumb","itemListElement":[{"@type":"ListItem","position":1,"name":"Home","item":"https:\/\/superjetx.com\/"},{"@type":"ListItem","position":2,"name":"Rocketon Game Review"}]},{"@type":"WebSite","@id":"https:\/\/superjetx.com\/#website","url":"https:\/\/superjetx.com\/","name":"O jogo JetX","description":"Clube Super JetX","potentialAction":[{"@type":"SearchAction","target":{"@type":"EntryPoint","urlTemplate":"https:\/\/superjetx.com\/?s={search_term_string}"},"query-input":{"@type":"PropertyValueSpecification","valueRequired":true,"valueName":"search_term_string"}}],"inLanguage":"pt-BR"},{"@type":"Question","@id":"https:\/\/superjetx.com\/rocketon-game-review\/#faq-question-1706128348250","position":1,"url":"https:\/\/superjetx.com\/rocketon-game-review\/#faq-question-1706128348250","name":"O Rocketon Game \u00e9 legal?","answerCount":1,"acceptedAnswer":{"@type":"Answer","text":"The legality of online gambling depends on the laws of your country. As always, we recommend you check your casino license and money withdrawal options before playing.","inLanguage":"pt-BR"},"inLanguage":"pt-BR"},{"@type":"Question","@id":"https:\/\/superjetx.com\/rocketon-game-review\/#faq-question-1706128363220","position":2,"url":"https:\/\/superjetx.com\/rocketon-game-review\/#faq-question-1706128363220","name":"Como ganhar na Rocketon?","answerCount":1,"acceptedAnswer":{"@type":"Answer","text":"There is no way to predict its algorithm and outcome. However, you can use certain betting strategies to operate your money more effectively.","inLanguage":"pt-BR"},"inLanguage":"pt-BR"},{"@type":"Question","@id":"https:\/\/superjetx.com\/rocketon-game-review\/#faq-question-1706128378170","position":3,"url":"https:\/\/superjetx.com\/rocketon-game-review\/#faq-question-1706128378170","name":"O jogo Rocketon \u00e9 gratuito?","answerCount":1,"acceptedAnswer":{"@type":"Answer","text":"The game requires betting money in order to play and win. It has a demo mode that gives an idea about the game but offers no chance to win because the user does not bet their funds.","inLanguage":"pt-BR"},"inLanguage":"pt-BR"}]}},"_links":{"self":[{"href":"https:\/\/superjetx.com\/pt\/wp-json\/wp\/v2\/pages\/115","targetHints":{"allow":["GET"]}}],"collection":[{"href":"https:\/\/superjetx.com\/pt\/wp-json\/wp\/v2\/pages"}],"about":[{"href":"https:\/\/superjetx.com\/pt\/wp-json\/wp\/v2\/types\/page"}],"author":[{"embeddable":true,"href":"https:\/\/superjetx.com\/pt\/wp-json\/wp\/v2\/users\/2"}],"replies":[{"embeddable":true,"href":"https:\/\/superjetx.com\/pt\/wp-json\/wp\/v2\/comments?post=115"}],"version-history":[{"count":1,"href":"https:\/\/superjetx.com\/pt\/wp-json\/wp\/v2\/pages\/115\/revisions"}],"predecessor-version":[{"id":116,"href":"https:\/\/superjetx.com\/pt\/wp-json\/wp\/v2\/pages\/115\/revisions\/116"}],"wp:attachment":[{"href":"https:\/\/superjetx.com\/pt\/wp-json\/wp\/v2\/media?parent=115"}],"curies":[{"name":"wp","href":"https:\/\/api.w.org\/{rel}","templated":true}]}}