{"id":49,"date":"2023-06-11T18:24:42","date_gmt":"2023-06-11T18:24:42","guid":{"rendered":"https:\/\/superjetx.com\/?page_id=49"},"modified":"2024-01-23T15:37:42","modified_gmt":"2024-01-23T15:37:42","slug":"jetx-demo-game-free","status":"publish","type":"page","link":"https:\/\/superjetx.com\/pt\/jetx-demo-game-free\/","title":{"rendered":"O jogo de demonstra\u00e7\u00e3o JetX (Gr\u00e1tis)"},"content":{"rendered":"<p>Atualmente, um provedor bem conhecido, chamado SmartSoft Gaming, oferece aos usu\u00e1rios a possibilidade de jogar o jogo JetX sem gastar dinheiro. A empresa oferece uma vers\u00e3o b\u00e1sica e uma vers\u00e3o de demonstra\u00e7\u00e3o desse jogo popular. No entanto, \u00e9 preciso ter cuidado, pois nem todos os cassinos on-line oferecem um per\u00edodo de teste para o jogo JetX. Os usu\u00e1rios devem estar prontos para jogar com dinheiro real imediatamente nessas plataformas e sites.<\/p>\n\n\n<div class=\"wp-block-image\">\n<figure class=\"aligncenter\"><img loading=\"lazy\" decoding=\"async\" width=\"900\" height=\"600\" src=\"https:\/\/superjetx.com\/wp-content\/uploads\/2023\/06\/jetx-game-demo-jpg.webp\" alt=\"Demonstra\u00e7\u00e3o do jogo JetX\" class=\"wp-image-50\" srcset=\"https:\/\/superjetx.com\/wp-content\/uploads\/2023\/06\/jetx-game-demo-jpg.webp 900w, https:\/\/superjetx.com\/wp-content\/uploads\/2023\/06\/jetx-game-demo-300x200.webp 300w, https:\/\/superjetx.com\/wp-content\/uploads\/2023\/06\/jetx-game-demo-768x512.webp 768w\" sizes=\"auto, (max-width: 900px) 100vw, 900px\" \/><\/figure>\n<\/div>\n\n\n<p>Felizmente, ainda h\u00e1 muitas plataformas de jogos em que voc\u00ea pode jogar JetX gratuitamente. Portanto, vamos considerar o que significa o modo de demonstra\u00e7\u00e3o do jogo JetX, como jog\u00e1-lo e por que ele \u00e9 necess\u00e1rio para os usu\u00e1rios.<\/p>\n\n\n\n<h2 class=\"wp-block-heading\">O que \u00e9 o JetX Game<\/h2>\n\n\n\n<p>O JetX \u00e9 um jogo moderno e popular desenvolvido pela SmartSoft Gaming. Se compararmos o JetX com outros jogos, veremos que n\u00e3o h\u00e1 limite de quanto dinheiro os jogadores podem ganhar no jogo JetX. Isso \u00e9 bastante atraente tanto para os jogadores novos quanto para os profissionais. Embora o JetX seja considerado um jogo arriscado, t\u00e9cnicas e estrat\u00e9gias definidas podem ajudar os usu\u00e1rios a obter grandes ganhos.<\/p>\n\n\n\n<p>O jogo JetX depende da sorte dos jogadores. Enquanto o jato continuar a voar, a tarefa dos jogadores \u00e9 fazer o saque no momento certo. Se voc\u00ea fizer o saque depois que o jato cair, sua aposta ser\u00e1 perdida.<\/p>\n\n\n\n<p>Em um primeiro momento, pode parecer que os princ\u00edpios do jogo JetX s\u00e3o simples. Ainda assim, os usu\u00e1rios devem estar familiarizados com as regras do jogo antes de inici\u00e1-lo para obter grandes ganhos e evitar perdas financeiras desagrad\u00e1veis.<\/p>\n\n\n\n<h3 class=\"wp-block-heading\">O jogo de demonstra\u00e7\u00e3o JetX<\/h3>\n\n\n\n<p>A vers\u00e3o de demonstra\u00e7\u00e3o do jogo JetX \u00e9 igual \u00e0 vers\u00e3o completa. No entanto, h\u00e1 uma diferen\u00e7a fundamental entre esses modos. Se voc\u00ea jogar a vers\u00e3o de demonstra\u00e7\u00e3o do jogo JetX, n\u00e3o ter\u00e1 a possibilidade de perder dinheiro real. Esse modo implica que os jogadores n\u00e3o precisam criar contas e fazer dep\u00f3sitos em cassinos on-line.<\/p>\n\n\n\n<p>Isso parece vantajoso, n\u00e3o \u00e9 mesmo? No entanto, o modo de demonstra\u00e7\u00e3o tem outro lado. Ao jogar uma vers\u00e3o de demonstra\u00e7\u00e3o do jogo JetX, voc\u00ea n\u00e3o poder\u00e1 obter vit\u00f3rias. Mesmo que as apostas dos jogadores tenham sido feitas, eles n\u00e3o poder\u00e3o sacar fundos reais.<\/p>\n\n\n\n<p>O jogo de demonstra\u00e7\u00e3o emprega cr\u00e9ditos virtuais em vez de dinheiro real. Essa vers\u00e3o do jogo JetX tem o objetivo de oferecer aos usu\u00e1rios a oportunidade de experimentar o jogo e obter uma representa\u00e7\u00e3o dele antes de fazer apostas e jogar com dinheiro real.<\/p>\n\n\n\n<h2 class=\"wp-block-heading\">Como jogo de demonstra\u00e7\u00e3o JetX<\/h2>\n\n\n\n<p>Atualmente, muitos cassinos on-line oferecem aos usu\u00e1rios a possibilidade de jogar uma vers\u00e3o de demonstra\u00e7\u00e3o do jogo JetX gratuitamente. Em termos simples, n\u00e3o \u00e9 necess\u00e1rio registrar-se em plataformas, aguardar a verifica\u00e7\u00e3o da sua conta e gastar dinheiro real. Voc\u00ea poder\u00e1 acessar as possibilidades do jogo instantaneamente.<\/p>\n\n\n\n<p>Se quiser jogar o JetX no modo de demonstra\u00e7\u00e3o, voc\u00ea dever\u00e1 realizar algumas a\u00e7\u00f5es. Primeiro, acesse o site do cassino de seu interesse. Em seguida, sua tarefa \u00e9 encontrar o jogo JetX. Ele pode estar localizado na p\u00e1gina principal do site ou voc\u00ea pode pesquisar pelo nome. Depois disso, voc\u00ea deve pressionar o bot\u00e3o \"Jogar de gra\u00e7a\". Alguns cassinos on-line indicam um per\u00edodo de teste com a ajuda do bot\u00e3o \"Demo\". Aguarde um pouco at\u00e9 que o jogo seja iniciado e voc\u00ea possa come\u00e7ar a jogar.<\/p>\n\n\n\n<h2 class=\"wp-block-heading\">Por que jogaro  jogo de demonstra\u00e7\u00e3o JetX<\/h2>\n\n\n\n<p>Como mostra a pr\u00e1tica, a vers\u00e3o de demonstra\u00e7\u00e3o do jogo JetX pode ser \u00fatil para jogadores novos e profissionais. Os iniciantes no jogo JetX ter\u00e3o uma grande possibilidade de consolidar o conhecimento das regras do jogo jogando no modo de demonstra\u00e7\u00e3o. Al\u00e9m disso, os novos usu\u00e1rios poder\u00e3o entender a mec\u00e2nica e os princ\u00edpios do jogo JetX antes de apostar dinheiro real.<\/p>\n\n\n\n<p>Tanto os jogadores novos quanto os profissionais poder\u00e3o desenvolver uma estrat\u00e9gia de apostas com uma vers\u00e3o de demonstra\u00e7\u00e3o do JetX. O per\u00edodo de teste permite que os usu\u00e1rios criem t\u00e1ticas de jogo eficazes. Os jogadores podem experimentar v\u00e1rias op\u00e7\u00f5es sem ter de arcar com despesas reais.<\/p>\n\n\n\n<p>Portanto, podemos destacar alguns motivos para jogar o JetX no modo de demonstra\u00e7\u00e3o. Os jogadores poder\u00e3o economizar dinheiro e criar t\u00e9cnicas de jogo que aumentar\u00e3o seus ganhos.<\/p>\n\n\n\n<h2 class=\"wp-block-heading\">A melhor estrat\u00e9gia para o jogo JetX<\/h2>\n\n\n\n<p>O JetX \u00e9 um jogo que se baseia totalmente na sorte dos jogadores. Embora seja imposs\u00edvel hackear o jogo, h\u00e1 certas estrat\u00e9gias que aumentariam sua chance de vit\u00f3ria. Observe que as t\u00e9cnicas de jogo n\u00e3o s\u00e3o uma garantia de 100% de ganhos em todas as rodadas. Al\u00e9m de aplicar estrat\u00e9gias, voc\u00ea tamb\u00e9m deve se certificar de que conhece bem as regras e a mec\u00e2nica do jogo.<\/p>\n\n\n\n<p>Apostar alto em um multiplicador baixo e apostar baixo em um multiplicador alto \u00e9 uma das estrat\u00e9gias de jogo mais comuns entre os jogadores. Al\u00e9m disso, alguns jogadores decidem jogar de forma vol\u00e1til e sacar o dinheiro o mais r\u00e1pido poss\u00edvel. Por fim, os usu\u00e1rios podem tender a aplicar at\u00e9 mesmo estrat\u00e9gias arriscadas. Martingale \u00e9 uma dessas t\u00e9cnicas. Ela implica que os jogadores devem fazer uma aposta pequena e dobr\u00e1-la cada vez que perderem uma aposta.<\/p>\n\n\n\n<h2 class=\"wp-block-heading\">B\u00f4nus do JetX Game<\/h2>\n\n\n\n<p>A simplicidade e o alto potencial de ganhos s\u00e3o os principais motivos pelos quais os usu\u00e1rios decidem jogar o jogo JetX. No entanto, muitos jogadores tamb\u00e9m gostam desse jogo por oferecer b\u00f4nus. Por exemplo, os novos usu\u00e1rios certamente receber\u00e3o b\u00f4nus de boas-vindas em seus primeiros dep\u00f3sitos. Al\u00e9m disso, muitas ofertas s\u00e3o garantidas aos jogadores regulares.<\/p>\n\n\n\n<p>Os c\u00f3digos promocionais s\u00e3o simples de usar e podem ser encontrados on-line. Certifique-se de verificar os termos e condi\u00e7\u00f5es de cada c\u00f3digo promocional antes de us\u00e1-lo, para que voc\u00ea compreenda os requisitos e as restri\u00e7\u00f5es.<\/p>\n\n\n\n<h2 class=\"wp-block-heading\">Sum\u00e1rio<\/h2>\n\n\n\n<p>Jogar a vers\u00e3o de demonstra\u00e7\u00e3o do jogo JetX \u00e9 vantajoso por v\u00e1rios motivos. Com o modo de demonstra\u00e7\u00e3o, voc\u00ea poder\u00e1 ter uma ideia do que \u00e9 o JetX e de como potencialmente ganhar dinheiro. \u00c9 claro que jogar no modo de demonstra\u00e7\u00e3o pode ser interessante apenas no in\u00edcio. \u00c0 medida que voc\u00ea dominar suas habilidades de jogo e testar v\u00e1rias estrat\u00e9gias, o desejo de come\u00e7ar a jogar com dinheiro real aumentar\u00e1.<\/p>\n\n\n\n<p>No entanto, \u00e9 recomend\u00e1vel jogar a vers\u00e3o de demonstra\u00e7\u00e3o primeiro e s\u00f3 depois fazer apostas reais. Isso garantir\u00e1 uma experi\u00eancia de jogo incr\u00edvel e poss\u00edveis grandes ganhos.<\/p>\n\n\n\n<h2 class=\"wp-block-heading\">Perguntas mais frequentes<\/h2>\n\n\n\n<div class=\"schema-faq wp-block-yoast-faq-block\"><div class=\"schema-faq-section\" id=\"faq-question-1686507048432\"><strong class=\"schema-faq-question\">Onde posso jogar o JetX?<\/strong> <p class=\"schema-faq-answer\">O JetX est\u00e1 dispon\u00edvel em v\u00e1rios cassinos on-line, plataformas de jogos, sites, etc.<\/p> <\/div> <div class=\"schema-faq-section\" id=\"faq-question-1686507064086\"><strong class=\"schema-faq-question\">Como ganhar dinheiro com o JetX?<\/strong> <p class=\"schema-faq-answer\">Para ganhar dinheiro jogando no JetX, voc\u00ea deve conhecer bem as regras e a mec\u00e2nica, seguir estrat\u00e9gias de jogo \u00fateis e lembrar-se do jogo respons\u00e1vel.<\/p> <\/div> <div class=\"schema-faq-section\" id=\"faq-question-1686507071924\"><strong class=\"schema-faq-question\">Como ganhar o JetX?<\/strong> <p class=\"schema-faq-answer\">O jogo come\u00e7a quando um jato come\u00e7a a voar. Para ganhar o JetX, voc\u00ea deve sacar o dinheiro antes que o jato caia\/exploda.<\/p> <\/div> <\/div>","protected":false},"excerpt":{"rendered":"<p>Nowadays, a well-known provider titled SmartSoft Gaming provides users with the possibility to play the JetX game without spending money. The company spreads a basic and a demo version of this popular game. Still, you should be careful since not all online casinos offer a test period for the JetX game. Users should be ready [&hellip;]<\/p>\n","protected":false},"author":1,"featured_media":0,"parent":0,"menu_order":0,"comment_status":"closed","ping_status":"closed","template":"","meta":{"footnotes":""},"class_list":["post-49","page","type-page","status-publish","hentry"],"yoast_head":"<!-- This site is optimized with the Yoast SEO plugin v27.4 - https:\/\/yoast.com\/product\/yoast-seo-wordpress\/ -->\n<title>JetX Demo Game: Online Casinos<\/title>\n<meta name=\"description\" content=\"JetX Demo Game: how to play it and what are the benefits of this mode to gamers? This article covers detailed info on the JetX demo including its features and where users may play it.\" \/>\n<meta name=\"robots\" content=\"index, follow, max-snippet:-1, max-image-preview:large, max-video-preview:-1\" \/>\n<link rel=\"canonical\" href=\"https:\/\/superjetx.com\/pt\/jetx-demo-game-free\/\" \/>\n<meta property=\"og:locale\" content=\"pt_BR\" \/>\n<meta property=\"og:type\" content=\"article\" \/>\n<meta property=\"og:title\" content=\"JetX Demo Game: Online Casinos\" \/>\n<meta property=\"og:description\" content=\"JetX Demo Game: how to play it and what are the benefits of this mode to gamers? This article covers detailed info on the JetX demo including its features and where users may play it.\" \/>\n<meta property=\"og:url\" content=\"https:\/\/superjetx.com\/pt\/jetx-demo-game-free\/\" \/>\n<meta property=\"og:site_name\" content=\"JetX Game\" \/>\n<meta property=\"article:modified_time\" content=\"2024-01-23T15:37:42+00:00\" \/>\n<meta property=\"og:image\" content=\"https:\/\/superjetx.com\/wp-content\/uploads\/2023\/06\/jetx-game-demo-jpg.webp\" \/>\n<meta name=\"twitter:card\" content=\"summary_large_image\" \/>\n<meta name=\"twitter:label1\" content=\"Est. tempo de leitura\" \/>\n\t<meta name=\"twitter:data1\" content=\"5 minutos\" \/>\n<script type=\"application\/ld+json\" class=\"yoast-schema-graph\">{\"@context\":\"https:\\\/\\\/schema.org\",\"@graph\":[{\"@type\":[\"WebPage\",\"FAQPage\"],\"@id\":\"https:\\\/\\\/superjetx.com\\\/jetx-demo-game-free\\\/\",\"url\":\"https:\\\/\\\/superjetx.com\\\/jetx-demo-game-free\\\/\",\"name\":\"JetX Demo Game: Online Casinos\",\"isPartOf\":{\"@id\":\"https:\\\/\\\/superjetx.com\\\/#website\"},\"primaryImageOfPage\":{\"@id\":\"https:\\\/\\\/superjetx.com\\\/jetx-demo-game-free\\\/#primaryimage\"},\"image\":{\"@id\":\"https:\\\/\\\/superjetx.com\\\/jetx-demo-game-free\\\/#primaryimage\"},\"thumbnailUrl\":\"https:\\\/\\\/superjetx.com\\\/wp-content\\\/uploads\\\/2023\\\/06\\\/jetx-game-demo-jpg.webp\",\"datePublished\":\"2023-06-11T18:24:42+00:00\",\"dateModified\":\"2024-01-23T15:37:42+00:00\",\"description\":\"JetX Demo Game: how to play it and what are the benefits of this mode to gamers? This article covers detailed info on the JetX demo including its features and where users may play it.\",\"breadcrumb\":{\"@id\":\"https:\\\/\\\/superjetx.com\\\/jetx-demo-game-free\\\/#breadcrumb\"},\"mainEntity\":[{\"@id\":\"https:\\\/\\\/superjetx.com\\\/jetx-demo-game-free\\\/#faq-question-1686507048432\"},{\"@id\":\"https:\\\/\\\/superjetx.com\\\/jetx-demo-game-free\\\/#faq-question-1686507064086\"},{\"@id\":\"https:\\\/\\\/superjetx.com\\\/jetx-demo-game-free\\\/#faq-question-1686507071924\"}],\"inLanguage\":\"pt-BR\",\"potentialAction\":[{\"@type\":\"ReadAction\",\"target\":[\"https:\\\/\\\/superjetx.com\\\/jetx-demo-game-free\\\/\"]}]},{\"@type\":\"ImageObject\",\"inLanguage\":\"pt-BR\",\"@id\":\"https:\\\/\\\/superjetx.com\\\/jetx-demo-game-free\\\/#primaryimage\",\"url\":\"https:\\\/\\\/superjetx.com\\\/wp-content\\\/uploads\\\/2023\\\/06\\\/jetx-game-demo-jpg.webp\",\"contentUrl\":\"https:\\\/\\\/superjetx.com\\\/wp-content\\\/uploads\\\/2023\\\/06\\\/jetx-game-demo-jpg.webp\"},{\"@type\":\"BreadcrumbList\",\"@id\":\"https:\\\/\\\/superjetx.com\\\/jetx-demo-game-free\\\/#breadcrumb\",\"itemListElement\":[{\"@type\":\"ListItem\",\"position\":1,\"name\":\"Home\",\"item\":\"https:\\\/\\\/superjetx.com\\\/\"},{\"@type\":\"ListItem\",\"position\":2,\"name\":\"JetX Demo Game (Free)\"}]},{\"@type\":\"WebSite\",\"@id\":\"https:\\\/\\\/superjetx.com\\\/#website\",\"url\":\"https:\\\/\\\/superjetx.com\\\/\",\"name\":\"JetX Game\",\"description\":\"Super JetX Club\",\"potentialAction\":[{\"@type\":\"SearchAction\",\"target\":{\"@type\":\"EntryPoint\",\"urlTemplate\":\"https:\\\/\\\/superjetx.com\\\/?s={search_term_string}\"},\"query-input\":{\"@type\":\"PropertyValueSpecification\",\"valueRequired\":true,\"valueName\":\"search_term_string\"}}],\"inLanguage\":\"pt-BR\"},{\"@type\":\"Question\",\"@id\":\"https:\\\/\\\/superjetx.com\\\/jetx-demo-game-free\\\/#faq-question-1686507048432\",\"position\":1,\"url\":\"https:\\\/\\\/superjetx.com\\\/jetx-demo-game-free\\\/#faq-question-1686507048432\",\"name\":\"Where can I play JetX?\",\"answerCount\":1,\"acceptedAnswer\":{\"@type\":\"Answer\",\"text\":\"JetX is available on various online casinos, gaming platforms, websites, etc.\",\"inLanguage\":\"pt-BR\"},\"inLanguage\":\"pt-BR\"},{\"@type\":\"Question\",\"@id\":\"https:\\\/\\\/superjetx.com\\\/jetx-demo-game-free\\\/#faq-question-1686507064086\",\"position\":2,\"url\":\"https:\\\/\\\/superjetx.com\\\/jetx-demo-game-free\\\/#faq-question-1686507064086\",\"name\":\"How to make money with JetX?\",\"answerCount\":1,\"acceptedAnswer\":{\"@type\":\"Answer\",\"text\":\"To earn money playing the JetX game, you should know the rules and mechanics well, stick to helpful gaming strategies, and remember responsible gaming.\",\"inLanguage\":\"pt-BR\"},\"inLanguage\":\"pt-BR\"},{\"@type\":\"Question\",\"@id\":\"https:\\\/\\\/superjetx.com\\\/jetx-demo-game-free\\\/#faq-question-1686507071924\",\"position\":3,\"url\":\"https:\\\/\\\/superjetx.com\\\/jetx-demo-game-free\\\/#faq-question-1686507071924\",\"name\":\"How to win JetX?\",\"answerCount\":1,\"acceptedAnswer\":{\"@type\":\"Answer\",\"text\":\"The game begins when a jet starts to fly. To win JetX, you should cash out before the jet crashes\\\/explodes.\",\"inLanguage\":\"pt-BR\"},\"inLanguage\":\"pt-BR\"}]}<\/script>\n<!-- \/ Yoast SEO plugin. -->","yoast_head_json":{"title":"O jogo de demonstra\u00e7\u00e3o JetX: Caracter\u00edsticas e principais motivos para jog\u00e1-lo em cassinos on-line","description":"O jogo de demonstra\u00e7\u00e3o JetX: como jog\u00e1-lo e quais s\u00e3o os benef\u00edcios desse modo para os jogadores? Este artigo cont\u00e9m informa\u00e7\u00f5es detalhadas sobre a demonstra\u00e7\u00e3o do JetX, incluindo seus recursos e onde os usu\u00e1rios podem jog\u00e1-lo.","robots":{"index":"index","follow":"follow","max-snippet":"max-snippet:-1","max-image-preview":"max-image-preview:large","max-video-preview":"max-video-preview:-1"},"canonical":"https:\/\/superjetx.com\/pt\/jetx-demo-game-free\/","og_locale":"pt_BR","og_type":"article","og_title":"JetX Demo Game: Online Casinos","og_description":"JetX Demo Game: how to play it and what are the benefits of this mode to gamers? This article covers detailed info on the JetX demo including its features and where users may play it.","og_url":"https:\/\/superjetx.com\/pt\/jetx-demo-game-free\/","og_site_name":"JetX Game","article_modified_time":"2024-01-23T15:37:42+00:00","og_image":[{"url":"https:\/\/superjetx.com\/wp-content\/uploads\/2023\/06\/jetx-game-demo-jpg.webp","type":"","width":"","height":""}],"twitter_card":"summary_large_image","twitter_misc":{"Est. tempo de leitura":"5 minutos"},"schema":{"@context":"https:\/\/schema.org","@graph":[{"@type":["WebPage","FAQPage"],"@id":"https:\/\/superjetx.com\/jetx-demo-game-free\/","url":"https:\/\/superjetx.com\/jetx-demo-game-free\/","name":"O jogo de demonstra\u00e7\u00e3o JetX: Caracter\u00edsticas e principais motivos para jog\u00e1-lo em cassinos on-line","isPartOf":{"@id":"https:\/\/superjetx.com\/#website"},"primaryImageOfPage":{"@id":"https:\/\/superjetx.com\/jetx-demo-game-free\/#primaryimage"},"image":{"@id":"https:\/\/superjetx.com\/jetx-demo-game-free\/#primaryimage"},"thumbnailUrl":"https:\/\/superjetx.com\/wp-content\/uploads\/2023\/06\/jetx-game-demo-jpg.webp","datePublished":"2023-06-11T18:24:42+00:00","dateModified":"2024-01-23T15:37:42+00:00","description":"O jogo de demonstra\u00e7\u00e3o JetX: como jog\u00e1-lo e quais s\u00e3o os benef\u00edcios desse modo para os jogadores? Este artigo cont\u00e9m informa\u00e7\u00f5es detalhadas sobre a demonstra\u00e7\u00e3o do JetX, incluindo seus recursos e onde os usu\u00e1rios podem jog\u00e1-lo.","breadcrumb":{"@id":"https:\/\/superjetx.com\/jetx-demo-game-free\/#breadcrumb"},"mainEntity":[{"@id":"https:\/\/superjetx.com\/jetx-demo-game-free\/#faq-question-1686507048432"},{"@id":"https:\/\/superjetx.com\/jetx-demo-game-free\/#faq-question-1686507064086"},{"@id":"https:\/\/superjetx.com\/jetx-demo-game-free\/#faq-question-1686507071924"}],"inLanguage":"pt-BR","potentialAction":[{"@type":"ReadAction","target":["https:\/\/superjetx.com\/jetx-demo-game-free\/"]}]},{"@type":"ImageObject","inLanguage":"pt-BR","@id":"https:\/\/superjetx.com\/jetx-demo-game-free\/#primaryimage","url":"https:\/\/superjetx.com\/wp-content\/uploads\/2023\/06\/jetx-game-demo-jpg.webp","contentUrl":"https:\/\/superjetx.com\/wp-content\/uploads\/2023\/06\/jetx-game-demo-jpg.webp"},{"@type":"BreadcrumbList","@id":"https:\/\/superjetx.com\/jetx-demo-game-free\/#breadcrumb","itemListElement":[{"@type":"ListItem","position":1,"name":"Home","item":"https:\/\/superjetx.com\/"},{"@type":"ListItem","position":2,"name":"JetX Demo Game (Free)"}]},{"@type":"WebSite","@id":"https:\/\/superjetx.com\/#website","url":"https:\/\/superjetx.com\/","name":"O jogo JetX","description":"Clube Super JetX","potentialAction":[{"@type":"SearchAction","target":{"@type":"EntryPoint","urlTemplate":"https:\/\/superjetx.com\/?s={search_term_string}"},"query-input":{"@type":"PropertyValueSpecification","valueRequired":true,"valueName":"search_term_string"}}],"inLanguage":"pt-BR"},{"@type":"Question","@id":"https:\/\/superjetx.com\/jetx-demo-game-free\/#faq-question-1686507048432","position":1,"url":"https:\/\/superjetx.com\/jetx-demo-game-free\/#faq-question-1686507048432","name":"Onde posso jogar o JetX?","answerCount":1,"acceptedAnswer":{"@type":"Answer","text":"JetX is available on various online casinos, gaming platforms, websites, etc.","inLanguage":"pt-BR"},"inLanguage":"pt-BR"},{"@type":"Question","@id":"https:\/\/superjetx.com\/jetx-demo-game-free\/#faq-question-1686507064086","position":2,"url":"https:\/\/superjetx.com\/jetx-demo-game-free\/#faq-question-1686507064086","name":"Como ganhar dinheiro com o JetX?","answerCount":1,"acceptedAnswer":{"@type":"Answer","text":"To earn money playing the JetX game, you should know the rules and mechanics well, stick to helpful gaming strategies, and remember responsible gaming.","inLanguage":"pt-BR"},"inLanguage":"pt-BR"},{"@type":"Question","@id":"https:\/\/superjetx.com\/jetx-demo-game-free\/#faq-question-1686507071924","position":3,"url":"https:\/\/superjetx.com\/jetx-demo-game-free\/#faq-question-1686507071924","name":"Como ganhar o JetX?","answerCount":1,"acceptedAnswer":{"@type":"Answer","text":"The game begins when a jet starts to fly. To win JetX, you should cash out before the jet crashes\/explodes.","inLanguage":"pt-BR"},"inLanguage":"pt-BR"}]}},"_links":{"self":[{"href":"https:\/\/superjetx.com\/pt\/wp-json\/wp\/v2\/pages\/49","targetHints":{"allow":["GET"]}}],"collection":[{"href":"https:\/\/superjetx.com\/pt\/wp-json\/wp\/v2\/pages"}],"about":[{"href":"https:\/\/superjetx.com\/pt\/wp-json\/wp\/v2\/types\/page"}],"author":[{"embeddable":true,"href":"https:\/\/superjetx.com\/pt\/wp-json\/wp\/v2\/users\/1"}],"replies":[{"embeddable":true,"href":"https:\/\/superjetx.com\/pt\/wp-json\/wp\/v2\/comments?post=49"}],"version-history":[{"count":3,"href":"https:\/\/superjetx.com\/pt\/wp-json\/wp\/v2\/pages\/49\/revisions"}],"predecessor-version":[{"id":66,"href":"https:\/\/superjetx.com\/pt\/wp-json\/wp\/v2\/pages\/49\/revisions\/66"}],"wp:attachment":[{"href":"https:\/\/superjetx.com\/pt\/wp-json\/wp\/v2\/media?parent=49"}],"curies":[{"name":"wp","href":"https:\/\/api.w.org\/{rel}","templated":true}]}}