{"id":68,"date":"2023-12-02T21:27:00","date_gmt":"2023-12-02T21:27:00","guid":{"rendered":"https:\/\/superjetx.com\/?page_id=68"},"modified":"2024-01-25T12:33:26","modified_gmt":"2024-01-25T12:33:26","slug":"airplane-game-for-money","status":"publish","type":"page","link":"https:\/\/superjetx.com\/pt\/airplane-game-for-money\/","title":{"rendered":"O jogo Airplane por dinheiro"},"content":{"rendered":"<p>Voc\u00ea j\u00e1 imaginou poder se divertir jogando jogos on-line e, al\u00e9m disso, ganhar dinheiro com facilidade? Hoje, isso \u00e9 poss\u00edvel com a ajuda do jogo Airplane. O princ\u00edpio desse jogo \u00e9 que, enquanto o avi\u00e3o voa, voc\u00ea ganha dinheiro. Parece interessante, n\u00e3o \u00e9?<\/p>\n\n\n\n<p>Atualmente, a BGaming, a Spribe e a SmartSoft s\u00e3o as principais fornecedoras desses jogos. Enquanto os ca\u00e7a-n\u00edqueis tradicionais e os jogos de mesa t\u00eam regras complicadas a serem lembradas, o jogo Airplanes pode ser jogado sem esfor\u00e7o e sem a necessidade de correr grandes riscos. Portanto, vamos dar uma olhada mais de perto no jogo Airplanes que tem um alto potencial de ganhos.<\/p>\n\n\n\n<h2 class=\"wp-block-heading\">Jogos para jogar<\/h2>\n\n\n\n<p>Entre os v\u00e1rios jogos dispon\u00edveis, os usu\u00e1rios decidem jogar o jogo Airplanes. O principal motivo \u00e9 que esses jogos oferecem aos jogadores a possibilidade de ganhar dinheiro de verdade sem problemas. Quem se recusaria a ganhar algum dinheiro simplesmente jogando um jogo interessante?<\/p>\n\n\n\n<p>Atualmente, alguns jogos sobre avi\u00f5es est\u00e3o dispon\u00edveis para os usu\u00e1rios. Todos eles s\u00e3o seguros e permitem que os jogadores obtenham lucros. Voc\u00ea pode selecionar qualquer jogo com base em seus recursos, disponibilidade de b\u00f4nus, probabilidade de grandes ganhos e muito mais. Independentemente do jogo que escolher, voc\u00ea certamente ter\u00e1 uma experi\u00eancia de jogo inesquec\u00edvel e receber\u00e1 um dep\u00f3sito em sua conta banc\u00e1ria.<\/p>\n\n\n\n<h2 class=\"wp-block-heading\">Aviator<\/h2>\n\n\n\n<p>O Aviator \u00e9 um jogo bem conhecido entre os jogadores. Ele foi lan\u00e7ado pela Spribe em 2019 e, desde ent\u00e3o, ganhou enorme popularidade. O jogo Aviator permite que os usu\u00e1rios ganhem dinheiro apostando em probabilidades crescentes. Embora as regras do Aviator pare\u00e7am simples, ainda \u00e9 recomend\u00e1vel entender a mec\u00e2nica do jogo para aumentar suas chances de ganhar.<\/p>\n\n\n\n<p>Se voc\u00ea pretende jogar Aviator, \u00e9 aconselh\u00e1vel saber o m\u00e1ximo poss\u00edvel sobre esse jogo. Vamos considerar as informa\u00e7\u00f5es abaixo sobre o que \u00e9 o Aviator, como jogar esse jogo e ganhar dinheiro real.<\/p>\n\n\n\n<h3 class=\"wp-block-heading\">O que \u00e9 o jogo Aviator<\/h3>\n\n\n\n<p>O Aviator \u00e9 um jogo on-line sobre um pequeno avi\u00e3o que permite que os jogadores obtenham grandes pr\u00eamios. Apesar de ser um jogo relativamente novo, o Aviator se tornou incrivelmente popular entre os usu\u00e1rios. As regras desse jogo s\u00e3o simples e os jogadores precisam realizar uma a\u00e7\u00e3o para ganhar.<\/p>\n\n\n\n<p>Voc\u00ea deve assistir \u00e0 decolagem do avi\u00e3o e depois fazer apostas. Sua tarefa \u00e9 sacar o dinheiro antes que o avi\u00e3o exploda. Se voc\u00ea retirar seus ganhos com atraso, sua aposta ser\u00e1 perdida. O resultado do jogo depende da sorte dos jogadores.<\/p>\n\n\n\n<h3 class=\"wp-block-heading\">Como jogar o Aviator<\/h3>\n\n\n\n<p>Como mencionado acima, as regras do jogo Aviator s\u00e3o f\u00e1ceis de lembrar. Mas os usu\u00e1rios devem decidir primeiro em que plataforma v\u00e3o jogar esse jogo. Felizmente, h\u00e1 um grande n\u00famero de plataformas de jogos respeit\u00e1veis e seguras que oferecem jogos emocionantes do Aviator.<\/p>\n\n\n\n<p>Depois de escolher um dos sites, sua tarefa \u00e9 registrar-se. Em geral, o procedimento de registro leva um pouco de tempo e esfor\u00e7o. Depois que sua conta for criada e verificada, voc\u00ea poder\u00e1 abrir o jogo Aviator e come\u00e7ar a jogar.<\/p>\n\n\n\n<p>Certifique-se de ter reabastecido sua conta antes de fazer suas apostas. Fazer dep\u00f3sitos em cassinos on-line \u00e9 simples e r\u00e1pido.<\/p>\n\n\n\n<h3 class=\"wp-block-heading\">Como ganhar o Aviator<\/h3>\n\n\n\n<p>O algoritmo do jogo Aviator \u00e9 baseado na gera\u00e7\u00e3o de n\u00fameros aleat\u00f3rios. O sucesso depender\u00e1 de sua sorte. Embora n\u00e3o haja segredo para obter vit\u00f3rias em todas as rodadas, algumas estrat\u00e9gias ainda podem ser \u00fateis para os jogadores. Essas t\u00e9cnicas de jogo aumentam as chances de vit\u00f3ria dos usu\u00e1rios.<\/p>\n\n\n\n<p>Por exemplo, voc\u00ea pode tentar a sorte primeiro jogando uma vers\u00e3o de demonstra\u00e7\u00e3o do jogo Aviator. Voc\u00ea n\u00e3o correr\u00e1 nenhum risco, pois n\u00e3o h\u00e1 necessidade de fazer apostas reais e depositar dinheiro real. Al\u00e9m disso, \u00e9 recomend\u00e1vel encontrar um bom equil\u00edbrio entre o risco e o lucro potencial. Por fim, voc\u00ea deve selecionar suas apostas com sabedoria e n\u00e3o ficar muito ganancioso.<\/p>\n\n\n\n<h2 class=\"wp-block-heading\">O jogo JetX<\/h2>\n\n\n\n<p>O JetX \u00e9 semelhante ao jogo Aviator. Ele \u00e9 igualmente popular entre os jogadores e oferece um alto potencial de ganhos. As regras do JetX s\u00e3o t\u00e3o simples quanto as do jogo Aviator. Se voc\u00ea decidir jogar JetX por algum motivo, deve se familiarizar ao m\u00e1ximo com esse jogo. Isso garante que voc\u00ea n\u00e3o perder\u00e1 seu dinheiro em v\u00e3o, mas sim que ganhar\u00e1 fundos e se divertir\u00e1 muito.<\/p>\n\n\n\n<h3 class=\"wp-block-heading\">O que \u00e9 o JetX Game<\/h3>\n\n\n\n<p>O JetX \u00e9 um novo jogo on-line que tem recebido a aten\u00e7\u00e3o de jogadores de todos os cantos do mundo em um ritmo acelerado. Esse \u00e9 um jogo de azar em que os usu\u00e1rios t\u00eam a possibilidade de obter lucro com facilidade. A quantia de dinheiro que voc\u00ea receber\u00e1 depende totalmente de sua sorte.<\/p>\n\n\n\n<p>O jogo JetX foi criado pela Smartsoft Gaming e est\u00e1 dispon\u00edvel em v\u00e1rios cassinos on-line. Esse jogo n\u00e3o tem limite de quanto dinheiro os usu\u00e1rios podem ganhar.<\/p>\n\n\n\n<h3 class=\"wp-block-heading\">Como jogar o JetX<\/h3>\n\n\n\n<p>Para come\u00e7ar a jogar o jogo JetX, voc\u00ea deve selecionar primeiro uma plataforma de jogos confi\u00e1vel e fidedigna, como no caso do jogo Aviator. Os usu\u00e1rios podem descobrir um grande n\u00famero de cassinos on-line seguros e profissionais para jogar o jogo JetX.<\/p>\n\n\n\n<p>Depois de escolher um site adequado, voc\u00ea pode prosseguir com o procedimento de registro. Depois que seu perfil for verificado, voc\u00ea poder\u00e1 fazer seu primeiro dep\u00f3sito e iniciar o jogo JetX. Como regra geral, esse jogo pode estar localizado na p\u00e1gina principal da plataforma de jogos. Para economizar tempo, digite o t\u00edtulo do jogo na barra de pesquisa e o sistema lhe fornecer\u00e1 o jogo necess\u00e1rio.<\/p>\n\n\n\n<h3 class=\"wp-block-heading\">Como ganhar o JetX<\/h3>\n\n\n\n<p>O princ\u00edpio do JetX \u00e9 o mesmo do jogo Aviator. Depois de fazer sua aposta, um jato come\u00e7a a voar. Enquanto o jato estiver \"no ar\", voc\u00ea dever\u00e1 sacar os fundos no momento mais apropriado. Se voc\u00ea n\u00e3o tiver tempo de sacar e o jato cair, voc\u00ea perder\u00e1.<\/p>\n\n\n\n<p>Para ganhar o JetX, sua tarefa \u00e9 fazer o saque na hora certa. O jogo JetX \u00e9 baseado em um gerador de n\u00fameros aleat\u00f3rios (GNA). O sucesso do jogo depender\u00e1 de sua sorte e habilidade.<\/p>\n\n\n\n<h2 class=\"wp-block-heading\">Truques para ganhar<\/h2>\n\n\n\n<p>Os resultados dos jogos Aviator e JetX dependem totalmente da sorte dos jogadores. Infelizmente, n\u00e3o existem t\u00e9cnicas 100% vencedoras. No entanto, h\u00e1 algumas dicas e sugest\u00f5es que podem ajudar os usu\u00e1rios a aumentar a probabilidade de obter ganhos.<\/p>\n\n\n\n<p>Por exemplo, voc\u00ea pode jogar de forma vol\u00e1til e sacar mais cedo. Outra estrat\u00e9gia implica que voc\u00ea deve fazer uma grande aposta que ser\u00e1 retirada antecipadamente e, ao mesmo tempo, fazer uma pequena aposta na qual voc\u00ea espera obter um grande multiplicador. Essas e outras dicas e truques podem ser aplicados aos jogos Aviator e JetX.<\/p>\n\n\n\n<h2 class=\"wp-block-heading\">Sum\u00e1rio<\/h2>\n\n\n\n<p>Atualmente, os desenvolvedores continuam a criar jogos que proporcionam aos usu\u00e1rios a possibilidade n\u00e3o apenas de se divertir com os amigos, mas tamb\u00e9m de ganhar algum dinheiro. Os jogos Aviator e JetX s\u00e3o as op\u00e7\u00f5es ideais se voc\u00ea quiser ganhar dinheiro e passar o tempo com interesse. Esses jogos sobre avi\u00f5es, sem d\u00favida, proporcionar\u00e3o uma experi\u00eancia de jogo incr\u00edvel e uma chance de obter lucro. Da pr\u00f3xima vez que decidir jogar jogos on-line, seus ganhos estar\u00e3o esperando por voc\u00ea nos jogos Aviator e JetX.<\/p>\n\n\n\n<h2 class=\"wp-block-heading\">Perguntas mais frequentes<\/h2>\n\n\n\n<div class=\"schema-faq wp-block-yoast-faq-block\"><div class=\"schema-faq-section\" id=\"faq-question-1706045139146\"><strong class=\"schema-faq-question\">Aviator Spribe \u00e9 leg\u00edtimo?<\/strong> <p class=\"schema-faq-answer\">O jogo Aviator criado pela Spribe n\u00e3o \u00e9 uma fraude. \u00c9 um jogo leg\u00edtimo e divertido, apreciado por muitos jogadores.<\/p> <\/div> <div class=\"schema-faq-section\" id=\"faq-question-1706045156601\"><strong class=\"schema-faq-question\">Qual \u00e9 o algoritmo do jogo JetX?<\/strong> <p class=\"schema-faq-answer\">O jogo JetX \u00e9 baseado em um gerador de n\u00fameros aleat\u00f3rios (GNA).<\/p> <\/div> <div class=\"schema-faq-section\" id=\"faq-question-1706045166929\"><strong class=\"schema-faq-question\">O que \u00e9 a Spribe?<\/strong> <p class=\"schema-faq-answer\">A Spribe \u00e9 uma provedora popular e inovadora de jogos justos e interessantes, como os cl\u00e1ssicos de cassino (roleta, blackjack e p\u00f4quer) e jogos de colis\u00e3o multijogador inovadores.<\/p> <\/div> <div class=\"schema-faq-section\" id=\"faq-question-1706045181455\"><strong class=\"schema-faq-question\">Existe algum truque para o jogo Aviator?<\/strong> <p class=\"schema-faq-answer\">O jogo Aviator \u00e9 baseado na sorte dos jogadores. Ainda assim, h\u00e1 alguns truques que podem ajudar a ganhar esse jogo, em particular, apostar pouco e sacar mais cedo, jogar no modo de demonstra\u00e7\u00e3o, manter um estilo de jogo vol\u00e1til e muito mais.<\/p> <\/div> <\/div>","protected":false},"excerpt":{"rendered":"<p>Could you imagine that you are able to have fun playing online games and moreover earn money with ease? Today, this becomes possible with the assistance of the Airplane game. The principle of this game is that while the plane flies, you make money. Sounds engaging, isn&#8217;t it? Nowadays, BGaming, Spribe, and SmartSoft are the [&hellip;]<\/p>\n","protected":false},"author":2,"featured_media":0,"parent":0,"menu_order":0,"comment_status":"closed","ping_status":"closed","template":"","meta":{"footnotes":""},"class_list":["post-68","page","type-page","status-publish","hentry"],"yoast_head":"<!-- This site is optimized with the Yoast SEO plugin v27.3 - https:\/\/yoast.com\/product\/yoast-seo-wordpress\/ -->\n<title>Airplane Game: Play and Have the Possibility to Win Real Funds<\/title>\n<meta name=\"description\" content=\"Airplane game is a great chance to not only have an exciting gaming experience but likewise make real money. Let&#039;s sort out what Airplane games users may play and receive big wins.\" \/>\n<meta name=\"robots\" content=\"index, follow, max-snippet:-1, max-image-preview:large, max-video-preview:-1\" \/>\n<link rel=\"canonical\" href=\"https:\/\/superjetx.com\/pt\/airplane-game-for-money\/\" \/>\n<meta property=\"og:locale\" content=\"pt_BR\" \/>\n<meta property=\"og:type\" content=\"article\" \/>\n<meta property=\"og:title\" content=\"Airplane Game: Play and Have the Possibility to Win Real Funds\" \/>\n<meta property=\"og:description\" content=\"Airplane game is a great chance to not only have an exciting gaming experience but likewise make real money. Let&#039;s sort out what Airplane games users may play and receive big wins.\" \/>\n<meta property=\"og:url\" content=\"https:\/\/superjetx.com\/pt\/airplane-game-for-money\/\" \/>\n<meta property=\"og:site_name\" content=\"JetX Game\" \/>\n<meta property=\"article:modified_time\" content=\"2024-01-25T12:33:26+00:00\" \/>\n<meta name=\"twitter:card\" content=\"summary_large_image\" \/>\n<meta name=\"twitter:label1\" content=\"Est. tempo de leitura\" \/>\n\t<meta name=\"twitter:data1\" content=\"6 minutos\" \/>\n<script type=\"application\/ld+json\" class=\"yoast-schema-graph\">{\"@context\":\"https:\\\/\\\/schema.org\",\"@graph\":[{\"@type\":[\"WebPage\",\"FAQPage\"],\"@id\":\"https:\\\/\\\/superjetx.com\\\/airplane-game-for-money\\\/\",\"url\":\"https:\\\/\\\/superjetx.com\\\/airplane-game-for-money\\\/\",\"name\":\"Airplane Game: Play and Have the Possibility to Win Real Funds\",\"isPartOf\":{\"@id\":\"https:\\\/\\\/superjetx.com\\\/#website\"},\"datePublished\":\"2023-12-02T21:27:00+00:00\",\"dateModified\":\"2024-01-25T12:33:26+00:00\",\"description\":\"Airplane game is a great chance to not only have an exciting gaming experience but likewise make real money. Let's sort out what Airplane games users may play and receive big wins.\",\"breadcrumb\":{\"@id\":\"https:\\\/\\\/superjetx.com\\\/airplane-game-for-money\\\/#breadcrumb\"},\"mainEntity\":[{\"@id\":\"https:\\\/\\\/superjetx.com\\\/airplane-game-for-money\\\/#faq-question-1706045139146\"},{\"@id\":\"https:\\\/\\\/superjetx.com\\\/airplane-game-for-money\\\/#faq-question-1706045156601\"},{\"@id\":\"https:\\\/\\\/superjetx.com\\\/airplane-game-for-money\\\/#faq-question-1706045166929\"},{\"@id\":\"https:\\\/\\\/superjetx.com\\\/airplane-game-for-money\\\/#faq-question-1706045181455\"}],\"inLanguage\":\"pt-BR\",\"potentialAction\":[{\"@type\":\"ReadAction\",\"target\":[\"https:\\\/\\\/superjetx.com\\\/airplane-game-for-money\\\/\"]}]},{\"@type\":\"BreadcrumbList\",\"@id\":\"https:\\\/\\\/superjetx.com\\\/airplane-game-for-money\\\/#breadcrumb\",\"itemListElement\":[{\"@type\":\"ListItem\",\"position\":1,\"name\":\"Home\",\"item\":\"https:\\\/\\\/superjetx.com\\\/\"},{\"@type\":\"ListItem\",\"position\":2,\"name\":\"Airplane Game for Money\"}]},{\"@type\":\"WebSite\",\"@id\":\"https:\\\/\\\/superjetx.com\\\/#website\",\"url\":\"https:\\\/\\\/superjetx.com\\\/\",\"name\":\"JetX Game\",\"description\":\"Super JetX Club\",\"potentialAction\":[{\"@type\":\"SearchAction\",\"target\":{\"@type\":\"EntryPoint\",\"urlTemplate\":\"https:\\\/\\\/superjetx.com\\\/?s={search_term_string}\"},\"query-input\":{\"@type\":\"PropertyValueSpecification\",\"valueRequired\":true,\"valueName\":\"search_term_string\"}}],\"inLanguage\":\"pt-BR\"},{\"@type\":\"Question\",\"@id\":\"https:\\\/\\\/superjetx.com\\\/airplane-game-for-money\\\/#faq-question-1706045139146\",\"position\":1,\"url\":\"https:\\\/\\\/superjetx.com\\\/airplane-game-for-money\\\/#faq-question-1706045139146\",\"name\":\"Is Aviator Spribe legit?\",\"answerCount\":1,\"acceptedAnswer\":{\"@type\":\"Answer\",\"text\":\"The Aviator game created by Spribe is not a scam. It is a legitimate and fun game that is liked by many players.\",\"inLanguage\":\"pt-BR\"},\"inLanguage\":\"pt-BR\"},{\"@type\":\"Question\",\"@id\":\"https:\\\/\\\/superjetx.com\\\/airplane-game-for-money\\\/#faq-question-1706045156601\",\"position\":2,\"url\":\"https:\\\/\\\/superjetx.com\\\/airplane-game-for-money\\\/#faq-question-1706045156601\",\"name\":\"What is the algorithm of the JetX game?\",\"answerCount\":1,\"acceptedAnswer\":{\"@type\":\"Answer\",\"text\":\"The JetX game is based on a Random Number Generator (RNG).\",\"inLanguage\":\"pt-BR\"},\"inLanguage\":\"pt-BR\"},{\"@type\":\"Question\",\"@id\":\"https:\\\/\\\/superjetx.com\\\/airplane-game-for-money\\\/#faq-question-1706045166929\",\"position\":3,\"url\":\"https:\\\/\\\/superjetx.com\\\/airplane-game-for-money\\\/#faq-question-1706045166929\",\"name\":\"What is a Spribe?\",\"answerCount\":1,\"acceptedAnswer\":{\"@type\":\"Answer\",\"text\":\"Spribe is a popular and innovative provider of fair and interesting games such as casino classics (roulette, blackjack, and poker) and novelty multiplayer crash games.\",\"inLanguage\":\"pt-BR\"},\"inLanguage\":\"pt-BR\"},{\"@type\":\"Question\",\"@id\":\"https:\\\/\\\/superjetx.com\\\/airplane-game-for-money\\\/#faq-question-1706045181455\",\"position\":4,\"url\":\"https:\\\/\\\/superjetx.com\\\/airplane-game-for-money\\\/#faq-question-1706045181455\",\"name\":\"Is there a trick to the Aviator game?\",\"answerCount\":1,\"acceptedAnswer\":{\"@type\":\"Answer\",\"text\":\"The Aviator game is based on the players' luck. Still, there are a few tricks that may assist in winning this game, in particular, betting small and cashing out early, playing in the demo mode, sticking to a volatile play style, and more.\",\"inLanguage\":\"pt-BR\"},\"inLanguage\":\"pt-BR\"}]}<\/script>\n<!-- \/ Yoast SEO plugin. -->","yoast_head_json":{"title":"O jogo Airplane: Jogue e tenha a possibilidade de ganhar fundos reais","description":"O jogo Airplane \u00e9 uma \u00f3tima chance n\u00e3o apenas de ter uma experi\u00eancia de jogo empolgante, mas tamb\u00e9m de ganhar dinheiro de verdade. Vamos ver o que os usu\u00e1rios do jogo Airplanes podem jogar e receber grandes pr\u00eamios.","robots":{"index":"index","follow":"follow","max-snippet":"max-snippet:-1","max-image-preview":"max-image-preview:large","max-video-preview":"max-video-preview:-1"},"canonical":"https:\/\/superjetx.com\/pt\/airplane-game-for-money\/","og_locale":"pt_BR","og_type":"article","og_title":"Airplane Game: Play and Have the Possibility to Win Real Funds","og_description":"Airplane game is a great chance to not only have an exciting gaming experience but likewise make real money. Let's sort out what Airplane games users may play and receive big wins.","og_url":"https:\/\/superjetx.com\/pt\/airplane-game-for-money\/","og_site_name":"JetX Game","article_modified_time":"2024-01-25T12:33:26+00:00","twitter_card":"summary_large_image","twitter_misc":{"Est. tempo de leitura":"6 minutos"},"schema":{"@context":"https:\/\/schema.org","@graph":[{"@type":["WebPage","FAQPage"],"@id":"https:\/\/superjetx.com\/airplane-game-for-money\/","url":"https:\/\/superjetx.com\/airplane-game-for-money\/","name":"O jogo Airplane: Jogue e tenha a possibilidade de ganhar fundos reais","isPartOf":{"@id":"https:\/\/superjetx.com\/#website"},"datePublished":"2023-12-02T21:27:00+00:00","dateModified":"2024-01-25T12:33:26+00:00","description":"O jogo Airplane \u00e9 uma \u00f3tima chance n\u00e3o apenas de ter uma experi\u00eancia de jogo empolgante, mas tamb\u00e9m de ganhar dinheiro de verdade. Vamos ver o que os usu\u00e1rios do jogo Airplanes podem jogar e receber grandes pr\u00eamios.","breadcrumb":{"@id":"https:\/\/superjetx.com\/airplane-game-for-money\/#breadcrumb"},"mainEntity":[{"@id":"https:\/\/superjetx.com\/airplane-game-for-money\/#faq-question-1706045139146"},{"@id":"https:\/\/superjetx.com\/airplane-game-for-money\/#faq-question-1706045156601"},{"@id":"https:\/\/superjetx.com\/airplane-game-for-money\/#faq-question-1706045166929"},{"@id":"https:\/\/superjetx.com\/airplane-game-for-money\/#faq-question-1706045181455"}],"inLanguage":"pt-BR","potentialAction":[{"@type":"ReadAction","target":["https:\/\/superjetx.com\/airplane-game-for-money\/"]}]},{"@type":"BreadcrumbList","@id":"https:\/\/superjetx.com\/airplane-game-for-money\/#breadcrumb","itemListElement":[{"@type":"ListItem","position":1,"name":"Home","item":"https:\/\/superjetx.com\/"},{"@type":"ListItem","position":2,"name":"Airplane Game for Money"}]},{"@type":"WebSite","@id":"https:\/\/superjetx.com\/#website","url":"https:\/\/superjetx.com\/","name":"O jogo JetX","description":"Clube Super JetX","potentialAction":[{"@type":"SearchAction","target":{"@type":"EntryPoint","urlTemplate":"https:\/\/superjetx.com\/?s={search_term_string}"},"query-input":{"@type":"PropertyValueSpecification","valueRequired":true,"valueName":"search_term_string"}}],"inLanguage":"pt-BR"},{"@type":"Question","@id":"https:\/\/superjetx.com\/airplane-game-for-money\/#faq-question-1706045139146","position":1,"url":"https:\/\/superjetx.com\/airplane-game-for-money\/#faq-question-1706045139146","name":"Aviator Spribe \u00e9 leg\u00edtimo?","answerCount":1,"acceptedAnswer":{"@type":"Answer","text":"The Aviator game created by Spribe is not a scam. It is a legitimate and fun game that is liked by many players.","inLanguage":"pt-BR"},"inLanguage":"pt-BR"},{"@type":"Question","@id":"https:\/\/superjetx.com\/airplane-game-for-money\/#faq-question-1706045156601","position":2,"url":"https:\/\/superjetx.com\/airplane-game-for-money\/#faq-question-1706045156601","name":"Qual \u00e9 o algoritmo do jogo JetX?","answerCount":1,"acceptedAnswer":{"@type":"Answer","text":"The JetX game is based on a Random Number Generator (RNG).","inLanguage":"pt-BR"},"inLanguage":"pt-BR"},{"@type":"Question","@id":"https:\/\/superjetx.com\/airplane-game-for-money\/#faq-question-1706045166929","position":3,"url":"https:\/\/superjetx.com\/airplane-game-for-money\/#faq-question-1706045166929","name":"O que \u00e9 a Spribe?","answerCount":1,"acceptedAnswer":{"@type":"Answer","text":"Spribe is a popular and innovative provider of fair and interesting games such as casino classics (roulette, blackjack, and poker) and novelty multiplayer crash games.","inLanguage":"pt-BR"},"inLanguage":"pt-BR"},{"@type":"Question","@id":"https:\/\/superjetx.com\/airplane-game-for-money\/#faq-question-1706045181455","position":4,"url":"https:\/\/superjetx.com\/airplane-game-for-money\/#faq-question-1706045181455","name":"Existe algum truque para o jogo Aviator?","answerCount":1,"acceptedAnswer":{"@type":"Answer","text":"The Aviator game is based on the players' luck. Still, there are a few tricks that may assist in winning this game, in particular, betting small and cashing out early, playing in the demo mode, sticking to a volatile play style, and more.","inLanguage":"pt-BR"},"inLanguage":"pt-BR"}]}},"_links":{"self":[{"href":"https:\/\/superjetx.com\/pt\/wp-json\/wp\/v2\/pages\/68","targetHints":{"allow":["GET"]}}],"collection":[{"href":"https:\/\/superjetx.com\/pt\/wp-json\/wp\/v2\/pages"}],"about":[{"href":"https:\/\/superjetx.com\/pt\/wp-json\/wp\/v2\/types\/page"}],"author":[{"embeddable":true,"href":"https:\/\/superjetx.com\/pt\/wp-json\/wp\/v2\/users\/2"}],"replies":[{"embeddable":true,"href":"https:\/\/superjetx.com\/pt\/wp-json\/wp\/v2\/comments?post=68"}],"version-history":[{"count":2,"href":"https:\/\/superjetx.com\/pt\/wp-json\/wp\/v2\/pages\/68\/revisions"}],"predecessor-version":[{"id":117,"href":"https:\/\/superjetx.com\/pt\/wp-json\/wp\/v2\/pages\/68\/revisions\/117"}],"wp:attachment":[{"href":"https:\/\/superjetx.com\/pt\/wp-json\/wp\/v2\/media?parent=68"}],"curies":[{"name":"wp","href":"https:\/\/api.w.org\/{rel}","templated":true}]}}