{"id":72,"date":"2024-01-05T09:46:00","date_gmt":"2024-01-05T09:46:00","guid":{"rendered":"https:\/\/superjetx.com\/?page_id=72"},"modified":"2024-01-24T16:04:53","modified_gmt":"2024-01-24T16:04:53","slug":"aviatrix-game-online-review","status":"publish","type":"page","link":"https:\/\/superjetx.com\/pt\/aviatrix-game-online-review\/","title":{"rendered":"Revis\u00e3o do Aviatrix Game Online"},"content":{"rendered":"<p>Os jogos Crash s\u00e3o a \u00faltima moda entre os apostadores devido \u00e0 sua combina\u00e7\u00e3o \u00fanica de aleatoriedade, jogabilidade din\u00e2mica e empolgante e RTP decente. Hoje, estamos analisando um deles: o jogo Aviatrix.<\/p>\n\n\n\n<h2 class=\"wp-block-heading\">O que \u00e9 o Aviatrix Game?<\/h2>\n\n\n\n<p>O Aviatrix \u00e9 um daqueles jogos de colis\u00e3o de cassino on-line em que o jogador assiste a uma aeronave que decola, voa um pouco e depois cai em um momento escolhido aleatoriamente. \u00c9 uma solu\u00e7\u00e3o de iGaming B2B com uma base NFT e uma integra\u00e7\u00e3o adicional para aqueles que est\u00e3o familiarizados com as tecnologias de blockchain. Seguindo o exemplo dos jogos de queda mais populares e respeit\u00e1veis, o Aviatrix foi criado com o uso de uma tecnologia comprovadamente justa. Esse algoritmo de computa\u00e7\u00e3o pode ser testado quanto \u00e0 imparcialidade, proporcionando uma experi\u00eancia de jogo verdadeiramente estimulante com uma chance real de vit\u00f3ria.<\/p>\n\n\n\n<h2 class=\"wp-block-heading\">Recursos do Aviatrix Game<\/h2>\n\n\n\n<p>H\u00e1 muitos jogos de colis\u00e3o, ent\u00e3o h\u00e1 motivos espec\u00edficos para isso? Reunimos informa\u00e7\u00f5es sobre todos os aspectos do jogo para que voc\u00ea possa decidir se ele merece sua aten\u00e7\u00e3o.<\/p>\n\n\n\n<h3 class=\"wp-block-heading\">Jogabilidade e regras<\/h3>\n\n\n\n<p>Em termos de jogabilidade, o jogo Aviatrix crash \u00e9 bastante semelhante a seus pares. Para iniciar a rodada, o jogador precisa fazer uma aposta. Em seguida, uma aeronave come\u00e7a a voar e o multiplicador de ganhos tamb\u00e9m come\u00e7a a aumentar. Ele tem o potencial de atingir um n\u00famero impressionante de 10.000x, desde que o avi\u00e3o sobreviva. A \"queda\" ocorre aleatoriamente e, se o apostador n\u00e3o fizer o saque antes disso, o dinheiro ser\u00e1 perdido.<\/p>\n\n\n\n<p>H\u00e1 tamb\u00e9m uma op\u00e7\u00e3o de saque autom\u00e1tico. O usu\u00e1rio pode definir um determinado limite para o multiplicador que, quando atingido, aciona o saque automaticamente.<\/p>\n\n\n\n<h3 class=\"wp-block-heading\">Gr\u00e1ficos e sons<\/h3>\n\n\n\n<p>Se voc\u00ea optar por jogar o jogo Aviatrix, n\u00e3o ficar\u00e1 desapontado com seu design. O voo da aeronave \u00e9 acompanhado por uma m\u00fasica suave. Ela \u00e9 interrompida brutalmente no momento da queda, o que torna as emo\u00e7\u00f5es desse exato momento ainda mais brilhantes. \u00c9 verdade que, depois de jogar por um tempo, ela pode passar de agradavelmente surpreendente para um pouco irritante, mas o bot\u00e3o de mudo est\u00e1 sempre dispon\u00edvel. De qualquer forma, n\u00e3o discutiremos que a trilha sonora contribui para a imers\u00e3o do processo de jogo.<\/p>\n\n\n\n<p>A arte de fundo sugere uma \u00e1rea remota e pac\u00edfica. A cor do c\u00e9u muda conforme o avi\u00e3o voa. Toda a vibra\u00e7\u00e3o do jogo \u00e9 serena e relaxante at\u00e9 o momento em que ele literalmente cai.<\/p>\n\n\n\n<h2 class=\"wp-block-heading\">Aspectos exclusivos do jogo Aviatrix<\/h2>\n\n\n\n<p>Embora o Aviatrix seja definitivamente divertido de jogar e incorpore tecnologias modernas que tornam seu jogo justo e claro, h\u00e1 alguns recursos distintos. Para come\u00e7ar, o jogo oferece uma op\u00e7\u00e3o de personaliza\u00e7\u00e3o. O jogador pode mudar a cor e o nome de sua aeronave. H\u00e1 tamb\u00e9m pontos XP (1 ponto para cada 1 euro que o usu\u00e1rio apostar) que podem ser usados para abrir novos modelos de aeronaves.<\/p>\n\n\n\n<p>Embora a personaliza\u00e7\u00e3o n\u00e3o afete o processo de jogo (mec\u00e2nica, algoritmo de colis\u00e3o, suas chances de ganhar), \u00e9 algo incomum e divertido de se fazer: voc\u00ea pode criar uma combina\u00e7\u00e3o realmente exclusiva e se tornar uma estrela entre seus colegas de jogo.<\/p>\n\n\n\n<p>Al\u00e9m disso, o Aviatrix tem uma integra\u00e7\u00e3o NFT. Os especialistas em blockchain podem criar uma aeronave NFT e oper\u00e1-la como fariam com um token. Essa parte n\u00e3o afeta os usu\u00e1rios que n\u00e3o t\u00eam muita experi\u00eancia com tecnologias de blockchain e n\u00e3o desejam mudar isso, o que a torna um recurso interessante, mas absolutamente n\u00e3o intrusivo.<\/p>\n\n\n\n<h2 class=\"wp-block-heading\">Demonstra\u00e7\u00e3o do Aviatrix<\/h2>\n\n\n\n<p>Para os iniciantes em jogos de azar que querem experimentar algo novo, a demonstra\u00e7\u00e3o do jogo Aviatrix est\u00e1 dispon\u00edvel. Os princ\u00edpios do modo de demonstra\u00e7\u00e3o s\u00e3o os mesmos de outros t\u00edtulos: jogar sem riscos e sem apostar dinheiro real. Sem risco \u00e9 sem pr\u00eamio, consequentemente, mas permite que os jogadores determinem se gostam do g\u00eanero, se est\u00e3o confiantes com a jogabilidade ou at\u00e9 mesmo testem as estrat\u00e9gias vencedoras.<\/p>\n\n\n\n<h2 class=\"wp-block-heading\">B\u00f4nus do jogo Aviatrix<\/h2>\n\n\n\n<p>O Aviatrix est\u00e1 dispon\u00edvel em muitos portais de cassino on-line que conceder\u00e3o v\u00e1rios b\u00f4nus aos seus jogadores. O tipo e o tamanho do b\u00f4nus dependem do cassino. Pode ser dinheiro extra, rodadas gr\u00e1tis para jogos de ca\u00e7a-n\u00edqueis, entradas em torneios, etc. Al\u00e9m disso, o Aviatrix tem seu pr\u00f3prio programa de fidelidade com mec\u00e2nica de pool e recompensas di\u00e1rias de cashback.<\/p>\n\n\n\n<h2 class=\"wp-block-heading\">Estrat\u00e9gia de vit\u00f3ria do Aviatrix<\/h2>\n\n\n\n<p>N\u00e3o h\u00e1 nenhum hack tecnol\u00f3gico legal para o jogo Aviatrix. Mexer em um algoritmo de jogo de colis\u00e3o seria trapa\u00e7a. No entanto, o jogador pode se beneficiar usando a teoria da probabilidade e o fato de o jogo se basear em tecnologia comprovadamente justa e ser completamente aleat\u00f3rio. Em primeiro lugar, o jogador deve se acostumar com a realidade da perda e definir a quantia de dinheiro que pode se dar ao luxo de perder. Em 1% das rodadas, o crash ocorrer\u00e1 em segundos, portanto, a perda \u00e9 iminente.<\/p>\n\n\n\n<p>Sabe-se que os jogos de cassino t\u00eam um RTP m\u00e9dio de 97%. Ao usar determinadas estrat\u00e9gias de jogo, o apostador pode equilibrar seus ganhos e perdas.<\/p>\n\n\n\n<ul class=\"space-mark wp-block-list\">\n<li>O plano de aposta fixa significa que voc\u00ea n\u00e3o altera o tamanho da aposta. \u00c9 simples e se adapta bem a bankrolls limitados.<\/li>\n\n\n\n<li>Sequ\u00eancia de Fibonacci: depois de perder, o jogador avan\u00e7a dois passos na sequ\u00eancia, aumentando sua aposta. Quando ganha, d\u00e1 um passo para tr\u00e1s.<\/li>\n\n\n\n<li>Martingale \u00e9 uma vers\u00e3o mais agressiva de Fibonacci: o apostador come\u00e7a com uma pequena aposta e a dobra a cada vez que perde. Requer um saldo flex\u00edvel, pois pode esgotar sua conta rapidamente.<\/li>\n\n\n\n<li>Na Martingale Reversa, o jogador dobra a aposta cada vez que ganha, obtendo o m\u00e1ximo da sequ\u00eancia de vit\u00f3rias. A estrat\u00e9gia funciona bem se a sequ\u00eancia de derrotas n\u00e3o for muito longa e a de vit\u00f3rias n\u00e3o for muito curta.<\/li>\n\n\n\n<li>A estrat\u00e9gia D'Alembert \u00e9 adequada para jogos de longo prazo. A aposta aumenta um pouco depois de perder e diminui um pouco depois de ganhar.<\/li>\n<\/ul>\n\n\n\n<h2 class=\"wp-block-heading\">Aplicativos m\u00f3veis do Aviatrix Game<\/h2>\n\n\n\n<p>O jogo \u00e9 compat\u00edvel com os sistemas operacionais iOS, Android e Windows Phone. Para fazer o download do Aviatrix Game e jog\u00e1-lo em um dispositivo m\u00f3vel, basta colocar o t\u00edtulo na barra de pesquisa da loja de aplicativos oficial e voc\u00ea poder\u00e1 jogar com dinheiro real em qualquer lugar do mundo.<\/p>\n\n\n\n<h2 class=\"wp-block-heading\">Sum\u00e1rio<\/h2>\n\n\n\n<p>O Aviatrix \u00e9 um jogo de cassino que combina um tema e uma mec\u00e2nica cl\u00e1ssicos (hist\u00f3ria da aeronave, multiplicador, retirada de dinheiro) com alguns recursos interessantes (personaliza\u00e7\u00e3o, integra\u00e7\u00e3o com NFT, programa de fidelidade). Ele est\u00e1 dispon\u00edvel em muitos cassinos on-line e tamb\u00e9m para dispositivos m\u00f3veis.<\/p>\n\n\n\n<h2 class=\"wp-block-heading\">Perguntas mais frequentes<\/h2>\n\n\n\n<div class=\"schema-faq wp-block-yoast-faq-block\"><div class=\"schema-faq-section\" id=\"faq-question-1706046279969\"><strong class=\"schema-faq-question\">Posso jogar Aviatrix no meu smartphone?<\/strong> <p class=\"schema-faq-answer\">Sim, basta fazer o download do aplicativo em sua loja<\/p> <\/div> <div class=\"schema-faq-section\" id=\"faq-question-1706046290264\"><strong class=\"schema-faq-question\">O Aviatrix \u00e9 comprovadamente justo?<\/strong> <p class=\"schema-faq-answer\">Sim, o jogo \u00e9 baseado em tecnologias comprovadamente justas e usa algoritmos test\u00e1veis.<\/p> <\/div> <div class=\"schema-faq-section\" id=\"faq-question-1706046303190\"><strong class=\"schema-faq-question\">Como ganhar o Aviatrix?<\/strong> <p class=\"schema-faq-answer\">O Aviatrix \u00e9 aleat\u00f3rio, portanto n\u00e3o h\u00e1 como garantir a vit\u00f3ria, mas as estrat\u00e9gias de jogo podem ajudar a equilibrar suas perdas e ganhos.<\/p> <\/div> <\/div>","protected":false},"excerpt":{"rendered":"<p>Crash games are the latest buzz among bettors because of their unique combination of randomness, dynamic and exciting gameplay, and decent RTP. Today, we are reviewing one of them\u2014the Aviatrix game. What is Aviatrix Game Aviatrix is one of those online casino crash games where the player watches an aircraft that takes off, flies a [&hellip;]<\/p>\n","protected":false},"author":2,"featured_media":0,"parent":0,"menu_order":0,"comment_status":"closed","ping_status":"closed","template":"","meta":{"footnotes":""},"class_list":["post-72","page","type-page","status-publish","hentry"],"yoast_head":"<!-- This site is optimized with the Yoast SEO plugin v27.4 - https:\/\/yoast.com\/product\/yoast-seo-wordpress\/ -->\n<title>Aviatrix game: a comprehensive review for betting gamers<\/title>\n<meta name=\"description\" content=\"Aviatrix game is a choice for those who like to combine gambling and gaming. We will explain every detail of this NFT-based crash casino game with a classic aircraft theme.\" \/>\n<meta name=\"robots\" content=\"index, follow, max-snippet:-1, max-image-preview:large, max-video-preview:-1\" \/>\n<link rel=\"canonical\" href=\"https:\/\/superjetx.com\/pt\/aviatrix-game-online-review\/\" \/>\n<meta property=\"og:locale\" content=\"pt_BR\" \/>\n<meta property=\"og:type\" content=\"article\" \/>\n<meta property=\"og:title\" content=\"Aviatrix game: a comprehensive review for betting gamers\" \/>\n<meta property=\"og:description\" content=\"Aviatrix game is a choice for those who like to combine gambling and gaming. We will explain every detail of this NFT-based crash casino game with a classic aircraft theme.\" \/>\n<meta property=\"og:url\" content=\"https:\/\/superjetx.com\/pt\/aviatrix-game-online-review\/\" \/>\n<meta property=\"og:site_name\" content=\"JetX Game\" \/>\n<meta property=\"article:modified_time\" content=\"2024-01-24T16:04:53+00:00\" \/>\n<meta name=\"twitter:card\" content=\"summary_large_image\" \/>\n<meta name=\"twitter:label1\" content=\"Est. tempo de leitura\" \/>\n\t<meta name=\"twitter:data1\" content=\"5 minutos\" \/>\n<script type=\"application\/ld+json\" class=\"yoast-schema-graph\">{\"@context\":\"https:\\\/\\\/schema.org\",\"@graph\":[{\"@type\":[\"WebPage\",\"FAQPage\"],\"@id\":\"https:\\\/\\\/superjetx.com\\\/aviatrix-game-online-review\\\/\",\"url\":\"https:\\\/\\\/superjetx.com\\\/aviatrix-game-online-review\\\/\",\"name\":\"Aviatrix game: a comprehensive review for betting gamers\",\"isPartOf\":{\"@id\":\"https:\\\/\\\/superjetx.com\\\/#website\"},\"datePublished\":\"2024-01-05T09:46:00+00:00\",\"dateModified\":\"2024-01-24T16:04:53+00:00\",\"description\":\"Aviatrix game is a choice for those who like to combine gambling and gaming. We will explain every detail of this NFT-based crash casino game with a classic aircraft theme.\",\"breadcrumb\":{\"@id\":\"https:\\\/\\\/superjetx.com\\\/aviatrix-game-online-review\\\/#breadcrumb\"},\"mainEntity\":[{\"@id\":\"https:\\\/\\\/superjetx.com\\\/aviatrix-game-online-review\\\/#faq-question-1706046279969\"},{\"@id\":\"https:\\\/\\\/superjetx.com\\\/aviatrix-game-online-review\\\/#faq-question-1706046290264\"},{\"@id\":\"https:\\\/\\\/superjetx.com\\\/aviatrix-game-online-review\\\/#faq-question-1706046303190\"}],\"inLanguage\":\"pt-BR\",\"potentialAction\":[{\"@type\":\"ReadAction\",\"target\":[\"https:\\\/\\\/superjetx.com\\\/aviatrix-game-online-review\\\/\"]}]},{\"@type\":\"BreadcrumbList\",\"@id\":\"https:\\\/\\\/superjetx.com\\\/aviatrix-game-online-review\\\/#breadcrumb\",\"itemListElement\":[{\"@type\":\"ListItem\",\"position\":1,\"name\":\"Home\",\"item\":\"https:\\\/\\\/superjetx.com\\\/\"},{\"@type\":\"ListItem\",\"position\":2,\"name\":\"Aviatrix Game Online Review\"}]},{\"@type\":\"WebSite\",\"@id\":\"https:\\\/\\\/superjetx.com\\\/#website\",\"url\":\"https:\\\/\\\/superjetx.com\\\/\",\"name\":\"JetX Game\",\"description\":\"Super JetX Club\",\"potentialAction\":[{\"@type\":\"SearchAction\",\"target\":{\"@type\":\"EntryPoint\",\"urlTemplate\":\"https:\\\/\\\/superjetx.com\\\/?s={search_term_string}\"},\"query-input\":{\"@type\":\"PropertyValueSpecification\",\"valueRequired\":true,\"valueName\":\"search_term_string\"}}],\"inLanguage\":\"pt-BR\"},{\"@type\":\"Question\",\"@id\":\"https:\\\/\\\/superjetx.com\\\/aviatrix-game-online-review\\\/#faq-question-1706046279969\",\"position\":1,\"url\":\"https:\\\/\\\/superjetx.com\\\/aviatrix-game-online-review\\\/#faq-question-1706046279969\",\"name\":\"Can I play Aviatrix on my smartphone?\",\"answerCount\":1,\"acceptedAnswer\":{\"@type\":\"Answer\",\"text\":\"Yes, simply download the application from your store\",\"inLanguage\":\"pt-BR\"},\"inLanguage\":\"pt-BR\"},{\"@type\":\"Question\",\"@id\":\"https:\\\/\\\/superjetx.com\\\/aviatrix-game-online-review\\\/#faq-question-1706046290264\",\"position\":2,\"url\":\"https:\\\/\\\/superjetx.com\\\/aviatrix-game-online-review\\\/#faq-question-1706046290264\",\"name\":\"Is Aviatrix Provably Fair?\",\"answerCount\":1,\"acceptedAnswer\":{\"@type\":\"Answer\",\"text\":\"Yes, the game is based on provable fair technologies and uses testable algorithms.\",\"inLanguage\":\"pt-BR\"},\"inLanguage\":\"pt-BR\"},{\"@type\":\"Question\",\"@id\":\"https:\\\/\\\/superjetx.com\\\/aviatrix-game-online-review\\\/#faq-question-1706046303190\",\"position\":3,\"url\":\"https:\\\/\\\/superjetx.com\\\/aviatrix-game-online-review\\\/#faq-question-1706046303190\",\"name\":\"How to win Aviatrix?\",\"answerCount\":1,\"acceptedAnswer\":{\"@type\":\"Answer\",\"text\":\"Aviatrix is random so there is no way to guarantee winning but playing strategies can help balance your losses and winnings.\",\"inLanguage\":\"pt-BR\"},\"inLanguage\":\"pt-BR\"}]}<\/script>\n<!-- \/ Yoast SEO plugin. -->","yoast_head_json":{"title":"Jogo Aviatrix: uma an\u00e1lise abrangente para jogadores de apostas","description":"O jogo Aviatrix \u00e9 uma op\u00e7\u00e3o para aqueles que gostam de combinar jogos de azar e jogos de azar. Explicaremos todos os detalhes desse jogo de cassino de colis\u00e3o baseado em NFT com um tema cl\u00e1ssico de aeronaves.","robots":{"index":"index","follow":"follow","max-snippet":"max-snippet:-1","max-image-preview":"max-image-preview:large","max-video-preview":"max-video-preview:-1"},"canonical":"https:\/\/superjetx.com\/pt\/aviatrix-game-online-review\/","og_locale":"pt_BR","og_type":"article","og_title":"Aviatrix game: a comprehensive review for betting gamers","og_description":"Aviatrix game is a choice for those who like to combine gambling and gaming. We will explain every detail of this NFT-based crash casino game with a classic aircraft theme.","og_url":"https:\/\/superjetx.com\/pt\/aviatrix-game-online-review\/","og_site_name":"JetX Game","article_modified_time":"2024-01-24T16:04:53+00:00","twitter_card":"summary_large_image","twitter_misc":{"Est. tempo de leitura":"5 minutos"},"schema":{"@context":"https:\/\/schema.org","@graph":[{"@type":["WebPage","FAQPage"],"@id":"https:\/\/superjetx.com\/aviatrix-game-online-review\/","url":"https:\/\/superjetx.com\/aviatrix-game-online-review\/","name":"Jogo Aviatrix: uma an\u00e1lise abrangente para jogadores de apostas","isPartOf":{"@id":"https:\/\/superjetx.com\/#website"},"datePublished":"2024-01-05T09:46:00+00:00","dateModified":"2024-01-24T16:04:53+00:00","description":"O jogo Aviatrix \u00e9 uma op\u00e7\u00e3o para aqueles que gostam de combinar jogos de azar e jogos de azar. Explicaremos todos os detalhes desse jogo de cassino de colis\u00e3o baseado em NFT com um tema cl\u00e1ssico de aeronaves.","breadcrumb":{"@id":"https:\/\/superjetx.com\/aviatrix-game-online-review\/#breadcrumb"},"mainEntity":[{"@id":"https:\/\/superjetx.com\/aviatrix-game-online-review\/#faq-question-1706046279969"},{"@id":"https:\/\/superjetx.com\/aviatrix-game-online-review\/#faq-question-1706046290264"},{"@id":"https:\/\/superjetx.com\/aviatrix-game-online-review\/#faq-question-1706046303190"}],"inLanguage":"pt-BR","potentialAction":[{"@type":"ReadAction","target":["https:\/\/superjetx.com\/aviatrix-game-online-review\/"]}]},{"@type":"BreadcrumbList","@id":"https:\/\/superjetx.com\/aviatrix-game-online-review\/#breadcrumb","itemListElement":[{"@type":"ListItem","position":1,"name":"Home","item":"https:\/\/superjetx.com\/"},{"@type":"ListItem","position":2,"name":"Aviatrix Game Online Review"}]},{"@type":"WebSite","@id":"https:\/\/superjetx.com\/#website","url":"https:\/\/superjetx.com\/","name":"O jogo JetX","description":"Clube Super JetX","potentialAction":[{"@type":"SearchAction","target":{"@type":"EntryPoint","urlTemplate":"https:\/\/superjetx.com\/?s={search_term_string}"},"query-input":{"@type":"PropertyValueSpecification","valueRequired":true,"valueName":"search_term_string"}}],"inLanguage":"pt-BR"},{"@type":"Question","@id":"https:\/\/superjetx.com\/aviatrix-game-online-review\/#faq-question-1706046279969","position":1,"url":"https:\/\/superjetx.com\/aviatrix-game-online-review\/#faq-question-1706046279969","name":"Posso jogar Aviatrix no meu smartphone?","answerCount":1,"acceptedAnswer":{"@type":"Answer","text":"Yes, simply download the application from your store","inLanguage":"pt-BR"},"inLanguage":"pt-BR"},{"@type":"Question","@id":"https:\/\/superjetx.com\/aviatrix-game-online-review\/#faq-question-1706046290264","position":2,"url":"https:\/\/superjetx.com\/aviatrix-game-online-review\/#faq-question-1706046290264","name":"O Aviatrix \u00e9 comprovadamente justo?","answerCount":1,"acceptedAnswer":{"@type":"Answer","text":"Yes, the game is based on provable fair technologies and uses testable algorithms.","inLanguage":"pt-BR"},"inLanguage":"pt-BR"},{"@type":"Question","@id":"https:\/\/superjetx.com\/aviatrix-game-online-review\/#faq-question-1706046303190","position":3,"url":"https:\/\/superjetx.com\/aviatrix-game-online-review\/#faq-question-1706046303190","name":"Como ganhar o Aviatrix?","answerCount":1,"acceptedAnswer":{"@type":"Answer","text":"Aviatrix is random so there is no way to guarantee winning but playing strategies can help balance your losses and winnings.","inLanguage":"pt-BR"},"inLanguage":"pt-BR"}]}},"_links":{"self":[{"href":"https:\/\/superjetx.com\/pt\/wp-json\/wp\/v2\/pages\/72","targetHints":{"allow":["GET"]}}],"collection":[{"href":"https:\/\/superjetx.com\/pt\/wp-json\/wp\/v2\/pages"}],"about":[{"href":"https:\/\/superjetx.com\/pt\/wp-json\/wp\/v2\/types\/page"}],"author":[{"embeddable":true,"href":"https:\/\/superjetx.com\/pt\/wp-json\/wp\/v2\/users\/2"}],"replies":[{"embeddable":true,"href":"https:\/\/superjetx.com\/pt\/wp-json\/wp\/v2\/comments?post=72"}],"version-history":[{"count":3,"href":"https:\/\/superjetx.com\/pt\/wp-json\/wp\/v2\/pages\/72\/revisions"}],"predecessor-version":[{"id":94,"href":"https:\/\/superjetx.com\/pt\/wp-json\/wp\/v2\/pages\/72\/revisions\/94"}],"wp:attachment":[{"href":"https:\/\/superjetx.com\/pt\/wp-json\/wp\/v2\/media?parent=72"}],"curies":[{"name":"wp","href":"https:\/\/api.w.org\/{rel}","templated":true}]}}