{"id":84,"date":"2024-01-18T15:24:33","date_gmt":"2024-01-18T15:24:33","guid":{"rendered":"https:\/\/superjetx.com\/?page_id=84"},"modified":"2024-04-10T10:27:34","modified_gmt":"2024-04-10T10:27:34","slug":"blaze-crash-game-review-2024","status":"publish","type":"page","link":"https:\/\/superjetx.com\/pt\/blaze-crash-game-review-2024\/","title":{"rendered":"An\u00e1lise do jogo Blaze Crash"},"content":{"rendered":"<p>O g\u00eanero de jogos de colis\u00e3o tomou de assalto os cassinos on-line e n\u00e3o vai parar por a\u00ed. O motivo \u00e9 simples: os apostadores adoram a combina\u00e7\u00e3o emocionante de apostar e jogar.<\/p>\n\n\n\n<p>Na base dos jogos de colis\u00e3o est\u00e1 a tecnologia de justi\u00e7a comprovada - como o processo de jogo termina abruptamente, o momento final da rodada deve ser imprevis\u00edvel. As tecnologias de justi\u00e7a comprov\u00e1vel e os geradores de n\u00fameros aleat\u00f3rios criam um algoritmo que \u00e9 imposs\u00edvel de trapacear ou prever. Isso garante que, nos jogos de colis\u00e3o, o resultado do jogo depender\u00e1 apenas de sua sorte (se um pouco de sua habilidade).<\/p>\n\n\n\n<p>Os t\u00edtulos de jogos Crash s\u00e3o contados \u00e0s d\u00fazias e cada vez mais est\u00e3o surgindo. Devido \u00e0 popularidade do g\u00eanero, os cassinos on-line raramente t\u00eam um. N\u00f3s o ajudaremos a n\u00e3o se perder em meio a essa diversidade e lhe falaremos sobre os t\u00edtulos mais interessantes. O jogo Blaze Crash \u00e9 um deles.<\/p>\n\n\n\n<div class=\"btn\" style=\"display: flex; justify-content: center;\"><a href=\"\/play\/1win\/\" target=\"_blank\" rel=\"noreferrer noopener nofollow\">Ganhe b\u00f4nus e jogue<\/a><\/div>\n\n\n\n<div style=\"height:50px\" aria-hidden=\"true\" class=\"wp-block-spacer\"><\/div>\n\n\n\n<h2 class=\"wp-block-heading\">O que \u00e9 o Blaze Crash Game?<\/h2>\n\n\n\n<p>O jogo \u00e9 anunciado como um original do cassino on-line Blaze. A plataforma da Web \u00e9 operada pela Prolific Trade N.V. A empresa tem uma licen\u00e7a de Cura\u00e7ao, portanto, os clientes n\u00e3o precisam se preocupar com a legalidade do cassino.<\/p>\n\n\n\n<p>Da mesma forma que os ca\u00e7a-n\u00edqueis, o Blaze Crash \u00e9 instant\u00e2neo, mas a semelhan\u00e7a termina a\u00ed. Em outros aspectos, o jogo se assemelha a outros t\u00edtulos do tipo crash, como Aviator, Rocketon ou Lucky Jet.<\/p>\n\n\n\n<h2 class=\"wp-block-heading\">Jogabilidade<\/h2>\n\n\n\n<p>O jogador entra na rodada fazendo uma aposta e acompanha o voo da ficha gr\u00e1fica que se parece com um dado. Enquanto voa, a ficha sobe no gr\u00e1fico do multiplicador. Sempre que o jogador pressiona o bot\u00e3o de saque, a aposta \u00e9 multiplicada pelo valor atual do multiplicador, que determina a quantia de dinheiro que o jogador ganha. No momento escolhido aleatoriamente, a rodada \"cai\". Se o saque n\u00e3o tiver ocorrido antes disso, a aposta ser\u00e1 perdida. H\u00e1 tamb\u00e9m uma op\u00e7\u00e3o de saque autom\u00e1tico: o jogo retira seus ganhos para voc\u00ea quando o multiplicador atinge o valor que voc\u00ea definiu.<\/p>\n\n\n\n<p>O jogo de cassino Blaze Crash tem, no entanto, alguns recursos interessantes. \u00c9 poss\u00edvel ver o registro de crashes anteriores e como os outros jogadores est\u00e3o se saindo em cada rodada registrada. Uma tabela dedicada mostra suas apostas e ganhos, caso tenham conseguido sacar antes do crash.<\/p>\n\n\n\n<h2 class=\"wp-block-heading\">Gr\u00e1ficos e estilo de arte<\/h2>\n\n\n\n<p>Ao contr\u00e1rio de outros t\u00edtulos que procuram impressionar o jogador com seus gr\u00e1ficos e enredo, o jogo de apostas Blaze Crash lembra o que \u00e9. Em vez de um avi\u00e3o, um foguete espacial em 3D, um jato ou qualquer outra coisa, h\u00e1 apenas um pequeno \u00edcone em 2D. Em vez de um avi\u00e3o, foguete espacial 3D, jato ou qualquer outra coisa, h\u00e1 apenas um pequeno \u00edcone 2D. O design visual permite que voc\u00ea se concentre no multiplicador. Sua linha lembra um pouco um gr\u00e1fico do mercado de a\u00e7\u00f5es, e observar como ele cresce (e tamb\u00e9m seus ganhos) \u00e9 um pouco divertido.<\/p>\n\n\n\n<p>O jogo tamb\u00e9m tem efeitos sonoros, mas eles podem ser silenciados se voc\u00ea gostar de sil\u00eancio, preferir sua pr\u00f3pria m\u00fasica ambiente ou jogar no modo autom\u00e1tico.<\/p>\n\n\n\n<h2 class=\"wp-block-heading\">Como jogar o Crash Blaze<\/h2>\n\n\n\n<p>Se voc\u00ea nunca teve o prazer de jogar o jogo Blaze crash on-line, n\u00e3o se preocupe - n\u00f3s o orientaremos durante o processo! A interface \u00e9 realmente intuitiva e as regras s\u00e3o simples, portanto, voc\u00ea n\u00e3o dever\u00e1 encontrar nenhum problema ao jogar o jogo.<\/p>\n\n\n\n<h3 class=\"wp-block-heading\">Dep\u00f3sito<\/h3>\n\n\n\n<p>Para apostar, o cliente precisa fazer um dep\u00f3sito. O dinheiro da aposta \u00e9 descontado da conta do jogador, portanto, se a aposta exceder seu saldo, voc\u00ea n\u00e3o poder\u00e1 faz\u00ea-la.<\/p>\n\n\n\n<h3 class=\"wp-block-heading\">Apostas<\/h3>\n\n\n\n<p>O tamanho da aposta \u00e9 o que voc\u00ea seleciona no campo \"Amount\" (Valor). Para acelerar o processo, h\u00e1 bot\u00f5es que dividem e multiplicam a soma por dois. Voc\u00ea pode optar pela aposta autom\u00e1tica, definindo uma aposta fixa e o n\u00famero de apostas que deseja fazer. Isso funciona bem com a op\u00e7\u00e3o de saque autom\u00e1tico e permite que voc\u00ea participe de outros neg\u00f3cios enquanto joga.<\/p>\n\n\n\n<h2 class=\"wp-block-heading\">Demonstra\u00e7\u00e3o do jogo Blaze Crash<\/h2>\n\n\n\n<p>Se voc\u00ea quiser experimentar o jogo, se familiarizar com a jogabilidade ou ganhar alguma experi\u00eancia com uma estrat\u00e9gia de jogo, o Blaze Crash tem um modo de demonstra\u00e7\u00e3o. Basta escolher \"jogar por divers\u00e3o\" no menu de jogos do cassino.<\/p>\n\n\n\n<p>O modo de demonstra\u00e7\u00e3o \u00e9 gratuito: voc\u00ea n\u00e3o aposta dinheiro de verdade. Portanto, voc\u00ea tamb\u00e9m n\u00e3o pode ter um ganho real. A mudan\u00e7a de volta para o modo real pode ser feita a qualquer momento, mas tenha cuidado e n\u00e3o seja descuidado com sua conta banc\u00e1ria ap\u00f3s a permissividade da demonstra\u00e7\u00e3o.<\/p>\n\n\n\n<h2 class=\"wp-block-heading\">Aplicativos m\u00f3veis do Blaze Crash<\/h2>\n\n\n\n<p>Se voc\u00ea tem mobilidade e seu jogo tamb\u00e9m, o Blaze Crash \u00e9 perfeitamente compat\u00edvel com seu estilo de vida. Tudo o que voc\u00ea precisa fazer \u00e9 baixar o arquivo .apk do jogo Blaze Crash na loja de aplicativos para Android ou o aplicativo correspondente na App Store para dispositivos iOS. Se tiver algum problema t\u00e9cnico com o jogo, um bate-papo com a equipe de suporte est\u00e1 sempre dispon\u00edvel no site.<\/p>\n\n\n\n<h2 class=\"wp-block-heading\">B\u00f4nus do jogo Blaze Crash<\/h2>\n\n\n\n<p>O Blaze Casino oferece b\u00f4nus e c\u00f3digos promocionais aos seus clientes - por exemplo, h\u00e1 um b\u00f4nus de boas-vindas de at\u00e9 200 euros. Acompanhe as not\u00edcias para n\u00e3o perder nada: os programas de fidelidade geralmente oferecem oportunidades adicionais para voc\u00ea aproveitar seu jogo favorito sem maiores despesas.<\/p>\n\n\n\n<h2 class=\"wp-block-heading\">Sum\u00e1rio<\/h2>\n\n\n\n<p>O jogo Blaze Crush segue as regras cl\u00e1ssicas dos jogos de cassino. A implementa\u00e7\u00e3o de apostas e saques autom\u00e1ticos, o design minimalista e simples e a interface intuitiva tornam o jogo atraente para os apostadores que adoram jogos de queda instant\u00e2nea. O recurso de registro que mostra os resultados das rodadas anteriores \u00e9 importante para aqueles que ficam de olho na sequ\u00eancia de vit\u00f3rias\/derrotas ou precisam de informa\u00e7\u00f5es adicionais para executar uma determinada estrat\u00e9gia.<\/p>\n\n\n\n<h2 class=\"wp-block-heading\">Perguntas mais frequentes<\/h2>\n\n\n\n<div class=\"schema-faq wp-block-yoast-faq-block\"><div class=\"schema-faq-section\" id=\"faq-question-1706109803344\"><strong class=\"schema-faq-question\">Como ganhar no Blaze Crash?<\/strong> <p class=\"schema-faq-answer\">Os jogos Crash s\u00e3o completamente aleat\u00f3rios, portanto, n\u00e3o \u00e9 poss\u00edvel ganhar o tempo todo. Um jogador respons\u00e1vel deve gerenciar sua banca com sabedoria e estabelecer um limite para a quantia de dinheiro que pode perder. Certas estrat\u00e9gias s\u00e3o projetadas para equilibrar ganhos e perdas se usadas corretamente.<\/p> <\/div> <div class=\"schema-faq-section\" id=\"faq-question-1706109827215\"><strong class=\"schema-faq-question\">O Blaze Crash \u00e9 legal?<\/strong> <p class=\"schema-faq-answer\">O cassino on-line Blaze tem uma licen\u00e7a de Cura\u00e7ao, o que reduz a quest\u00e3o para saber se o jogo \u00e9 legal em seu pa\u00eds. Verifique as op\u00e7\u00f5es de pagamento e retirada de dinheiro para garantir que voc\u00ea possa jogar de forma segura e legal.<\/p> <\/div> <div class=\"schema-faq-section\" id=\"faq-question-1706109843110\"><strong class=\"schema-faq-question\">Como voc\u00ea joga o jogo Crash?<\/strong> <p class=\"schema-faq-answer\">O usu\u00e1rio precisa se registrar no cassino, escolher o jogo, fazer uma aposta e entrar na rodada. A rodada dura at\u00e9 que o objeto do jogo voe e o multiplicador aumente. Se o jogador n\u00e3o fizer o saque antes do fim da rodada, ele perder\u00e1 a aposta.<\/p> <\/div> <\/div>","protected":false},"excerpt":{"rendered":"<p>The genre of crash games took online casinos by storm and it is not going anywhere. The reason is simple\u2014bettors love the thrilling combination of gambling and playing the game. In the foundation of crash games lies the technology of provable fairness\u2014because the gaming process ends abruptly, the final moment of the round should be [&hellip;]<\/p>\n","protected":false},"author":2,"featured_media":0,"parent":0,"menu_order":0,"comment_status":"closed","ping_status":"closed","template":"","meta":{"footnotes":""},"class_list":["post-84","page","type-page","status-publish","hentry"],"yoast_head":"<!-- This site is optimized with the Yoast SEO plugin v27.4 - https:\/\/yoast.com\/product\/yoast-seo-wordpress\/ -->\n<title>Blaze Crash Game: a Comprehensive Player\u2019s Guide<\/title>\n<meta name=\"description\" content=\"Blaze crash game is an original from a web casino Blaze. It is a classic crash game you can play online or in the mobile app. Our review will tell you everything about it.\" \/>\n<meta name=\"robots\" content=\"index, follow, max-snippet:-1, max-image-preview:large, max-video-preview:-1\" \/>\n<link rel=\"canonical\" href=\"https:\/\/superjetx.com\/pt\/blaze-crash-game-review-2024\/\" \/>\n<meta property=\"og:locale\" content=\"pt_BR\" \/>\n<meta property=\"og:type\" content=\"article\" \/>\n<meta property=\"og:title\" content=\"Blaze Crash Game: a Comprehensive Player\u2019s Guide\" \/>\n<meta property=\"og:description\" content=\"Blaze crash game is an original from a web casino Blaze. It is a classic crash game you can play online or in the mobile app. Our review will tell you everything about it.\" \/>\n<meta property=\"og:url\" content=\"https:\/\/superjetx.com\/pt\/blaze-crash-game-review-2024\/\" \/>\n<meta property=\"og:site_name\" content=\"JetX Game\" \/>\n<meta property=\"article:modified_time\" content=\"2024-04-10T10:27:34+00:00\" \/>\n<meta name=\"twitter:card\" content=\"summary_large_image\" \/>\n<meta name=\"twitter:label1\" content=\"Est. tempo de leitura\" \/>\n\t<meta name=\"twitter:data1\" content=\"5 minutos\" \/>\n<script type=\"application\/ld+json\" class=\"yoast-schema-graph\">{\"@context\":\"https:\\\/\\\/schema.org\",\"@graph\":[{\"@type\":[\"WebPage\",\"FAQPage\"],\"@id\":\"https:\\\/\\\/superjetx.com\\\/blaze-crash-game-review-2024\\\/\",\"url\":\"https:\\\/\\\/superjetx.com\\\/blaze-crash-game-review-2024\\\/\",\"name\":\"Blaze Crash Game: a Comprehensive Player\u2019s Guide\",\"isPartOf\":{\"@id\":\"https:\\\/\\\/superjetx.com\\\/#website\"},\"datePublished\":\"2024-01-18T15:24:33+00:00\",\"dateModified\":\"2024-04-10T10:27:34+00:00\",\"description\":\"Blaze crash game is an original from a web casino Blaze. It is a classic crash game you can play online or in the mobile app. Our review will tell you everything about it.\",\"breadcrumb\":{\"@id\":\"https:\\\/\\\/superjetx.com\\\/blaze-crash-game-review-2024\\\/#breadcrumb\"},\"mainEntity\":[{\"@id\":\"https:\\\/\\\/superjetx.com\\\/blaze-crash-game-review-2024\\\/#faq-question-1706109803344\"},{\"@id\":\"https:\\\/\\\/superjetx.com\\\/blaze-crash-game-review-2024\\\/#faq-question-1706109827215\"},{\"@id\":\"https:\\\/\\\/superjetx.com\\\/blaze-crash-game-review-2024\\\/#faq-question-1706109843110\"}],\"inLanguage\":\"pt-BR\",\"potentialAction\":[{\"@type\":\"ReadAction\",\"target\":[\"https:\\\/\\\/superjetx.com\\\/blaze-crash-game-review-2024\\\/\"]}]},{\"@type\":\"BreadcrumbList\",\"@id\":\"https:\\\/\\\/superjetx.com\\\/blaze-crash-game-review-2024\\\/#breadcrumb\",\"itemListElement\":[{\"@type\":\"ListItem\",\"position\":1,\"name\":\"Home\",\"item\":\"https:\\\/\\\/superjetx.com\\\/\"},{\"@type\":\"ListItem\",\"position\":2,\"name\":\"Blaze Crash Game Review\"}]},{\"@type\":\"WebSite\",\"@id\":\"https:\\\/\\\/superjetx.com\\\/#website\",\"url\":\"https:\\\/\\\/superjetx.com\\\/\",\"name\":\"JetX Game\",\"description\":\"Super JetX Club\",\"potentialAction\":[{\"@type\":\"SearchAction\",\"target\":{\"@type\":\"EntryPoint\",\"urlTemplate\":\"https:\\\/\\\/superjetx.com\\\/?s={search_term_string}\"},\"query-input\":{\"@type\":\"PropertyValueSpecification\",\"valueRequired\":true,\"valueName\":\"search_term_string\"}}],\"inLanguage\":\"pt-BR\"},{\"@type\":\"Question\",\"@id\":\"https:\\\/\\\/superjetx.com\\\/blaze-crash-game-review-2024\\\/#faq-question-1706109803344\",\"position\":1,\"url\":\"https:\\\/\\\/superjetx.com\\\/blaze-crash-game-review-2024\\\/#faq-question-1706109803344\",\"name\":\"How to win at Blaze Crash?\",\"answerCount\":1,\"acceptedAnswer\":{\"@type\":\"Answer\",\"text\":\"Crash games are completely random, so winning all the time is not possible. A responsible player should manage their bankroll wisely and set a limit on the amount of money they can afford to lose. Certain strategies are designed to balance winnings and losses if used correctly.\",\"inLanguage\":\"pt-BR\"},\"inLanguage\":\"pt-BR\"},{\"@type\":\"Question\",\"@id\":\"https:\\\/\\\/superjetx.com\\\/blaze-crash-game-review-2024\\\/#faq-question-1706109827215\",\"position\":2,\"url\":\"https:\\\/\\\/superjetx.com\\\/blaze-crash-game-review-2024\\\/#faq-question-1706109827215\",\"name\":\"Is Blaze Crash legal?\",\"answerCount\":1,\"acceptedAnswer\":{\"@type\":\"Answer\",\"text\":\"Blaze online casino has a Curacao license, so it narrows the question down to if gambling is legal in your country. Check the payment and money withdrawal options to ensure that you can play safely and legally.\",\"inLanguage\":\"pt-BR\"},\"inLanguage\":\"pt-BR\"},{\"@type\":\"Question\",\"@id\":\"https:\\\/\\\/superjetx.com\\\/blaze-crash-game-review-2024\\\/#faq-question-1706109843110\",\"position\":3,\"url\":\"https:\\\/\\\/superjetx.com\\\/blaze-crash-game-review-2024\\\/#faq-question-1706109843110\",\"name\":\"How do you play the game Crash?\",\"answerCount\":1,\"acceptedAnswer\":{\"@type\":\"Answer\",\"text\":\"The user needs to register in the casino, choose the game, place a bet, and enter the round. The round lasts until the in-game object flies and the multiplier rises. If the player does not cash out before the round crashes, they lose the bet.\",\"inLanguage\":\"pt-BR\"},\"inLanguage\":\"pt-BR\"}]}<\/script>\n<!-- \/ Yoast SEO plugin. -->","yoast_head_json":{"title":"Blaze Crash Game: um guia completo do jogador","description":"O Blaze crash game \u00e9 um original do cassino on-line Blaze. \u00c9 um jogo de colis\u00e3o cl\u00e1ssico que pode ser jogado on-line ou no aplicativo m\u00f3vel. Nossa an\u00e1lise lhe contar\u00e1 tudo sobre ele.","robots":{"index":"index","follow":"follow","max-snippet":"max-snippet:-1","max-image-preview":"max-image-preview:large","max-video-preview":"max-video-preview:-1"},"canonical":"https:\/\/superjetx.com\/pt\/blaze-crash-game-review-2024\/","og_locale":"pt_BR","og_type":"article","og_title":"Blaze Crash Game: a Comprehensive Player\u2019s Guide","og_description":"Blaze crash game is an original from a web casino Blaze. It is a classic crash game you can play online or in the mobile app. Our review will tell you everything about it.","og_url":"https:\/\/superjetx.com\/pt\/blaze-crash-game-review-2024\/","og_site_name":"JetX Game","article_modified_time":"2024-04-10T10:27:34+00:00","twitter_card":"summary_large_image","twitter_misc":{"Est. tempo de leitura":"5 minutos"},"schema":{"@context":"https:\/\/schema.org","@graph":[{"@type":["WebPage","FAQPage"],"@id":"https:\/\/superjetx.com\/blaze-crash-game-review-2024\/","url":"https:\/\/superjetx.com\/blaze-crash-game-review-2024\/","name":"Blaze Crash Game: um guia completo do jogador","isPartOf":{"@id":"https:\/\/superjetx.com\/#website"},"datePublished":"2024-01-18T15:24:33+00:00","dateModified":"2024-04-10T10:27:34+00:00","description":"O Blaze crash game \u00e9 um original do cassino on-line Blaze. \u00c9 um jogo de colis\u00e3o cl\u00e1ssico que pode ser jogado on-line ou no aplicativo m\u00f3vel. Nossa an\u00e1lise lhe contar\u00e1 tudo sobre ele.","breadcrumb":{"@id":"https:\/\/superjetx.com\/blaze-crash-game-review-2024\/#breadcrumb"},"mainEntity":[{"@id":"https:\/\/superjetx.com\/blaze-crash-game-review-2024\/#faq-question-1706109803344"},{"@id":"https:\/\/superjetx.com\/blaze-crash-game-review-2024\/#faq-question-1706109827215"},{"@id":"https:\/\/superjetx.com\/blaze-crash-game-review-2024\/#faq-question-1706109843110"}],"inLanguage":"pt-BR","potentialAction":[{"@type":"ReadAction","target":["https:\/\/superjetx.com\/blaze-crash-game-review-2024\/"]}]},{"@type":"BreadcrumbList","@id":"https:\/\/superjetx.com\/blaze-crash-game-review-2024\/#breadcrumb","itemListElement":[{"@type":"ListItem","position":1,"name":"Home","item":"https:\/\/superjetx.com\/"},{"@type":"ListItem","position":2,"name":"Blaze Crash Game Review"}]},{"@type":"WebSite","@id":"https:\/\/superjetx.com\/#website","url":"https:\/\/superjetx.com\/","name":"O jogo JetX","description":"Clube Super JetX","potentialAction":[{"@type":"SearchAction","target":{"@type":"EntryPoint","urlTemplate":"https:\/\/superjetx.com\/?s={search_term_string}"},"query-input":{"@type":"PropertyValueSpecification","valueRequired":true,"valueName":"search_term_string"}}],"inLanguage":"pt-BR"},{"@type":"Question","@id":"https:\/\/superjetx.com\/blaze-crash-game-review-2024\/#faq-question-1706109803344","position":1,"url":"https:\/\/superjetx.com\/blaze-crash-game-review-2024\/#faq-question-1706109803344","name":"Como ganhar no Blaze Crash?","answerCount":1,"acceptedAnswer":{"@type":"Answer","text":"Crash games are completely random, so winning all the time is not possible. A responsible player should manage their bankroll wisely and set a limit on the amount of money they can afford to lose. Certain strategies are designed to balance winnings and losses if used correctly.","inLanguage":"pt-BR"},"inLanguage":"pt-BR"},{"@type":"Question","@id":"https:\/\/superjetx.com\/blaze-crash-game-review-2024\/#faq-question-1706109827215","position":2,"url":"https:\/\/superjetx.com\/blaze-crash-game-review-2024\/#faq-question-1706109827215","name":"O Blaze Crash \u00e9 legal?","answerCount":1,"acceptedAnswer":{"@type":"Answer","text":"Blaze online casino has a Curacao license, so it narrows the question down to if gambling is legal in your country. Check the payment and money withdrawal options to ensure that you can play safely and legally.","inLanguage":"pt-BR"},"inLanguage":"pt-BR"},{"@type":"Question","@id":"https:\/\/superjetx.com\/blaze-crash-game-review-2024\/#faq-question-1706109843110","position":3,"url":"https:\/\/superjetx.com\/blaze-crash-game-review-2024\/#faq-question-1706109843110","name":"Como voc\u00ea joga o jogo Crash?","answerCount":1,"acceptedAnswer":{"@type":"Answer","text":"The user needs to register in the casino, choose the game, place a bet, and enter the round. The round lasts until the in-game object flies and the multiplier rises. If the player does not cash out before the round crashes, they lose the bet.","inLanguage":"pt-BR"},"inLanguage":"pt-BR"}]}},"_links":{"self":[{"href":"https:\/\/superjetx.com\/pt\/wp-json\/wp\/v2\/pages\/84","targetHints":{"allow":["GET"]}}],"collection":[{"href":"https:\/\/superjetx.com\/pt\/wp-json\/wp\/v2\/pages"}],"about":[{"href":"https:\/\/superjetx.com\/pt\/wp-json\/wp\/v2\/types\/page"}],"author":[{"embeddable":true,"href":"https:\/\/superjetx.com\/pt\/wp-json\/wp\/v2\/users\/2"}],"replies":[{"embeddable":true,"href":"https:\/\/superjetx.com\/pt\/wp-json\/wp\/v2\/comments?post=84"}],"version-history":[{"count":4,"href":"https:\/\/superjetx.com\/pt\/wp-json\/wp\/v2\/pages\/84\/revisions"}],"predecessor-version":[{"id":186,"href":"https:\/\/superjetx.com\/pt\/wp-json\/wp\/v2\/pages\/84\/revisions\/186"}],"wp:attachment":[{"href":"https:\/\/superjetx.com\/pt\/wp-json\/wp\/v2\/media?parent=84"}],"curies":[{"name":"wp","href":"https:\/\/api.w.org\/{rel}","templated":true}]}}