{"id":95,"date":"2024-01-21T16:57:21","date_gmt":"2024-01-21T16:57:21","guid":{"rendered":"https:\/\/superjetx.com\/?page_id=95"},"modified":"2024-01-25T20:52:38","modified_gmt":"2024-01-25T20:52:38","slug":"how-to-download-jetx-game","status":"publish","type":"page","link":"https:\/\/superjetx.com\/pt\/how-to-download-jetx-game\/","title":{"rendered":"Como fazer o download do JetX Game"},"content":{"rendered":"<p>Voc\u00ea gostaria de aproveitar a nova op\u00e7\u00e3o de jogo perfeita? Ent\u00e3o est\u00e1 na hora de experimentar algo diferente dos ca\u00e7a-n\u00edqueis comuns. Aqui, revelaremos os recursos e os detalhes \u00fateis do JetX Game. Esse jogo lhe proporcionar\u00e1 um surto de emo\u00e7\u00f5es positivas, al\u00e9m de ganhos f\u00e1ceis.<\/p>\n\n\n\n<h2 class=\"wp-block-heading\">O que \u00e9 o JetX Game<\/h2>\n\n\n\n<p>O design desse jogo \u00e9 simples, mas, ao mesmo tempo, atrai muitos jogadores \u00e1vidos. A jogabilidade \u00e9 constru\u00edda da seguinte forma:<\/p>\n\n\n\n<ul class=\"space-mark wp-block-list\">\n<li>Antes de iniciar o jogo, o usu\u00e1rio deve apostar, se estiver jogando em um modo real.<\/li>\n\n\n\n<li>Em seguida, a rodada come\u00e7a com a decolagem de um avi\u00e3o.<\/li>\n\n\n\n<li>Enquanto estiver em movimento, o multiplicador cresce, assim como os poss\u00edveis ganhos.<\/li>\n\n\n\n<li>Se o usu\u00e1rio fizer o saque antes da queda do avi\u00e3o, ele ganha.<\/li>\n\n\n\n<li>Se a situa\u00e7\u00e3o for contr\u00e1ria, a aposta \u00e9 perdida.<\/li>\n<\/ul>\n\n\n\n<p>Tudo aqui \u00e9 r\u00e1pido e din\u00e2mico. O jogo exige aten\u00e7\u00e3o e intui\u00e7\u00e3o. Ainda assim, o fato mais fascinante \u00e9 que o usu\u00e1rio influencia os resultados. Essa \u00e9 a principal diferen\u00e7a entre os ca\u00e7a-n\u00edqueis comuns, nos quais \u00e9 preciso apenas esperar pelo resultado.<\/p>\n\n\n\n<h3 class=\"wp-block-heading\">Como funciona o JetX<\/h3>\n\n\n\n<p>O jogo tem um algoritmo justo e r\u00e1pido que n\u00e3o pode ser previsto ou influenciado. Portanto, n\u00e3o h\u00e1 como saber com anteced\u00eancia qual ser\u00e1 o resultado da rodada atual. Ainda assim, o RTP chega a 97% e os ganhos aqui s\u00e3o regulares e s\u00f3lidos.<\/p>\n\n\n\n<p>N\u00e3o \u00e9 de se admirar que o jogo tenha ganhado tanta popularidade e atra\u00eddo um grande p\u00fablico. Ele \u00e9 f\u00e1cil e divertido de jogar, brilhante e f\u00e1cil de usar e est\u00e1 associado apenas a emo\u00e7\u00f5es positivas.<\/p>\n\n\n\n<h2 class=\"wp-block-heading\">Fazer o download do JetX Game<\/h2>\n\n\n\n<p>H\u00e1 duas op\u00e7\u00f5es principais para experimentar esse jogo. Primeiro, voc\u00ea pode fazer o download do aplicativo dedicado e jogar por meio dele em seu celular. Em segundo lugar, pode visitar um cassino confi\u00e1vel, registrar-se nele e jogar na vers\u00e3o para desktop ou depois de baixar o cliente para CP.<\/p>\n\n\n\n<h3 class=\"wp-block-heading\">Fazer o download do aplicativo JetX Mobile App<\/h3>\n\n\n\n<p>Os desenvolvedores fizeram o poss\u00edvel para proporcionar aos clientes uma experi\u00eancia de jogo perfeita. Portanto, eles criaram aplicativos para iOS e Android. Para descobrir suas prefer\u00eancias, \u00e9 preciso fazer o seguinte:<\/p>\n\n\n\n<ol class=\"wp-block-list\">\n<li>Abra a Apple Store ou a Google Play Store no dispositivo m\u00f3vel<\/li>\n\n\n\n<li>Digite o nome do jogo na barra de pesquisa.<\/li>\n\n\n\n<li>Selecione a op\u00e7\u00e3o necess\u00e1ria para fazer o download e aguarde um per\u00edodo curto.<\/li>\n\n\n\n<li>Inicie o aplicativo e instale-o.<\/li>\n<\/ol>\n\n\n\n<p>Todas essas etapas levam menos de minutos e, em seguida, o jogo fica dispon\u00edvel diretamente no telefone, com acesso instant\u00e2neo a qualquer hora e em qualquer lugar. No aplicativo, ele tem a mesma interface e as mesmas regras da vers\u00e3o para desktop. Portanto, n\u00e3o h\u00e1 necessidade de se preocupar com mudan\u00e7as ou diferen\u00e7as inc\u00f4modas.<\/p>\n\n\n\n<h3 class=\"wp-block-heading\">Fazer o download do JetX para o CP<\/h3>\n\n\n\n<p>Aqueles que quiserem jogar em tela inteira devem encontrar um cassino on-line confi\u00e1vel que ofere\u00e7a essa op\u00e7\u00e3o de jogo e fazer o seguinte:<\/p>\n\n\n\n<ol class=\"wp-block-list\">\n<li>Registre-se no site e verifique a conta.<\/li>\n\n\n\n<li>Encontre o jogo e use a vers\u00e3o para desktop ou selecione o cliente para CP e fa\u00e7a o download.<\/li>\n\n\n\n<li>Ap\u00f3s uma r\u00e1pida instala\u00e7\u00e3o, o jogo tamb\u00e9m fica dispon\u00edvel no computador ou laptop.<\/li>\n<\/ol>\n\n\n\n<p>Independentemente da op\u00e7\u00e3o que voc\u00ea escolher, uma experi\u00eancia perfeita e ganhos agrad\u00e1veis est\u00e3o garantidos.<\/p>\n\n\n\n<h2 class=\"wp-block-heading\">Estrat\u00e9gia para ganhar no JetX<\/h2>\n\n\n\n<p>Existe uma maneira de aumentar suas chances de ganhar? Por um lado, o jogo depende muito da sorte. Por outro lado, h\u00e1 medidas que devem ser tomadas por aqueles que querem ter sucesso nele, a saber:<\/p>\n\n\n\n<ul class=\"space-mark wp-block-list\">\n<li>Jogue a vers\u00e3o de demonstra\u00e7\u00e3o gratuita primeiro para aprender as regras e entender a jogabilidade.<\/li>\n\n\n\n<li>Prepare sua mente em termos de tempo e recursos financeiros e cumpra os limites que voc\u00ea estabeleceu.<\/li>\n\n\n\n<li>Comece com apostas pequenas, mas frequentes.<\/li>\n\n\n\n<li>Analise seus resultados anteriores, bem como os resultados de outros usu\u00e1rios.<\/li>\n\n\n\n<li>Acompanhe o chat ao vivo, se ele estiver dispon\u00edvel, e n\u00e3o hesite em aprender com os outros.<\/li>\n\n\n\n<li>Experimente o saque autom\u00e1tico para apostas menores.<\/li>\n<\/ul>\n\n\n\n<p>\u00c9 importante n\u00e3o jogar com pressa e dar a si mesmo tempo suficiente para descansar. Como as rodadas desse jogo s\u00e3o mais do que r\u00e1pidas, voc\u00ea pode perder a concentra\u00e7\u00e3o e sofrer mais acidentes. Por isso, jogue com responsabilidade e n\u00e3o espere grandes ganhos com o jogo. Seu principal objetivo \u00e9 proporcionar divers\u00e3o e aliviar o estresse di\u00e1rio, e n\u00e3o torn\u00e1-lo um milion\u00e1rio.<\/p>\n\n\n\n<h2 class=\"wp-block-heading\">Vers\u00e3o demonstrativa do JetX<\/h2>\n\n\n\n<p>A \u00f3tima op\u00e7\u00e3o dispon\u00edvel para o JetX \u00e9 uma vers\u00e3o de demonstra\u00e7\u00e3o gratuita. Todos podem acess\u00e1-la facilmente e jogar sem nenhum registro ou verifica\u00e7\u00e3o. N\u00e3o h\u00e1 possibilidade de fazer uma aposta real nesse modo nem de ganhar dinheiro. No entanto, o usu\u00e1rio pode se familiarizar com a jogabilidade e ganhar experi\u00eancia suficiente para prosseguir com o modo real.<\/p>\n\n\n\n<p>\u00c9 altamente recomendado para jogadores novatos e experientes. Esse modo traz a mesma alegria e emo\u00e7\u00f5es positivas e n\u00e3o est\u00e1 relacionado a nenhuma perda. Portanto, experimente-o antes de passar para as apostas reais e os riscos.<\/p>\n\n\n\n<h2 class=\"wp-block-heading\">Sum\u00e1rio<\/h2>\n\n\n\n<p>Em resumo, \u00e9 mais do que f\u00e1cil come\u00e7ar a jogar JetX e aprender com dinheiro real ao mesmo tempo. \u00c9 poss\u00edvel experimentar a vers\u00e3o de demonstra\u00e7\u00e3o gratuita para entender todos os recursos e complexidades do jogo. Al\u00e9m disso, ele est\u00e1 dispon\u00edvel tanto na vers\u00e3o para PC quanto em um aplicativo m\u00f3vel para iOS ou Android. Portanto, voc\u00ea pode fazer o download com apenas alguns cliques e jogar em qualquer dispositivo que desejar. Ele n\u00e3o apenas parece perfeito, mas tamb\u00e9m traz um impulso e felicidade.<\/p>\n\n\n\n<h2 class=\"wp-block-heading\">Perguntas mais frequentes<\/h2>\n\n\n\n<div class=\"schema-faq wp-block-yoast-faq-block\"><div class=\"schema-faq-section\" id=\"faq-question-1706115274005\"><strong class=\"schema-faq-question\">Como ganhar o JetX Game?<\/strong> <p class=\"schema-faq-answer\">N\u00e3o existe uma \u00fanica estrat\u00e9gia vencedora. \u00c9 preciso estar atento e ser paciente, fazer pequenas apostas regulares e analisar as experi\u00eancias anteriores.<\/p> <\/div> <div class=\"schema-faq-section\" id=\"faq-question-1706115284344\"><strong class=\"schema-faq-question\">Quanto posso ganhar?<\/strong> <p class=\"schema-faq-answer\">N\u00e3o h\u00e1 limite m\u00e1ximo para os ganhos. Voc\u00ea ganha de acordo com a sua aposta e o multiplicador definido no momento em que fizer o saque.<\/p> <\/div> <div class=\"schema-faq-section\" id=\"faq-question-1706115295449\"><strong class=\"schema-faq-question\">Como fazer o download do JetX app?<\/strong> <p class=\"schema-faq-answer\">Basta abrir a Apple Store ou a Google Play Store, procurar esse jogo e fazer o download do aplicativo. A instala\u00e7\u00e3o leva alguns minutos e o aplicativo n\u00e3o tem nenhum requisito especial para o dispositivo.<\/p> <\/div> <\/div>","protected":false},"excerpt":{"rendered":"<p>Would you like to enjoy the new perfect gaming option? Then it is high time to try something different from the usual slots. Here we are going to unveil the features and useful details about JetX Game. This one will give you an upsurge of positive emotions together with easy winnings. What is JetX Game [&hellip;]<\/p>\n","protected":false},"author":2,"featured_media":0,"parent":0,"menu_order":0,"comment_status":"closed","ping_status":"closed","template":"","meta":{"footnotes":""},"class_list":["post-95","page","type-page","status-publish","hentry"],"yoast_head":"<!-- This site is optimized with the Yoast SEO plugin v27.4 - https:\/\/yoast.com\/product\/yoast-seo-wordpress\/ -->\n<title>How to Download JetX: learn two easy ways to access this game<\/title>\n<meta name=\"description\" content=\"How to Download JetX? You can do this using the Apple Store or Google Play Store or find the app or PC client on a website of an online casino. It is a quick procedure with an instant access\" \/>\n<meta name=\"robots\" content=\"index, follow, max-snippet:-1, max-image-preview:large, max-video-preview:-1\" \/>\n<link rel=\"canonical\" href=\"https:\/\/superjetx.com\/pt\/how-to-download-jetx-game\/\" \/>\n<meta property=\"og:locale\" content=\"pt_BR\" \/>\n<meta property=\"og:type\" content=\"article\" \/>\n<meta property=\"og:title\" content=\"How to Download JetX: learn two easy ways to access this game\" \/>\n<meta property=\"og:description\" content=\"How to Download JetX? You can do this using the Apple Store or Google Play Store or find the app or PC client on a website of an online casino. It is a quick procedure with an instant access\" \/>\n<meta property=\"og:url\" content=\"https:\/\/superjetx.com\/pt\/how-to-download-jetx-game\/\" \/>\n<meta property=\"og:site_name\" content=\"JetX Game\" \/>\n<meta property=\"article:modified_time\" content=\"2024-01-25T20:52:38+00:00\" \/>\n<meta name=\"twitter:card\" content=\"summary_large_image\" \/>\n<meta name=\"twitter:label1\" content=\"Est. tempo de leitura\" \/>\n\t<meta name=\"twitter:data1\" content=\"5 minutos\" \/>\n<script type=\"application\/ld+json\" class=\"yoast-schema-graph\">{\"@context\":\"https:\\\/\\\/schema.org\",\"@graph\":[{\"@type\":[\"WebPage\",\"FAQPage\"],\"@id\":\"https:\\\/\\\/superjetx.com\\\/how-to-download-jetx-game\\\/\",\"url\":\"https:\\\/\\\/superjetx.com\\\/how-to-download-jetx-game\\\/\",\"name\":\"How to Download JetX: learn two easy ways to access this game\",\"isPartOf\":{\"@id\":\"https:\\\/\\\/superjetx.com\\\/#website\"},\"datePublished\":\"2024-01-21T16:57:21+00:00\",\"dateModified\":\"2024-01-25T20:52:38+00:00\",\"description\":\"How to Download JetX? You can do this using the Apple Store or Google Play Store or find the app or PC client on a website of an online casino. It is a quick procedure with an instant access\",\"breadcrumb\":{\"@id\":\"https:\\\/\\\/superjetx.com\\\/how-to-download-jetx-game\\\/#breadcrumb\"},\"mainEntity\":[{\"@id\":\"https:\\\/\\\/superjetx.com\\\/how-to-download-jetx-game\\\/#faq-question-1706115274005\"},{\"@id\":\"https:\\\/\\\/superjetx.com\\\/how-to-download-jetx-game\\\/#faq-question-1706115284344\"},{\"@id\":\"https:\\\/\\\/superjetx.com\\\/how-to-download-jetx-game\\\/#faq-question-1706115295449\"}],\"inLanguage\":\"pt-BR\",\"potentialAction\":[{\"@type\":\"ReadAction\",\"target\":[\"https:\\\/\\\/superjetx.com\\\/how-to-download-jetx-game\\\/\"]}]},{\"@type\":\"BreadcrumbList\",\"@id\":\"https:\\\/\\\/superjetx.com\\\/how-to-download-jetx-game\\\/#breadcrumb\",\"itemListElement\":[{\"@type\":\"ListItem\",\"position\":1,\"name\":\"Home\",\"item\":\"https:\\\/\\\/superjetx.com\\\/\"},{\"@type\":\"ListItem\",\"position\":2,\"name\":\"How to Download JetX Game\"}]},{\"@type\":\"WebSite\",\"@id\":\"https:\\\/\\\/superjetx.com\\\/#website\",\"url\":\"https:\\\/\\\/superjetx.com\\\/\",\"name\":\"JetX Game\",\"description\":\"Super JetX Club\",\"potentialAction\":[{\"@type\":\"SearchAction\",\"target\":{\"@type\":\"EntryPoint\",\"urlTemplate\":\"https:\\\/\\\/superjetx.com\\\/?s={search_term_string}\"},\"query-input\":{\"@type\":\"PropertyValueSpecification\",\"valueRequired\":true,\"valueName\":\"search_term_string\"}}],\"inLanguage\":\"pt-BR\"},{\"@type\":\"Question\",\"@id\":\"https:\\\/\\\/superjetx.com\\\/how-to-download-jetx-game\\\/#faq-question-1706115274005\",\"position\":1,\"url\":\"https:\\\/\\\/superjetx.com\\\/how-to-download-jetx-game\\\/#faq-question-1706115274005\",\"name\":\"How to win JetX game?\",\"answerCount\":1,\"acceptedAnswer\":{\"@type\":\"Answer\",\"text\":\"There is no single winning strategy. One has to be attentive and patient, place small regular bets and analyze previous experiences.\",\"inLanguage\":\"pt-BR\"},\"inLanguage\":\"pt-BR\"},{\"@type\":\"Question\",\"@id\":\"https:\\\/\\\/superjetx.com\\\/how-to-download-jetx-game\\\/#faq-question-1706115284344\",\"position\":2,\"url\":\"https:\\\/\\\/superjetx.com\\\/how-to-download-jetx-game\\\/#faq-question-1706115284344\",\"name\":\"How much can I win?\",\"answerCount\":1,\"acceptedAnswer\":{\"@type\":\"Answer\",\"text\":\"There is no upper limit for winnings. You win according to your bet and multiplier set at the moment when you cash out.\",\"inLanguage\":\"pt-BR\"},\"inLanguage\":\"pt-BR\"},{\"@type\":\"Question\",\"@id\":\"https:\\\/\\\/superjetx.com\\\/how-to-download-jetx-game\\\/#faq-question-1706115295449\",\"position\":3,\"url\":\"https:\\\/\\\/superjetx.com\\\/how-to-download-jetx-game\\\/#faq-question-1706115295449\",\"name\":\"How to download the JetX app?\",\"answerCount\":1,\"acceptedAnswer\":{\"@type\":\"Answer\",\"text\":\"Just open the Apple Store or Google Play Store, search for this game and download the app. The installation takes a few minutes and the app does not have any special requirements for the device.\",\"inLanguage\":\"pt-BR\"},\"inLanguage\":\"pt-BR\"}]}<\/script>\n<!-- \/ Yoast SEO plugin. -->","yoast_head_json":{"title":"Como fazer o download do JetX: conhe\u00e7a duas maneiras f\u00e1ceis de acessar este jogo","description":"Como fazer o download do JetX? Voc\u00ea pode fazer isso usando a Apple Store ou a Google Play Store ou encontrar o aplicativo ou cliente para \u0421P no site de um cassino on-line. \u00c9 um procedimento r\u00e1pido com acesso instant\u00e2neo","robots":{"index":"index","follow":"follow","max-snippet":"max-snippet:-1","max-image-preview":"max-image-preview:large","max-video-preview":"max-video-preview:-1"},"canonical":"https:\/\/superjetx.com\/pt\/how-to-download-jetx-game\/","og_locale":"pt_BR","og_type":"article","og_title":"How to Download JetX: learn two easy ways to access this game","og_description":"How to Download JetX? You can do this using the Apple Store or Google Play Store or find the app or PC client on a website of an online casino. It is a quick procedure with an instant access","og_url":"https:\/\/superjetx.com\/pt\/how-to-download-jetx-game\/","og_site_name":"JetX Game","article_modified_time":"2024-01-25T20:52:38+00:00","twitter_card":"summary_large_image","twitter_misc":{"Est. tempo de leitura":"5 minutos"},"schema":{"@context":"https:\/\/schema.org","@graph":[{"@type":["WebPage","FAQPage"],"@id":"https:\/\/superjetx.com\/how-to-download-jetx-game\/","url":"https:\/\/superjetx.com\/how-to-download-jetx-game\/","name":"Como fazer o download do JetX: conhe\u00e7a duas maneiras f\u00e1ceis de acessar este jogo","isPartOf":{"@id":"https:\/\/superjetx.com\/#website"},"datePublished":"2024-01-21T16:57:21+00:00","dateModified":"2024-01-25T20:52:38+00:00","description":"Como fazer o download do JetX? Voc\u00ea pode fazer isso usando a Apple Store ou a Google Play Store ou encontrar o aplicativo ou cliente para \u0421P no site de um cassino on-line. \u00c9 um procedimento r\u00e1pido com acesso instant\u00e2neo","breadcrumb":{"@id":"https:\/\/superjetx.com\/how-to-download-jetx-game\/#breadcrumb"},"mainEntity":[{"@id":"https:\/\/superjetx.com\/how-to-download-jetx-game\/#faq-question-1706115274005"},{"@id":"https:\/\/superjetx.com\/how-to-download-jetx-game\/#faq-question-1706115284344"},{"@id":"https:\/\/superjetx.com\/how-to-download-jetx-game\/#faq-question-1706115295449"}],"inLanguage":"pt-BR","potentialAction":[{"@type":"ReadAction","target":["https:\/\/superjetx.com\/how-to-download-jetx-game\/"]}]},{"@type":"BreadcrumbList","@id":"https:\/\/superjetx.com\/how-to-download-jetx-game\/#breadcrumb","itemListElement":[{"@type":"ListItem","position":1,"name":"Home","item":"https:\/\/superjetx.com\/"},{"@type":"ListItem","position":2,"name":"How to Download JetX Game"}]},{"@type":"WebSite","@id":"https:\/\/superjetx.com\/#website","url":"https:\/\/superjetx.com\/","name":"O jogo JetX","description":"Clube Super JetX","potentialAction":[{"@type":"SearchAction","target":{"@type":"EntryPoint","urlTemplate":"https:\/\/superjetx.com\/?s={search_term_string}"},"query-input":{"@type":"PropertyValueSpecification","valueRequired":true,"valueName":"search_term_string"}}],"inLanguage":"pt-BR"},{"@type":"Question","@id":"https:\/\/superjetx.com\/how-to-download-jetx-game\/#faq-question-1706115274005","position":1,"url":"https:\/\/superjetx.com\/how-to-download-jetx-game\/#faq-question-1706115274005","name":"Como ganhar o JetX Game?","answerCount":1,"acceptedAnswer":{"@type":"Answer","text":"There is no single winning strategy. One has to be attentive and patient, place small regular bets and analyze previous experiences.","inLanguage":"pt-BR"},"inLanguage":"pt-BR"},{"@type":"Question","@id":"https:\/\/superjetx.com\/how-to-download-jetx-game\/#faq-question-1706115284344","position":2,"url":"https:\/\/superjetx.com\/how-to-download-jetx-game\/#faq-question-1706115284344","name":"Quanto posso ganhar?","answerCount":1,"acceptedAnswer":{"@type":"Answer","text":"There is no upper limit for winnings. You win according to your bet and multiplier set at the moment when you cash out.","inLanguage":"pt-BR"},"inLanguage":"pt-BR"},{"@type":"Question","@id":"https:\/\/superjetx.com\/how-to-download-jetx-game\/#faq-question-1706115295449","position":3,"url":"https:\/\/superjetx.com\/how-to-download-jetx-game\/#faq-question-1706115295449","name":"Como fazer o download do JetX app?","answerCount":1,"acceptedAnswer":{"@type":"Answer","text":"Just open the Apple Store or Google Play Store, search for this game and download the app. The installation takes a few minutes and the app does not have any special requirements for the device.","inLanguage":"pt-BR"},"inLanguage":"pt-BR"}]}},"_links":{"self":[{"href":"https:\/\/superjetx.com\/pt\/wp-json\/wp\/v2\/pages\/95","targetHints":{"allow":["GET"]}}],"collection":[{"href":"https:\/\/superjetx.com\/pt\/wp-json\/wp\/v2\/pages"}],"about":[{"href":"https:\/\/superjetx.com\/pt\/wp-json\/wp\/v2\/types\/page"}],"author":[{"embeddable":true,"href":"https:\/\/superjetx.com\/pt\/wp-json\/wp\/v2\/users\/2"}],"replies":[{"embeddable":true,"href":"https:\/\/superjetx.com\/pt\/wp-json\/wp\/v2\/comments?post=95"}],"version-history":[{"count":3,"href":"https:\/\/superjetx.com\/pt\/wp-json\/wp\/v2\/pages\/95\/revisions"}],"predecessor-version":[{"id":118,"href":"https:\/\/superjetx.com\/pt\/wp-json\/wp\/v2\/pages\/95\/revisions\/118"}],"wp:attachment":[{"href":"https:\/\/superjetx.com\/pt\/wp-json\/wp\/v2\/media?parent=95"}],"curies":[{"name":"wp","href":"https:\/\/api.w.org\/{rel}","templated":true}]}}