{"id":98,"date":"2024-01-24T19:08:30","date_gmt":"2024-01-24T19:08:30","guid":{"rendered":"https:\/\/superjetx.com\/?page_id=98"},"modified":"2024-01-24T19:08:30","modified_gmt":"2024-01-24T19:08:30","slug":"how-to-play-jetx-game","status":"publish","type":"page","link":"https:\/\/superjetx.com\/pt\/how-to-play-jetx-game\/","title":{"rendered":"Como jogar o JetX Game"},"content":{"rendered":"<p>Os jogos modernos permitem que os jogadores n\u00e3o apenas passem o tempo se divertindo, mas tamb\u00e9m obtenham lucro. Em geral, esses jogos est\u00e3o dispon\u00edveis em v\u00e1rios cassinos on-line. Cada jogo tem seus pr\u00f3prios recursos, regras e potencial de ganhos.<\/p>\n\n\n\n<p>O JetX \u00e9 um dos jogos mais populares entre os usu\u00e1rios. Primeiro, esse jogo apareceu no cassino Cbet, mas hoje \u00e9 poss\u00edvel jogar JetX em v\u00e1rias plataformas e sites. Se voc\u00ea \u00e9 um iniciante no mundo dos jogos de cassino on-line, n\u00e3o precisa se preocupar. Este guia inclui informa\u00e7\u00f5es sobre como jogar o JetX e receber fundos reais.<\/p>\n\n\n\n<h2 class=\"wp-block-heading\">O que \u00e9 o JetX Game<\/h2>\n\n\n\n<p>O JetX \u00e9 um dos jogos mais populares entre os usu\u00e1rios. Primeiro, esse jogo apareceu no cassino Cbet, mas hoje \u00e9 poss\u00edvel jogar JetX em v\u00e1rias plataformas e sites. Se voc\u00ea \u00e9 um iniciante no mundo dos jogos de cassino on-line, n\u00e3o precisa se preocupar. Este guia inclui informa\u00e7\u00f5es sobre como jogar o JetX e receber fundos reais.<\/p>\n\n\n\n<p>O JetX \u00e9 um jogo simples. \u00c9 por isso que ser\u00e1 f\u00e1cil jogar esse jogo, mesmo para novos usu\u00e1rios. A SmartSoft Gaming \u00e9 a criadora do jogo de ca\u00e7a-n\u00edqueis JetX com visual de fliperama. Os f\u00e3s dos jogos cl\u00e1ssicos dos anos 80, sem d\u00favida, gostar\u00e3o do JetX por seu visual retr\u00f4.<\/p>\n\n\n\n<h2 class=\"wp-block-heading\">Como jogar o JetX Game<\/h2>\n\n\n\n<p>O princ\u00edpio do jogo JetX \u00e9 simples. O jato decola e voa at\u00e9 finalmente cair. Enquanto o jato continuar voando e subindo cada vez mais alto, o multiplicador associado a ele continuar\u00e1 a crescer. Quando o jato explode, a rodada \u00e9 conclu\u00edda.<\/p>\n\n\n\n<p>Para come\u00e7ar a jogar JetX, voc\u00ea deve fazer sua aposta. Voc\u00ea tamb\u00e9m pode fazer algumas apostas simultaneamente. Sua tarefa \u00e9 adivinhar em qual multiplicador o jato explodir\u00e1. Quanto mais tempo o jato estiver \"no ar\", maior ser\u00e1 o multiplicador de sua aposta.<\/p>\n\n\n\n<p>O objetivo do jogo \u00e9 sacar os fundos antes que o jato caia. Se voc\u00ea sacar o dinheiro com atraso, sua aposta ser\u00e1 perdida.<\/p>\n\n\n\n<h3 class=\"wp-block-heading\">Jackpot de 3 n\u00edveis<\/h3>\n\n\n\n<p>O JetX \u00e9 um jogo atraente e envolvente por si s\u00f3. No entanto, o recurso de jackpot de tr\u00eas n\u00edveis acrescenta mais interesse a esse jogo. Voc\u00ea quer saber como ganhar esses jackpots? \u00c0 medida que o jato avan\u00e7a, ele voa por tr\u00eas n\u00edveis conhecidos como Espa\u00e7o, Gal\u00e1xia e Planeta. Um jackpot aleat\u00f3rio est\u00e1 associado a cada um desses n\u00edveis. N\u00e3o importa a aposta que voc\u00ea fez, pois certamente ter\u00e1 uma chance de ganhar o pr\u00eamio se o jackpot funcionar.<\/p>\n\n\n\n<h2 class=\"wp-block-heading\">Estrategia para ganhar o JetX Game<\/h2>\n\n\n\n<p>O jogo JetX \u00e9 baseado em um gerador de n\u00fameros aleat\u00f3rios (GNA). Isso significa que sua vit\u00f3ria depende de sua sorte. Como regra geral, n\u00e3o h\u00e1 t\u00e1ticas exatas que proporcionem aos jogadores ganhos de 100% a cada rodada. No entanto, algumas estrat\u00e9gias de jogo podem ser \u00fateis para os usu\u00e1rios. Essas dicas podem ajudar os jogadores a minimizar os riscos e aumentar as chances de ganhos reais.<\/p>\n\n\n\n<p>Al\u00e9m de contar com estrat\u00e9gias eficazes de vit\u00f3ria, tamb\u00e9m seria uma boa ideia aprender completamente as regras do jogo. Os usu\u00e1rios t\u00eam a oportunidade de entender a mec\u00e2nica e os princ\u00edpios do JetX jogando uma vers\u00e3o de demonstra\u00e7\u00e3o desse jogo.<\/p>\n\n\n\n<h3 class=\"wp-block-heading\">Apostas e multiplicador<\/h3>\n\n\n\n<p>Um dos conselhos \u00fateis ao jogar o jogo JetX \u00e9 fazer grandes apostas em um multiplicador baixo e apostas baixas em um multiplicador alto durante a mesma rodada. Essa \u00e9 uma t\u00e9cnica amplamente empregada pelos jogadores do JetX.<\/p>\n\n\n\n<p>O primeiro objetivo dessa estrat\u00e9gia \u00e9 restringir o risco e, ao mesmo tempo, tentar proporcionar ganhos repetitivos e manter o saldo est\u00e1vel com a ajuda da grande aposta. Enquanto isso, os usu\u00e1rios devem fazer uma pequena aposta para tentar atingir um grande multiplicador que possa aumentar seu saldo.<\/p>\n\n\n\n<h3 class=\"wp-block-heading\">Saque<\/h3>\n\n\n\n<p>Alguns jogadores adotam outra estrat\u00e9gia e jogam com volatilidade. O sentido dessa t\u00e9cnica \u00e9 que os usu\u00e1rios devem fazer apostas mais altas do que fariam como regra e sacar com multiplicadores baixos. O objetivo de fazer o saque o mais r\u00e1pido poss\u00edvel \u00e9 ter ganhos repetitivos e retirar os ganhos da plataforma de jogos ou do site assim que ganhar o suficiente.<\/p>\n\n\n\n<p>Entretanto, voc\u00ea deve ter cuidado se decidir usar essa estrat\u00e9gia. Apostar mais do que o normal pode levar a uma perda r\u00e1pida se voc\u00ea entrar em uma mar\u00e9 de azar.<\/p>\n\n\n\n<h3 class=\"wp-block-heading\">Martingale<\/h3>\n\n\n\n<p>Martingale \u00e9 uma t\u00e9cnica bastante popular entre os jogadores de cassinos on-line. Ainda assim, voc\u00ea deve ser cauteloso com a Martingale, pois essa estrat\u00e9gia est\u00e1 associada a certos riscos e perigos. A t\u00e9cnica Martingale implica fazer uma pequena aposta primeiro e dobrar as apostas se uma aposta anterior for perdida.<\/p>\n\n\n\n<p>A t\u00e9cnica Martingale \u00e9 considerado perigoso se os jogadores n\u00e3o tiverem uma grande banca (bankroll). Al\u00e9m disso, a maioria dos cassinos on-line declara que essa t\u00e9cnica \u00e9 proibida em seus termos e condi\u00e7\u00f5es. Portanto, seria uma solu\u00e7\u00e3o melhor confiar em outra estrat\u00e9gia do que aderir \u00e0 arriscada t\u00e9cnica Martingale.<\/p>\n\n\n\n<h3 class=\"wp-block-heading\">Seguro de rodadas<\/h3>\n\n\n\n<p>O modelo do jogo JetX sup\u00f5e 2 apostas. Recomenda-se que os jogadores definam o saque autom\u00e1tico para 1,50 no primeiro caso e para 2,00 no segundo. Se os usu\u00e1rios ganharem, eles ter\u00e3o a possibilidade de obter pr\u00eamios bem grandes. No entanto, o tamanho das perdas crescer\u00e1 rapidamente em caso de perdas.<\/p>\n\n\n\n<h3 class=\"wp-block-heading\">Gerenciamento da banca (bankroll)<\/h3>\n\n\n\n<p>Gerenciamento da banca (bankroll) em jogos geralmente se refere \u00e0 pr\u00e1tica de gerenciar efetivamente a moeda ou os recursos do jogo para garantir um processo de jogo est\u00e1vel e agrad\u00e1vel. H\u00e1 algumas dicas para o gerenciamento de bankroll no jogo JetX. Essas recomenda\u00e7\u00f5es envolvem a defini\u00e7\u00e3o de um or\u00e7amento, o monitoramento de seus gastos, a tomada de riscos calculados, etc.<\/p>\n\n\n\n<p>Por exemplo, os usu\u00e1rios podem determinar a quantidade de moeda ou recursos do jogo que est\u00e3o dispostos a alocar para jogar o jogo JetX. Al\u00e9m disso, \u00e9 importante acompanhar a quantidade de moeda ou recursos do jogo que os jogadores est\u00e3o gastando e em que.<\/p>\n\n\n\n<h2 class=\"wp-block-heading\">O download do JetX Game App<\/h2>\n\n\n\n<p>Atualmente, o jogo JetX est\u00e1 dispon\u00edvel para ser jogado em qualquer dispositivo. A principal condi\u00e7\u00e3o \u00e9 ter uma conex\u00e3o de Internet est\u00e1vel e segura. Assim, usu\u00e1rios de todo o mundo podem jogar o jogo JetX em computadores, laptops, tablets e smartphones. Como a interface do jogo \u00e9 responsiva, ela se ajustar\u00e1 automaticamente ao tamanho da sua tela.<\/p>\n\n\n\n<p>O que \u00e9 mais conveniente \u00e9 que a JetX oferece um aplicativo m\u00f3vel para os usu\u00e1rios. \u00c9 poss\u00edvel baixar o aplicativo do jogo JetX em aparelhos iOS e Android. Os gr\u00e1ficos e o som est\u00e3o no mesmo n\u00edvel elevado da vers\u00e3o do site.<\/p>\n\n\n\n<h2 class=\"wp-block-heading\">B\u00f4nus do JetX Game<\/h2>\n\n\n\n<p>O JetX Game \u00e9 um jogo interessante e, por isso, atrai novos jogadores diariamente. Os b\u00f4nus e as promo\u00e7\u00f5es oferecidos aos jogadores novos e regulares s\u00e3o o que chamam ainda mais a aten\u00e7\u00e3o dos usu\u00e1rios. Por exemplo, os iniciantes no jogo JetX Game ter\u00e3o a garantia de receber um b\u00f4nus de boas-vindas em seu primeiro dep\u00f3sito. As ofertas especiais e os b\u00f4nus dispon\u00edveis podem ser encontrados na p\u00e1gina principal do site do JetX Game.<\/p>\n\n\n\n<h2 class=\"wp-block-heading\">Sum\u00e1rio<\/h2>\n\n\n\n<p>Est\u00e1 procurando maneiras de jogar um jogo divertido e ganhar algum dinheiro? Para isso, o jogo JetX ser\u00e1 a op\u00e7\u00e3o mais adequada. O JetX tem regras simples, mas a probabilidade de grandes vit\u00f3rias \u00e9 alta. Para aumentar suas chances de sucesso, voc\u00ea pode aproveitar as estrat\u00e9gias de jogo discutidas acima.<\/p>\n\n\n\n<h2 class=\"wp-block-heading\">Perguntas mais frequentes<\/h2>\n\n\n\n<div class=\"schema-faq wp-block-yoast-faq-block\"><div class=\"schema-faq-section\" id=\"faq-question-1706123033831\"><strong class=\"schema-faq-question\">Como jogar o JetX?<\/strong> <p class=\"schema-faq-answer\">Para jogar o JetX, voc\u00ea deve fazer sua aposta e sacar o dinheiro na hora certa at\u00e9 que o jato caia.<\/p> <\/div> <div class=\"schema-faq-section\" id=\"faq-question-1706123054496\"><strong class=\"schema-faq-question\">Por que o JetX \u00e9 t\u00e3o popular?<\/strong> <p class=\"schema-faq-answer\">Existem alguns motivos pelos quais o JetX \u00e9 t\u00e3o popular entre os jogadores. Esse jogo \u00e9 simples de aprender, tem jogabilidade exclusiva e alto potencial de ganhos, oferece b\u00f4nus e muito mais.<\/p> <\/div> <div class=\"schema-faq-section\" id=\"faq-question-1706123073866\"><strong class=\"schema-faq-question\">Como ganhar o JetX Game?<\/strong> <p class=\"schema-faq-answer\">Como o JetX \u00e9 baseado em um Gerador de N\u00fameros Aleat\u00f3rios (GNA), n\u00e3o existem estrat\u00e9gias de jogo 100% eficazes que lhe proporcionem ganhos regulares. Ainda assim, algumas t\u00e9cnicas, em particular, aderir a um estilo de jogo vol\u00e1til, apostar alto em um multiplicador baixo e apostar baixo em um multiplicador alto, aplicar a t\u00e9cnica Martingale, etc. podem ajudar a aumentar suas chances de grandes ganhos.<\/p> <\/div> <\/div>","protected":false},"excerpt":{"rendered":"<p>Modern games enable players not only to spend time with enjoyment but likewise to get profit. As a rule, these games are available in various online casinos. Each game has its own unique features, rules, and potential for winnings. JetX is one of the most popular games among users. First, this game appeared on Cbet [&hellip;]<\/p>\n","protected":false},"author":2,"featured_media":0,"parent":0,"menu_order":0,"comment_status":"closed","ping_status":"closed","template":"","meta":{"footnotes":""},"class_list":["post-98","page","type-page","status-publish","hentry"],"yoast_head":"<!-- This site is optimized with the Yoast SEO plugin v27.4 - https:\/\/yoast.com\/product\/yoast-seo-wordpress\/ -->\n<title>How to Play JetX Game and Get Big Winnings: Recommendations<\/title>\n<meta name=\"description\" content=\"How to play the JetX game if you intend to win real money? This article involves detailed data on the JetX game and provides useful strategies that will surely bring you to victory\" \/>\n<meta name=\"robots\" content=\"index, follow, max-snippet:-1, max-image-preview:large, max-video-preview:-1\" \/>\n<link rel=\"canonical\" href=\"https:\/\/superjetx.com\/pt\/how-to-play-jetx-game\/\" \/>\n<meta property=\"og:locale\" content=\"pt_BR\" \/>\n<meta property=\"og:type\" content=\"article\" \/>\n<meta property=\"og:title\" content=\"How to Play JetX Game and Get Big Winnings: Recommendations\" \/>\n<meta property=\"og:description\" content=\"How to play the JetX game if you intend to win real money? This article involves detailed data on the JetX game and provides useful strategies that will surely bring you to victory\" \/>\n<meta property=\"og:url\" content=\"https:\/\/superjetx.com\/pt\/how-to-play-jetx-game\/\" \/>\n<meta property=\"og:site_name\" content=\"JetX Game\" \/>\n<meta name=\"twitter:card\" content=\"summary_large_image\" \/>\n<meta name=\"twitter:label1\" content=\"Est. tempo de leitura\" \/>\n\t<meta name=\"twitter:data1\" content=\"6 minutos\" \/>\n<script type=\"application\/ld+json\" class=\"yoast-schema-graph\">{\"@context\":\"https:\\\/\\\/schema.org\",\"@graph\":[{\"@type\":[\"WebPage\",\"FAQPage\"],\"@id\":\"https:\\\/\\\/superjetx.com\\\/how-to-play-jetx-game\\\/\",\"url\":\"https:\\\/\\\/superjetx.com\\\/how-to-play-jetx-game\\\/\",\"name\":\"How to Play JetX Game and Get Big Winnings: Recommendations\",\"isPartOf\":{\"@id\":\"https:\\\/\\\/superjetx.com\\\/#website\"},\"datePublished\":\"2024-01-24T19:08:30+00:00\",\"description\":\"How to play the JetX game if you intend to win real money? This article involves detailed data on the JetX game and provides useful strategies that will surely bring you to victory\",\"breadcrumb\":{\"@id\":\"https:\\\/\\\/superjetx.com\\\/how-to-play-jetx-game\\\/#breadcrumb\"},\"mainEntity\":[{\"@id\":\"https:\\\/\\\/superjetx.com\\\/how-to-play-jetx-game\\\/#faq-question-1706123033831\"},{\"@id\":\"https:\\\/\\\/superjetx.com\\\/how-to-play-jetx-game\\\/#faq-question-1706123054496\"},{\"@id\":\"https:\\\/\\\/superjetx.com\\\/how-to-play-jetx-game\\\/#faq-question-1706123073866\"}],\"inLanguage\":\"pt-BR\",\"potentialAction\":[{\"@type\":\"ReadAction\",\"target\":[\"https:\\\/\\\/superjetx.com\\\/how-to-play-jetx-game\\\/\"]}]},{\"@type\":\"BreadcrumbList\",\"@id\":\"https:\\\/\\\/superjetx.com\\\/how-to-play-jetx-game\\\/#breadcrumb\",\"itemListElement\":[{\"@type\":\"ListItem\",\"position\":1,\"name\":\"Home\",\"item\":\"https:\\\/\\\/superjetx.com\\\/\"},{\"@type\":\"ListItem\",\"position\":2,\"name\":\"How to Play JetX Game\"}]},{\"@type\":\"WebSite\",\"@id\":\"https:\\\/\\\/superjetx.com\\\/#website\",\"url\":\"https:\\\/\\\/superjetx.com\\\/\",\"name\":\"JetX Game\",\"description\":\"Super JetX Club\",\"potentialAction\":[{\"@type\":\"SearchAction\",\"target\":{\"@type\":\"EntryPoint\",\"urlTemplate\":\"https:\\\/\\\/superjetx.com\\\/?s={search_term_string}\"},\"query-input\":{\"@type\":\"PropertyValueSpecification\",\"valueRequired\":true,\"valueName\":\"search_term_string\"}}],\"inLanguage\":\"pt-BR\"},{\"@type\":\"Question\",\"@id\":\"https:\\\/\\\/superjetx.com\\\/how-to-play-jetx-game\\\/#faq-question-1706123033831\",\"position\":1,\"url\":\"https:\\\/\\\/superjetx.com\\\/how-to-play-jetx-game\\\/#faq-question-1706123033831\",\"name\":\"How to play JetX?\",\"answerCount\":1,\"acceptedAnswer\":{\"@type\":\"Answer\",\"text\":\"To play JetX, you should place your bet and cash out on time until the jet crashes.\",\"inLanguage\":\"pt-BR\"},\"inLanguage\":\"pt-BR\"},{\"@type\":\"Question\",\"@id\":\"https:\\\/\\\/superjetx.com\\\/how-to-play-jetx-game\\\/#faq-question-1706123054496\",\"position\":2,\"url\":\"https:\\\/\\\/superjetx.com\\\/how-to-play-jetx-game\\\/#faq-question-1706123054496\",\"name\":\"Why is JetX so popular?\",\"answerCount\":1,\"acceptedAnswer\":{\"@type\":\"Answer\",\"text\":\"There are a few reasons why JetX is so popular among players. This game is simple to learn, has unique gameplay and high winning potential, offers bonuses, and more.\",\"inLanguage\":\"pt-BR\"},\"inLanguage\":\"pt-BR\"},{\"@type\":\"Question\",\"@id\":\"https:\\\/\\\/superjetx.com\\\/how-to-play-jetx-game\\\/#faq-question-1706123073866\",\"position\":3,\"url\":\"https:\\\/\\\/superjetx.com\\\/how-to-play-jetx-game\\\/#faq-question-1706123073866\",\"name\":\"How to win JetX game?\",\"answerCount\":1,\"acceptedAnswer\":{\"@type\":\"Answer\",\"text\":\"Since JetX is based on a Random Number Generator (RNG), 100% effective gaming strategies that would provide you with regular winnings don't exist. Still, some techniques, in particular, sticking to a volatile play style, betting big on a low multiplier and betting low on a high multiplier, applying the Martingale technique, etc. may help raise your chances of big wins.\",\"inLanguage\":\"pt-BR\"},\"inLanguage\":\"pt-BR\"}]}<\/script>\n<!-- \/ Yoast SEO plugin. -->","yoast_head_json":{"title":"Como jogar o JetX Game e Obter grandes ganhos: Recomenda\u00e7\u00f5es e dicas","description":"Como jogar o JetX Game se voc\u00ea pretende ganhar dinheiro de verdade? Este artigo envolve dados detalhados sobre o jogo JetX e fornece estrat\u00e9gias \u00fateis que certamente o levar\u00e3o \u00e0 vit\u00f3ria.","robots":{"index":"index","follow":"follow","max-snippet":"max-snippet:-1","max-image-preview":"max-image-preview:large","max-video-preview":"max-video-preview:-1"},"canonical":"https:\/\/superjetx.com\/pt\/how-to-play-jetx-game\/","og_locale":"pt_BR","og_type":"article","og_title":"How to Play JetX Game and Get Big Winnings: Recommendations","og_description":"How to play the JetX game if you intend to win real money? This article involves detailed data on the JetX game and provides useful strategies that will surely bring you to victory","og_url":"https:\/\/superjetx.com\/pt\/how-to-play-jetx-game\/","og_site_name":"JetX Game","twitter_card":"summary_large_image","twitter_misc":{"Est. tempo de leitura":"6 minutos"},"schema":{"@context":"https:\/\/schema.org","@graph":[{"@type":["WebPage","FAQPage"],"@id":"https:\/\/superjetx.com\/how-to-play-jetx-game\/","url":"https:\/\/superjetx.com\/how-to-play-jetx-game\/","name":"Como jogar o JetX Game e Obter grandes ganhos: Recomenda\u00e7\u00f5es e dicas","isPartOf":{"@id":"https:\/\/superjetx.com\/#website"},"datePublished":"2024-01-24T19:08:30+00:00","description":"Como jogar o JetX Game se voc\u00ea pretende ganhar dinheiro de verdade? Este artigo envolve dados detalhados sobre o jogo JetX e fornece estrat\u00e9gias \u00fateis que certamente o levar\u00e3o \u00e0 vit\u00f3ria.","breadcrumb":{"@id":"https:\/\/superjetx.com\/how-to-play-jetx-game\/#breadcrumb"},"mainEntity":[{"@id":"https:\/\/superjetx.com\/how-to-play-jetx-game\/#faq-question-1706123033831"},{"@id":"https:\/\/superjetx.com\/how-to-play-jetx-game\/#faq-question-1706123054496"},{"@id":"https:\/\/superjetx.com\/how-to-play-jetx-game\/#faq-question-1706123073866"}],"inLanguage":"pt-BR","potentialAction":[{"@type":"ReadAction","target":["https:\/\/superjetx.com\/how-to-play-jetx-game\/"]}]},{"@type":"BreadcrumbList","@id":"https:\/\/superjetx.com\/how-to-play-jetx-game\/#breadcrumb","itemListElement":[{"@type":"ListItem","position":1,"name":"Home","item":"https:\/\/superjetx.com\/"},{"@type":"ListItem","position":2,"name":"How to Play JetX Game"}]},{"@type":"WebSite","@id":"https:\/\/superjetx.com\/#website","url":"https:\/\/superjetx.com\/","name":"O jogo JetX","description":"Clube Super JetX","potentialAction":[{"@type":"SearchAction","target":{"@type":"EntryPoint","urlTemplate":"https:\/\/superjetx.com\/?s={search_term_string}"},"query-input":{"@type":"PropertyValueSpecification","valueRequired":true,"valueName":"search_term_string"}}],"inLanguage":"pt-BR"},{"@type":"Question","@id":"https:\/\/superjetx.com\/how-to-play-jetx-game\/#faq-question-1706123033831","position":1,"url":"https:\/\/superjetx.com\/how-to-play-jetx-game\/#faq-question-1706123033831","name":"Como jogar o JetX?","answerCount":1,"acceptedAnswer":{"@type":"Answer","text":"To play JetX, you should place your bet and cash out on time until the jet crashes.","inLanguage":"pt-BR"},"inLanguage":"pt-BR"},{"@type":"Question","@id":"https:\/\/superjetx.com\/how-to-play-jetx-game\/#faq-question-1706123054496","position":2,"url":"https:\/\/superjetx.com\/how-to-play-jetx-game\/#faq-question-1706123054496","name":"Por que o JetX \u00e9 t\u00e3o popular?","answerCount":1,"acceptedAnswer":{"@type":"Answer","text":"There are a few reasons why JetX is so popular among players. This game is simple to learn, has unique gameplay and high winning potential, offers bonuses, and more.","inLanguage":"pt-BR"},"inLanguage":"pt-BR"},{"@type":"Question","@id":"https:\/\/superjetx.com\/how-to-play-jetx-game\/#faq-question-1706123073866","position":3,"url":"https:\/\/superjetx.com\/how-to-play-jetx-game\/#faq-question-1706123073866","name":"Como ganhar o JetX Game?","answerCount":1,"acceptedAnswer":{"@type":"Answer","text":"Since JetX is based on a Random Number Generator (RNG), 100% effective gaming strategies that would provide you with regular winnings don't exist. Still, some techniques, in particular, sticking to a volatile play style, betting big on a low multiplier and betting low on a high multiplier, applying the Martingale technique, etc. may help raise your chances of big wins.","inLanguage":"pt-BR"},"inLanguage":"pt-BR"}]}},"_links":{"self":[{"href":"https:\/\/superjetx.com\/pt\/wp-json\/wp\/v2\/pages\/98","targetHints":{"allow":["GET"]}}],"collection":[{"href":"https:\/\/superjetx.com\/pt\/wp-json\/wp\/v2\/pages"}],"about":[{"href":"https:\/\/superjetx.com\/pt\/wp-json\/wp\/v2\/types\/page"}],"author":[{"embeddable":true,"href":"https:\/\/superjetx.com\/pt\/wp-json\/wp\/v2\/users\/2"}],"replies":[{"embeddable":true,"href":"https:\/\/superjetx.com\/pt\/wp-json\/wp\/v2\/comments?post=98"}],"version-history":[{"count":1,"href":"https:\/\/superjetx.com\/pt\/wp-json\/wp\/v2\/pages\/98\/revisions"}],"predecessor-version":[{"id":99,"href":"https:\/\/superjetx.com\/pt\/wp-json\/wp\/v2\/pages\/98\/revisions\/99"}],"wp:attachment":[{"href":"https:\/\/superjetx.com\/pt\/wp-json\/wp\/v2\/media?parent=98"}],"curies":[{"name":"wp","href":"https:\/\/api.w.org\/{rel}","templated":true}]}}