{"id":100,"date":"2023-12-18T19:15:00","date_gmt":"2023-12-18T19:15:00","guid":{"rendered":"https:\/\/superjetx.com\/?page_id=100"},"modified":"2024-01-24T19:16:17","modified_gmt":"2024-01-24T19:16:17","slug":"how-to-win-in-jetx-game","status":"publish","type":"page","link":"https:\/\/superjetx.com\/tr\/how-to-win-in-jetx-game\/","title":{"rendered":"JetX Oyununda Nas\u0131l Kazan\u0131l\u0131r"},"content":{"rendered":"<p>G\u00fcn\u00fcm\u00fczde, \u00e7e\u015fitli cihazlarda oyuncular i\u00e7in pek \u00e7ok ilgin\u00e7 oyun mevcuttur. Kullan\u0131c\u0131lar sadece e\u011flenme imkan\u0131na sahip olman\u0131n yan\u0131 s\u0131ra, \u00e7evrimi\u00e7i oyunlar oynayarak ger\u00e7ek para da kazanabilirler. JetX, oyunculara biraz para kazanma f\u0131rsat\u0131 sa\u011flayan oyunlardan biridir.<\/p>\n\n\n\n<p>Hem yeni hem de normal oyuncular\u0131n JetX oynama ve ger\u00e7ek para \u00e7ekme \u015fans\u0131 vard\u0131r. Ancak, bunun i\u00e7in tek bir \u015fans yeterli olmayacakt\u0131r. Oyunun kurallar\u0131na a\u015fina olman\u0131z ve en az\u0131ndan bir oyun stratejisine sahip olman\u0131z gerekir. A\u015fa\u011f\u0131da JetX oyununun ne oldu\u011funu ve \u00f6zel tavsiye ve p\u00fcf noktalar\u0131n\u0131n yard\u0131m\u0131yla ba\u015far\u0131 \u015fans\u0131n\u0131z\u0131 nas\u0131l art\u0131raca\u011f\u0131n\u0131z\u0131 ele alal\u0131m.<\/p>\n\n\n\n<h2 class=\"wp-block-heading\">JetX Oyunu Nedir<\/h2>\n\n\n\n<p>JetX kullan\u0131c\u0131lar aras\u0131nda \u00e7ok pop\u00fcler bir oyundur. Bu \u00e7arp\u0131\u015fma oyunu oyunculara sonsuz kazan\u00e7 \u00e7arpanlar\u0131 vaat ediyor. Arcade g\u00f6r\u00fcn\u00fcml\u00fc bir slot oyunu olan JetX, SmartSoft Gaming taraf\u0131ndan geli\u015ftirilmi\u015ftir. Oyun ilk olarak Cbet kumarhanesinde g\u00f6r\u00fclm\u00fc\u015ft\u00fcr. Ancak, bug\u00fcn JetX \u00e7ok say\u0131da \u00e7evrimi\u00e7i casinoda, web sitesinde ve platformda mevcuttur. Bu, d\u00fcnyan\u0131n her k\u00f6\u015fesinden kullan\u0131c\u0131lar\u0131n JetX oyununu oynaman\u0131n keyfini \u00e7\u0131karmas\u0131n\u0131 ve ger\u00e7ek kazan\u00e7lar elde etmesini sa\u011flar.<\/p>\n\n\n\n<p>JetX, oyunculara 80'li y\u0131llar\u0131n klasik oyunlar\u0131n\u0131 hat\u0131rlatacak ilgi \u00e7ekici bir retro g\u00f6r\u00fcn\u00fcm sunar. Genel olarak, JetX oyunu rastgele say\u0131 \u00fcreteci (RNG) temelinde geli\u015ftirilen bir grafik aray\u00fcz\u00fc temsil eder.<\/p>\n\n\n\n<h2 class=\"wp-block-heading\">JetX nas\u0131l oynan\u0131r?<\/h2>\n\n\n\n<p>JetX olduk\u00e7a basit bir oyundur. Daha \u00f6nce online casino oyunlar\u0131 oynamam\u0131\u015f kullan\u0131c\u0131lar bile JetX'in keyfini kolayl\u0131kla \u00e7\u0131karabilir. JetX oyununu oynamak i\u00e7in \u00f6ncelikle uygun bir online casino veya web sitesi bulmal\u0131s\u0131n\u0131z. Se\u00e7ti\u011finiz platformun g\u00fcvenli ve sayg\u0131n oldu\u011fundan emin olun.<\/p>\n\n\n\n<p>G\u00fcvenli bir oyun web sitesi se\u00e7ildikten sonra, g\u00f6reviniz ona kaydolmakt\u0131r. Kay\u0131t prosed\u00fcr\u00fc tamamland\u0131ktan sonra JetX oyununu ba\u015flatabilir ve oynamaya ba\u015flayabilirsiniz.<\/p>\n\n\n\n<p>JetX'i ilk kez oynayacaksan\u0131z, oyunun kurallar\u0131n\u0131 tamamen bilmelisiniz. Ayr\u0131ca, zafer \u015fans\u0131n\u0131z\u0131 art\u0131racak bir kazanma stratejisine sahip olman\u0131z \u00f6nerilir.<\/p>\n\n\n\n<h3 class=\"wp-block-heading\">Bahis aral\u0131\u011f\u0131 ve kurallar\u0131<\/h3>\n\n\n\n<p>Yukar\u0131da da belirtildi\u011fi gibi, JetX oyununun kurallar\u0131 zorlay\u0131c\u0131 de\u011fildir. Yine de, bunlardan haberdar oldu\u011funuzdan emin olmal\u0131s\u0131n\u0131z. Oyunun mekani\u011fini bilmeden, paran\u0131z\u0131 bo\u015funa harcars\u0131n\u0131z.<\/p>\n\n\n\n<p>Bu oyunda, bir jet havalan\u0131r ve d\u00fc\u015fene kadar u\u00e7maya ba\u015flar. Jet u\u00e7tuk\u00e7a ve y\u00fckseldik\u00e7e, ona ba\u011fl\u0131 olan \u00e7arpan da b\u00fcy\u00fcmeye devam eder. Jet d\u00fc\u015ft\u00fc\u011f\u00fcnde tur sona erer.<\/p>\n\n\n\n<p>Oyuncular JetX oynarken, her kullan\u0131c\u0131 jetin hangi \u00e7arpanla \u00e7arpaca\u011f\u0131n\u0131 tahmin etmeye \u00e7al\u0131\u015farak bir veya birka\u00e7 bahis koymal\u0131d\u0131r. Jet ne kadar uzun s\u00fcre u\u00e7arsa, kullan\u0131c\u0131lar\u0131n bahis \u00e7arpan\u0131 da o kadar y\u00fcksek olur. Oyuncular tur ba\u015f\u0131na 0,10 \u20ac ile 300 \u20ac aras\u0131nda bahis yapma olana\u011f\u0131na sahiptir.<\/p>\n\n\n\n<p>Jet, 1.00 \u00e7arpan\u0131nda bile her an d\u00fc\u015febilir. Jetin ne kadar y\u00fckse\u011fe u\u00e7abilece\u011fi konusunda herhangi bir k\u0131s\u0131tlama yoktur.<\/p>\n\n\n\n<h3 class=\"wp-block-heading\">\u00dc\u00e7 Seviyeli Jackpot<\/h3>\n\n\n\n<p>JetX oyunu da ayn\u0131 \u015fekilde keyifli bir \u00fc\u00e7 seviyeli jackpot \u00f6zelli\u011fi sunar. Bu \u00f6zellik oyuncular i\u00e7in oyuna sadece daha fazla ilgi katar. Kullan\u0131c\u0131lar bu ikramiyeleri nas\u0131l kazanabilir? Jet ilerledik\u00e7e Gezegen, Galaksi ve Uzay ba\u015fl\u0131kl\u0131 \u00fc\u00e7 seviyeden ge\u00e7ecektir. Her seviyeye ba\u011fl\u0131 rastgele bir ikramiye vard\u0131r. Bahsiniz ne olursa olsun, ikramiye i\u015fe yararsa, havuzdaki pay\u0131n\u0131z\u0131 alacaks\u0131n\u0131z.<\/p>\n\n\n\n<h2 class=\"wp-block-heading\">JetX i\u00e7in Kazanma Stratejisi<\/h2>\n\n\n\n<p>Oyun kurallar\u0131n\u0131n ve mekaniklerinin fark\u0131nda olmak faydal\u0131d\u0131r. Ancak, oyun stratejilerini uygulamak da b\u00fcy\u00fck kazan\u00e7lar elde etme \u015fans\u0131n\u0131z\u0131 art\u0131racakt\u0131r.<\/p>\n\n\n\n<p>Bilindi\u011fi gibi, JetX oyunu bir Rastgele Say\u0131 \u00dcreticisine (RNG) dayanmaktad\u0131r. JetX oyuncunun \u015fans\u0131 etraf\u0131nda d\u00f6nd\u00fc\u011f\u00fcnden, her turda kazanc\u0131 garantileyecek bir 100% kazanma stratejisi yoktur. Bununla birlikte, kullan\u0131c\u0131lar taraf\u0131ndan bilinmesi gereken baz\u0131 etkili teknikler kabul edilebilir.<\/p>\n\n\n\n<h3 class=\"wp-block-heading\">Bahis<\/h3>\n\n\n\n<p>JetX oyuncular\u0131 taraf\u0131ndan aktif olarak kullan\u0131lan pop\u00fcler bir teknik vard\u0131r. Bu, ayn\u0131 turda y\u00fcksek bir \u00e7arpana k\u00fc\u00e7\u00fck bir bahis koyarken otomatik \u00e7ekilme ile d\u00fc\u015f\u00fck bir \u00e7arpana b\u00fcy\u00fck bir bahis koymak anlam\u0131na gelir.<\/p>\n\n\n\n<p>Bu strateji birka\u00e7 hedefi takip eder. \u0130lk hedef, tekrar eden kazan\u00e7lar sa\u011flamaya \u00e7al\u0131\u015f\u0131rken riski k\u0131s\u0131tlamak ve b\u00fcy\u00fck bahsin yard\u0131m\u0131yla sabit bir bakiye olu\u015fturmakt\u0131r. Ayn\u0131 zamanda, bakiyenizi art\u0131rabilecek b\u00fcy\u00fck bir \u00e7arpan\u0131 tutturmaya \u00e7al\u0131\u015fmak i\u00e7in k\u00fc\u00e7\u00fck bahis konulabilir.<\/p>\n\n\n\n<h3 class=\"wp-block-heading\">Nakde \u00e7evirme<\/h3>\n\n\n\n<p>Bir ba\u015fka yararl\u0131 strateji de de\u011fi\u015fken bir oyun tarz\u0131na ba\u011fl\u0131 kalmak anlam\u0131na gelebilir. Bu stratejinin ana fikri, normalde yapaca\u011f\u0131n\u0131zdan daha y\u00fcksek bahis yapmak ve d\u00fc\u015f\u00fck \u00e7arpanlarda para \u00e7ekmektir. Oyuncular\u0131n JetX'te toplayabilecekleri en d\u00fc\u015f\u00fck \u00e7arpan\u0131n x1.35 oldu\u011funu belirtmek gerekir. Buradaki ama\u00e7, tekrarlayan kazan\u00e7lar elde etmek ve yeterince para kazan\u0131r kazanmaz paran\u0131z\u0131 casinodan \u00e7ekmektir.<\/p>\n\n\n\n<h3 class=\"wp-block-heading\">Martingale<\/h3>\n\n\n\n<p>Bir sonraki teknik bir\u00e7ok casino oyuncusu aras\u0131nda iyi bilinmektedir. Ancak, bu teknik de farkl\u0131 nedenlerden dolay\u0131 tehlikeli olarak kabul edilir. Martingale tekni\u011fi, k\u00fc\u00e7\u00fck bir bahisle ba\u015flay\u0131p kaybedilen her bahiste bahsi ikiye katlamaya dayan\u0131r. \u00d6rne\u011fin, 1 \u20ac yat\u0131rabilirsiniz. Kaybederseniz, 2 \u20ac yat\u0131rmal\u0131s\u0131n\u0131z. Tekrar kaybederseniz, 4 \u20ac yat\u0131rmal\u0131s\u0131n\u0131z. Kaybederseniz, 8 \u20ac yat\u0131r\u0131n ve kazan\u0131n. Toplamda 15 \u20ac bahis oynad\u0131n\u0131z ve son turunuzda 16 \u20ac kazand\u0131n\u0131z. Bu da k\u00e2r\u0131n\u0131z\u0131n 1 \u20ac oldu\u011fu anlam\u0131na gelir.<\/p>\n\n\n\n<h2 class=\"wp-block-heading\">JetX \u0130pu\u00e7lar\u0131<\/h2>\n\n\n\n<p>JetX oyunu bir Rastgele Say\u0131 \u00dcreticisine (RNG) dayanmaktad\u0131r. \u015eans\u0131n\u0131z bu oyunun odak noktas\u0131d\u0131r. Neyse ki, oyuncular belirli ipu\u00e7lar\u0131ndan ve tavsiyelerden yararlanabilirler. Bu ipu\u00e7lar\u0131 ve tavsiyelerle, kullan\u0131c\u0131lar\u0131n riskleri en aza indirmesi ve kazanma potansiyelini art\u0131rmas\u0131 m\u00fcmk\u00fcnd\u00fcr.<\/p>\n\n\n\n<h3 class=\"wp-block-heading\">Paran\u0131z\u0131 Y\u00f6netin<\/h3>\n\n\n\n<p>JetX ve di\u011fer oyunlar\u0131 oynarken para y\u00f6netimi \u00f6nemli bir rol oynar. Oyun oynarken, \u00f6zellikle de JetX oynarken paran\u0131z\u0131 y\u00f6netmek s\u00f6z konusu oldu\u011funda, dikkate alabilece\u011finiz birka\u00e7 genel ipucu vard\u0131r. \u00d6rne\u011fin, bir b\u00fct\u00e7e belirleyebilir, temel harcamalara \u00f6ncelik verebilir, d\u00fc\u015f\u00fcnmeden harcama yapmaktan ka\u00e7\u0131nabilir, ilerlemenizi izleyebilir vb.<\/p>\n\n\n\n<h3 class=\"wp-block-heading\">Otomatik Nakit \u00c7\u0131k\u0131\u015f\u0131<\/h3>\n\n\n\n<p>Nakde \u00e7evirme s\u00f6z konusu oldu\u011funda, oyunculara birka\u00e7 se\u00e7enek sunulur. Oyuncular istedikleri zaman manuel olarak para \u00e7ekebilirler. Veya kullan\u0131c\u0131lar otomatik para \u00e7ekme modunu etkinle\u015ftirebilir. Bu \u00f6zellik sayesinde oyuncular, mevcut turdan otomatik olarak para \u00e7ekecekleri bir hedef \u00e7arpan\u0131 belirleyebilirler. Jet bu \u00e7arpandan \u00f6nce d\u00fc\u015ferse, oyuncular\u0131n kaybedece\u011fini unutmay\u0131n.<\/p>\n\n\n\n<h2 class=\"wp-block-heading\">JetX Bonuslar\u0131<\/h2>\n\n\n\n<p>\u00c7e\u015fitli bonuslar, kullan\u0131c\u0131lar\u0131n JetX oyununu oynamaya karar vermelerinin nedenlerinden biridir. En ho\u015f k\u0131sm\u0131, hem yeni hem de d\u00fczenli oyunculara \u00f6zel teklifler sunulmas\u0131d\u0131r. \u00d6rne\u011fin, yeni kullan\u0131c\u0131lar ilk para yat\u0131rma i\u015flemleri i\u00e7in bir ho\u015f geldin bonusu alabilirler. Mevcut bonuslar, JetX oyununu oynad\u0131\u011f\u0131n\u0131z platforma veya web sitesine ba\u011fl\u0131 olarak de\u011fi\u015febilir.<\/p>\n\n\n\n<h2 class=\"wp-block-heading\">\u00d6zet<\/h2>\n\n\n\n<p>JetX sadece e\u011flenceli vakit ge\u00e7irmenizi de\u011fil, ayn\u0131 zamanda b\u00fcy\u00fck kazan\u00e7lar elde etmenizi de sa\u011flayan ilgi \u00e7ekici bir oyundur. Bu oyun genellikle oyuncular\u0131n \u015fans\u0131na ve Rastgele Say\u0131 \u00dcreticisine (RNG) dayal\u0131 olsa da, b\u00fcy\u00fck kazan\u00e7 \u015fans\u0131n\u0131z\u0131 art\u0131rabilecek birka\u00e7 etkili ipucu vard\u0131r. Yukar\u0131da tart\u0131\u015f\u0131lan \u00f6neriler ve kazanma stratejileriyle, kesinlikle unutulmaz bir oyun deneyimi ve ho\u015f bir miktar ger\u00e7ek para \u00e7ekme imkan\u0131 elde edeceksiniz.<\/p>\n\n\n\n<h2 class=\"wp-block-heading\">SSS<\/h2>\n\n\n\n<div class=\"schema-faq wp-block-yoast-faq-block\"><div class=\"schema-faq-section\" id=\"faq-question-1706123619561\"><strong class=\"schema-faq-question\">JetX nedir?<\/strong> <p class=\"schema-faq-answer\">JetX oyunu, internet oyun d\u00fcnyas\u0131ndaki benzer se\u00e7eneklerden farkl\u0131 olan \u00e7evrimi\u00e7i bir hava kazas\u0131 sim\u00fclat\u00f6r\u00fcd\u00fcr.<\/p> <\/div> <div class=\"schema-faq-section\" id=\"faq-question-1706123630908\"><strong class=\"schema-faq-question\">JetX uygulamas\u0131ndaki oyun deneyimimi nas\u0131l geli\u015ftirebilirim?<\/strong> <p class=\"schema-faq-answer\">JetX'teki oyununuzu geli\u015ftirmek i\u00e7in, becerilerinizi ve performans\u0131n\u0131z\u0131 art\u0131rman\u0131za yard\u0131mc\u0131 olacak yararl\u0131 ipu\u00e7lar\u0131na uyabilirsiniz. \u00d6rne\u011fin, \u00e7ok pratik yapabilir, JetX'in kontrollerinde ustala\u015fabilir, oyunun kurallar\u0131n\u0131 iyi \u00f6\u011frenebilir, konsantre olabilir, deneyimli JetX oyuncular\u0131n\u0131n oyun videolar\u0131n\u0131, e\u011fitimlerini veya yay\u0131nlar\u0131n\u0131 izleyebilirsiniz.<\/p> <\/div> <div class=\"schema-faq-section\" id=\"faq-question-1706123643044\"><strong class=\"schema-faq-question\">Ne kadar kazanabilirim?<\/strong> <p class=\"schema-faq-answer\">Kazanabilece\u011finiz miktar, bahsinize ve bahis yapt\u0131\u011f\u0131n\u0131z \u00e7arpana ba\u011fl\u0131d\u0131r. Daha y\u00fcksek \u00e7arpanlar daha fazla para kazanma f\u0131rsat\u0131 verir, ancak ayn\u0131 \u015fekilde daha risklidirler.<\/p> <\/div> <\/div>","protected":false},"excerpt":{"rendered":"<p>Nowadays, a lot of interesting games are available for players on various devices. Aside from having the possibility to simply have fun, users likewise can win real money playing online games. JetX is one of the games that provide players with the opportunity to earn some money. Both new and regular gamers have a chance [&hellip;]<\/p>\n","protected":false},"author":2,"featured_media":0,"parent":0,"menu_order":0,"comment_status":"closed","ping_status":"closed","template":"","meta":{"footnotes":""},"class_list":["post-100","page","type-page","status-publish","hentry"],"yoast_head":"<!-- This site is optimized with the Yoast SEO plugin v27.3 - https:\/\/yoast.com\/product\/yoast-seo-wordpress\/ -->\n<title>How to Win in JetX and Get Amazing Gaming Experience<\/title>\n<meta name=\"description\" content=\"How to Win in JetX by applying special tricks, hints, and recommendations? This article includes detailed information on the JetX game and useful winning strategies for players\" \/>\n<meta name=\"robots\" content=\"index, follow, max-snippet:-1, max-image-preview:large, max-video-preview:-1\" \/>\n<link rel=\"canonical\" href=\"https:\/\/superjetx.com\/tr\/how-to-win-in-jetx-game\/\" \/>\n<meta property=\"og:locale\" content=\"tr_TR\" \/>\n<meta property=\"og:type\" content=\"article\" \/>\n<meta property=\"og:title\" content=\"How to Win in JetX and Get Amazing Gaming Experience\" \/>\n<meta property=\"og:description\" content=\"How to Win in JetX by applying special tricks, hints, and recommendations? This article includes detailed information on the JetX game and useful winning strategies for players\" \/>\n<meta property=\"og:url\" content=\"https:\/\/superjetx.com\/tr\/how-to-win-in-jetx-game\/\" \/>\n<meta property=\"og:site_name\" content=\"JetX Game\" \/>\n<meta property=\"article:modified_time\" content=\"2024-01-24T19:16:17+00:00\" \/>\n<meta name=\"twitter:card\" content=\"summary_large_image\" \/>\n<meta name=\"twitter:label1\" content=\"Tahmini okuma s\u00fcresi\" \/>\n\t<meta name=\"twitter:data1\" content=\"6 dakika\" \/>\n<script type=\"application\/ld+json\" class=\"yoast-schema-graph\">{\"@context\":\"https:\\\/\\\/schema.org\",\"@graph\":[{\"@type\":[\"WebPage\",\"FAQPage\"],\"@id\":\"https:\\\/\\\/superjetx.com\\\/how-to-win-in-jetx-game\\\/\",\"url\":\"https:\\\/\\\/superjetx.com\\\/how-to-win-in-jetx-game\\\/\",\"name\":\"How to Win in JetX and Get Amazing Gaming Experience\",\"isPartOf\":{\"@id\":\"https:\\\/\\\/superjetx.com\\\/#website\"},\"datePublished\":\"2023-12-18T19:15:00+00:00\",\"dateModified\":\"2024-01-24T19:16:17+00:00\",\"description\":\"How to Win in JetX by applying special tricks, hints, and recommendations? This article includes detailed information on the JetX game and useful winning strategies for players\",\"breadcrumb\":{\"@id\":\"https:\\\/\\\/superjetx.com\\\/how-to-win-in-jetx-game\\\/#breadcrumb\"},\"mainEntity\":[{\"@id\":\"https:\\\/\\\/superjetx.com\\\/how-to-win-in-jetx-game\\\/#faq-question-1706123619561\"},{\"@id\":\"https:\\\/\\\/superjetx.com\\\/how-to-win-in-jetx-game\\\/#faq-question-1706123630908\"},{\"@id\":\"https:\\\/\\\/superjetx.com\\\/how-to-win-in-jetx-game\\\/#faq-question-1706123643044\"}],\"inLanguage\":\"tr\",\"potentialAction\":[{\"@type\":\"ReadAction\",\"target\":[\"https:\\\/\\\/superjetx.com\\\/how-to-win-in-jetx-game\\\/\"]}]},{\"@type\":\"BreadcrumbList\",\"@id\":\"https:\\\/\\\/superjetx.com\\\/how-to-win-in-jetx-game\\\/#breadcrumb\",\"itemListElement\":[{\"@type\":\"ListItem\",\"position\":1,\"name\":\"Home\",\"item\":\"https:\\\/\\\/superjetx.com\\\/\"},{\"@type\":\"ListItem\",\"position\":2,\"name\":\"How to Win in JetX Game\"}]},{\"@type\":\"WebSite\",\"@id\":\"https:\\\/\\\/superjetx.com\\\/#website\",\"url\":\"https:\\\/\\\/superjetx.com\\\/\",\"name\":\"JetX Game\",\"description\":\"Super JetX Club\",\"potentialAction\":[{\"@type\":\"SearchAction\",\"target\":{\"@type\":\"EntryPoint\",\"urlTemplate\":\"https:\\\/\\\/superjetx.com\\\/?s={search_term_string}\"},\"query-input\":{\"@type\":\"PropertyValueSpecification\",\"valueRequired\":true,\"valueName\":\"search_term_string\"}}],\"inLanguage\":\"tr\"},{\"@type\":\"Question\",\"@id\":\"https:\\\/\\\/superjetx.com\\\/how-to-win-in-jetx-game\\\/#faq-question-1706123619561\",\"position\":1,\"url\":\"https:\\\/\\\/superjetx.com\\\/how-to-win-in-jetx-game\\\/#faq-question-1706123619561\",\"name\":\"What is JetX?\",\"answerCount\":1,\"acceptedAnswer\":{\"@type\":\"Answer\",\"text\":\"The JetX game is an online air crash simulator that differs from similar options in the world of internet gaming.\",\"inLanguage\":\"tr\"},\"inLanguage\":\"tr\"},{\"@type\":\"Question\",\"@id\":\"https:\\\/\\\/superjetx.com\\\/how-to-win-in-jetx-game\\\/#faq-question-1706123630908\",\"position\":2,\"url\":\"https:\\\/\\\/superjetx.com\\\/how-to-win-in-jetx-game\\\/#faq-question-1706123630908\",\"name\":\"How can I improve my gameplay in JetX?\",\"answerCount\":1,\"acceptedAnswer\":{\"@type\":\"Answer\",\"text\":\"To improve your gameplay in JetX, you may adhere to helpful tips that will assist you in enhancing your skills and performance. For instance, you may practice a lot, master the controls of JetX, learn the game's rules well, stay concentrated, watch gameplay videos, tutorials, or streams of experienced JetX players, etc.\",\"inLanguage\":\"tr\"},\"inLanguage\":\"tr\"},{\"@type\":\"Question\",\"@id\":\"https:\\\/\\\/superjetx.com\\\/how-to-win-in-jetx-game\\\/#faq-question-1706123643044\",\"position\":3,\"url\":\"https:\\\/\\\/superjetx.com\\\/how-to-win-in-jetx-game\\\/#faq-question-1706123643044\",\"name\":\"How much can I win?\",\"answerCount\":1,\"acceptedAnswer\":{\"@type\":\"Answer\",\"text\":\"The amount you can win depends on your bet and the multiplier you bet on. Higher multipliers grant the opportunity to win more money, however, they are likewise riskier.\",\"inLanguage\":\"tr\"},\"inLanguage\":\"tr\"}]}<\/script>\n<!-- \/ Yoast SEO plugin. -->","yoast_head_json":{"title":"JetX'te Nas\u0131l Kazan\u0131l\u0131r ve \u0130nan\u0131lmaz Oyun Deneyimi Nas\u0131l Elde Edilir?","description":"\u00d6zel hileler, ipu\u00e7lar\u0131 ve tavsiyeler uygulayarak JetX'te Nas\u0131l Kazan\u0131l\u0131r? Bu makale JetX oyunu hakk\u0131nda detayl\u0131 bilgiler ve oyuncular i\u00e7in faydal\u0131 kazanma stratejileri i\u00e7ermektedir","robots":{"index":"index","follow":"follow","max-snippet":"max-snippet:-1","max-image-preview":"max-image-preview:large","max-video-preview":"max-video-preview:-1"},"canonical":"https:\/\/superjetx.com\/tr\/how-to-win-in-jetx-game\/","og_locale":"tr_TR","og_type":"article","og_title":"How to Win in JetX and Get Amazing Gaming Experience","og_description":"How to Win in JetX by applying special tricks, hints, and recommendations? This article includes detailed information on the JetX game and useful winning strategies for players","og_url":"https:\/\/superjetx.com\/tr\/how-to-win-in-jetx-game\/","og_site_name":"JetX Game","article_modified_time":"2024-01-24T19:16:17+00:00","twitter_card":"summary_large_image","twitter_misc":{"Tahmini okuma s\u00fcresi":"6 dakika"},"schema":{"@context":"https:\/\/schema.org","@graph":[{"@type":["WebPage","FAQPage"],"@id":"https:\/\/superjetx.com\/how-to-win-in-jetx-game\/","url":"https:\/\/superjetx.com\/how-to-win-in-jetx-game\/","name":"JetX'te Nas\u0131l Kazan\u0131l\u0131r ve \u0130nan\u0131lmaz Oyun Deneyimi Nas\u0131l Elde Edilir?","isPartOf":{"@id":"https:\/\/superjetx.com\/#website"},"datePublished":"2023-12-18T19:15:00+00:00","dateModified":"2024-01-24T19:16:17+00:00","description":"\u00d6zel hileler, ipu\u00e7lar\u0131 ve tavsiyeler uygulayarak JetX'te Nas\u0131l Kazan\u0131l\u0131r? Bu makale JetX oyunu hakk\u0131nda detayl\u0131 bilgiler ve oyuncular i\u00e7in faydal\u0131 kazanma stratejileri i\u00e7ermektedir","breadcrumb":{"@id":"https:\/\/superjetx.com\/how-to-win-in-jetx-game\/#breadcrumb"},"mainEntity":[{"@id":"https:\/\/superjetx.com\/how-to-win-in-jetx-game\/#faq-question-1706123619561"},{"@id":"https:\/\/superjetx.com\/how-to-win-in-jetx-game\/#faq-question-1706123630908"},{"@id":"https:\/\/superjetx.com\/how-to-win-in-jetx-game\/#faq-question-1706123643044"}],"inLanguage":"tr","potentialAction":[{"@type":"ReadAction","target":["https:\/\/superjetx.com\/how-to-win-in-jetx-game\/"]}]},{"@type":"BreadcrumbList","@id":"https:\/\/superjetx.com\/how-to-win-in-jetx-game\/#breadcrumb","itemListElement":[{"@type":"ListItem","position":1,"name":"Home","item":"https:\/\/superjetx.com\/"},{"@type":"ListItem","position":2,"name":"How to Win in JetX Game"}]},{"@type":"WebSite","@id":"https:\/\/superjetx.com\/#website","url":"https:\/\/superjetx.com\/","name":"JetX Oyunu","description":"S\u00fcper JetX Kul\u00fcb\u00fc","potentialAction":[{"@type":"SearchAction","target":{"@type":"EntryPoint","urlTemplate":"https:\/\/superjetx.com\/?s={search_term_string}"},"query-input":{"@type":"PropertyValueSpecification","valueRequired":true,"valueName":"search_term_string"}}],"inLanguage":"tr"},{"@type":"Question","@id":"https:\/\/superjetx.com\/how-to-win-in-jetx-game\/#faq-question-1706123619561","position":1,"url":"https:\/\/superjetx.com\/how-to-win-in-jetx-game\/#faq-question-1706123619561","name":"JetX nedir?","answerCount":1,"acceptedAnswer":{"@type":"Answer","text":"The JetX game is an online air crash simulator that differs from similar options in the world of internet gaming.","inLanguage":"tr"},"inLanguage":"tr"},{"@type":"Question","@id":"https:\/\/superjetx.com\/how-to-win-in-jetx-game\/#faq-question-1706123630908","position":2,"url":"https:\/\/superjetx.com\/how-to-win-in-jetx-game\/#faq-question-1706123630908","name":"JetX uygulamas\u0131ndaki oyun deneyimimi nas\u0131l geli\u015ftirebilirim?","answerCount":1,"acceptedAnswer":{"@type":"Answer","text":"To improve your gameplay in JetX, you may adhere to helpful tips that will assist you in enhancing your skills and performance. For instance, you may practice a lot, master the controls of JetX, learn the game's rules well, stay concentrated, watch gameplay videos, tutorials, or streams of experienced JetX players, etc.","inLanguage":"tr"},"inLanguage":"tr"},{"@type":"Question","@id":"https:\/\/superjetx.com\/how-to-win-in-jetx-game\/#faq-question-1706123643044","position":3,"url":"https:\/\/superjetx.com\/how-to-win-in-jetx-game\/#faq-question-1706123643044","name":"Ne kadar kazanabilirim?","answerCount":1,"acceptedAnswer":{"@type":"Answer","text":"The amount you can win depends on your bet and the multiplier you bet on. Higher multipliers grant the opportunity to win more money, however, they are likewise riskier.","inLanguage":"tr"},"inLanguage":"tr"}]}},"_links":{"self":[{"href":"https:\/\/superjetx.com\/tr\/wp-json\/wp\/v2\/pages\/100","targetHints":{"allow":["GET"]}}],"collection":[{"href":"https:\/\/superjetx.com\/tr\/wp-json\/wp\/v2\/pages"}],"about":[{"href":"https:\/\/superjetx.com\/tr\/wp-json\/wp\/v2\/types\/page"}],"author":[{"embeddable":true,"href":"https:\/\/superjetx.com\/tr\/wp-json\/wp\/v2\/users\/2"}],"replies":[{"embeddable":true,"href":"https:\/\/superjetx.com\/tr\/wp-json\/wp\/v2\/comments?post=100"}],"version-history":[{"count":1,"href":"https:\/\/superjetx.com\/tr\/wp-json\/wp\/v2\/pages\/100\/revisions"}],"predecessor-version":[{"id":101,"href":"https:\/\/superjetx.com\/tr\/wp-json\/wp\/v2\/pages\/100\/revisions\/101"}],"wp:attachment":[{"href":"https:\/\/superjetx.com\/tr\/wp-json\/wp\/v2\/media?parent=100"}],"curies":[{"name":"wp","href":"https:\/\/api.w.org\/{rel}","templated":true}]}}