{"id":102,"date":"2024-01-24T20:06:24","date_gmt":"2024-01-24T20:06:24","guid":{"rendered":"https:\/\/superjetx.com\/?page_id=102"},"modified":"2024-01-26T22:00:18","modified_gmt":"2024-01-26T22:00:18","slug":"jetx-game-bonuses","status":"publish","type":"page","link":"https:\/\/superjetx.com\/tr\/jetx-game-bonuses\/","title":{"rendered":"JetX Oyun Bonuslar\u0131"},"content":{"rendered":"<p>Oynamak, oyunun tad\u0131n\u0131 \u00e7\u0131karmak ve kazanmak istiyorsan\u0131z, JetX Game tam size g\u00f6re bir se\u00e7enektir. Geli\u015ftiricileri kusursuz bir oyun deneyimi yaratmak ve y\u00fcksek kazanma \u015fans\u0131 sa\u011flamak i\u00e7in ellerinden geleni yapt\u0131lar. Bu oyunu anlamak ve oynamak kolayd\u0131r, b\u00fcy\u00fcleyicidir ve dikkat \u00e7eker. Buna ek olarak, i\u00e7inde kullanabilece\u011finiz ve daha da fazla kar edebilece\u011finiz bonuslar var.<\/p>\n\n\n\n<h2 class=\"wp-block-heading\">JetX Oyunu Nedir<\/h2>\n\n\n\n<p>Bu oyun s\u00f6zde \u00e7arp\u0131\u015fma oyunlar\u0131na aittir. Oyun a\u015fa\u011f\u0131daki a\u015famalardan olu\u015fmaktad\u0131r:<\/p>\n\n\n\n<ul class=\"space-mark wp-block-list\">\n<li>Turu ba\u015flatmadan \u00f6nce kullan\u0131c\u0131 bahis yapar.<\/li>\n\n\n\n<li>Oyun ba\u015flad\u0131\u011f\u0131nda, u\u00e7ak havalan\u0131r ve oyuncu onun ilerleyi\u015fini takip eder.<\/li>\n\n\n\n<li>U\u00e7u\u015f devam ederken \u00e7arpan b\u00fcy\u00fcyor ve daha fazla kazanma \u015fans\u0131 sa\u011fl\u0131yor.<\/li>\n\n\n\n<li>Oyuncunun nakit \u00e7\u0131k\u0131\u015f\u0131 i\u00e7in noktay\u0131 se\u00e7mesi ve bunu \u00e7arp\u0131\u015fmadan \u00f6nce yapmas\u0131 gerekir.<\/li>\n\n\n\n<li>E\u011fer do\u011fru an\u0131 se\u00e7tiyse, o anda belirlenen \u00e7arpana g\u00f6re kazan\u0131r.<\/li>\n\n\n\n<li>Kullan\u0131c\u0131 hala oyundayken u\u00e7ak d\u00fc\u015ferse, bahis kaybedilir.<\/li>\n<\/ul>\n\n\n\n<p>Bu nedenle, her \u015fey olduk\u00e7a basit ve dinamiktir. Bir tur ortalama saniye ve dakika s\u00fcrer. Bu nedenle, kullan\u0131c\u0131n\u0131n kazanmak i\u00e7in aktif ve uyan\u0131k kalmas\u0131 gerekir.<\/p>\n\n\n\n<p>Geli\u015ftiriciler yakla\u015f\u0131k 97%'lik bir RTP iddia ediyor. Bu, kazanma \u015fans\u0131n\u0131n ger\u00e7ekten y\u00fcksek oldu\u011fu anlam\u0131na gelir. Asl\u0131nda u\u00e7a\u011f\u0131n ilk saniyelerde d\u00fc\u015ft\u00fc\u011f\u00fc nadir durumlar vard\u0131r. Bu se\u00e7ene\u011fin b\u00fcy\u00fck pop\u00fclaritesinin nedenlerinden biri de budur.<\/p>\n\n\n\n<h2 class=\"wp-block-heading\">JetX Nas\u0131l Oynan\u0131r?<\/h2>\n\n\n\n<p>En \u00f6nemli konu bu oyunun nerede oynanaca\u011f\u0131d\u0131r. \u0130ki ana se\u00e7enek vard\u0131r, yani:<\/p>\n\n\n\n<ul class=\"space-mark wp-block-list\">\n<li>\u00d6zel uygulamay\u0131 Apple Store veya Google Play Store'dan indirebilir ve cep telefonunuza y\u00fckleyebilirsiniz. Bu i\u015flem olduk\u00e7a kolay ve h\u0131zl\u0131d\u0131r. Uygulama fazla yer kaplamaz ve birka\u00e7 dakika i\u00e7inde y\u00fcklenir.<\/li>\n\n\n\n<li>Bu oyun se\u00e7ene\u011fini sunan g\u00fcvenilir bir \u00e7evrimi\u00e7i kumarhane arayabilirsiniz. Pop\u00fclerli\u011fi nedeniyle oyun olduk\u00e7a yayg\u0131nd\u0131r. Web sitesinde, ki\u015finin kay\u0131t olmas\u0131 ve hesab\u0131 do\u011frulamas\u0131 gerekir ve ard\u0131ndan oyun ba\u015flat\u0131l\u0131r. PC i\u00e7in istemcinin yan\u0131 s\u0131ra kul\u00fcpten uygulamay\u0131 indirme imkan\u0131 da olabilir.<\/li>\n<\/ul>\n\n\n\n<p>Bu oyun i\u00e7in \u00fccretsiz demo s\u00fcr\u00fcm\u00fc oldu\u011funu unutmay\u0131n. Ayn\u0131 kurallara ve aray\u00fcze sahiptir ancak kay\u0131t olmay\u0131 ve ger\u00e7ek parayla bahis oynamay\u0131 gerektirmez. Bu, onunla tan\u0131\u015fmak, temel kurallar\u0131 anlamak ve deneyimli bir oyuncu olmak i\u00e7in harika bir yoldur. Daha sonra, tam s\u00fcr\u00fcmle devam edebilir, bahis yapabilir ve kazanabilirsiniz.<\/p>\n\n\n\n<h2 class=\"wp-block-heading\">JetX Bonuslar\u0131<\/h2>\n\n\n\n<p>Mevcut bonuslara gelince, bunlar genellikle se\u00e7ilen kul\u00fcbe ba\u011fl\u0131d\u0131r. Yayg\u0131n bir se\u00e7enek, ilk para yat\u0131rma i\u00e7in bir bonus. Bu i\u015flemi yaparken, bir ho\u015fgeldin bonusu almak i\u00e7in gerekli alana 'JETX bonusu' girilmelidir. \u0130kincisi genellikle depozito b\u00fcy\u00fckl\u00fc\u011f\u00fcne e\u015fittir.<\/p>\n\n\n\n<p>Ayr\u0131ca, her \u00e7evrimi\u00e7i kurulu\u015fun kendi promosyonlar\u0131 vard\u0131r. Bunlar\u0131 takip etmeniz ve JetX Game i\u00e7in ge\u00e7erli olanlar\u0131 kullanman\u0131z tavsiye edilir.<\/p>\n\n\n\n<h2 class=\"wp-block-heading\">JetX Kazanma Stratejisi<\/h2>\n\n\n\n<p>Bir yandan, bu harika oyun \u015fansa ve \u015fansa ba\u011fl\u0131d\u0131r. Algoritman\u0131n \u00fcstesinden gelmenin veya yeni bir turun sonucunu do\u011fru tahmin etmenin bir yolu yoktur. \u00d6te yandan, oyuncular ba\u015far\u0131l\u0131 stratejiler ve tavsiyeler aramaya devam ediyor.<br>Oyuncular i\u00e7in faydal\u0131 olabilecek baz\u0131 tavsiyeler vard\u0131r:<\/p>\n\n\n\n<ul class=\"space-mark wp-block-list\">\n<li>Her zaman demo s\u00fcr\u00fcm\u00fcnden ba\u015flay\u0131n. Tamamen \u00fccretsizdir ve herkes taraf\u0131ndan kullan\u0131labilir. E\u011fitim ve de\u011ferli deneyim kazanmak i\u00e7in m\u00fckemmel bir \u015fans sa\u011flar. Ger\u00e7ek parayla oynamad\u0131\u011f\u0131n\u0131z i\u00e7in daha az gerilim vard\u0131r. B\u00f6ylece, t\u00fcm oyun i\u00e7i \u00f6zelliklere ayak uydurmaya \u00e7al\u0131\u015f\u0131rken rahatlayabilir ve s\u00fcrecin tad\u0131n\u0131 \u00e7\u0131karabilirsiniz.<\/li>\n\n\n\n<li>K\u00fc\u00e7\u00fck ama s\u0131k bahisler yap\u0131n. Kazanma \u015fans\u0131 daha y\u00fcksektir ancak kay\u0131p da olabilir. Yine de, ne kadar \u00e7ok tur oynarsan\u0131z, o kadar \u00e7ok ba\u015far\u0131l\u0131 bir \u015fekilde sona erecektir. Bu durumda, k\u00fc\u00e7\u00fck bahisler bile karl\u0131 olacakt\u0131r.<\/li>\n\n\n\n<li>S\u0131n\u0131rlar\u0131n\u0131z\u0131 \u00f6nceden belirleyin. Oyun i\u00e7in ne kadar harcayabilece\u011finizi anlamal\u0131s\u0131n\u0131z. Bu hem para hem de zamanla ilgilidir. Bu s\u0131n\u0131rlar hakk\u0131nda d\u00fc\u015f\u00fcn\u00fcn ve onlara s\u0131k\u0131 s\u0131k\u0131ya uyun. B\u00f6ylece, oyunda ho\u015f olmayan sonu\u00e7lardan ve hayal k\u0131r\u0131kl\u0131\u011f\u0131ndan ka\u00e7\u0131nacaks\u0131n\u0131z.<\/li>\n\n\n\n<li>Kendi deneyimlerinizi ve di\u011fer oyuncular\u0131n deneyimlerini analiz edin. Elbette, her tur benzersizdir ancak baz\u0131 genel mant\u0131klar\u0131 g\u00f6zlemleyebilir ve takip etmeye \u00e7al\u0131\u015fabilirsiniz. Ayr\u0131ca sohbette di\u011fer oyuncularla ileti\u015fim kurabilirsiniz.<\/li>\n<\/ul>\n\n\n\n<p>Sorumlu oyun kurallar\u0131n\u0131 ihmal etmeyin ve e\u011flenin.<\/p>\n\n\n\n<h2 class=\"wp-block-heading\">JetX Mobil Uygulamas\u0131<\/h2>\n\n\n\n<p>Daha \u00f6nce de belirtti\u011fimiz gibi, cep telefonunuzu kullanarak bu oyunun tad\u0131n\u0131 \u00e7\u0131karman\u0131n m\u00fckemmel bir yolu var. Geli\u015ftiriciler hem Android hem de IOS i\u00e7in uygulamalar olu\u015fturdular. B\u00f6ylece, ilgili \u00e7evrimi\u00e7i ma\u011fazadan kolayca indirebilir, oyunu y\u00fckleyebilir ve ba\u015flatabilirsiniz.<\/p>\n\n\n\n<p>Masa\u00fcst\u00fc ve mobil s\u00fcr\u00fcm aras\u0131nda hi\u00e7bir fark yoktur. Bu nedenle, her \u015fey tercihlerinize ve ara\u00e7lar\u0131n kullan\u0131labilirli\u011fine ba\u011fl\u0131d\u0131r. Ayr\u0131ca, duruma ba\u011fl\u0131 olarak herhangi bir cihazda bir hesap olu\u015fturabilir ve giri\u015f yapabilirsiniz.<\/p>\n\n\n\n<h2 class=\"wp-block-heading\">\u00d6zet<\/h2>\n\n\n\n<p>Toplamda, bu kadar e\u011flenceyi de\u011ferli kazan\u00e7larla bir araya getiren ba\u015fka bir oyun bulmak zordur. \u00dcstelik kurallar\u0131 ve oynan\u0131\u015f\u0131 \u00f6\u011frenmek i\u00e7in \u00e7ok fazla zaman harcaman\u0131za gerek yok. Kullan\u0131c\u0131 dostudur ve gezinmesi kolayd\u0131r, adil ve e\u011flencelidir. Oynamak i\u00e7in uygun bir se\u00e7enek bulmakta teredd\u00fct etmeyin ve bu m\u00fckemmel oyunu sadece rahatlamak i\u00e7in de\u011fil, ayn\u0131 zamanda ger\u00e7ek para kazanmak i\u00e7in de deneyin.<\/p>\n\n\n\n<h2 class=\"wp-block-heading\">SSS<\/h2>\n\n\n\n<div class=\"schema-faq wp-block-yoast-faq-block\"><div class=\"schema-faq-section\" id=\"faq-question-1706124033291\"><strong class=\"schema-faq-question\">JetX ile nas\u0131l para kazan\u0131l\u0131r?<\/strong> <p class=\"schema-faq-answer\">Oyunu ba\u015flat\u0131n, ilk bahsinizi yap\u0131n ve oynamaya ba\u015flay\u0131n. S\u0131k s\u0131k k\u00fc\u00e7\u00fck miktarlarda bahis yaparken kazanmak kolay ve ger\u00e7ekten kolayd\u0131r.<\/p> <\/div> <div class=\"schema-faq-section\" id=\"faq-question-1706124057267\"><strong class=\"schema-faq-question\">JetX'i nas\u0131l yenersiniz?<\/strong> <p class=\"schema-faq-answer\">Bu oyun adil ve tamamen \u00f6ng\u00f6r\u00fclemezdir. Bu nedenle, \u015fans\u0131n\u0131za inan\u0131n ve sezgilerinize g\u00fcvenin. Ek olarak, \u00f6nceki deneyimi analiz edin ve demo modunda oynamay\u0131 \u00f6\u011frenin. Biraz deneyim her zaman yard\u0131mc\u0131 olur.<\/p> <\/div> <div class=\"schema-faq-section\" id=\"faq-question-1706124072459\"><strong class=\"schema-faq-question\">JetX oyunu nas\u0131l \u00e7al\u0131\u015f\u0131r?<\/strong> <p class=\"schema-faq-answer\">U\u00e7an bir u\u00e7ak vard\u0131r ve \u00e7arpan onunla birlikte y\u00fckselir. Oyuncu hangi noktada para kazanaca\u011f\u0131na karar vermelidir. Kazadan \u00f6nce bunu yapmay\u0131 ba\u015far\u0131rsa kazanan o olur.<\/p> <\/div> <\/div>","protected":false},"excerpt":{"rendered":"<p>If you wish to play, enjoy the game and win, then JetX Game is the option just for you. Its developers did their best to create a seamless gaming experience and provide high chance of winning. This game is easy to understand and play, it fascinates and grips attention. In addition, there are bonuses that [&hellip;]<\/p>\n","protected":false},"author":2,"featured_media":0,"parent":0,"menu_order":0,"comment_status":"closed","ping_status":"closed","template":"","meta":{"footnotes":""},"class_list":["post-102","page","type-page","status-publish","hentry"],"yoast_head":"<!-- This site is optimized with the Yoast SEO plugin v27.3 - https:\/\/yoast.com\/product\/yoast-seo-wordpress\/ -->\n<title>JetX Bonuses and all the features of the prefect game for winnings<\/title>\n<meta name=\"description\" content=\"JetX Bonuses are available for everyone. They include a generous welcome bonus and other options. Do not hesitate to learn more about this awesome game, start to play and win money\" \/>\n<meta name=\"robots\" content=\"index, follow, max-snippet:-1, max-image-preview:large, max-video-preview:-1\" \/>\n<link rel=\"canonical\" href=\"https:\/\/superjetx.com\/tr\/jetx-game-bonuses\/\" \/>\n<meta property=\"og:locale\" content=\"tr_TR\" \/>\n<meta property=\"og:type\" content=\"article\" \/>\n<meta property=\"og:title\" content=\"JetX Bonuses and all the features of the prefect game for winnings\" \/>\n<meta property=\"og:description\" content=\"JetX Bonuses are available for everyone. They include a generous welcome bonus and other options. Do not hesitate to learn more about this awesome game, start to play and win money\" \/>\n<meta property=\"og:url\" content=\"https:\/\/superjetx.com\/tr\/jetx-game-bonuses\/\" \/>\n<meta property=\"og:site_name\" content=\"JetX Game\" \/>\n<meta property=\"article:modified_time\" content=\"2024-01-26T22:00:18+00:00\" \/>\n<meta name=\"twitter:card\" content=\"summary_large_image\" \/>\n<meta name=\"twitter:label1\" content=\"Tahmini okuma s\u00fcresi\" \/>\n\t<meta name=\"twitter:data1\" content=\"5 dakika\" \/>\n<script type=\"application\/ld+json\" class=\"yoast-schema-graph\">{\"@context\":\"https:\\\/\\\/schema.org\",\"@graph\":[{\"@type\":[\"WebPage\",\"FAQPage\"],\"@id\":\"https:\\\/\\\/superjetx.com\\\/jetx-game-bonuses\\\/\",\"url\":\"https:\\\/\\\/superjetx.com\\\/jetx-game-bonuses\\\/\",\"name\":\"JetX Bonuses and all the features of the prefect game for winnings\",\"isPartOf\":{\"@id\":\"https:\\\/\\\/superjetx.com\\\/#website\"},\"datePublished\":\"2024-01-24T20:06:24+00:00\",\"dateModified\":\"2024-01-26T22:00:18+00:00\",\"description\":\"JetX Bonuses are available for everyone. They include a generous welcome bonus and other options. Do not hesitate to learn more about this awesome game, start to play and win money\",\"breadcrumb\":{\"@id\":\"https:\\\/\\\/superjetx.com\\\/jetx-game-bonuses\\\/#breadcrumb\"},\"mainEntity\":[{\"@id\":\"https:\\\/\\\/superjetx.com\\\/jetx-game-bonuses\\\/#faq-question-1706124033291\"},{\"@id\":\"https:\\\/\\\/superjetx.com\\\/jetx-game-bonuses\\\/#faq-question-1706124057267\"},{\"@id\":\"https:\\\/\\\/superjetx.com\\\/jetx-game-bonuses\\\/#faq-question-1706124072459\"}],\"inLanguage\":\"tr\",\"potentialAction\":[{\"@type\":\"ReadAction\",\"target\":[\"https:\\\/\\\/superjetx.com\\\/jetx-game-bonuses\\\/\"]}]},{\"@type\":\"BreadcrumbList\",\"@id\":\"https:\\\/\\\/superjetx.com\\\/jetx-game-bonuses\\\/#breadcrumb\",\"itemListElement\":[{\"@type\":\"ListItem\",\"position\":1,\"name\":\"Home\",\"item\":\"https:\\\/\\\/superjetx.com\\\/\"},{\"@type\":\"ListItem\",\"position\":2,\"name\":\"JetX Game Bonuses\"}]},{\"@type\":\"WebSite\",\"@id\":\"https:\\\/\\\/superjetx.com\\\/#website\",\"url\":\"https:\\\/\\\/superjetx.com\\\/\",\"name\":\"JetX Game\",\"description\":\"Super JetX Club\",\"potentialAction\":[{\"@type\":\"SearchAction\",\"target\":{\"@type\":\"EntryPoint\",\"urlTemplate\":\"https:\\\/\\\/superjetx.com\\\/?s={search_term_string}\"},\"query-input\":{\"@type\":\"PropertyValueSpecification\",\"valueRequired\":true,\"valueName\":\"search_term_string\"}}],\"inLanguage\":\"tr\"},{\"@type\":\"Question\",\"@id\":\"https:\\\/\\\/superjetx.com\\\/jetx-game-bonuses\\\/#faq-question-1706124033291\",\"position\":1,\"url\":\"https:\\\/\\\/superjetx.com\\\/jetx-game-bonuses\\\/#faq-question-1706124033291\",\"name\":\"How to make money with JetX?\",\"answerCount\":1,\"acceptedAnswer\":{\"@type\":\"Answer\",\"text\":\"Launch the game, make your first bet and start to play. It is easy and really to win while betting small sums frequently.\",\"inLanguage\":\"tr\"},\"inLanguage\":\"tr\"},{\"@type\":\"Question\",\"@id\":\"https:\\\/\\\/superjetx.com\\\/jetx-game-bonuses\\\/#faq-question-1706124057267\",\"position\":2,\"url\":\"https:\\\/\\\/superjetx.com\\\/jetx-game-bonuses\\\/#faq-question-1706124057267\",\"name\":\"How do you beat JetX?\",\"answerCount\":1,\"acceptedAnswer\":{\"@type\":\"Answer\",\"text\":\"This game is fair and completely unpredictable. Therefore, believe in your luck and trust your intuition. In addition, analyze the previous experience and learn to play in the demo mode. Some experience is always helpful.\",\"inLanguage\":\"tr\"},\"inLanguage\":\"tr\"},{\"@type\":\"Question\",\"@id\":\"https:\\\/\\\/superjetx.com\\\/jetx-game-bonuses\\\/#faq-question-1706124072459\",\"position\":3,\"url\":\"https:\\\/\\\/superjetx.com\\\/jetx-game-bonuses\\\/#faq-question-1706124072459\",\"name\":\"How does JetX game work?\",\"answerCount\":1,\"acceptedAnswer\":{\"@type\":\"Answer\",\"text\":\"There is an aircraft that flies and the multiplier rises together with it. The gamer should decide on which point to cash out. He becomes the winner if he succeeded in doing it before the crash.\",\"inLanguage\":\"tr\"},\"inLanguage\":\"tr\"}]}<\/script>\n<!-- \/ Yoast SEO plugin. -->","yoast_head_json":{"title":"JetX Bonuslar\u0131 ve kazan\u00e7lar i\u00e7in m\u00fckemmel oyunun t\u00fcm \u00f6zellikleri","description":"JetX Bonuslar\u0131 herkes i\u00e7in mevcuttur. C\u00f6mert bir ho\u015fgeldin bonusu ve di\u011fer se\u00e7enekleri i\u00e7erirler. Bu harika oyun hakk\u0131nda daha fazla bilgi edinmek, oynamaya ba\u015flamak ve para kazanmak i\u00e7in teredd\u00fct etmeyin","robots":{"index":"index","follow":"follow","max-snippet":"max-snippet:-1","max-image-preview":"max-image-preview:large","max-video-preview":"max-video-preview:-1"},"canonical":"https:\/\/superjetx.com\/tr\/jetx-game-bonuses\/","og_locale":"tr_TR","og_type":"article","og_title":"JetX Bonuses and all the features of the prefect game for winnings","og_description":"JetX Bonuses are available for everyone. They include a generous welcome bonus and other options. Do not hesitate to learn more about this awesome game, start to play and win money","og_url":"https:\/\/superjetx.com\/tr\/jetx-game-bonuses\/","og_site_name":"JetX Game","article_modified_time":"2024-01-26T22:00:18+00:00","twitter_card":"summary_large_image","twitter_misc":{"Tahmini okuma s\u00fcresi":"5 dakika"},"schema":{"@context":"https:\/\/schema.org","@graph":[{"@type":["WebPage","FAQPage"],"@id":"https:\/\/superjetx.com\/jetx-game-bonuses\/","url":"https:\/\/superjetx.com\/jetx-game-bonuses\/","name":"JetX Bonuslar\u0131 ve kazan\u00e7lar i\u00e7in m\u00fckemmel oyunun t\u00fcm \u00f6zellikleri","isPartOf":{"@id":"https:\/\/superjetx.com\/#website"},"datePublished":"2024-01-24T20:06:24+00:00","dateModified":"2024-01-26T22:00:18+00:00","description":"JetX Bonuslar\u0131 herkes i\u00e7in mevcuttur. C\u00f6mert bir ho\u015fgeldin bonusu ve di\u011fer se\u00e7enekleri i\u00e7erirler. Bu harika oyun hakk\u0131nda daha fazla bilgi edinmek, oynamaya ba\u015flamak ve para kazanmak i\u00e7in teredd\u00fct etmeyin","breadcrumb":{"@id":"https:\/\/superjetx.com\/jetx-game-bonuses\/#breadcrumb"},"mainEntity":[{"@id":"https:\/\/superjetx.com\/jetx-game-bonuses\/#faq-question-1706124033291"},{"@id":"https:\/\/superjetx.com\/jetx-game-bonuses\/#faq-question-1706124057267"},{"@id":"https:\/\/superjetx.com\/jetx-game-bonuses\/#faq-question-1706124072459"}],"inLanguage":"tr","potentialAction":[{"@type":"ReadAction","target":["https:\/\/superjetx.com\/jetx-game-bonuses\/"]}]},{"@type":"BreadcrumbList","@id":"https:\/\/superjetx.com\/jetx-game-bonuses\/#breadcrumb","itemListElement":[{"@type":"ListItem","position":1,"name":"Home","item":"https:\/\/superjetx.com\/"},{"@type":"ListItem","position":2,"name":"JetX Game Bonuses"}]},{"@type":"WebSite","@id":"https:\/\/superjetx.com\/#website","url":"https:\/\/superjetx.com\/","name":"JetX Oyunu","description":"S\u00fcper JetX Kul\u00fcb\u00fc","potentialAction":[{"@type":"SearchAction","target":{"@type":"EntryPoint","urlTemplate":"https:\/\/superjetx.com\/?s={search_term_string}"},"query-input":{"@type":"PropertyValueSpecification","valueRequired":true,"valueName":"search_term_string"}}],"inLanguage":"tr"},{"@type":"Question","@id":"https:\/\/superjetx.com\/jetx-game-bonuses\/#faq-question-1706124033291","position":1,"url":"https:\/\/superjetx.com\/jetx-game-bonuses\/#faq-question-1706124033291","name":"JetX ile nas\u0131l para kazan\u0131l\u0131r?","answerCount":1,"acceptedAnswer":{"@type":"Answer","text":"Launch the game, make your first bet and start to play. It is easy and really to win while betting small sums frequently.","inLanguage":"tr"},"inLanguage":"tr"},{"@type":"Question","@id":"https:\/\/superjetx.com\/jetx-game-bonuses\/#faq-question-1706124057267","position":2,"url":"https:\/\/superjetx.com\/jetx-game-bonuses\/#faq-question-1706124057267","name":"JetX'i nas\u0131l yenersiniz?","answerCount":1,"acceptedAnswer":{"@type":"Answer","text":"This game is fair and completely unpredictable. Therefore, believe in your luck and trust your intuition. In addition, analyze the previous experience and learn to play in the demo mode. Some experience is always helpful.","inLanguage":"tr"},"inLanguage":"tr"},{"@type":"Question","@id":"https:\/\/superjetx.com\/jetx-game-bonuses\/#faq-question-1706124072459","position":3,"url":"https:\/\/superjetx.com\/jetx-game-bonuses\/#faq-question-1706124072459","name":"JetX oyunu nas\u0131l \u00e7al\u0131\u015f\u0131r?","answerCount":1,"acceptedAnswer":{"@type":"Answer","text":"There is an aircraft that flies and the multiplier rises together with it. The gamer should decide on which point to cash out. He becomes the winner if he succeeded in doing it before the crash.","inLanguage":"tr"},"inLanguage":"tr"}]}},"_links":{"self":[{"href":"https:\/\/superjetx.com\/tr\/wp-json\/wp\/v2\/pages\/102","targetHints":{"allow":["GET"]}}],"collection":[{"href":"https:\/\/superjetx.com\/tr\/wp-json\/wp\/v2\/pages"}],"about":[{"href":"https:\/\/superjetx.com\/tr\/wp-json\/wp\/v2\/types\/page"}],"author":[{"embeddable":true,"href":"https:\/\/superjetx.com\/tr\/wp-json\/wp\/v2\/users\/2"}],"replies":[{"embeddable":true,"href":"https:\/\/superjetx.com\/tr\/wp-json\/wp\/v2\/comments?post=102"}],"version-history":[{"count":3,"href":"https:\/\/superjetx.com\/tr\/wp-json\/wp\/v2\/pages\/102\/revisions"}],"predecessor-version":[{"id":119,"href":"https:\/\/superjetx.com\/tr\/wp-json\/wp\/v2\/pages\/102\/revisions\/119"}],"wp:attachment":[{"href":"https:\/\/superjetx.com\/tr\/wp-json\/wp\/v2\/media?parent=102"}],"curies":[{"name":"wp","href":"https:\/\/api.w.org\/{rel}","templated":true}]}}