{"id":112,"date":"2023-11-23T08:28:00","date_gmt":"2023-11-23T08:28:00","guid":{"rendered":"https:\/\/superjetx.com\/?page_id=112"},"modified":"2024-04-10T13:36:33","modified_gmt":"2024-04-10T13:36:33","slug":"rocketman-slots-casino-game","status":"publish","type":"page","link":"https:\/\/superjetx.com\/tr\/rocketman-slots-casino-game\/","title":{"rendered":"Rocketman Slotlar\u0131 Casino Oyunu"},"content":{"rendered":"<p>Bahis\u00e7iler genellikle Rocketman'i \"slot\" olarak adland\u0131r\u0131r, \u00e7\u00fcnk\u00fc t\u0131pk\u0131 slotlarda oldu\u011fu gibi, tur an\u0131nda sona erer ve sonucu rastgeledir. Ger\u00e7ekte, Rocketman \u00e7arp\u0131\u015fma oyunlar\u0131 konsepti alt\u0131nda \u00e7al\u0131\u015f\u0131r. Deneyimli kumar merakl\u0131lar\u0131 \u00e7arp\u0131\u015fma oyunlar\u0131n\u0131n nas\u0131l \u00e7al\u0131\u015ft\u0131\u011f\u0131n\u0131 hat\u0131rlar: yeni seri ba\u015flamadan \u00f6nce bir bahis koyars\u0131n\u0131z, \u00e7arpan b\u00fcy\u00fcrken u\u00e7an nesneyi izlersiniz ve de\u011ferini yeterince be\u011fendi\u011finizde paran\u0131z\u0131 \u00e7ekersiniz. Turun bir noktas\u0131nda (rastgele se\u00e7ilir), nesne patlar veya kaybolur ve oyuncu paras\u0131n\u0131 daha \u00f6nce \u00e7ekmediyse kaybeder.<\/p>\n\n\n\n<p>Aviator, Lucky Jet, Blaze Crash gibi onlarca tan\u0131nm\u0131\u015f ve sevilen \u00e7arp\u0131\u015fma oyunu ba\u015fl\u0131\u011f\u0131 var, \u00f6yleyse neden Rocketman bahis oyununu oynayal\u0131m? Size bu konuda her \u015feyi anlatt\u0131ktan sonra, en az\u0131ndan merak edeceksiniz!<\/p>\n\n\n\n<div class=\"btn\" style=\"display: flex; justify-content: center;\"><a href=\"\/play\/1win\/\" target=\"_blank\" rel=\"noreferrer noopener nofollow\">Bonus Al\u0131n ve Oynay\u0131n<\/a><\/div>\n<div class=\"date\" style=\"display: flex; justify-content: center;\">Checked and updated: 09.04.2026<\/div>\n\n\n\n<div style=\"height:50px\" aria-hidden=\"true\" class=\"wp-block-spacer\"><\/div>\n\n\n\n<h2 class=\"wp-block-heading\">Oyuna Genel Bak\u0131\u015f<\/h2>\n\n\n\n<p>Rocketman, 2022 y\u0131l\u0131nda Elbet taraf\u0131ndan piyasaya s\u00fcr\u00fclen bir \u00e7arp\u0131\u015fma oyunudur. Yeni bir ba\u015fl\u0131k olarak, \u00f6ncekilerin t\u00fcm iyi \u00f6zelliklerine sahip oldu\u011funu ve yeni bir \u015feyler ekledi\u011fini tahmin edebilirsiniz. Oyun 180'den fazla para birimiyle \u00e7al\u0131\u015f\u0131r ve di\u011fer \u00fclkelerden bahis\u00e7iler i\u00e7in 20'den fazla dile \u00e7evrilmi\u015ftir.<\/p>\n\n\n\n<p>Rocketman'in RTP'si yakla\u015f\u0131k 95,5%'dir. Bu, istatistiksel olarak, oyuncunun bahis yapt\u0131\u011f\u0131 her $100 i\u00e7in uzun vadede $95,5 geri ald\u0131\u011f\u0131 anlam\u0131na gelir.<\/p>\n\n\n\n<p>Ad\u0131ndan da anla\u015f\u0131laca\u011f\u0131 gibi Rocketman, havalanan ve \u00e7arpan\u0131n dikey eksenine paralel olarak u\u00e7an bir roketin u\u00e7u\u015funu konu al\u0131yor. Ne kadar uzun u\u00e7arsa, \u00e7arpan\u0131n katsay\u0131s\u0131 o kadar y\u00fcksek olur. Oyuncu para \u00e7ekme d\u00fc\u011fmesine bast\u0131\u011f\u0131nda, bahislerinin toplam\u0131n\u0131 mevcut de\u011ferle \u00e7arparak \u00e7eker.<\/p>\n\n\n\n<p>Roketin patlad\u0131\u011f\u0131 ve turun sona erdi\u011fi an, rastgele say\u0131 \u00fcretecine (RNG) dayal\u0131 bir algoritma taraf\u0131ndan se\u00e7ilir. Bu say\u0131 turun ba\u015f\u0131nda hash mekani\u011fine dayal\u0131 olarak \u00fcretilir ve oyuncular taraf\u0131ndan do\u011frulanabilir. Buna kan\u0131tlanabilir adalet teknolojisi denir.<\/p>\n\n\n\n<h2 class=\"wp-block-heading\">Roket Adam Oyun \u00d6zellikleri<\/h2>\n\n\n\n<p>Peki, Rocketman online oyununda sevilecek ne var? \u00d6ncelikle, Aviator ve di\u011fer klasik oyunlarda sevdi\u011fimiz her \u015fey var! Parlak ve haval\u0131 grafikler, ses efektleri ve kullan\u0131\u015fl\u0131 kullan\u0131c\u0131 aray\u00fcz\u00fc \u00e7\u00f6z\u00fcmleri. Oyun canl\u0131 bahis istatistikleri sunar ve di\u011fer oyuncularla ba\u011flant\u0131 kurmak ve oyundaki duygular\u0131n\u0131z\u0131 ifade etmek i\u00e7in \u00e7evrimi\u00e7i bir sohbete sahiptir. Hepsi ana oyun alan\u0131n\u0131n etraf\u0131nda d\u00fczg\u00fcn bir \u015fekilde istiflenmi\u015ftir, b\u00f6ylece hi\u00e7bir \u015fey dikkatinizi da\u011f\u0131tmaz, ancak ihtiyac\u0131n\u0131z oldu\u011funda kolayca eri\u015filebilir.<\/p>\n\n\n\n<p>Bir turda birden fazla bahis koyma ve her \u015feyi yapma se\u00e7enekleri de burada. Tek bir t\u0131klamayla otomatik bahsi a\u00e7abilirsiniz ve oyun, sizin s\u00fcrekli kontrol\u00fcn\u00fcz olmadan her turdan \u00f6nce sabit bahsi koyacakt\u0131r. Kazanc\u0131n\u0131z\u0131 belirlenen \u00e7arpan de\u011ferinde \u00e7ekmek i\u00e7in otomatik nakit \u00e7\u0131k\u0131\u015f\u0131 ile e\u015fle\u015ftirin ve sadece oturabilir, rahatlayabilir ve ilerlemenizi izleyebilirsiniz!<\/p>\n\n\n\n<p>Bize g\u00f6re oyunun en iyi yan\u0131 roketin h\u0131zlanmas\u0131! En h\u0131zl\u0131 oldu\u011fu zaman\u0131 tahmin etmeyi ba\u015fard\u0131\u011f\u0131n\u0131zda, patlamadan hemen \u00f6nce paraya \u00e7evirebilirsiniz. Bunu yapmak zor ama neyse ki Elbet, \u015fans\u0131n\u0131z\u0131 art\u0131rmak i\u00e7in pratik yapabilece\u011finiz \u00fccretsiz bir mod sunuyor.<\/p>\n\n\n\n<h2 class=\"wp-block-heading\">Rocketman Demo Oyunu<\/h2>\n\n\n\n<p>Evet, Rocketman casino oyununun bir demo modu vard\u0131r. Burada ger\u00e7ek para yat\u0131rmadan oynayabilirsiniz. Elbette hi\u00e7bir \u015fey kazanamazs\u0131n\u0131z, ama hey!-ayn\u0131 zamanda hi\u00e7bir \u015fey kaybetmezsiniz. Oyunun h\u0131z\u0131na uyum sa\u011flamak, kontrollere g\u00fcvenmek ve sadece iyi, risksiz e\u011flenmek i\u00e7in harika bir f\u0131rsat! Sadece bahis oynamaya geri d\u00f6nerken dikkatli olun, \u00e7ok dikkatsiz olmay\u0131n, yoksa hesap bakiyeniz bunu hissedecektir!<\/p>\n\n\n\n<h2 class=\"wp-block-heading\">Rocketman Slotlar\u0131 Nas\u0131l Oynan\u0131r?<\/h2>\n\n\n\n<p>Mekanizma \u015fimdiye kadarki t\u00fcm \u00e7arp\u0131\u015fma oyunlar\u0131yla ayn\u0131d\u0131r. Bir bahis koyun (manuel veya otomatik olarak), tur ba\u015flar ve roket patlamadan \u00f6nce paran\u0131z\u0131 yat\u0131r\u0131n. Oyunun maksimum \u00e7arpan\u0131 20.000x'tir. Oturup \u00e7arpan\u0131 izlemek istemiyorsan\u0131z, otomatik nakit \u00e7\u0131k\u0131\u015f\u0131 ayarlay\u0131n ve oyun s\u00fcrecinin huzur i\u00e7inde tad\u0131n\u0131 \u00e7\u0131kar\u0131n.<\/p>\n\n\n\n<h3 class=\"wp-block-heading\">Mobil Oyun<\/h3>\n\n\n\n<p>Rocketman casino oyununu nerede oynayabilirsiniz? Her \u015feyden \u00f6nce, bu oyunu sunan her online casinonun resmi web sitesinde! Bilgisayar\u0131n\u0131zdaki taray\u0131c\u0131da veya bir mobil cihazda da a\u00e7abilirsiniz! Oyun \u00e7e\u015fitli ekran boyutlar\u0131nda iyi \u00e7al\u0131\u015f\u0131r, bu nedenle d\u00fc\u011fmelere basarken herhangi bir sorun ya\u015famazs\u0131n\u0131z. Bu, \u00f6zellikle zaman\u0131nda para kazanmaktan bahsederken \u00f6nemlidir!<\/p>\n\n\n\n<p>Rocketman .apk dosyas\u0131n\u0131 indirirseniz Rocketman oyununu Android'de de oynayabilirsiniz. Yine de dikkatli olun ve uygulama olarak maskelenmi\u015f k\u00f6t\u00fc ama\u00e7l\u0131 yaz\u0131l\u0131mlar\u0131 indirmek kolay oldu\u011fundan yaln\u0131zca sayg\u0131n kaynaklar\u0131 kullan\u0131n.<\/p>\n\n\n\n<h2 class=\"wp-block-heading\">Roket Adam Oyun Bonuslar\u0131<\/h2>\n\n\n\n<p>Oyun ayr\u0131ca oyuncular\u0131na ilgin\u00e7 bonus \u00f6zellikler de sunuyor, bunlara daha yak\u0131ndan bakal\u0131m.<\/p>\n\n\n\n<ul class=\"space-mark wp-block-list\">\n<li>Geni\u015f Alan Jackpotu oyunculara geni\u015f bir potansiyel \u00f6d\u00fcl havuzu sunar! Geni\u015f Alan Jackpotlar\u0131nda ana \u00f6d\u00fcl, potansiyel \u00f6d\u00fcl miktar\u0131na b\u00fcy\u00fck \u00f6l\u00e7\u00fcde katk\u0131da bulunan farkl\u0131 casinolar\u0131 birbirine ba\u011flar.<\/li>\n\n\n\n<li>Rocketman'de Progessive Jackpot'un iki seviyesi vard\u0131r: \"Rocketpot\" ve \"Boosterpot\". A\u015famal\u0131 bir \u015femada, potansiyel \u00f6d\u00fcl oynanan her oyunla birlikte artar.<\/li>\n\n\n\n<li>Promosyon kredileri \u00e7e\u015fitli casinolarda farkl\u0131 \u015fekilde d\u00fczenlenir, ancak sizi oyunda tutan kullan\u0131\u015fl\u0131 ve yararl\u0131 bir \u00f6zellik olabilir. Ve elbette, promosyon kredisi paras\u0131yla elde etti\u011finiz kazan\u00e7lar sizindir ve etkilenmez.<\/li>\n\n\n\n<li>\u00dccretsiz Bahis denen \u015fey budur - bir bahis al\u0131rs\u0131n\u0131z, bunun i\u00e7in \u00f6deme yapmazs\u0131n\u0131z! \u015eans\u0131n\u0131z varken riskli bir \u015fekilde oynamak ya da g\u00fcvenli bir \u015fekilde oynay\u0131p \u00f6d\u00fcl\u00fcn\u00fcz\u00fc erken almak sizin se\u00e7iminizdir.<\/li>\n<\/ul>\n\n\n\n<h2 class=\"wp-block-heading\">Kullan\u0131c\u0131 Yorumlar\u0131<\/h2>\n\n\n\n<p>Rocketman bahis oyunu genellikle \u00f6zl\u00fc ama genel olarak olumlu ele\u015ftirilere sahiptir. Oyuncular, oynaman\u0131n ve kazan\u00e7lar\u0131n\u0131n ge\u00e7mi\u015fini payla\u015fman\u0131n e\u011flenceli oldu\u011funu vurguluyor:<\/p>\n\n\n\n<p>\"E\u011fer Aviator hayran\u0131ysan\u0131z kesinlikle ilginizi \u00e7ekecek s\u00fcper e\u011flenceli bir zaman \u00f6ld\u00fcr\u00fcc\u00fc.\"<br>\"Ak\u0131lda kal\u0131c\u0131, harika ses efektleri, konsepti kavramak kolay, tekrar deneyece\u011fim.\"<br>\"40.3'te $100 bahsi ile nakde \u00e7evirdi, k\u0131sa s\u00fcrede kolay para.\"<\/p>\n\n\n\n<h2 class=\"wp-block-heading\">Rocketman Slotlar\u0131 Nas\u0131l Kazan\u0131l\u0131r<\/h2>\n\n\n\n<p>Oyun tarz\u0131 size kalm\u0131\u015f. G\u00f6z\u00fcpek oyuncular b\u00fcy\u00fck \u00e7arpanlar\u0131 bekleyerek cesurca oynamay\u0131 severler. Sabr\u0131n bir erdem oldu\u011funa inananlar ise erkenden paralar\u0131n\u0131 \u00e7ekerler. B\u00fcy\u00fck say\u0131lar i\u00e7in bahsi tutarken bakiyenizi b\u00fcy\u00fck bahislerle \u00e7ok h\u0131zl\u0131 t\u00fcketmemeye dikkat edin - 1,01 \u00e7arpanda bile erken \u00e7\u00f6k\u00fc\u015fler olabilir! Olas\u0131l\u0131k teorisi b\u00f6yle i\u015fler.<\/p>\n\n\n\n<p>Bir turda biri b\u00fcy\u00fck di\u011feri k\u00fc\u00e7\u00fck olmak \u00fczere iki bahis oynayabilirsiniz. B\u00fcy\u00fck olan\u0131 erken nakde \u00e7evirin ve k\u00fc\u00e7\u00fck olanla \u00e7arpan\u0131n artmas\u0131n\u0131 bekleyin. K\u00fc\u00e7\u00fck bahiste kaybetti\u011finiz para, b\u00fcy\u00fck bahsin erken nakde \u00e7evrilmesinden elde edilen kazan\u00e7la kar\u015f\u0131lanacakt\u0131r. Bu ba\u015far\u0131s\u0131zl\u0131\u011fa dayan\u0131kl\u0131 bir taktik de\u011fildir (erken \u00e7\u00f6k\u00fc\u015fler hala bir \u015feydir), ancak istikrarl\u0131 bir \u015fekilde para kazanman\u0131za yard\u0131mc\u0131 olabilir.<\/p>\n\n\n\n<p>Martingale, ters Martingale, Fibonacci gibi daha karma\u015f\u0131k stratejiler de vard\u0131r - mevcut istatistiklere uyum sa\u011flaman\u0131z ve kazand\u0131ktan veya kaybettikten sonra bahislerinizi de\u011fi\u015ftirmeniz gerekir. Bu taktikler, kaybetti\u011finiz fonlar\u0131n bir k\u0131sm\u0131n\u0131 geri kazanman\u0131za veya kazanma serisinden maksimum de\u011feri alman\u0131za yard\u0131mc\u0131 olabilir.<\/p>\n\n\n\n<h2 class=\"wp-block-heading\">Rocketman Casino Oyununda Bahis Oynamak \u0130\u00e7in Faydal\u0131 \u0130pu\u00e7lar\u0131<\/h2>\n\n\n\n<ul class=\"space-mark wp-block-list\">\n<li>Paran\u0131za dikkat edin: Se\u00e7enekleriniz s\u0131n\u0131rl\u0131ysa, bahislerinizi buna g\u00f6re \u00f6l\u00e7\u00fcn yoksa hi\u00e7bir \u015fey kazanmadan paran\u0131z\u0131 \u00e7ok erken t\u00fcketirsiniz.<\/li>\n\n\n\n<li>Kafan\u0131z\u0131 sakin tutun. Oyunun tad\u0131n\u0131 \u00e7\u0131kar\u0131n ama mant\u0131kl\u0131 davran\u0131n: yorulduysan\u0131z veya sinirlendiyseniz, hata yapmamak i\u00e7in uzakla\u015f\u0131n. Ger\u00e7ekten e\u011flenmek i\u00e7in ba\u015fka bir zaman geri gelin.<\/li>\n\n\n\n<li>S\u0131n\u0131rlar belirleyin ve a\u00e7g\u00f6zl\u00fcl\u00fck yapmay\u0131n. Ne kadar kaybetmeyi g\u00f6ze alabilece\u011finizi belirleyin ve e\u011fer kaybettiyseniz bir mola verin. Ve sadece y\u00fcksek rakamlar\u0131n pe\u015finden ko\u015fmay\u0131n, so\u011fuk ve d\u00fc\u015f\u00fcn\u00fclm\u00fc\u015f bir yakla\u015f\u0131m size daha iyi hizmet edecektir.<\/li>\n<\/ul>\n\n\n\n<h2 class=\"wp-block-heading\">\u00d6zet<\/h2>\n\n\n\n<p>Rocketman, Elbet taraf\u0131ndan haz\u0131rlanan 2022 \u00e7arp\u0131\u015fma oyunu ba\u015fl\u0131\u011f\u0131d\u0131r. \u00c7arp\u0131\u015fma oyunlar\u0131n\u0131n t\u00fcm pop\u00fcler \u00f6zelliklerini (ak\u0131lda kal\u0131c\u0131 melodiler, parlak tasar\u0131m ve otomatik bahis ve para \u00e7ekme) art\u0131 ilgin\u00e7 bonuslar ve \u00fccretsiz demo modu sunar.<\/p>\n\n\n\n<h2 class=\"wp-block-heading\">SSS<\/h2>\n\n\n\n<div class=\"schema-faq wp-block-yoast-faq-block\"><div class=\"schema-faq-section\" id=\"faq-question-1706127960084\"><strong class=\"schema-faq-question\">Rocket Man slot oyununu nerede oynayabilirim?<\/strong> <p class=\"schema-faq-answer\">Oyun bir\u00e7ok lisansl\u0131 online casinoda mevcuttur ve hem PC hem de mobil cihazlarda \u00e7al\u0131\u015f\u0131r.<\/p> <\/div> <div class=\"schema-faq-section\" id=\"faq-question-1706127978673\"><strong class=\"schema-faq-question\">Rocketman oyununu ak\u0131ll\u0131 telefonumda oynayabilir miyim?<\/strong> <p class=\"schema-faq-answer\">Evet, taray\u0131c\u0131da oynayabilir veya uygulamay\u0131 indirebilirsiniz.<\/p> <\/div> <div class=\"schema-faq-section\" id=\"faq-question-1706128018109\"><strong class=\"schema-faq-question\">Rocket Man slotunda jackpot var m\u0131?<\/strong> <p class=\"schema-faq-answer\">Rocket Man'deki maksimum \u00e7arpan 20.000x'tir ve bu ger\u00e7ekten de $1 bahiste bile hayat de\u011fi\u015ftiren bir \u00f6d\u00fcld\u00fcr.<\/p> <\/div> <div class=\"schema-faq-section\" id=\"faq-question-1706128028803\"><strong class=\"schema-faq-question\">Rocketman oyununu kumarhanede nas\u0131l oynayabilirim?<\/strong> <p class=\"schema-faq-answer\">Sadece oturum a\u00e7\u0131n, oyunu ba\u015flat\u0131n ve bir bahis koyun. Rocketman \u00e7ok sezgiseldir ve gezinmesi kolayd\u0131r<\/p> <\/div> <\/div>","protected":false},"excerpt":{"rendered":"<p>Bettors often call Rocketman \u201cslots\u201d because, just like in slots, the round is ended instantly, and its result is random. In reality, Rocketman works under the concept of crash games. Experienced gambling enthusiasts remember how crash gaming works: you place a bet before the new series starts, you watch the flying object while the multiplier [&hellip;]<\/p>\n","protected":false},"author":2,"featured_media":0,"parent":0,"menu_order":0,"comment_status":"closed","ping_status":"closed","template":"","meta":{"footnotes":""},"class_list":["post-112","page","type-page","status-publish","hentry"],"yoast_head":"<!-- This site is optimized with the Yoast SEO plugin v27.3 - https:\/\/yoast.com\/product\/yoast-seo-wordpress\/ -->\n<title>Rocketman Casino Game Review: a Hot 2023 Crash Game Title<\/title>\n<meta name=\"description\" content=\"Rocketman casino game is a 2022 release in the world of crash gambling. Nice features, a free demo, variety of betting options\u2014you will find everything! Read our review to learn more.\" \/>\n<meta name=\"robots\" content=\"index, follow, max-snippet:-1, max-image-preview:large, max-video-preview:-1\" \/>\n<link rel=\"canonical\" href=\"https:\/\/superjetx.com\/tr\/rocketman-slots-casino-game\/\" \/>\n<meta property=\"og:locale\" content=\"tr_TR\" \/>\n<meta property=\"og:type\" content=\"article\" \/>\n<meta property=\"og:title\" content=\"Rocketman Casino Game Review: a Hot 2023 Crash Game Title\" \/>\n<meta property=\"og:description\" content=\"Rocketman casino game is a 2022 release in the world of crash gambling. Nice features, a free demo, variety of betting options\u2014you will find everything! Read our review to learn more.\" \/>\n<meta property=\"og:url\" content=\"https:\/\/superjetx.com\/tr\/rocketman-slots-casino-game\/\" \/>\n<meta property=\"og:site_name\" content=\"JetX Game\" \/>\n<meta property=\"article:modified_time\" content=\"2024-04-10T13:36:33+00:00\" \/>\n<meta name=\"twitter:card\" content=\"summary_large_image\" \/>\n<script type=\"application\/ld+json\" class=\"yoast-schema-graph\">{\"@context\":\"https:\\\/\\\/schema.org\",\"@graph\":[{\"@type\":[\"WebPage\",\"FAQPage\"],\"@id\":\"https:\\\/\\\/superjetx.com\\\/rocketman-slots-casino-game\\\/\",\"url\":\"https:\\\/\\\/superjetx.com\\\/rocketman-slots-casino-game\\\/\",\"name\":\"Rocketman Casino Game Review: a Hot 2023 Crash Game Title\",\"isPartOf\":{\"@id\":\"https:\\\/\\\/superjetx.com\\\/#website\"},\"datePublished\":\"2023-11-23T08:28:00+00:00\",\"dateModified\":\"2024-04-10T13:36:33+00:00\",\"description\":\"Rocketman casino game is a 2022 release in the world of crash gambling. Nice features, a free demo, variety of betting options\u2014you will find everything! Read our review to learn more.\",\"breadcrumb\":{\"@id\":\"https:\\\/\\\/superjetx.com\\\/rocketman-slots-casino-game\\\/#breadcrumb\"},\"mainEntity\":[{\"@id\":\"https:\\\/\\\/superjetx.com\\\/rocketman-slots-casino-game\\\/#faq-question-1706127960084\"},{\"@id\":\"https:\\\/\\\/superjetx.com\\\/rocketman-slots-casino-game\\\/#faq-question-1706127978673\"},{\"@id\":\"https:\\\/\\\/superjetx.com\\\/rocketman-slots-casino-game\\\/#faq-question-1706128018109\"},{\"@id\":\"https:\\\/\\\/superjetx.com\\\/rocketman-slots-casino-game\\\/#faq-question-1706128028803\"}],\"inLanguage\":\"tr\",\"potentialAction\":[{\"@type\":\"ReadAction\",\"target\":[\"https:\\\/\\\/superjetx.com\\\/rocketman-slots-casino-game\\\/\"]}]},{\"@type\":\"BreadcrumbList\",\"@id\":\"https:\\\/\\\/superjetx.com\\\/rocketman-slots-casino-game\\\/#breadcrumb\",\"itemListElement\":[{\"@type\":\"ListItem\",\"position\":1,\"name\":\"Home\",\"item\":\"https:\\\/\\\/superjetx.com\\\/\"},{\"@type\":\"ListItem\",\"position\":2,\"name\":\"Rocketman Slots Casino Game\"}]},{\"@type\":\"WebSite\",\"@id\":\"https:\\\/\\\/superjetx.com\\\/#website\",\"url\":\"https:\\\/\\\/superjetx.com\\\/\",\"name\":\"JetX Game\",\"description\":\"Super JetX Club\",\"potentialAction\":[{\"@type\":\"SearchAction\",\"target\":{\"@type\":\"EntryPoint\",\"urlTemplate\":\"https:\\\/\\\/superjetx.com\\\/?s={search_term_string}\"},\"query-input\":{\"@type\":\"PropertyValueSpecification\",\"valueRequired\":true,\"valueName\":\"search_term_string\"}}],\"inLanguage\":\"tr\"},{\"@type\":\"Question\",\"@id\":\"https:\\\/\\\/superjetx.com\\\/rocketman-slots-casino-game\\\/#faq-question-1706127960084\",\"position\":1,\"url\":\"https:\\\/\\\/superjetx.com\\\/rocketman-slots-casino-game\\\/#faq-question-1706127960084\",\"name\":\"Where can I play Rocket Man slots?\",\"answerCount\":1,\"acceptedAnswer\":{\"@type\":\"Answer\",\"text\":\"The game is available on many licensed online casinos and works both on PC and mobile devices.\",\"inLanguage\":\"tr\"},\"inLanguage\":\"tr\"},{\"@type\":\"Question\",\"@id\":\"https:\\\/\\\/superjetx.com\\\/rocketman-slots-casino-game\\\/#faq-question-1706127978673\",\"position\":2,\"url\":\"https:\\\/\\\/superjetx.com\\\/rocketman-slots-casino-game\\\/#faq-question-1706127978673\",\"name\":\"Can I play the Rocketman game on my smartphone?\",\"answerCount\":1,\"acceptedAnswer\":{\"@type\":\"Answer\",\"text\":\"Yes, you can play it in the browser or download the application.\",\"inLanguage\":\"tr\"},\"inLanguage\":\"tr\"},{\"@type\":\"Question\",\"@id\":\"https:\\\/\\\/superjetx.com\\\/rocketman-slots-casino-game\\\/#faq-question-1706128018109\",\"position\":3,\"url\":\"https:\\\/\\\/superjetx.com\\\/rocketman-slots-casino-game\\\/#faq-question-1706128018109\",\"name\":\"Does Rocket Man slot have a jackpot?\",\"answerCount\":1,\"acceptedAnswer\":{\"@type\":\"Answer\",\"text\":\"The maximum multiplier in Rocket Man is 20,000x which is indeed a life-changing prize even at a $1 bet.\",\"inLanguage\":\"tr\"},\"inLanguage\":\"tr\"},{\"@type\":\"Question\",\"@id\":\"https:\\\/\\\/superjetx.com\\\/rocketman-slots-casino-game\\\/#faq-question-1706128028803\",\"position\":4,\"url\":\"https:\\\/\\\/superjetx.com\\\/rocketman-slots-casino-game\\\/#faq-question-1706128028803\",\"name\":\"How do I play Rocketman at the casino?\",\"answerCount\":1,\"acceptedAnswer\":{\"@type\":\"Answer\",\"text\":\"Just sign in, launch the game, and place a bet. Rocketman is very intuitive and easy to navigate\",\"inLanguage\":\"tr\"},\"inLanguage\":\"tr\"}]}<\/script>\n<!-- \/ Yoast SEO plugin. -->","yoast_head_json":{"title":"Rocketman Casino Oyun \u0130ncelemesi: S\u0131cak bir 2023 Crash Oyun Ba\u015fl\u0131\u011f\u0131","description":"Rocketman casino oyunu, \u00e7arp\u0131\u015fan kumar d\u00fcnyas\u0131nda 2022 s\u00fcr\u00fcm\u00fcd\u00fcr. G\u00fczel \u00f6zellikler, \u00fccretsiz bir demo, \u00e7e\u015fitli bahis se\u00e7enekleri - her \u015feyi bulacaks\u0131n\u0131z! Daha fazlas\u0131n\u0131 \u00f6\u011frenmek i\u00e7in incelememizi okuyun.","robots":{"index":"index","follow":"follow","max-snippet":"max-snippet:-1","max-image-preview":"max-image-preview:large","max-video-preview":"max-video-preview:-1"},"canonical":"https:\/\/superjetx.com\/tr\/rocketman-slots-casino-game\/","og_locale":"tr_TR","og_type":"article","og_title":"Rocketman Casino Game Review: a Hot 2023 Crash Game Title","og_description":"Rocketman casino game is a 2022 release in the world of crash gambling. Nice features, a free demo, variety of betting options\u2014you will find everything! Read our review to learn more.","og_url":"https:\/\/superjetx.com\/tr\/rocketman-slots-casino-game\/","og_site_name":"JetX Game","article_modified_time":"2024-04-10T13:36:33+00:00","twitter_card":"summary_large_image","schema":{"@context":"https:\/\/schema.org","@graph":[{"@type":["WebPage","FAQPage"],"@id":"https:\/\/superjetx.com\/rocketman-slots-casino-game\/","url":"https:\/\/superjetx.com\/rocketman-slots-casino-game\/","name":"Rocketman Casino Oyun \u0130ncelemesi: S\u0131cak bir 2023 Crash Oyun Ba\u015fl\u0131\u011f\u0131","isPartOf":{"@id":"https:\/\/superjetx.com\/#website"},"datePublished":"2023-11-23T08:28:00+00:00","dateModified":"2024-04-10T13:36:33+00:00","description":"Rocketman casino oyunu, \u00e7arp\u0131\u015fan kumar d\u00fcnyas\u0131nda 2022 s\u00fcr\u00fcm\u00fcd\u00fcr. G\u00fczel \u00f6zellikler, \u00fccretsiz bir demo, \u00e7e\u015fitli bahis se\u00e7enekleri - her \u015feyi bulacaks\u0131n\u0131z! Daha fazlas\u0131n\u0131 \u00f6\u011frenmek i\u00e7in incelememizi okuyun.","breadcrumb":{"@id":"https:\/\/superjetx.com\/rocketman-slots-casino-game\/#breadcrumb"},"mainEntity":[{"@id":"https:\/\/superjetx.com\/rocketman-slots-casino-game\/#faq-question-1706127960084"},{"@id":"https:\/\/superjetx.com\/rocketman-slots-casino-game\/#faq-question-1706127978673"},{"@id":"https:\/\/superjetx.com\/rocketman-slots-casino-game\/#faq-question-1706128018109"},{"@id":"https:\/\/superjetx.com\/rocketman-slots-casino-game\/#faq-question-1706128028803"}],"inLanguage":"tr","potentialAction":[{"@type":"ReadAction","target":["https:\/\/superjetx.com\/rocketman-slots-casino-game\/"]}]},{"@type":"BreadcrumbList","@id":"https:\/\/superjetx.com\/rocketman-slots-casino-game\/#breadcrumb","itemListElement":[{"@type":"ListItem","position":1,"name":"Home","item":"https:\/\/superjetx.com\/"},{"@type":"ListItem","position":2,"name":"Rocketman Slots Casino Game"}]},{"@type":"WebSite","@id":"https:\/\/superjetx.com\/#website","url":"https:\/\/superjetx.com\/","name":"JetX Oyunu","description":"S\u00fcper JetX Kul\u00fcb\u00fc","potentialAction":[{"@type":"SearchAction","target":{"@type":"EntryPoint","urlTemplate":"https:\/\/superjetx.com\/?s={search_term_string}"},"query-input":{"@type":"PropertyValueSpecification","valueRequired":true,"valueName":"search_term_string"}}],"inLanguage":"tr"},{"@type":"Question","@id":"https:\/\/superjetx.com\/rocketman-slots-casino-game\/#faq-question-1706127960084","position":1,"url":"https:\/\/superjetx.com\/rocketman-slots-casino-game\/#faq-question-1706127960084","name":"Rocket Man slot oyununu nerede oynayabilirim?","answerCount":1,"acceptedAnswer":{"@type":"Answer","text":"The game is available on many licensed online casinos and works both on PC and mobile devices.","inLanguage":"tr"},"inLanguage":"tr"},{"@type":"Question","@id":"https:\/\/superjetx.com\/rocketman-slots-casino-game\/#faq-question-1706127978673","position":2,"url":"https:\/\/superjetx.com\/rocketman-slots-casino-game\/#faq-question-1706127978673","name":"Rocketman oyununu ak\u0131ll\u0131 telefonumda oynayabilir miyim?","answerCount":1,"acceptedAnswer":{"@type":"Answer","text":"Yes, you can play it in the browser or download the application.","inLanguage":"tr"},"inLanguage":"tr"},{"@type":"Question","@id":"https:\/\/superjetx.com\/rocketman-slots-casino-game\/#faq-question-1706128018109","position":3,"url":"https:\/\/superjetx.com\/rocketman-slots-casino-game\/#faq-question-1706128018109","name":"Rocket Man slotunda jackpot var m\u0131?","answerCount":1,"acceptedAnswer":{"@type":"Answer","text":"The maximum multiplier in Rocket Man is 20,000x which is indeed a life-changing prize even at a $1 bet.","inLanguage":"tr"},"inLanguage":"tr"},{"@type":"Question","@id":"https:\/\/superjetx.com\/rocketman-slots-casino-game\/#faq-question-1706128028803","position":4,"url":"https:\/\/superjetx.com\/rocketman-slots-casino-game\/#faq-question-1706128028803","name":"Rocketman oyununu kumarhanede nas\u0131l oynayabilirim?","answerCount":1,"acceptedAnswer":{"@type":"Answer","text":"Just sign in, launch the game, and place a bet. Rocketman is very intuitive and easy to navigate","inLanguage":"tr"},"inLanguage":"tr"}]}},"_links":{"self":[{"href":"https:\/\/superjetx.com\/tr\/wp-json\/wp\/v2\/pages\/112","targetHints":{"allow":["GET"]}}],"collection":[{"href":"https:\/\/superjetx.com\/tr\/wp-json\/wp\/v2\/pages"}],"about":[{"href":"https:\/\/superjetx.com\/tr\/wp-json\/wp\/v2\/types\/page"}],"author":[{"embeddable":true,"href":"https:\/\/superjetx.com\/tr\/wp-json\/wp\/v2\/users\/2"}],"replies":[{"embeddable":true,"href":"https:\/\/superjetx.com\/tr\/wp-json\/wp\/v2\/comments?post=112"}],"version-history":[{"count":8,"href":"https:\/\/superjetx.com\/tr\/wp-json\/wp\/v2\/pages\/112\/revisions"}],"predecessor-version":[{"id":208,"href":"https:\/\/superjetx.com\/tr\/wp-json\/wp\/v2\/pages\/112\/revisions\/208"}],"wp:attachment":[{"href":"https:\/\/superjetx.com\/tr\/wp-json\/wp\/v2\/media?parent=112"}],"curies":[{"name":"wp","href":"https:\/\/api.w.org\/{rel}","templated":true}]}}