{"id":115,"date":"2024-01-24T20:34:15","date_gmt":"2024-01-24T20:34:15","guid":{"rendered":"https:\/\/superjetx.com\/?page_id=115"},"modified":"2024-01-24T20:34:15","modified_gmt":"2024-01-24T20:34:15","slug":"rocketon-game-review","status":"publish","type":"page","link":"https:\/\/superjetx.com\/tr\/rocketon-game-review\/","title":{"rendered":"Rocketon Oyun \u0130ncelemesi"},"content":{"rendered":"<p>Kumar ve oyun kombinasyonu \u00e7ifte e\u011flencelidir: Bahis heyecan\u0131, oyun oynama keyfiyle heyecan verici bir sinerjiye sahiptir. Casino oyunlar\u0131n\u0131n bu kadar pop\u00fcler olmas\u0131n\u0131n nedeni budur. D\u00fczinelerce ba\u015fl\u0131k vard\u0131r ve bu kadar \u00e7e\u015fitlilik i\u00e7inde gezinmek zor olabilir. \u0130ncelemelerimiz, hangi oyunun denemeye de\u011fer oldu\u011funa karar vermenize yard\u0131mc\u0131 olmay\u0131 ama\u00e7lamaktad\u0131r.<\/p>\n\n\n\n<p>Crash oyunlar\u0131 online casino d\u00fcnyas\u0131nda \u00e7ok ba\u015far\u0131l\u0131 bir t\u00fcrd\u00fcr. Ba\u015flang\u0131\u00e7ta yaln\u0131zca kripto para birimi i\u00e7in tasarlanan bu oyunlar, k\u0131sa s\u00fcrede bahis\u00e7ilerin sevgisini kazand\u0131 ve itibari parayla bahis oynayanlar i\u00e7in de kullan\u0131labilir hale geldi. Geli\u015ftiricileri yeni hikayeler ve \u00f6zellikler tasarlamak i\u00e7in s\u00fcrekli \u00e7al\u0131\u015fmaktad\u0131r. Bir u\u00e7a\u011f\u0131n u\u00e7u\u015funu veya bir cad\u0131n\u0131n s\u00fcp\u00fcrge \u00fczerindeki u\u00e7u\u015funu izleyebilirsiniz, hangisini tercih ederseniz edin! Baz\u0131 ba\u015fl\u0131klar u\u00e7a\u011f\u0131n\u0131z\u0131 \u00f6zelle\u015ftirmenize ve hatta bir NFT yapman\u0131za izin verecektir.<\/p>\n\n\n\n<p>Rocketon oyunu \u00e7arp\u0131\u015fma oyunlar\u0131yla ayn\u0131 prensipte \u00e7al\u0131\u015f\u0131r, ancak onu \u00f6ne \u00e7\u0131karan birka\u00e7 \u00f6zelli\u011fi vard\u0131r.<\/p>\n\n\n\n<h2 class=\"wp-block-heading\">Rocketon Oyunu Nedir<\/h2>\n\n\n\n<p>Rocketon, Ermenistan merkezli bir iGaming geli\u015ftirme st\u00fcdyosu olan Galaxsys LLC taraf\u0131ndan yarat\u0131lm\u0131\u015ft\u0131r. Hem h\u0131zl\u0131 hem de beceri oyunlar\u0131 dahil olmak \u00fczere bir\u00e7ok birinci s\u0131n\u0131f casino oyun \u00e7\u00f6z\u00fcm\u00fcn\u00fc piyasaya s\u00fcrd\u00fcler. H\u0131zl\u0131 tempolu oyun ba\u015fl\u0131klar\u0131 aras\u0131nda F Mies, Cash Show, Sic Bo, Crash ve tabii ki Rocketon bulunmaktad\u0131r.<\/p>\n\n\n\n<p>Ger\u00e7ek rastgelelik anl\u0131k oyunlar\u0131n temeli oldu\u011fundan, Galaxsys her turun sonucunun tamamen tahmin edilemez oldu\u011fundan emin oldu. Bunu yapmak i\u00e7in st\u00fcdyo, bu alanda d\u00fcnya lideri olarak tan\u0131nan ID Quantique taraf\u0131ndan sa\u011flanan Kuantum Rastgele Say\u0131 \u00dcrete\u00e7lerini kulland\u0131. St\u00fcdyo, en g\u00fcvenilir (bizim durumumuzda \"\u00f6ng\u00f6r\u00fclemez\" anlam\u0131na gelen) say\u0131 \u00fcretecinin yan\u0131 s\u0131ra, Hash'e dayal\u0131 kriptografik do\u011frulama ile kan\u0131tlanabilir adalet teknolojilerini bir araya getirdi. Oyunun nas\u0131l sonu\u00e7land\u0131\u011f\u0131n\u0131n rastgeleli\u011fi test edilebilir ve onaylanabilir. Bu nedenle, Rocketon oyun kripto \u00e7\u00f6z\u00fcmlerinin son teknoloji \u00fcr\u00fcn\u00fc oldu\u011fundan emin olabiliriz.<\/p>\n\n\n\n<h2 class=\"wp-block-heading\">Rocketon Oynan\u0131\u015f\u0131 ve \u00d6zellikleri<\/h2>\n\n\n\n<p>Rocketon casino oyunu, \u015fa\u015f\u0131rt\u0131c\u0131 bir \u015fekilde, turun ba\u015f\u0131nda havalanan bir rokete sahiptir. Roket uzayda u\u00e7arken \u00e7arpan artar ve oyuncular roket patlamadan \u00f6nce paralar\u0131n\u0131 \u00e7ekmelidir.<\/p>\n\n\n\n<p>Bu konsept Aviator, Space XY, Lucky Jet veya Stormy Witch gibi di\u011fer \u00e7arp\u0131\u015fma oyunlar\u0131na olduk\u00e7a benzemektedir. Potansiyel kazan\u00e7 miktar\u0131 artar ancak bahis\u00e7inin \"\u00e7arp\u0131\u015fma\" an\u0131ndan \u00f6nce paras\u0131n\u0131 \u00e7ekmesi gerekir. \u0130\u015fin zor k\u0131sm\u0131, \u00e7ok erken para \u00e7ekmenin yaln\u0131zca k\u00fc\u00e7\u00fck bir kazan\u00e7 sa\u011flamas\u0131, zaman\u0131nda para \u00e7ekememenin ise bahsin kaybedilmesine neden olmas\u0131d\u0131r. Bununla birlikte, Rocketon hem iyi bilinen hem de yenilik\u00e7i \u00f6zellikler sunar:<\/p>\n\n\n\n<ul class=\"space-mark wp-block-list\">\n<li>Otomatik nakit \u00e7\u0131k\u0131\u015f\u0131<\/li>\n\n\n\n<li>Yar\u0131 nakit \u00f6deme<\/li>\n\n\n\n<li>Otomatik bahis<\/li>\n\n\n\n<li>\u00c7ifte bahis<\/li>\n\n\n\n<li>\u0130kramiye sistemi<\/li>\n<\/ul>\n\n\n\n<h2 class=\"wp-block-heading\">Grafik ve Ses Tasar\u0131m\u0131<\/h2>\n\n\n\n<p>Bahsedilen avantajlara ek olarak, oyun iyi tasarlanm\u0131\u015f. Etkileyici ve detayl\u0131 3D sanat, roket ilerledik\u00e7e uzay arka plan\u0131 de\u011fi\u015fir ve uzay arac\u0131n\u0131n par\u00e7alar\u0131 ger\u00e7ekte oldu\u011fu gibi bo\u015falt\u0131l\u0131r. Harika animasyonlar, atmosfer katan ve oyunun s\u00fcr\u00fckleyicili\u011fini art\u0131ran ses efektleriyle iyi uyum sa\u011flar.<\/p>\n\n\n\n<h2 class=\"wp-block-heading\">Rocketon Oyunu Nas\u0131l Oynan\u0131r?<\/h2>\n\n\n\n<p>Casino oyunlar\u0131nda deneyimli olmayanlar i\u00e7in Rocketon oynama s\u00fcrecini k\u0131saca a\u00e7\u0131klayaca\u011f\u0131z.<\/p>\n\n\n\n<h3 class=\"wp-block-heading\">Bahsinizi Oynay\u0131n<\/h3>\n\n\n\n<p>Tur ba\u015flamadan \u00f6nce, oyuncunun bir bahis koymas\u0131 gerekir. Otomatik bahis sistemi, manuel m\u00fcdahale olmadan oynamaya devam etmenizi sa\u011flar, yaln\u0131zca tercihlerinizi ayarlaman\u0131z ve paran\u0131z\u0131 y\u00f6netmeniz gerekir. Dahas\u0131, di\u011fer crash casino oyunlar\u0131n\u0131n aksine, Rocketon size bir turda iki bahis yapma f\u0131rsat\u0131 verir, b\u00f6ylece kazanc\u0131n\u0131z\u0131 art\u0131r\u0131r.<\/p>\n\n\n\n<h3 class=\"wp-block-heading\">Nakit \u00c7\u0131k\u0131\u015f\u0131<\/h3>\n\n\n\n<p>Tur, oyuncu paray\u0131 \u00e7ekti\u011finde veya roket patlad\u0131\u011f\u0131nda sona erer. Do\u011fal olarak, ilk sonu\u00e7 tercih edilir. Para \u00e7ekme i\u015flemi manuel olarak yap\u0131labilir; ayr\u0131ca bahis\u00e7i otomatik para \u00e7ekme i\u00e7in limit belirleyebilir. \u00c7arpan e\u015fi\u011fe ula\u015ft\u0131\u011f\u0131nda, para \u00e7ekme i\u015flemi otomatik olarak ger\u00e7ekle\u015fecektir.<\/p>\n\n\n\n<p>Rocketon'un bir ba\u015fka yenilik\u00e7i \u00f6zelli\u011fi de oyuncunun paran\u0131n sadece yar\u0131s\u0131n\u0131 nakde \u00e7evirebilmesidir. Bu, oyuncunun tura devam etmesine izin verirken kazanc\u0131n bir k\u0131sm\u0131n\u0131 g\u00fcvence alt\u0131na al\u0131r.<\/p>\n\n\n\n<h2 class=\"wp-block-heading\">Rocketon i\u00e7in Kazanma Stratejileri<\/h2>\n\n\n\n<p>Rocketon oyun kumar\u0131 i\u00e7in riske dayan\u0131kl\u0131 bir strateji yoktur. Tamamen rastgele oldu\u011fu i\u00e7in, bir noktada patlaman\u0131n an\u0131nda ger\u00e7ekle\u015fmesi ka\u00e7\u0131n\u0131lmazd\u0131r. Ancak kay\u0131plar\u0131n\u0131z\u0131 ve kazan\u00e7lar\u0131n\u0131z\u0131 dengelemek m\u00fcmk\u00fcnd\u00fcr:<\/p>\n\n\n\n<ol class=\"wp-block-list\">\n<li>S\u0131n\u0131rlar belirleyin. Kaybetmeyi g\u00f6ze alabilece\u011finiz bir miktar para belirleyin ve buna s\u0131k\u0131 s\u0131k\u0131ya ba\u011fl\u0131 kal\u0131n. E\u011fer bu miktar\u0131 kaybettiyseniz, ne olursa olsun oynamay\u0131 b\u0131rak\u0131n ve finansal olarak tekrar oynamaya haz\u0131r oldu\u011funuzda ba\u015fka bir zaman geri d\u00f6n\u00fcn. Mauve, \u015fans\u0131n bir dahaki sefere sana daha nazik davranacakt\u0131r.<\/li>\n\n\n\n<li>Paran\u0131z\u0131 y\u00f6netin. Baz\u0131 bahis davran\u0131\u015flar\u0131 uzun vadede faydal\u0131 olacak \u015fekilde tasarlanm\u0131\u015ft\u0131r - finansal se\u00e7enekleriniz s\u0131n\u0131rl\u0131ysa, i\u015fe yaramadan \u00f6nce limitlerinizi h\u0131zla t\u00fcketebilirler. Oyun tarz\u0131n\u0131z\u0131 paran\u0131za g\u00f6re ayarlay\u0131n.<\/li>\n\n\n\n<li>Sorumlu ve so\u011fukkanl\u0131 bir \u015fekilde oynay\u0131n. \u00c7ok a\u00e7g\u00f6zl\u00fc olmak, mevcut durumunuzu do\u011fru bir \u015fekilde de\u011ferlendirme yetene\u011finizi etkileyecektir. B\u00f6yle durumlarda, kendinizi kapt\u0131rman\u0131z ve kar\u015f\u0131layabilece\u011finizden daha fazlas\u0131n\u0131 kaybetmeniz kolayla\u015f\u0131r.<\/li>\n<\/ol>\n\n\n\n<h2 class=\"wp-block-heading\">Rocketon Oyun Bonuslar\u0131<\/h2>\n\n\n\n<p>Rocketon iyi bir elde tutma sistemine sahiptir ve oyuncular\u0131na operat\u00f6r taraf\u0131ndan belirlenen \u015fartlar alt\u0131nda \u00fccretsiz bahisler ve \u00fccretsiz miktar bonuslar\u0131 verir.<\/p>\n\n\n\n<h2 class=\"wp-block-heading\">Rocketon \u00dccretsiz Oyna<\/h2>\n\n\n\n<p>Risksiz bir oyun denemek isteyenler i\u00e7in bir demo modu var. Demoda, oyuncu ger\u00e7ek parayla bahis yapmaz ve sonu\u00e7 olarak ger\u00e7ek para da kazanamaz. Demo modu, oyuna a\u015fina olmak, oynan\u0131\u015f\u0131n\u0131 \u00f6\u011frenmek veya ilgilendi\u011finiz belirli bir stratejiyi test etmek i\u00e7in iyi bir f\u0131rsat sa\u011flar.<\/p>\n\n\n\n<h2 class=\"wp-block-heading\">\u00d6zet<\/h2>\n\n\n\n<p>Rocketone casino oyunu, di\u011fer crash oyun ba\u015fl\u0131klar\u0131yla benzerliklere sahip olsa da, oyuncu i\u00e7in faydal\u0131 ve benzersiz \u00f6zellikler sunar. Oyun ayr\u0131ca 3D sanat, animasyonlar ve ak\u0131lda kal\u0131c\u0131 ses efektleri ile \u00e7ekici bir tasar\u0131ma sahiptir.<\/p>\n\n\n\n<h2 class=\"wp-block-heading\">SSS<\/h2>\n\n\n\n<div class=\"schema-faq wp-block-yoast-faq-block\"><div class=\"schema-faq-section\" id=\"faq-question-1706128348250\"><strong class=\"schema-faq-question\">Rocketon Oyunu Yasal m\u0131?<\/strong> <p class=\"schema-faq-answer\">\u00c7evrimi\u00e7i kumar\u0131n yasall\u0131\u011f\u0131 \u00fclkenizin yasalar\u0131na ba\u011fl\u0131d\u0131r. Her zaman oldu\u011fu gibi, oynamadan \u00f6nce casino lisans\u0131n\u0131z\u0131 ve para \u00e7ekme se\u00e7eneklerinizi kontrol etmenizi \u00f6neririz.<\/p> <\/div> <div class=\"schema-faq-section\" id=\"faq-question-1706128363220\"><strong class=\"schema-faq-question\">Rocketon'da nas\u0131l kazan\u0131l\u0131r?<\/strong> <p class=\"schema-faq-answer\">Algoritmas\u0131n\u0131 ve sonucunu tahmin etmenin bir yolu yoktur. Ancak, paran\u0131z\u0131 daha etkili bir \u015fekilde i\u015fletmek i\u00e7in belirli bahis stratejilerini kullanabilirsiniz.<\/p> <\/div> <div class=\"schema-faq-section\" id=\"faq-question-1706128378170\"><strong class=\"schema-faq-question\">Rocketon oyunu \u00fccretsiz mi?<\/strong> <p class=\"schema-faq-answer\">Oyun, oynamak ve kazanmak i\u00e7in para yat\u0131rmay\u0131 gerektirir. Oyun hakk\u0131nda fikir veren ancak kullan\u0131c\u0131 paras\u0131n\u0131 yat\u0131rmad\u0131\u011f\u0131 i\u00e7in kazanma \u015fans\u0131 sunmayan bir demo modu vard\u0131r.<\/p> <\/div> <\/div>","protected":false},"excerpt":{"rendered":"<p>The combination of gambling and gaming is double fun: the thrill of betting has an exciting synergy with the joy of playing a game. This is why casino games are so popular. There are dozens of titles, and it can be hard to navigate in such a variety. Our reviews are meant to help you [&hellip;]<\/p>\n","protected":false},"author":2,"featured_media":0,"parent":0,"menu_order":0,"comment_status":"closed","ping_status":"closed","template":"","meta":{"footnotes":""},"class_list":["post-115","page","type-page","status-publish","hentry"],"yoast_head":"<!-- This site is optimized with the Yoast SEO plugin v27.4 - https:\/\/yoast.com\/product\/yoast-seo-wordpress\/ -->\n<title>Rocketon Game Review: Everything the Player Needs to Know<\/title>\n<meta name=\"description\" content=\"Rocketon game works similarly to crash casino games but offers immersive design, interesting features, and cutting-edge technologies that provide randomness.\" \/>\n<meta name=\"robots\" content=\"index, follow, max-snippet:-1, max-image-preview:large, max-video-preview:-1\" \/>\n<link rel=\"canonical\" href=\"https:\/\/superjetx.com\/tr\/rocketon-game-review\/\" \/>\n<meta property=\"og:locale\" content=\"tr_TR\" \/>\n<meta property=\"og:type\" content=\"article\" \/>\n<meta property=\"og:title\" content=\"Rocketon Game Review: Everything the Player Needs to Know\" \/>\n<meta property=\"og:description\" content=\"Rocketon game works similarly to crash casino games but offers immersive design, interesting features, and cutting-edge technologies that provide randomness.\" \/>\n<meta property=\"og:url\" content=\"https:\/\/superjetx.com\/tr\/rocketon-game-review\/\" \/>\n<meta property=\"og:site_name\" content=\"JetX Game\" \/>\n<meta name=\"twitter:card\" content=\"summary_large_image\" \/>\n<meta name=\"twitter:label1\" content=\"Tahmini okuma s\u00fcresi\" \/>\n\t<meta name=\"twitter:data1\" content=\"5 dakika\" \/>\n<script type=\"application\/ld+json\" class=\"yoast-schema-graph\">{\"@context\":\"https:\\\/\\\/schema.org\",\"@graph\":[{\"@type\":[\"WebPage\",\"FAQPage\"],\"@id\":\"https:\\\/\\\/superjetx.com\\\/rocketon-game-review\\\/\",\"url\":\"https:\\\/\\\/superjetx.com\\\/rocketon-game-review\\\/\",\"name\":\"Rocketon Game Review: Everything the Player Needs to Know\",\"isPartOf\":{\"@id\":\"https:\\\/\\\/superjetx.com\\\/#website\"},\"datePublished\":\"2024-01-24T20:34:15+00:00\",\"description\":\"Rocketon game works similarly to crash casino games but offers immersive design, interesting features, and cutting-edge technologies that provide randomness.\",\"breadcrumb\":{\"@id\":\"https:\\\/\\\/superjetx.com\\\/rocketon-game-review\\\/#breadcrumb\"},\"mainEntity\":[{\"@id\":\"https:\\\/\\\/superjetx.com\\\/rocketon-game-review\\\/#faq-question-1706128348250\"},{\"@id\":\"https:\\\/\\\/superjetx.com\\\/rocketon-game-review\\\/#faq-question-1706128363220\"},{\"@id\":\"https:\\\/\\\/superjetx.com\\\/rocketon-game-review\\\/#faq-question-1706128378170\"}],\"inLanguage\":\"tr\",\"potentialAction\":[{\"@type\":\"ReadAction\",\"target\":[\"https:\\\/\\\/superjetx.com\\\/rocketon-game-review\\\/\"]}]},{\"@type\":\"BreadcrumbList\",\"@id\":\"https:\\\/\\\/superjetx.com\\\/rocketon-game-review\\\/#breadcrumb\",\"itemListElement\":[{\"@type\":\"ListItem\",\"position\":1,\"name\":\"Home\",\"item\":\"https:\\\/\\\/superjetx.com\\\/\"},{\"@type\":\"ListItem\",\"position\":2,\"name\":\"Rocketon Game Review\"}]},{\"@type\":\"WebSite\",\"@id\":\"https:\\\/\\\/superjetx.com\\\/#website\",\"url\":\"https:\\\/\\\/superjetx.com\\\/\",\"name\":\"JetX Game\",\"description\":\"Super JetX Club\",\"potentialAction\":[{\"@type\":\"SearchAction\",\"target\":{\"@type\":\"EntryPoint\",\"urlTemplate\":\"https:\\\/\\\/superjetx.com\\\/?s={search_term_string}\"},\"query-input\":{\"@type\":\"PropertyValueSpecification\",\"valueRequired\":true,\"valueName\":\"search_term_string\"}}],\"inLanguage\":\"tr\"},{\"@type\":\"Question\",\"@id\":\"https:\\\/\\\/superjetx.com\\\/rocketon-game-review\\\/#faq-question-1706128348250\",\"position\":1,\"url\":\"https:\\\/\\\/superjetx.com\\\/rocketon-game-review\\\/#faq-question-1706128348250\",\"name\":\"Is Rocketon Game Legal?\",\"answerCount\":1,\"acceptedAnswer\":{\"@type\":\"Answer\",\"text\":\"The legality of online gambling depends on the laws of your country. As always, we recommend you check your casino license and money withdrawal options before playing.\",\"inLanguage\":\"tr\"},\"inLanguage\":\"tr\"},{\"@type\":\"Question\",\"@id\":\"https:\\\/\\\/superjetx.com\\\/rocketon-game-review\\\/#faq-question-1706128363220\",\"position\":2,\"url\":\"https:\\\/\\\/superjetx.com\\\/rocketon-game-review\\\/#faq-question-1706128363220\",\"name\":\"How to win at Rocketon?\",\"answerCount\":1,\"acceptedAnswer\":{\"@type\":\"Answer\",\"text\":\"There is no way to predict its algorithm and outcome. However, you can use certain betting strategies to operate your money more effectively.\",\"inLanguage\":\"tr\"},\"inLanguage\":\"tr\"},{\"@type\":\"Question\",\"@id\":\"https:\\\/\\\/superjetx.com\\\/rocketon-game-review\\\/#faq-question-1706128378170\",\"position\":3,\"url\":\"https:\\\/\\\/superjetx.com\\\/rocketon-game-review\\\/#faq-question-1706128378170\",\"name\":\"Is Rocketon game free?\",\"answerCount\":1,\"acceptedAnswer\":{\"@type\":\"Answer\",\"text\":\"The game requires betting money in order to play and win. It has a demo mode that gives an idea about the game but offers no chance to win because the user does not bet their funds.\",\"inLanguage\":\"tr\"},\"inLanguage\":\"tr\"}]}<\/script>\n<!-- \/ Yoast SEO plugin. -->","yoast_head_json":{"title":"Rocketon Oyun \u0130ncelemesi: Oyuncunun Bilmesi Gereken Her \u015eey","description":"Rocketon oyunu \u00e7arp\u0131\u015fan casino oyunlar\u0131na benzer \u015fekilde \u00e7al\u0131\u015f\u0131r, ancak s\u00fcr\u00fckleyici tasar\u0131m, ilgin\u00e7 \u00f6zellikler ve rastgelelik sa\u011flayan en son teknolojileri sunar.","robots":{"index":"index","follow":"follow","max-snippet":"max-snippet:-1","max-image-preview":"max-image-preview:large","max-video-preview":"max-video-preview:-1"},"canonical":"https:\/\/superjetx.com\/tr\/rocketon-game-review\/","og_locale":"tr_TR","og_type":"article","og_title":"Rocketon Game Review: Everything the Player Needs to Know","og_description":"Rocketon game works similarly to crash casino games but offers immersive design, interesting features, and cutting-edge technologies that provide randomness.","og_url":"https:\/\/superjetx.com\/tr\/rocketon-game-review\/","og_site_name":"JetX Game","twitter_card":"summary_large_image","twitter_misc":{"Tahmini okuma s\u00fcresi":"5 dakika"},"schema":{"@context":"https:\/\/schema.org","@graph":[{"@type":["WebPage","FAQPage"],"@id":"https:\/\/superjetx.com\/rocketon-game-review\/","url":"https:\/\/superjetx.com\/rocketon-game-review\/","name":"Rocketon Oyun \u0130ncelemesi: Oyuncunun Bilmesi Gereken Her \u015eey","isPartOf":{"@id":"https:\/\/superjetx.com\/#website"},"datePublished":"2024-01-24T20:34:15+00:00","description":"Rocketon oyunu \u00e7arp\u0131\u015fan casino oyunlar\u0131na benzer \u015fekilde \u00e7al\u0131\u015f\u0131r, ancak s\u00fcr\u00fckleyici tasar\u0131m, ilgin\u00e7 \u00f6zellikler ve rastgelelik sa\u011flayan en son teknolojileri sunar.","breadcrumb":{"@id":"https:\/\/superjetx.com\/rocketon-game-review\/#breadcrumb"},"mainEntity":[{"@id":"https:\/\/superjetx.com\/rocketon-game-review\/#faq-question-1706128348250"},{"@id":"https:\/\/superjetx.com\/rocketon-game-review\/#faq-question-1706128363220"},{"@id":"https:\/\/superjetx.com\/rocketon-game-review\/#faq-question-1706128378170"}],"inLanguage":"tr","potentialAction":[{"@type":"ReadAction","target":["https:\/\/superjetx.com\/rocketon-game-review\/"]}]},{"@type":"BreadcrumbList","@id":"https:\/\/superjetx.com\/rocketon-game-review\/#breadcrumb","itemListElement":[{"@type":"ListItem","position":1,"name":"Home","item":"https:\/\/superjetx.com\/"},{"@type":"ListItem","position":2,"name":"Rocketon Game Review"}]},{"@type":"WebSite","@id":"https:\/\/superjetx.com\/#website","url":"https:\/\/superjetx.com\/","name":"JetX Oyunu","description":"S\u00fcper JetX Kul\u00fcb\u00fc","potentialAction":[{"@type":"SearchAction","target":{"@type":"EntryPoint","urlTemplate":"https:\/\/superjetx.com\/?s={search_term_string}"},"query-input":{"@type":"PropertyValueSpecification","valueRequired":true,"valueName":"search_term_string"}}],"inLanguage":"tr"},{"@type":"Question","@id":"https:\/\/superjetx.com\/rocketon-game-review\/#faq-question-1706128348250","position":1,"url":"https:\/\/superjetx.com\/rocketon-game-review\/#faq-question-1706128348250","name":"Rocketon Oyunu Yasal m\u0131?","answerCount":1,"acceptedAnswer":{"@type":"Answer","text":"The legality of online gambling depends on the laws of your country. As always, we recommend you check your casino license and money withdrawal options before playing.","inLanguage":"tr"},"inLanguage":"tr"},{"@type":"Question","@id":"https:\/\/superjetx.com\/rocketon-game-review\/#faq-question-1706128363220","position":2,"url":"https:\/\/superjetx.com\/rocketon-game-review\/#faq-question-1706128363220","name":"Rocketon'da nas\u0131l kazan\u0131l\u0131r?","answerCount":1,"acceptedAnswer":{"@type":"Answer","text":"There is no way to predict its algorithm and outcome. However, you can use certain betting strategies to operate your money more effectively.","inLanguage":"tr"},"inLanguage":"tr"},{"@type":"Question","@id":"https:\/\/superjetx.com\/rocketon-game-review\/#faq-question-1706128378170","position":3,"url":"https:\/\/superjetx.com\/rocketon-game-review\/#faq-question-1706128378170","name":"Rocketon oyunu \u00fccretsiz mi?","answerCount":1,"acceptedAnswer":{"@type":"Answer","text":"The game requires betting money in order to play and win. It has a demo mode that gives an idea about the game but offers no chance to win because the user does not bet their funds.","inLanguage":"tr"},"inLanguage":"tr"}]}},"_links":{"self":[{"href":"https:\/\/superjetx.com\/tr\/wp-json\/wp\/v2\/pages\/115","targetHints":{"allow":["GET"]}}],"collection":[{"href":"https:\/\/superjetx.com\/tr\/wp-json\/wp\/v2\/pages"}],"about":[{"href":"https:\/\/superjetx.com\/tr\/wp-json\/wp\/v2\/types\/page"}],"author":[{"embeddable":true,"href":"https:\/\/superjetx.com\/tr\/wp-json\/wp\/v2\/users\/2"}],"replies":[{"embeddable":true,"href":"https:\/\/superjetx.com\/tr\/wp-json\/wp\/v2\/comments?post=115"}],"version-history":[{"count":1,"href":"https:\/\/superjetx.com\/tr\/wp-json\/wp\/v2\/pages\/115\/revisions"}],"predecessor-version":[{"id":116,"href":"https:\/\/superjetx.com\/tr\/wp-json\/wp\/v2\/pages\/115\/revisions\/116"}],"wp:attachment":[{"href":"https:\/\/superjetx.com\/tr\/wp-json\/wp\/v2\/media?parent=115"}],"curies":[{"name":"wp","href":"https:\/\/api.w.org\/{rel}","templated":true}]}}