{"id":49,"date":"2023-06-11T18:24:42","date_gmt":"2023-06-11T18:24:42","guid":{"rendered":"https:\/\/superjetx.com\/?page_id=49"},"modified":"2024-01-23T15:37:42","modified_gmt":"2024-01-23T15:37:42","slug":"jetx-demo-game-free","status":"publish","type":"page","link":"https:\/\/superjetx.com\/tr\/jetx-demo-game-free\/","title":{"rendered":"JetX Demo Oyunu (\u00dccretsiz)"},"content":{"rendered":"<p>G\u00fcn\u00fcm\u00fczde, SmartSoft Gaming adl\u0131 tan\u0131nm\u0131\u015f bir sa\u011flay\u0131c\u0131, kullan\u0131c\u0131lara para harcamadan JetX oyununu oynama imkan\u0131 sunmaktad\u0131r. \u015eirket, bu pop\u00fcler oyunun temel ve demo s\u00fcr\u00fcm\u00fcn\u00fc yaymaktad\u0131r. Yine de, t\u00fcm \u00e7evrimi\u00e7i casinolar JetX oyunu i\u00e7in bir test s\u00fcresi sunmad\u0131\u011f\u0131ndan dikkatli olmal\u0131s\u0131n\u0131z. Kullan\u0131c\u0131lar bu platformlarda ve web sitelerinde hemen ger\u00e7ek parayla oynamaya haz\u0131r olmal\u0131d\u0131r.<\/p>\n\n\n<div class=\"wp-block-image\">\n<figure class=\"aligncenter\"><img loading=\"lazy\" decoding=\"async\" width=\"900\" height=\"600\" src=\"https:\/\/superjetx.com\/wp-content\/uploads\/2023\/06\/jetx-game-demo-jpg.webp\" alt=\"JetX Oyun Demosu\" class=\"wp-image-50\" srcset=\"https:\/\/superjetx.com\/wp-content\/uploads\/2023\/06\/jetx-game-demo-jpg.webp 900w, https:\/\/superjetx.com\/wp-content\/uploads\/2023\/06\/jetx-game-demo-300x200.webp 300w, https:\/\/superjetx.com\/wp-content\/uploads\/2023\/06\/jetx-game-demo-768x512.webp 768w\" sizes=\"auto, (max-width: 900px) 100vw, 900px\" \/><\/figure>\n<\/div>\n\n\n<p>Neyse ki, JetX'i \u00fccretsiz olarak oynayabilece\u011finiz bir\u00e7ok oyun platformu hala var. Bu nedenle, JetX oyununun demo modunun ne anlama geldi\u011fini, nas\u0131l oynanaca\u011f\u0131n\u0131 ve kullan\u0131c\u0131lar i\u00e7in neden gerekli oldu\u011funu d\u00fc\u015f\u00fcnelim.<\/p>\n\n\n\n<h2 class=\"wp-block-heading\">JetX Oyunu Nedir<\/h2>\n\n\n\n<p>JetX, SmartSoft Gaming taraf\u0131ndan geli\u015ftirilen modern ve pop\u00fcler bir oyundur. JetX'i di\u011fer oyunlarla kar\u015f\u0131la\u015ft\u0131r\u0131rsak, oyuncular\u0131n JetX oyununda ne kadar para kazanabilecekleri konusunda bir s\u0131n\u0131r olmad\u0131\u011f\u0131n\u0131 g\u00f6rebiliriz. Bu hem yeni hem de profesyonel oyuncular i\u00e7in olduk\u00e7a caziptir. JetX riskli bir oyun olarak kabul edilse de, belirli teknikler ve stratejiler kullan\u0131c\u0131lar\u0131n b\u00fcy\u00fck kazan\u00e7lar elde etmesine yard\u0131mc\u0131 olabilir.<\/p>\n\n\n\n<p>JetX oyunu oyuncular\u0131n \u015fans\u0131na ba\u011fl\u0131d\u0131r. Jet u\u00e7maya devam etti\u011fi s\u00fcrece, oyuncular\u0131n g\u00f6revi do\u011fru zamanda nakde \u00e7evirmektir. Jet d\u00fc\u015ft\u00fckten daha sonra para \u00e7ekerseniz, bahsiniz kaybedecektir.<\/p>\n\n\n\n<p>\u0130lk ba\u015fta JetX oyununun prensipleri basit gibi g\u00f6r\u00fcnebilir. Yine de, kullan\u0131c\u0131lar b\u00fcy\u00fck kazan\u00e7lar elde etmek ve tats\u0131z mali kay\u0131plardan ka\u00e7\u0131nmak i\u00e7in oyunu ba\u015flatmadan \u00f6nce oyunun kurallar\u0131na tamamen a\u015fina olmal\u0131d\u0131r.<\/p>\n\n\n\n<h3 class=\"wp-block-heading\">JetX Demo Oyunu<\/h3>\n\n\n\n<p>JetX oyununun demo versiyonu tam versiyon ile ayn\u0131d\u0131r. Ancak, bu modlar aras\u0131nda \u00f6nemli bir fark vard\u0131r. JetX oyununun demo s\u00fcr\u00fcm\u00fcn\u00fc oynarsan\u0131z, ger\u00e7ek para kaybetme olas\u0131l\u0131\u011f\u0131n\u0131z olmayacakt\u0131r. Bu mod, oyuncular\u0131n \u00e7evrimi\u00e7i casinolarda hesap olu\u015fturmalar\u0131 ve para yat\u0131rmalar\u0131 gerekmedi\u011fi anlam\u0131na gelir.<\/p>\n\n\n\n<p>Bu kula\u011fa faydal\u0131 geliyor, de\u011fil mi? Bununla birlikte, demo modunun ba\u015fka bir taraf\u0131 daha var. JetX oyununun demo versiyonunu oynarken, kazan\u00e7 elde edemezsiniz. Oyuncular\u0131n bahisleri oynanm\u0131\u015f olsa bile, ger\u00e7ek para \u00e7ekemezler.<\/p>\n\n\n\n<p>Demo oyununda ger\u00e7ek para yerine sanal krediler kullan\u0131lmaktad\u0131r. JetX oyununun bu versiyonu, kullan\u0131c\u0131lara bahis oynamadan ve ger\u00e7ek parayla oynamadan \u00f6nce oyunu deneme ve bir temsilini alma f\u0131rsat\u0131 sunmay\u0131 ama\u00e7lamaktad\u0131r.<\/p>\n\n\n\n<h2 class=\"wp-block-heading\">JetX Demo Nas\u0131l Oynan\u0131r?<\/h2>\n\n\n\n<p>Bug\u00fcnlerde bir\u00e7ok online casino kullan\u0131c\u0131lara JetX oyununun demo versiyonunu \u00fccretsiz olarak oynama imkan\u0131 sunuyor. Basit\u00e7e s\u00f6ylemek gerekirse, platformlara kaydolman\u0131z, hesab\u0131n\u0131z do\u011frulan\u0131rken beklemeniz ve ger\u00e7ek para harcaman\u0131z gerekmez. Oyunun olanaklar\u0131na an\u0131nda eri\u015febileceksiniz.<\/p>\n\n\n\n<p>JetX'i demo modunda oynamak istiyorsan\u0131z, birka\u00e7 i\u015flem yapmal\u0131s\u0131n\u0131z. \u0130lk olarak, ilgilendi\u011finiz kumarhanenin web sitesine gitmelisiniz. Ard\u0131ndan, g\u00f6reviniz JetX oyununu bulmakt\u0131r. Web sitesinin ana sayfas\u0131nda bulunabilir veya isme g\u00f6re arama yapabilirsiniz. Bundan sonra, \"\u00dccretsiz oyna\" d\u00fc\u011fmesine basmal\u0131s\u0131n\u0131z. Baz\u0131 \u00e7evrimi\u00e7i casinolar \"Demo\" d\u00fc\u011fmesinin yard\u0131m\u0131yla bir test s\u00fcresi belirtir. Oyun ba\u015flayana kadar biraz bekleyin ve oynamaya devam edebilirsiniz.<\/p>\n\n\n\n<h2 class=\"wp-block-heading\">Neden JetX Demo Oynanmal\u0131<\/h2>\n\n\n\n<p>Uygulamada g\u00f6r\u00fcld\u00fc\u011f\u00fc gibi, JetX oyununun demo versiyonu hem yeni hem de profesyonel oyuncular i\u00e7in faydal\u0131 olabilir. JetX oyununa yeni ba\u015flayanlar, demo modunda oynayarak oyunun kurallar\u0131 hakk\u0131ndaki bilgilerini peki\u015ftirmek i\u00e7in b\u00fcy\u00fck bir olana\u011fa sahip olacaklar. Ayr\u0131ca, yeni kullan\u0131c\u0131lar ger\u00e7ek para yat\u0131rmadan \u00f6nce JetX oyununun mekani\u011fini ve ilkelerini anlayabileceklerdir.<\/p>\n\n\n\n<p>Hem yeni hem de profesyonel oyuncular JetX'in demo versiyonu ile bir bahis stratejisi geli\u015ftirebilecekler. Test s\u00fcresi, kullan\u0131c\u0131lar\u0131n etkili oyun taktikleri olu\u015fturmalar\u0131n\u0131 sa\u011flar. Oyuncular ger\u00e7ek masraflara girmeden \u00e7e\u015fitli se\u00e7enekleri deneyebilirler.<\/p>\n\n\n\n<p>Bu nedenle, JetX'i demo modunda oynamak i\u00e7in birka\u00e7 nedeni vurgulayabiliriz. Oyuncular paradan tasarruf edebilecek ve kazan\u00e7lar\u0131n\u0131 art\u0131racak oyun teknikleri bulabilecekler.<\/p>\n\n\n\n<h2 class=\"wp-block-heading\">JetX Oyunu i\u00e7in En \u0130yi Strateji<\/h2>\n\n\n\n<p>JetX tamamen oyuncular\u0131n \u015fans\u0131na dayal\u0131 bir oyundur. Oyunu hacklemek imkans\u0131z olsa da, zafer \u015fans\u0131n\u0131z\u0131 art\u0131racak belirli stratejiler vard\u0131r. Oyun tekniklerinin her turda 100% kazan\u00e7 garantisi olmad\u0131\u011f\u0131n\u0131 unutmay\u0131n. Stratejileri uygulaman\u0131n yan\u0131 s\u0131ra, oyunun kurallar\u0131n\u0131 ve mekani\u011fini de iyi bildi\u011finizden emin olmal\u0131s\u0131n\u0131z.<\/p>\n\n\n\n<p>D\u00fc\u015f\u00fck \u00e7arpana b\u00fcy\u00fck bahis yapmak ve y\u00fcksek \u00e7arpana d\u00fc\u015f\u00fck bahis yapmak oyuncular aras\u0131nda en yayg\u0131n oyun stratejilerinden biridir. Ayr\u0131ca, baz\u0131 oyuncular de\u011fi\u015fken oynamaya ve m\u00fcmk\u00fcn olan en k\u0131sa s\u00fcrede nakde \u00e7evirmeye karar verir. Son olarak, kullan\u0131c\u0131lar riskli stratejileri bile uygulama e\u011filiminde olabilirler. Martingale bu tekniklerden biridir. Oyuncular\u0131n k\u00fc\u00e7\u00fck bir bahis koymalar\u0131 ve her bahis kaybettiklerinde bunu ikiye katlamalar\u0131 gerekti\u011fi anlam\u0131na gelir.<\/p>\n\n\n\n<h2 class=\"wp-block-heading\">JetX Oyun Bonuslar\u0131<\/h2>\n\n\n\n<p>Basitlik ve y\u00fcksek kazan\u00e7 potansiyeli, kullan\u0131c\u0131lar\u0131n JetX oyununu oynamaya karar vermelerinin ba\u015fl\u0131ca nedenleridir. Bununla birlikte, bir\u00e7ok oyuncu bu oyunu bonuslar sundu\u011fu i\u00e7in de seviyor. \u00d6rne\u011fin, yeni kullan\u0131c\u0131lar ilk para yat\u0131rma i\u015flemleri i\u00e7in kesinlikle ho\u015f geldin bonuslar\u0131 alacaklard\u0131r. Ayr\u0131ca, d\u00fczenli oyunculara bir\u00e7ok teklif garanti edilmektedir.<\/p>\n\n\n\n<p>Promosyon kodlar\u0131n\u0131n kullan\u0131m\u0131 kolayd\u0131r ve \u00e7evrimi\u00e7i olarak bulunabilir. Gereksinimleri ve k\u0131s\u0131tlamalar\u0131 anlayabilmeniz i\u00e7in kullanmadan \u00f6nce her promosyon kodunun h\u00fck\u00fcm ve ko\u015fullar\u0131n\u0131 do\u011frulad\u0131\u011f\u0131n\u0131zdan emin olun.<\/p>\n\n\n\n<h2 class=\"wp-block-heading\">\u00d6zet<\/h2>\n\n\n\n<p>JetX oyununun demo s\u00fcr\u00fcm\u00fcn\u00fc oynamak birka\u00e7 nedenden dolay\u0131 faydal\u0131d\u0131r. Demo modu ile JetX'in ne oldu\u011fu ve potansiyel olarak nas\u0131l para kazan\u0131laca\u011f\u0131 hakk\u0131nda bir fikir sahibi olabileceksiniz. Tabii ki, demo modunda oynamak sadece ba\u015flang\u0131\u00e7ta ilgin\u00e7 olabilir. Oyun becerilerinizde ustala\u015ft\u0131k\u00e7a ve \u00e7e\u015fitli stratejileri test ettik\u00e7e, ger\u00e7ek parayla oynamaya ba\u015flama arzusu artacakt\u0131r.<\/p>\n\n\n\n<p>Bununla birlikte, \u00f6nce demo s\u00fcr\u00fcm\u00fcn\u00fc oynaman\u0131z ve ancak bundan sonra ger\u00e7ek bahisler yapman\u0131z \u00f6nerilir. Bu, harika bir oyun deneyimini ve potansiyel b\u00fcy\u00fck kazan\u00e7lar\u0131 garanti edecektir.<\/p>\n\n\n\n<h2 class=\"wp-block-heading\">SSS<\/h2>\n\n\n\n<div class=\"schema-faq wp-block-yoast-faq-block\"><div class=\"schema-faq-section\" id=\"faq-question-1686507048432\"><strong class=\"schema-faq-question\">JetX oyununu nerede oynayabilirim?<\/strong> <p class=\"schema-faq-answer\">JetX \u00e7e\u015fitli \u00e7evrimi\u00e7i casinolarda, oyun platformlar\u0131nda, web sitelerinde vb. mevcuttur.<\/p> <\/div> <div class=\"schema-faq-section\" id=\"faq-question-1686507064086\"><strong class=\"schema-faq-question\">JetX ile nas\u0131l para kazan\u0131l\u0131r?<\/strong> <p class=\"schema-faq-answer\">JetX oyununu oynayarak para kazanmak i\u00e7in kurallar\u0131 ve mekanikleri iyi bilmeli, yararl\u0131 oyun stratejilerine ba\u011fl\u0131 kalmal\u0131 ve sorumlu oyun oynamay\u0131 unutmamal\u0131s\u0131n\u0131z.<\/p> <\/div> <div class=\"schema-faq-section\" id=\"faq-question-1686507071924\"><strong class=\"schema-faq-question\">JetX nas\u0131l kazan\u0131l\u0131r?<\/strong> <p class=\"schema-faq-answer\">Oyun bir jet u\u00e7maya ba\u015flad\u0131\u011f\u0131nda ba\u015flar. JetX'i kazanmak i\u00e7in jet \u00e7arpmadan\/patlamadan \u00f6nce paran\u0131z\u0131 \u00e7ekmelisiniz.<\/p> <\/div> <\/div>","protected":false},"excerpt":{"rendered":"<p>Nowadays, a well-known provider titled SmartSoft Gaming provides users with the possibility to play the JetX game without spending money. The company spreads a basic and a demo version of this popular game. Still, you should be careful since not all online casinos offer a test period for the JetX game. Users should be ready [&hellip;]<\/p>\n","protected":false},"author":1,"featured_media":0,"parent":0,"menu_order":0,"comment_status":"closed","ping_status":"closed","template":"","meta":{"footnotes":""},"class_list":["post-49","page","type-page","status-publish","hentry"],"yoast_head":"<!-- This site is optimized with the Yoast SEO plugin v27.3 - https:\/\/yoast.com\/product\/yoast-seo-wordpress\/ -->\n<title>JetX Demo Game: Online Casinos<\/title>\n<meta name=\"description\" content=\"JetX Demo Game: how to play it and what are the benefits of this mode to gamers? This article covers detailed info on the JetX demo including its features and where users may play it.\" \/>\n<meta name=\"robots\" content=\"index, follow, max-snippet:-1, max-image-preview:large, max-video-preview:-1\" \/>\n<link rel=\"canonical\" href=\"https:\/\/superjetx.com\/tr\/jetx-demo-game-free\/\" \/>\n<meta property=\"og:locale\" content=\"tr_TR\" \/>\n<meta property=\"og:type\" content=\"article\" \/>\n<meta property=\"og:title\" content=\"JetX Demo Game: Online Casinos\" \/>\n<meta property=\"og:description\" content=\"JetX Demo Game: how to play it and what are the benefits of this mode to gamers? This article covers detailed info on the JetX demo including its features and where users may play it.\" \/>\n<meta property=\"og:url\" content=\"https:\/\/superjetx.com\/tr\/jetx-demo-game-free\/\" \/>\n<meta property=\"og:site_name\" content=\"JetX Game\" \/>\n<meta property=\"article:modified_time\" content=\"2024-01-23T15:37:42+00:00\" \/>\n<meta property=\"og:image\" content=\"https:\/\/superjetx.com\/wp-content\/uploads\/2023\/06\/jetx-game-demo-jpg.webp\" \/>\n<meta name=\"twitter:card\" content=\"summary_large_image\" \/>\n<meta name=\"twitter:label1\" content=\"Tahmini okuma s\u00fcresi\" \/>\n\t<meta name=\"twitter:data1\" content=\"5 dakika\" \/>\n<script type=\"application\/ld+json\" class=\"yoast-schema-graph\">{\"@context\":\"https:\\\/\\\/schema.org\",\"@graph\":[{\"@type\":[\"WebPage\",\"FAQPage\"],\"@id\":\"https:\\\/\\\/superjetx.com\\\/jetx-demo-game-free\\\/\",\"url\":\"https:\\\/\\\/superjetx.com\\\/jetx-demo-game-free\\\/\",\"name\":\"JetX Demo Game: Online Casinos\",\"isPartOf\":{\"@id\":\"https:\\\/\\\/superjetx.com\\\/#website\"},\"primaryImageOfPage\":{\"@id\":\"https:\\\/\\\/superjetx.com\\\/jetx-demo-game-free\\\/#primaryimage\"},\"image\":{\"@id\":\"https:\\\/\\\/superjetx.com\\\/jetx-demo-game-free\\\/#primaryimage\"},\"thumbnailUrl\":\"https:\\\/\\\/superjetx.com\\\/wp-content\\\/uploads\\\/2023\\\/06\\\/jetx-game-demo-jpg.webp\",\"datePublished\":\"2023-06-11T18:24:42+00:00\",\"dateModified\":\"2024-01-23T15:37:42+00:00\",\"description\":\"JetX Demo Game: how to play it and what are the benefits of this mode to gamers? This article covers detailed info on the JetX demo including its features and where users may play it.\",\"breadcrumb\":{\"@id\":\"https:\\\/\\\/superjetx.com\\\/jetx-demo-game-free\\\/#breadcrumb\"},\"mainEntity\":[{\"@id\":\"https:\\\/\\\/superjetx.com\\\/jetx-demo-game-free\\\/#faq-question-1686507048432\"},{\"@id\":\"https:\\\/\\\/superjetx.com\\\/jetx-demo-game-free\\\/#faq-question-1686507064086\"},{\"@id\":\"https:\\\/\\\/superjetx.com\\\/jetx-demo-game-free\\\/#faq-question-1686507071924\"}],\"inLanguage\":\"tr\",\"potentialAction\":[{\"@type\":\"ReadAction\",\"target\":[\"https:\\\/\\\/superjetx.com\\\/jetx-demo-game-free\\\/\"]}]},{\"@type\":\"ImageObject\",\"inLanguage\":\"tr\",\"@id\":\"https:\\\/\\\/superjetx.com\\\/jetx-demo-game-free\\\/#primaryimage\",\"url\":\"https:\\\/\\\/superjetx.com\\\/wp-content\\\/uploads\\\/2023\\\/06\\\/jetx-game-demo-jpg.webp\",\"contentUrl\":\"https:\\\/\\\/superjetx.com\\\/wp-content\\\/uploads\\\/2023\\\/06\\\/jetx-game-demo-jpg.webp\"},{\"@type\":\"BreadcrumbList\",\"@id\":\"https:\\\/\\\/superjetx.com\\\/jetx-demo-game-free\\\/#breadcrumb\",\"itemListElement\":[{\"@type\":\"ListItem\",\"position\":1,\"name\":\"Home\",\"item\":\"https:\\\/\\\/superjetx.com\\\/\"},{\"@type\":\"ListItem\",\"position\":2,\"name\":\"JetX Demo Game (Free)\"}]},{\"@type\":\"WebSite\",\"@id\":\"https:\\\/\\\/superjetx.com\\\/#website\",\"url\":\"https:\\\/\\\/superjetx.com\\\/\",\"name\":\"JetX Game\",\"description\":\"Super JetX Club\",\"potentialAction\":[{\"@type\":\"SearchAction\",\"target\":{\"@type\":\"EntryPoint\",\"urlTemplate\":\"https:\\\/\\\/superjetx.com\\\/?s={search_term_string}\"},\"query-input\":{\"@type\":\"PropertyValueSpecification\",\"valueRequired\":true,\"valueName\":\"search_term_string\"}}],\"inLanguage\":\"tr\"},{\"@type\":\"Question\",\"@id\":\"https:\\\/\\\/superjetx.com\\\/jetx-demo-game-free\\\/#faq-question-1686507048432\",\"position\":1,\"url\":\"https:\\\/\\\/superjetx.com\\\/jetx-demo-game-free\\\/#faq-question-1686507048432\",\"name\":\"Where can I play JetX?\",\"answerCount\":1,\"acceptedAnswer\":{\"@type\":\"Answer\",\"text\":\"JetX is available on various online casinos, gaming platforms, websites, etc.\",\"inLanguage\":\"tr\"},\"inLanguage\":\"tr\"},{\"@type\":\"Question\",\"@id\":\"https:\\\/\\\/superjetx.com\\\/jetx-demo-game-free\\\/#faq-question-1686507064086\",\"position\":2,\"url\":\"https:\\\/\\\/superjetx.com\\\/jetx-demo-game-free\\\/#faq-question-1686507064086\",\"name\":\"How to make money with JetX?\",\"answerCount\":1,\"acceptedAnswer\":{\"@type\":\"Answer\",\"text\":\"To earn money playing the JetX game, you should know the rules and mechanics well, stick to helpful gaming strategies, and remember responsible gaming.\",\"inLanguage\":\"tr\"},\"inLanguage\":\"tr\"},{\"@type\":\"Question\",\"@id\":\"https:\\\/\\\/superjetx.com\\\/jetx-demo-game-free\\\/#faq-question-1686507071924\",\"position\":3,\"url\":\"https:\\\/\\\/superjetx.com\\\/jetx-demo-game-free\\\/#faq-question-1686507071924\",\"name\":\"How to win JetX?\",\"answerCount\":1,\"acceptedAnswer\":{\"@type\":\"Answer\",\"text\":\"The game begins when a jet starts to fly. To win JetX, you should cash out before the jet crashes\\\/explodes.\",\"inLanguage\":\"tr\"},\"inLanguage\":\"tr\"}]}<\/script>\n<!-- \/ Yoast SEO plugin. -->","yoast_head_json":{"title":"JetX Demo Oyunu: \u00c7evrimi\u00e7i Kumarhaneler","description":"JetX Demo Oyunu: nas\u0131l oynan\u0131r ve bu modun oyunculara faydalar\u0131 nelerdir? Bu makale, \u00f6zellikleri ve kullan\u0131c\u0131lar\u0131n nerede oynayabilecekleri de dahil olmak \u00fczere JetX demosu hakk\u0131nda ayr\u0131nt\u0131l\u0131 bilgi i\u00e7ermektedir.","robots":{"index":"index","follow":"follow","max-snippet":"max-snippet:-1","max-image-preview":"max-image-preview:large","max-video-preview":"max-video-preview:-1"},"canonical":"https:\/\/superjetx.com\/tr\/jetx-demo-game-free\/","og_locale":"tr_TR","og_type":"article","og_title":"JetX Demo Game: Online Casinos","og_description":"JetX Demo Game: how to play it and what are the benefits of this mode to gamers? This article covers detailed info on the JetX demo including its features and where users may play it.","og_url":"https:\/\/superjetx.com\/tr\/jetx-demo-game-free\/","og_site_name":"JetX Game","article_modified_time":"2024-01-23T15:37:42+00:00","og_image":[{"url":"https:\/\/superjetx.com\/wp-content\/uploads\/2023\/06\/jetx-game-demo-jpg.webp","type":"","width":"","height":""}],"twitter_card":"summary_large_image","twitter_misc":{"Tahmini okuma s\u00fcresi":"5 dakika"},"schema":{"@context":"https:\/\/schema.org","@graph":[{"@type":["WebPage","FAQPage"],"@id":"https:\/\/superjetx.com\/jetx-demo-game-free\/","url":"https:\/\/superjetx.com\/jetx-demo-game-free\/","name":"JetX Demo Oyunu: \u00c7evrimi\u00e7i Kumarhaneler","isPartOf":{"@id":"https:\/\/superjetx.com\/#website"},"primaryImageOfPage":{"@id":"https:\/\/superjetx.com\/jetx-demo-game-free\/#primaryimage"},"image":{"@id":"https:\/\/superjetx.com\/jetx-demo-game-free\/#primaryimage"},"thumbnailUrl":"https:\/\/superjetx.com\/wp-content\/uploads\/2023\/06\/jetx-game-demo-jpg.webp","datePublished":"2023-06-11T18:24:42+00:00","dateModified":"2024-01-23T15:37:42+00:00","description":"JetX Demo Oyunu: nas\u0131l oynan\u0131r ve bu modun oyunculara faydalar\u0131 nelerdir? Bu makale, \u00f6zellikleri ve kullan\u0131c\u0131lar\u0131n nerede oynayabilecekleri de dahil olmak \u00fczere JetX demosu hakk\u0131nda ayr\u0131nt\u0131l\u0131 bilgi i\u00e7ermektedir.","breadcrumb":{"@id":"https:\/\/superjetx.com\/jetx-demo-game-free\/#breadcrumb"},"mainEntity":[{"@id":"https:\/\/superjetx.com\/jetx-demo-game-free\/#faq-question-1686507048432"},{"@id":"https:\/\/superjetx.com\/jetx-demo-game-free\/#faq-question-1686507064086"},{"@id":"https:\/\/superjetx.com\/jetx-demo-game-free\/#faq-question-1686507071924"}],"inLanguage":"tr","potentialAction":[{"@type":"ReadAction","target":["https:\/\/superjetx.com\/jetx-demo-game-free\/"]}]},{"@type":"ImageObject","inLanguage":"tr","@id":"https:\/\/superjetx.com\/jetx-demo-game-free\/#primaryimage","url":"https:\/\/superjetx.com\/wp-content\/uploads\/2023\/06\/jetx-game-demo-jpg.webp","contentUrl":"https:\/\/superjetx.com\/wp-content\/uploads\/2023\/06\/jetx-game-demo-jpg.webp"},{"@type":"BreadcrumbList","@id":"https:\/\/superjetx.com\/jetx-demo-game-free\/#breadcrumb","itemListElement":[{"@type":"ListItem","position":1,"name":"Home","item":"https:\/\/superjetx.com\/"},{"@type":"ListItem","position":2,"name":"JetX Demo Game (Free)"}]},{"@type":"WebSite","@id":"https:\/\/superjetx.com\/#website","url":"https:\/\/superjetx.com\/","name":"JetX Oyunu","description":"S\u00fcper JetX Kul\u00fcb\u00fc","potentialAction":[{"@type":"SearchAction","target":{"@type":"EntryPoint","urlTemplate":"https:\/\/superjetx.com\/?s={search_term_string}"},"query-input":{"@type":"PropertyValueSpecification","valueRequired":true,"valueName":"search_term_string"}}],"inLanguage":"tr"},{"@type":"Question","@id":"https:\/\/superjetx.com\/jetx-demo-game-free\/#faq-question-1686507048432","position":1,"url":"https:\/\/superjetx.com\/jetx-demo-game-free\/#faq-question-1686507048432","name":"JetX oyununu nerede oynayabilirim?","answerCount":1,"acceptedAnswer":{"@type":"Answer","text":"JetX is available on various online casinos, gaming platforms, websites, etc.","inLanguage":"tr"},"inLanguage":"tr"},{"@type":"Question","@id":"https:\/\/superjetx.com\/jetx-demo-game-free\/#faq-question-1686507064086","position":2,"url":"https:\/\/superjetx.com\/jetx-demo-game-free\/#faq-question-1686507064086","name":"JetX ile nas\u0131l para kazan\u0131l\u0131r?","answerCount":1,"acceptedAnswer":{"@type":"Answer","text":"To earn money playing the JetX game, you should know the rules and mechanics well, stick to helpful gaming strategies, and remember responsible gaming.","inLanguage":"tr"},"inLanguage":"tr"},{"@type":"Question","@id":"https:\/\/superjetx.com\/jetx-demo-game-free\/#faq-question-1686507071924","position":3,"url":"https:\/\/superjetx.com\/jetx-demo-game-free\/#faq-question-1686507071924","name":"JetX nas\u0131l kazan\u0131l\u0131r?","answerCount":1,"acceptedAnswer":{"@type":"Answer","text":"The game begins when a jet starts to fly. To win JetX, you should cash out before the jet crashes\/explodes.","inLanguage":"tr"},"inLanguage":"tr"}]}},"_links":{"self":[{"href":"https:\/\/superjetx.com\/tr\/wp-json\/wp\/v2\/pages\/49","targetHints":{"allow":["GET"]}}],"collection":[{"href":"https:\/\/superjetx.com\/tr\/wp-json\/wp\/v2\/pages"}],"about":[{"href":"https:\/\/superjetx.com\/tr\/wp-json\/wp\/v2\/types\/page"}],"author":[{"embeddable":true,"href":"https:\/\/superjetx.com\/tr\/wp-json\/wp\/v2\/users\/1"}],"replies":[{"embeddable":true,"href":"https:\/\/superjetx.com\/tr\/wp-json\/wp\/v2\/comments?post=49"}],"version-history":[{"count":3,"href":"https:\/\/superjetx.com\/tr\/wp-json\/wp\/v2\/pages\/49\/revisions"}],"predecessor-version":[{"id":66,"href":"https:\/\/superjetx.com\/tr\/wp-json\/wp\/v2\/pages\/49\/revisions\/66"}],"wp:attachment":[{"href":"https:\/\/superjetx.com\/tr\/wp-json\/wp\/v2\/media?parent=49"}],"curies":[{"name":"wp","href":"https:\/\/api.w.org\/{rel}","templated":true}]}}