{"id":68,"date":"2023-12-02T21:27:00","date_gmt":"2023-12-02T21:27:00","guid":{"rendered":"https:\/\/superjetx.com\/?page_id=68"},"modified":"2024-01-25T12:33:26","modified_gmt":"2024-01-25T12:33:26","slug":"airplane-game-for-money","status":"publish","type":"page","link":"https:\/\/superjetx.com\/tr\/airplane-game-for-money\/","title":{"rendered":"Para Kar\u015f\u0131l\u0131\u011f\u0131 U\u00e7ak Oyunu"},"content":{"rendered":"<p>\u00c7evrimi\u00e7i oyunlar oynayarak e\u011flenebilece\u011finizi ve dahas\u0131 kolayl\u0131kla para kazanabilece\u011finizi hayal edebiliyor musunuz? Bug\u00fcn, U\u00e7ak oyununun yard\u0131m\u0131yla bu m\u00fcmk\u00fcn hale geliyor. Bu oyunun prensibi, u\u00e7ak u\u00e7arken para kazanman\u0131zd\u0131r. Kula\u011fa ilgi \u00e7ekici geliyor, de\u011fil mi?<\/p>\n\n\n\n<p>G\u00fcn\u00fcm\u00fczde BGaming, Spribe ve SmartSoft bu t\u00fcr oyunlar\u0131n \u00f6nde gelen sa\u011flay\u0131c\u0131lar\u0131d\u0131r. Geleneksel slot ve masa oyunlar\u0131 hat\u0131rlanmas\u0131 gereken karma\u015f\u0131k kurallara sahipken, U\u00e7ak oyunlar\u0131 zahmetsizce ve b\u00fcy\u00fck riskler almak zorunda kalmadan oynanabilir. Bu nedenle, y\u00fcksek kazanma potansiyeline sahip U\u00e7ak oyunlar\u0131na daha yak\u0131ndan bakal\u0131m.<\/p>\n\n\n\n<h2 class=\"wp-block-heading\">Oynanacak Oyunlar<\/h2>\n\n\n\n<p>Mevcut \u00e7e\u015fitli oyunlar aras\u0131nda, kullan\u0131c\u0131lar U\u00e7ak oyunlar\u0131 oynamaya karar verir. Bunun en b\u00fcy\u00fck nedeni, bu oyunlar\u0131n kumarbazlara sorunsuz bir \u015fekilde ger\u00e7ek para kazanma imkan\u0131 sa\u011flamas\u0131d\u0131r. Kim sadece ilgin\u00e7 bir oyun oynayarak biraz para kazanmay\u0131 reddeder ki?<\/p>\n\n\n\n<p>G\u00fcn\u00fcm\u00fczde, u\u00e7aklarla ilgili birka\u00e7 oyuna kullan\u0131c\u0131lar eri\u015febilir. Hepsi g\u00fcvenlidir ve oyuncular\u0131n kar elde etmesini sa\u011flar. Herhangi bir oyunu \u00f6zelliklerine, bonuslar\u0131n kullan\u0131labilirli\u011fine, b\u00fcy\u00fck kazan\u00e7 olas\u0131l\u0131\u011f\u0131na ve daha fazlas\u0131na g\u00f6re se\u00e7ebilirsiniz. Hangi oyunu se\u00e7erseniz se\u00e7in, kesinlikle unutulmaz bir oyun deneyimi ya\u015fayacak ve banka hesab\u0131n\u0131z\u0131 yenileyeceksiniz.<\/p>\n\n\n\n<h2 class=\"wp-block-heading\">Havac\u0131<\/h2>\n\n\n\n<p>Aviator, oyuncular aras\u0131nda iyi bilinen bir oyundur. Spribe taraf\u0131ndan 2019 y\u0131l\u0131nda piyasaya s\u00fcr\u00fcld\u00fc ve o zamandan beri b\u00fcy\u00fck pop\u00fclerlik kazand\u0131. Aviator oyunu, kullan\u0131c\u0131lar\u0131n artan oranlara bahis oynayarak para kazanmalar\u0131na olanak tan\u0131r. Aviator'un kurallar\u0131 basit g\u00f6r\u00fcnse de, kazanma \u015fans\u0131n\u0131z\u0131 art\u0131rmak i\u00e7in oyunun mekaniklerini anlaman\u0131z \u00f6nerilir.<\/p>\n\n\n\n<p>Aviator oynamay\u0131 d\u00fc\u015f\u00fcn\u00fcyorsan\u0131z, bu oyun hakk\u0131nda m\u00fcmk\u00fcn oldu\u011funca \u00e7ok \u015fey bilmeniz tavsiye edilir. Aviator'\u0131n ne oldu\u011fu, bu oyunun nas\u0131l oynanaca\u011f\u0131 ve ger\u00e7ek para kazanma hakk\u0131nda a\u015fa\u011f\u0131daki bilgileri ele alal\u0131m.<\/p>\n\n\n\n<h3 class=\"wp-block-heading\">Aviator Oyunu Nedir<\/h3>\n\n\n\n<p>Aviator, oyuncular\u0131n b\u00fcy\u00fck kazan\u00e7lar elde etmesini sa\u011flayan k\u00fc\u00e7\u00fck bir u\u00e7ak hakk\u0131nda \u00e7evrimi\u00e7i bir oyundur. Nispeten yeni bir oyun olmas\u0131na ra\u011fmen, Aviator kullan\u0131c\u0131lar aras\u0131nda inan\u0131lmaz derecede pop\u00fcler hale gelmi\u015ftir. Bu oyunun kurallar\u0131 basittir ve oyuncular\u0131n kazanmak i\u00e7in bir i\u015flem yapmalar\u0131 gerekir.<\/p>\n\n\n\n<p>U\u00e7a\u011f\u0131n kalk\u0131\u015f\u0131n\u0131 izlemeli ve ard\u0131ndan bahis oynamal\u0131s\u0131n\u0131z. G\u00f6reviniz u\u00e7ak patlamadan \u00f6nce paran\u0131z\u0131 \u00e7ekmektir. E\u011fer kazanc\u0131n\u0131z\u0131 gecikmeli olarak \u00e7ekerseniz, bahsiniz kaybedecektir. Oyunun sonucu oyuncular\u0131n \u015fans\u0131na ba\u011fl\u0131d\u0131r.<\/p>\n\n\n\n<h3 class=\"wp-block-heading\">Aviator Nas\u0131l Oynan\u0131r?<\/h3>\n\n\n\n<p>Yukar\u0131da belirtildi\u011fi gibi Aviator oyununun kurallar\u0131n\u0131 hat\u0131rlamak kolayd\u0131r. Ancak kullan\u0131c\u0131lar \u00f6ncelikle bu oyunu hangi platformda oynayacaklar\u0131na karar vermelidir. Neyse ki, heyecan verici Aviator oyunu sunan \u00e7ok say\u0131da sayg\u0131n ve g\u00fcvenli oyun platformu var.<\/p>\n\n\n\n<p>Web sitelerinden biri lehine bir se\u00e7im yapt\u0131ktan sonra, g\u00f6reviniz kay\u0131t olmakt\u0131r. Kural olarak, kay\u0131t prosed\u00fcr\u00fc biraz zaman ve \u00e7aba gerektirir. Hesab\u0131n\u0131z olu\u015fturulduktan ve do\u011fruland\u0131ktan sonra, Aviator oyununu ba\u015flatabilir ve oynamaya ba\u015flayabilirsiniz.<\/p>\n\n\n\n<p>Bahislerinizi oynamadan \u00f6nce hesab\u0131n\u0131z\u0131 doldurdu\u011funuzdan emin olun. Online casinolarda para yat\u0131rmak basit ve h\u0131zl\u0131d\u0131r.<\/p>\n\n\n\n<h3 class=\"wp-block-heading\">Aviator Nas\u0131l Kazan\u0131l\u0131r<\/h3>\n\n\n\n<p>Aviator oyun algoritmas\u0131 rastgele say\u0131lar\u0131n \u00fcretilmesine dayanmaktad\u0131r. Ba\u015far\u0131 \u015fans\u0131n\u0131za ba\u011fl\u0131 olacakt\u0131r. T\u00fcm turlar boyunca kazan\u00e7 elde etmenin bir s\u0131rr\u0131 olmamas\u0131na ra\u011fmen, baz\u0131 stratejiler oyuncular i\u00e7in faydal\u0131 olabilir. Bu oyun teknikleri kullan\u0131c\u0131lar\u0131n zafer \u015fans\u0131n\u0131 art\u0131r\u0131r.<\/p>\n\n\n\n<p>\u00d6rne\u011fin, Aviator oyununun demo versiyonunu oynayarak \u00f6nce \u015fans\u0131n\u0131z\u0131 deneyebilirsiniz. Ger\u00e7ek bahisler oynaman\u0131za ve ger\u00e7ek para yat\u0131rman\u0131za gerek olmad\u0131\u011f\u0131 i\u00e7in hi\u00e7bir \u015feyi riske atmazs\u0131n\u0131z. Ayr\u0131ca, risk ve potansiyel k\u00e2r aras\u0131nda iyi bir denge bulman\u0131z \u00f6nerilir. Son olarak, bahislerinizi ak\u0131ll\u0131ca se\u00e7meli ve \u00e7ok a\u00e7g\u00f6zl\u00fc olmamal\u0131s\u0131n\u0131z.<\/p>\n\n\n\n<h2 class=\"wp-block-heading\">JetX Oyunu<\/h2>\n\n\n\n<p>JetX, Aviator oyununa benzer. Ayn\u0131 \u015fekilde oyuncular aras\u0131nda pop\u00fclerdir ve y\u00fcksek bir kazanma potansiyeli sunar. JetX'in kurallar\u0131 Aviator oyununda oldu\u011fu kadar basittir. Herhangi bir nedenle JetX oynamaya karar verirseniz, bu oyuna maksimum d\u00fczeyde a\u015fina olmal\u0131s\u0131n\u0131z. Bu, paran\u0131z\u0131 bo\u015funa kaybetmeyece\u011finizin, aksine para kazanaca\u011f\u0131n\u0131z ve harika zaman ge\u00e7irece\u011finizin garantisidir.<\/p>\n\n\n\n<h3 class=\"wp-block-heading\">JetX Oyunu Nedir<\/h3>\n\n\n\n<p>JetX, d\u00fcnyan\u0131n her k\u00f6\u015fesinden oyuncular taraf\u0131ndan h\u0131zl\u0131 bir \u015fekilde dikkate al\u0131nan yeni bir \u00e7evrimi\u00e7i oyundur. Bu, kullan\u0131c\u0131lar\u0131n kolayl\u0131kla kar elde etme olana\u011f\u0131na sahip oldu\u011fu bir \u015fans oyunudur. Alaca\u011f\u0131n\u0131z para miktar\u0131 tamamen \u015fans\u0131n\u0131za ba\u011fl\u0131d\u0131r.<\/p>\n\n\n\n<p>JetX oyunu Smartsoft Gaming taraf\u0131ndan yarat\u0131lm\u0131\u015ft\u0131r ve \u00e7e\u015fitli \u00e7evrimi\u00e7i casinolarda mevcuttur. Bu oyunda kullan\u0131c\u0131lar\u0131n ne kadar para kazanabilece\u011fi konusunda bir s\u0131n\u0131rlama yoktur.<\/p>\n\n\n\n<h3 class=\"wp-block-heading\">JetX Nas\u0131l Oynan\u0131r?<\/h3>\n\n\n\n<p>JetX oyununu oynamaya ba\u015flamak i\u00e7in, Aviator oyununda oldu\u011fu gibi \u00f6nce g\u00fcvenilir ve g\u00fcvenilir bir oyun platformu se\u00e7melisiniz. Kullan\u0131c\u0131lar JetX oyununu oynamak i\u00e7in \u00e7ok say\u0131da g\u00fcvenli ve profesyonel \u00e7evrimi\u00e7i kumarhane ke\u015ffedebilirler.<\/p>\n\n\n\n<p>Uygun bir web sitesi se\u00e7ildikten sonra, kay\u0131t prosed\u00fcr\u00fcne ge\u00e7ebilirsiniz. Profiliniz kontrol edildikten sonra, ilk para yat\u0131rma i\u015fleminizi yapabilir ve JetX oyununu ba\u015flatabilirsiniz. Kural olarak, bu oyun oyun platformunun ana sayfas\u0131nda bulunabilir. Zaman kazanmak i\u00e7in, arama \u00e7ubu\u011funa oyunun ba\u015fl\u0131\u011f\u0131n\u0131 girebilirsiniz ve sistem size gerekli oyunu verecektir.<\/p>\n\n\n\n<h3 class=\"wp-block-heading\">JetX Nas\u0131l Kazan\u0131l\u0131r<\/h3>\n\n\n\n<p>JetX'in prensibi Aviator oyunu ile ayn\u0131d\u0131r. Bahsinizi koyduktan sonra bir jet u\u00e7maya ba\u015flar. Jet \"havada\" oldu\u011fu s\u00fcrece, en uygun zamanda para \u00e7ekmelisiniz. Paray\u0131 \u00e7ekmek i\u00e7in zaman\u0131n\u0131z yoksa ve jet d\u00fc\u015ferse, kaybedersiniz.<\/p>\n\n\n\n<p>JetX'i kazanmak i\u00e7in g\u00f6reviniz zaman\u0131nda nakde \u00e7evirmektir. JetX oyunu rastgele say\u0131 \u00fcretecine (RNG) dayanmaktad\u0131r. Oyunun ba\u015far\u0131s\u0131 \u015fans\u0131n\u0131za ve ustal\u0131\u011f\u0131n\u0131za ba\u011fl\u0131 olacakt\u0131r.<\/p>\n\n\n\n<h2 class=\"wp-block-heading\">Kazanmak i\u00e7in Hileler<\/h2>\n\n\n\n<p>Hem Aviator hem de JetX oyunlar\u0131n\u0131n sonu\u00e7lar\u0131 tamamen oyuncular\u0131n \u015fans\u0131na ba\u011fl\u0131d\u0131r. Ne yaz\u0131k ki, 100% kazanma teknikleri mevcut de\u011fildir. Bununla birlikte, kullan\u0131c\u0131lar\u0131n kazan\u00e7 elde etme olas\u0131l\u0131\u011f\u0131n\u0131 art\u0131rmalar\u0131na yard\u0131mc\u0131 olabilecek baz\u0131 ipu\u00e7lar\u0131 ve p\u00fcf noktalar\u0131 vard\u0131r.<\/p>\n\n\n\n<p>\u00d6rne\u011fin, de\u011fi\u015fken oynayabilir ve erken nakit \u00e7ekebilirsiniz. Ba\u015fka bir strateji de, erken \u00e7ekece\u011finiz b\u00fcy\u00fck bir bahis koyman\u0131z ve ayn\u0131 zamanda b\u00fcy\u00fck bir \u00e7arpan elde etmeyi bekledi\u011finiz k\u00fc\u00e7\u00fck bir bahis koyman\u0131z gerekti\u011fi anlam\u0131na gelir. Bu ve di\u011fer ipu\u00e7lar\u0131 ve p\u00fcf noktalar\u0131 Aviator ve JetX oyunlar\u0131na uygulanabilir.<\/p>\n\n\n\n<h2 class=\"wp-block-heading\">\u00d6zet<\/h2>\n\n\n\n<p>G\u00fcn\u00fcm\u00fczde geli\u015ftiriciler, kullan\u0131c\u0131lara yaln\u0131zca arkada\u015flar\u0131yla e\u011flenme de\u011fil, ayn\u0131 zamanda biraz para kazanma imkan\u0131 da sa\u011flayacak oyunlar yaratmaya devam ediyor. Aviator ve JetX oyunlar\u0131, para kazanmak ve ilgiyle vakit ge\u00e7irmek istiyorsan\u0131z ideal se\u00e7eneklerdir. U\u00e7aklarla ilgili bu oyunlar \u015f\u00fcphesiz size harika bir oyun deneyimi ve kar elde etme \u015fans\u0131 verecektir. Bir dahaki sefere \u00e7evrimi\u00e7i oyun oynamaya karar verdi\u011finizde, kazanc\u0131n\u0131z Aviator ve JetX oyunlar\u0131nda sizi bekliyor olacak.<\/p>\n\n\n\n<h2 class=\"wp-block-heading\">SSS<\/h2>\n\n\n\n<div class=\"schema-faq wp-block-yoast-faq-block\"><div class=\"schema-faq-section\" id=\"faq-question-1706045139146\"><strong class=\"schema-faq-question\">Aviator Spribe yasal m\u0131?<\/strong> <p class=\"schema-faq-answer\">Spribe taraf\u0131ndan olu\u015fturulan Aviator oyunu bir aldatmaca de\u011fildir. Bir\u00e7ok oyuncu taraf\u0131ndan be\u011fenilen me\u015fru ve e\u011flenceli bir oyundur.<\/p> <\/div> <div class=\"schema-faq-section\" id=\"faq-question-1706045156601\"><strong class=\"schema-faq-question\">JetX oyununun algoritmas\u0131 nedir?<\/strong> <p class=\"schema-faq-answer\">JetX oyunu bir Rastgele Say\u0131 \u00dcreticisine (RNG) dayanmaktad\u0131r.<\/p> <\/div> <div class=\"schema-faq-section\" id=\"faq-question-1706045166929\"><strong class=\"schema-faq-question\">Spribe nedir?<\/strong> <p class=\"schema-faq-answer\">Spribe, casino klasikleri (rulet, blackjack ve poker) ve yeni \u00e7ok oyunculu \u00e7arp\u0131\u015fma oyunlar\u0131 gibi adil ve ilgin\u00e7 oyunlar\u0131n pop\u00fcler ve yenilik\u00e7i bir sa\u011flay\u0131c\u0131s\u0131d\u0131r.<\/p> <\/div> <div class=\"schema-faq-section\" id=\"faq-question-1706045181455\"><strong class=\"schema-faq-question\">Aviator oyununda bir numara var m\u0131?<\/strong> <p class=\"schema-faq-answer\">Aviator oyunu oyuncular\u0131n \u015fans\u0131na dayan\u0131r. Yine de, bu oyunu kazanmaya yard\u0131mc\u0131 olabilecek birka\u00e7 p\u00fcf noktas\u0131 vard\u0131r; \u00f6zellikle, k\u00fc\u00e7\u00fck bahisler yapmak ve erken bozdurmak, demo modunda oynamak, de\u011fi\u015fken bir oyun tarz\u0131na ba\u011fl\u0131 kalmak ve daha fazlas\u0131.<\/p> <\/div> <\/div>","protected":false},"excerpt":{"rendered":"<p>Could you imagine that you are able to have fun playing online games and moreover earn money with ease? Today, this becomes possible with the assistance of the Airplane game. The principle of this game is that while the plane flies, you make money. Sounds engaging, isn&#8217;t it? Nowadays, BGaming, Spribe, and SmartSoft are the [&hellip;]<\/p>\n","protected":false},"author":2,"featured_media":0,"parent":0,"menu_order":0,"comment_status":"closed","ping_status":"closed","template":"","meta":{"footnotes":""},"class_list":["post-68","page","type-page","status-publish","hentry"],"yoast_head":"<!-- This site is optimized with the Yoast SEO plugin v27.3 - https:\/\/yoast.com\/product\/yoast-seo-wordpress\/ -->\n<title>Airplane Game: Play and Have the Possibility to Win Real Funds<\/title>\n<meta name=\"description\" content=\"Airplane game is a great chance to not only have an exciting gaming experience but likewise make real money. Let&#039;s sort out what Airplane games users may play and receive big wins.\" \/>\n<meta name=\"robots\" content=\"index, follow, max-snippet:-1, max-image-preview:large, max-video-preview:-1\" \/>\n<link rel=\"canonical\" href=\"https:\/\/superjetx.com\/tr\/airplane-game-for-money\/\" \/>\n<meta property=\"og:locale\" content=\"tr_TR\" \/>\n<meta property=\"og:type\" content=\"article\" \/>\n<meta property=\"og:title\" content=\"Airplane Game: Play and Have the Possibility to Win Real Funds\" \/>\n<meta property=\"og:description\" content=\"Airplane game is a great chance to not only have an exciting gaming experience but likewise make real money. Let&#039;s sort out what Airplane games users may play and receive big wins.\" \/>\n<meta property=\"og:url\" content=\"https:\/\/superjetx.com\/tr\/airplane-game-for-money\/\" \/>\n<meta property=\"og:site_name\" content=\"JetX Game\" \/>\n<meta property=\"article:modified_time\" content=\"2024-01-25T12:33:26+00:00\" \/>\n<meta name=\"twitter:card\" content=\"summary_large_image\" \/>\n<meta name=\"twitter:label1\" content=\"Tahmini okuma s\u00fcresi\" \/>\n\t<meta name=\"twitter:data1\" content=\"6 dakika\" \/>\n<script type=\"application\/ld+json\" class=\"yoast-schema-graph\">{\"@context\":\"https:\\\/\\\/schema.org\",\"@graph\":[{\"@type\":[\"WebPage\",\"FAQPage\"],\"@id\":\"https:\\\/\\\/superjetx.com\\\/airplane-game-for-money\\\/\",\"url\":\"https:\\\/\\\/superjetx.com\\\/airplane-game-for-money\\\/\",\"name\":\"Airplane Game: Play and Have the Possibility to Win Real Funds\",\"isPartOf\":{\"@id\":\"https:\\\/\\\/superjetx.com\\\/#website\"},\"datePublished\":\"2023-12-02T21:27:00+00:00\",\"dateModified\":\"2024-01-25T12:33:26+00:00\",\"description\":\"Airplane game is a great chance to not only have an exciting gaming experience but likewise make real money. Let's sort out what Airplane games users may play and receive big wins.\",\"breadcrumb\":{\"@id\":\"https:\\\/\\\/superjetx.com\\\/airplane-game-for-money\\\/#breadcrumb\"},\"mainEntity\":[{\"@id\":\"https:\\\/\\\/superjetx.com\\\/airplane-game-for-money\\\/#faq-question-1706045139146\"},{\"@id\":\"https:\\\/\\\/superjetx.com\\\/airplane-game-for-money\\\/#faq-question-1706045156601\"},{\"@id\":\"https:\\\/\\\/superjetx.com\\\/airplane-game-for-money\\\/#faq-question-1706045166929\"},{\"@id\":\"https:\\\/\\\/superjetx.com\\\/airplane-game-for-money\\\/#faq-question-1706045181455\"}],\"inLanguage\":\"tr\",\"potentialAction\":[{\"@type\":\"ReadAction\",\"target\":[\"https:\\\/\\\/superjetx.com\\\/airplane-game-for-money\\\/\"]}]},{\"@type\":\"BreadcrumbList\",\"@id\":\"https:\\\/\\\/superjetx.com\\\/airplane-game-for-money\\\/#breadcrumb\",\"itemListElement\":[{\"@type\":\"ListItem\",\"position\":1,\"name\":\"Home\",\"item\":\"https:\\\/\\\/superjetx.com\\\/\"},{\"@type\":\"ListItem\",\"position\":2,\"name\":\"Airplane Game for Money\"}]},{\"@type\":\"WebSite\",\"@id\":\"https:\\\/\\\/superjetx.com\\\/#website\",\"url\":\"https:\\\/\\\/superjetx.com\\\/\",\"name\":\"JetX Game\",\"description\":\"Super JetX Club\",\"potentialAction\":[{\"@type\":\"SearchAction\",\"target\":{\"@type\":\"EntryPoint\",\"urlTemplate\":\"https:\\\/\\\/superjetx.com\\\/?s={search_term_string}\"},\"query-input\":{\"@type\":\"PropertyValueSpecification\",\"valueRequired\":true,\"valueName\":\"search_term_string\"}}],\"inLanguage\":\"tr\"},{\"@type\":\"Question\",\"@id\":\"https:\\\/\\\/superjetx.com\\\/airplane-game-for-money\\\/#faq-question-1706045139146\",\"position\":1,\"url\":\"https:\\\/\\\/superjetx.com\\\/airplane-game-for-money\\\/#faq-question-1706045139146\",\"name\":\"Is Aviator Spribe legit?\",\"answerCount\":1,\"acceptedAnswer\":{\"@type\":\"Answer\",\"text\":\"The Aviator game created by Spribe is not a scam. It is a legitimate and fun game that is liked by many players.\",\"inLanguage\":\"tr\"},\"inLanguage\":\"tr\"},{\"@type\":\"Question\",\"@id\":\"https:\\\/\\\/superjetx.com\\\/airplane-game-for-money\\\/#faq-question-1706045156601\",\"position\":2,\"url\":\"https:\\\/\\\/superjetx.com\\\/airplane-game-for-money\\\/#faq-question-1706045156601\",\"name\":\"What is the algorithm of the JetX game?\",\"answerCount\":1,\"acceptedAnswer\":{\"@type\":\"Answer\",\"text\":\"The JetX game is based on a Random Number Generator (RNG).\",\"inLanguage\":\"tr\"},\"inLanguage\":\"tr\"},{\"@type\":\"Question\",\"@id\":\"https:\\\/\\\/superjetx.com\\\/airplane-game-for-money\\\/#faq-question-1706045166929\",\"position\":3,\"url\":\"https:\\\/\\\/superjetx.com\\\/airplane-game-for-money\\\/#faq-question-1706045166929\",\"name\":\"What is a Spribe?\",\"answerCount\":1,\"acceptedAnswer\":{\"@type\":\"Answer\",\"text\":\"Spribe is a popular and innovative provider of fair and interesting games such as casino classics (roulette, blackjack, and poker) and novelty multiplayer crash games.\",\"inLanguage\":\"tr\"},\"inLanguage\":\"tr\"},{\"@type\":\"Question\",\"@id\":\"https:\\\/\\\/superjetx.com\\\/airplane-game-for-money\\\/#faq-question-1706045181455\",\"position\":4,\"url\":\"https:\\\/\\\/superjetx.com\\\/airplane-game-for-money\\\/#faq-question-1706045181455\",\"name\":\"Is there a trick to the Aviator game?\",\"answerCount\":1,\"acceptedAnswer\":{\"@type\":\"Answer\",\"text\":\"The Aviator game is based on the players' luck. Still, there are a few tricks that may assist in winning this game, in particular, betting small and cashing out early, playing in the demo mode, sticking to a volatile play style, and more.\",\"inLanguage\":\"tr\"},\"inLanguage\":\"tr\"}]}<\/script>\n<!-- \/ Yoast SEO plugin. -->","yoast_head_json":{"title":"U\u00e7ak Oyunu: Oynay\u0131n ve Ger\u00e7ek Para Kazanma Olana\u011f\u0131na Sahip Olun","description":"U\u00e7ak oyunu sadece heyecan verici bir oyun deneyimi ya\u015famak i\u00e7in de\u011fil, ayn\u0131 zamanda ger\u00e7ek para kazanmak i\u00e7in de b\u00fcy\u00fck bir \u015fanst\u0131r. Kullan\u0131c\u0131lar\u0131n hangi U\u00e7ak oyunlar\u0131n\u0131 oynayabilece\u011fini ve b\u00fcy\u00fck kazan\u00e7lar elde edebilece\u011fini s\u0131ralayal\u0131m.","robots":{"index":"index","follow":"follow","max-snippet":"max-snippet:-1","max-image-preview":"max-image-preview:large","max-video-preview":"max-video-preview:-1"},"canonical":"https:\/\/superjetx.com\/tr\/airplane-game-for-money\/","og_locale":"tr_TR","og_type":"article","og_title":"Airplane Game: Play and Have the Possibility to Win Real Funds","og_description":"Airplane game is a great chance to not only have an exciting gaming experience but likewise make real money. Let's sort out what Airplane games users may play and receive big wins.","og_url":"https:\/\/superjetx.com\/tr\/airplane-game-for-money\/","og_site_name":"JetX Game","article_modified_time":"2024-01-25T12:33:26+00:00","twitter_card":"summary_large_image","twitter_misc":{"Tahmini okuma s\u00fcresi":"6 dakika"},"schema":{"@context":"https:\/\/schema.org","@graph":[{"@type":["WebPage","FAQPage"],"@id":"https:\/\/superjetx.com\/airplane-game-for-money\/","url":"https:\/\/superjetx.com\/airplane-game-for-money\/","name":"U\u00e7ak Oyunu: Oynay\u0131n ve Ger\u00e7ek Para Kazanma Olana\u011f\u0131na Sahip Olun","isPartOf":{"@id":"https:\/\/superjetx.com\/#website"},"datePublished":"2023-12-02T21:27:00+00:00","dateModified":"2024-01-25T12:33:26+00:00","description":"U\u00e7ak oyunu sadece heyecan verici bir oyun deneyimi ya\u015famak i\u00e7in de\u011fil, ayn\u0131 zamanda ger\u00e7ek para kazanmak i\u00e7in de b\u00fcy\u00fck bir \u015fanst\u0131r. Kullan\u0131c\u0131lar\u0131n hangi U\u00e7ak oyunlar\u0131n\u0131 oynayabilece\u011fini ve b\u00fcy\u00fck kazan\u00e7lar elde edebilece\u011fini s\u0131ralayal\u0131m.","breadcrumb":{"@id":"https:\/\/superjetx.com\/airplane-game-for-money\/#breadcrumb"},"mainEntity":[{"@id":"https:\/\/superjetx.com\/airplane-game-for-money\/#faq-question-1706045139146"},{"@id":"https:\/\/superjetx.com\/airplane-game-for-money\/#faq-question-1706045156601"},{"@id":"https:\/\/superjetx.com\/airplane-game-for-money\/#faq-question-1706045166929"},{"@id":"https:\/\/superjetx.com\/airplane-game-for-money\/#faq-question-1706045181455"}],"inLanguage":"tr","potentialAction":[{"@type":"ReadAction","target":["https:\/\/superjetx.com\/airplane-game-for-money\/"]}]},{"@type":"BreadcrumbList","@id":"https:\/\/superjetx.com\/airplane-game-for-money\/#breadcrumb","itemListElement":[{"@type":"ListItem","position":1,"name":"Home","item":"https:\/\/superjetx.com\/"},{"@type":"ListItem","position":2,"name":"Airplane Game for Money"}]},{"@type":"WebSite","@id":"https:\/\/superjetx.com\/#website","url":"https:\/\/superjetx.com\/","name":"JetX Oyunu","description":"S\u00fcper JetX Kul\u00fcb\u00fc","potentialAction":[{"@type":"SearchAction","target":{"@type":"EntryPoint","urlTemplate":"https:\/\/superjetx.com\/?s={search_term_string}"},"query-input":{"@type":"PropertyValueSpecification","valueRequired":true,"valueName":"search_term_string"}}],"inLanguage":"tr"},{"@type":"Question","@id":"https:\/\/superjetx.com\/airplane-game-for-money\/#faq-question-1706045139146","position":1,"url":"https:\/\/superjetx.com\/airplane-game-for-money\/#faq-question-1706045139146","name":"Aviator Spribe yasal m\u0131?","answerCount":1,"acceptedAnswer":{"@type":"Answer","text":"The Aviator game created by Spribe is not a scam. It is a legitimate and fun game that is liked by many players.","inLanguage":"tr"},"inLanguage":"tr"},{"@type":"Question","@id":"https:\/\/superjetx.com\/airplane-game-for-money\/#faq-question-1706045156601","position":2,"url":"https:\/\/superjetx.com\/airplane-game-for-money\/#faq-question-1706045156601","name":"JetX oyununun algoritmas\u0131 nedir?","answerCount":1,"acceptedAnswer":{"@type":"Answer","text":"The JetX game is based on a Random Number Generator (RNG).","inLanguage":"tr"},"inLanguage":"tr"},{"@type":"Question","@id":"https:\/\/superjetx.com\/airplane-game-for-money\/#faq-question-1706045166929","position":3,"url":"https:\/\/superjetx.com\/airplane-game-for-money\/#faq-question-1706045166929","name":"Spribe nedir?","answerCount":1,"acceptedAnswer":{"@type":"Answer","text":"Spribe is a popular and innovative provider of fair and interesting games such as casino classics (roulette, blackjack, and poker) and novelty multiplayer crash games.","inLanguage":"tr"},"inLanguage":"tr"},{"@type":"Question","@id":"https:\/\/superjetx.com\/airplane-game-for-money\/#faq-question-1706045181455","position":4,"url":"https:\/\/superjetx.com\/airplane-game-for-money\/#faq-question-1706045181455","name":"Aviator oyununda bir numara var m\u0131?","answerCount":1,"acceptedAnswer":{"@type":"Answer","text":"The Aviator game is based on the players' luck. Still, there are a few tricks that may assist in winning this game, in particular, betting small and cashing out early, playing in the demo mode, sticking to a volatile play style, and more.","inLanguage":"tr"},"inLanguage":"tr"}]}},"_links":{"self":[{"href":"https:\/\/superjetx.com\/tr\/wp-json\/wp\/v2\/pages\/68","targetHints":{"allow":["GET"]}}],"collection":[{"href":"https:\/\/superjetx.com\/tr\/wp-json\/wp\/v2\/pages"}],"about":[{"href":"https:\/\/superjetx.com\/tr\/wp-json\/wp\/v2\/types\/page"}],"author":[{"embeddable":true,"href":"https:\/\/superjetx.com\/tr\/wp-json\/wp\/v2\/users\/2"}],"replies":[{"embeddable":true,"href":"https:\/\/superjetx.com\/tr\/wp-json\/wp\/v2\/comments?post=68"}],"version-history":[{"count":2,"href":"https:\/\/superjetx.com\/tr\/wp-json\/wp\/v2\/pages\/68\/revisions"}],"predecessor-version":[{"id":117,"href":"https:\/\/superjetx.com\/tr\/wp-json\/wp\/v2\/pages\/68\/revisions\/117"}],"wp:attachment":[{"href":"https:\/\/superjetx.com\/tr\/wp-json\/wp\/v2\/media?parent=68"}],"curies":[{"name":"wp","href":"https:\/\/api.w.org\/{rel}","templated":true}]}}