{"id":72,"date":"2024-01-05T09:46:00","date_gmt":"2024-01-05T09:46:00","guid":{"rendered":"https:\/\/superjetx.com\/?page_id=72"},"modified":"2024-01-24T16:04:53","modified_gmt":"2024-01-24T16:04:53","slug":"aviatrix-game-online-review","status":"publish","type":"page","link":"https:\/\/superjetx.com\/tr\/aviatrix-game-online-review\/","title":{"rendered":"Aviatrix Online Oyun \u0130ncelemesi"},"content":{"rendered":"<p>Crash oyunlar\u0131, rastgelelik, dinamik ve heyecan verici oynan\u0131\u015f ve iyi RTP'nin benzersiz kombinasyonu nedeniyle bahis\u00e7iler aras\u0131nda en son moda. Bug\u00fcn, bunlardan biri olan Aviatrix oyununu inceliyoruz.<\/p>\n\n\n\n<h2 class=\"wp-block-heading\">Aviatrix Oyunu Nedir<\/h2>\n\n\n\n<p>Aviatrix, oyuncunun havalanan bir u\u00e7a\u011f\u0131 izledi\u011fi, biraz u\u00e7tu\u011fu ve ard\u0131ndan rastgele se\u00e7ilen bir anda d\u00fc\u015ft\u00fc\u011f\u00fc \u00e7evrimi\u00e7i casino \u00e7arp\u0131\u015fma oyunlar\u0131ndan biridir. NFT temelli bir B2B iGaming \u00e7\u00f6z\u00fcm\u00fcd\u00fcr ve blok zinciri teknolojilerine a\u015fina olanlar i\u00e7in ek bir entegrasyona sahiptir. En pop\u00fcler ve sayg\u0131n \u00e7arp\u0131\u015fma oyunlar\u0131 \u00f6rne\u011fini takip eden Aviatrix, kan\u0131tlanabilir \u015fekilde adil bir teknoloji kullan\u0131larak olu\u015fturulmu\u015ftur. Bu hesaplama algoritmas\u0131, ger\u00e7ek bir kazanma \u015fans\u0131 ile ger\u00e7ekten heyecan verici bir kumar deneyimi sa\u011flayan adalet i\u00e7in test edilebilir.<\/p>\n\n\n\n<h2 class=\"wp-block-heading\">Aviatrix Oyununun \u00d6zellikleri<\/h2>\n\n\n\n<p>\u00c7ok say\u0131da \u00e7arp\u0131\u015fma oyunu var, peki \u00f6zellikle nedenleri var m\u0131? Oyunun dikkatinizi \u00e7ekmeye de\u011fer olup olmad\u0131\u011f\u0131na karar verebilmeniz i\u00e7in oynaman\u0131n her y\u00f6n\u00fc hakk\u0131nda bilgi toplad\u0131k.<\/p>\n\n\n\n<h3 class=\"wp-block-heading\">Oynan\u0131\u015f ve Kurallar<\/h3>\n\n\n\n<p>Oynan\u0131\u015f a\u00e7\u0131s\u0131ndan, Aviatrix crash oyunu benzerlerine olduk\u00e7a benzer. Turu ba\u015flatmak i\u00e7in oyuncunun bir bahis koymas\u0131 gerekir. Ard\u0131ndan, bir u\u00e7ak u\u00e7u\u015funa ba\u015flar ve kazan\u00e7 \u00e7arpan\u0131 da y\u00fckselmeye ba\u015flar. U\u00e7a\u011f\u0131n hayatta kalmas\u0131 ko\u015fuluyla, 10.000x'lik bir say\u0131ya ula\u015fma potansiyeli vard\u0131r. \"Kaza\" rastgele ger\u00e7ekle\u015fir ve bahis\u00e7i bu ger\u00e7ekle\u015fmeden \u00f6nce para yat\u0131rmazsa, para kaybedilir.<\/p>\n\n\n\n<p>Ayr\u0131ca otomatik nakit \u00e7\u0131k\u0131\u015f\u0131 se\u00e7ene\u011fi de bulunmaktad\u0131r. Kullan\u0131c\u0131, \u00e7arpan i\u00e7in, ula\u015f\u0131ld\u0131\u011f\u0131nda otomatik olarak para \u00e7ekmeyi tetikleyen belirli bir e\u015fik belirleyebilir.<\/p>\n\n\n\n<h3 class=\"wp-block-heading\">Grafikler ve Sesler<\/h3>\n\n\n\n<p>Aviatrix oyununu oynamay\u0131 se\u00e7erseniz, tasar\u0131m\u0131 sizi hayal k\u0131r\u0131kl\u0131\u011f\u0131na u\u011fratmayacakt\u0131r. U\u00e7ak u\u00e7u\u015funa rahatlat\u0131c\u0131 bir melodi e\u015flik eder. Kaza an\u0131nda ac\u0131mas\u0131zca kesiliyor ve bu da tam bu andaki duygular\u0131 daha da parlak hale getiriyor. Kabul edelim ki, bir s\u00fcre oynad\u0131ktan sonra, ho\u015f bir \u015fekilde \u00fcrk\u00fct\u00fcc\u00fc olmaktan biraz can s\u0131k\u0131c\u0131 hale gelebilir, ancak sessiz d\u00fc\u011fmesi her zaman oradad\u0131r. Her hal\u00fckarda, film m\u00fczi\u011finin oyun s\u00fcrecinin s\u00fcr\u00fckleyicili\u011fine katk\u0131da bulundu\u011funu tart\u0131\u015fmayaca\u011f\u0131z.<\/p>\n\n\n\n<p>Arka plan resmi huzurlu, uzak bir b\u00f6lgeyi \u00e7a\u011fr\u0131\u015ft\u0131r\u0131yor. U\u00e7ak u\u00e7tuk\u00e7a g\u00f6ky\u00fcz\u00fcn\u00fcn rengi de\u011fi\u015fiyor. Oyunun t\u00fcm havas\u0131 sakin ve rahatlat\u0131c\u0131d\u0131r, ta ki tam anlam\u0131yla \u00e7ak\u0131lana kadar.<\/p>\n\n\n\n<h2 class=\"wp-block-heading\">Aviatrix Oyununun Benzersiz Y\u00f6nleri<\/h2>\n\n\n\n<p>Aviatrix oynamak kesinlikle e\u011flenceli olsa da ve kumar\u0131n\u0131z\u0131 adil ve net hale getiren modern teknolojileri i\u00e7eriyor olsa da, baz\u0131 ay\u0131rt edici \u00f6zellikler vard\u0131r. Yeni ba\u015flayanlar i\u00e7in, oyun bir \u00f6zelle\u015ftirme se\u00e7ene\u011fi sunuyor. Oyuncu u\u00e7a\u011f\u0131n\u0131n rengini ve ad\u0131n\u0131 de\u011fi\u015ftirebilir. Ayr\u0131ca yeni u\u00e7ak modelleri a\u00e7mak i\u00e7in kullan\u0131labilecek XP puanlar\u0131 (kullan\u0131c\u0131n\u0131n bahis yapt\u0131\u011f\u0131 her 1 euro i\u00e7in 1 puan) vard\u0131r.<\/p>\n\n\n\n<p>\u00d6zelle\u015ftirme oyun s\u00fcrecinizi (mekanikler, \u00e7arp\u0131\u015fma algoritmas\u0131, kazanma \u015fans\u0131n\u0131z) etkilemese de, al\u0131\u015f\u0131lmad\u0131k ve e\u011flenceli bir \u015feydir: ger\u00e7ekten benzersiz bir kombinasyon olu\u015fturabilir ve oyuncu arkada\u015flar\u0131n\u0131z aras\u0131nda bir y\u0131ld\u0131z olabilirsiniz.<\/p>\n\n\n\n<p>Dahas\u0131, Aviatrix bir NFT entegrasyonuna sahiptir. Blockchain uzmanlar\u0131 bir NFT u\u00e7a\u011f\u0131 olu\u015fturabilir ve bunu bir token ile yapt\u0131klar\u0131 gibi \u00e7al\u0131\u015ft\u0131rabilirler. Bu b\u00f6l\u00fcm, blok zinciri teknolojileri konusunda fazla deneyimi olmayan ve bunu de\u011fi\u015ftirmek istemeyen kullan\u0131c\u0131lar\u0131 etkilemez, bu da onu haval\u0131 ama kesinlikle m\u00fcdahaleci olmayan bir \u00f6zellik haline getirir.<\/p>\n\n\n\n<h2 class=\"wp-block-heading\">Aviatrix Demo<\/h2>\n\n\n\n<p>Yeni bir \u015feyler denemek isteyen kumara yeni ba\u015flayanlar i\u00e7in Aviatrix oyun demosu mevcuttur. Demo modunun ilkeleri di\u011fer oyunlarla ayn\u0131d\u0131r-ger\u00e7ek para yat\u0131rmadan risksiz oynama. Sonu\u00e7 olarak risksiz \u00f6d\u00fcls\u00fczd\u00fcr, ancak oyuncular\u0131n t\u00fcr\u00fc sevip sevmediklerini belirlemelerine, oyundan emin olmalar\u0131na ve hatta kazanma stratejilerini test etmelerine olanak tan\u0131r.<\/p>\n\n\n\n<h2 class=\"wp-block-heading\">Aviatrix Oyun Bonuslar\u0131<\/h2>\n\n\n\n<p>Aviatrix, oyuncular\u0131na \u00e7e\u015fitli bonuslar verecek olan bir\u00e7ok \u00e7evrimi\u00e7i casino portal\u0131nda mevcuttur. Bonusun t\u00fcr\u00fc ve boyutu kumarhaneye ba\u011fl\u0131d\u0131r. Ekstra nakit, slot oyunlar\u0131 i\u00e7in \u00fccretsiz d\u00f6n\u00fc\u015fler, turnuva giri\u015fleri vb. olabilir. Ek olarak, Aviatrix'in havuz mekani\u011fi ve g\u00fcnl\u00fck geri \u00f6deme \u00f6d\u00fclleri i\u00e7eren kendi sadakat program\u0131 vard\u0131r.<\/p>\n\n\n\n<h2 class=\"wp-block-heading\">Aviatrix Kazanma Stratejisi<\/h2>\n\n\n\n<p>Yasal teknolojik Aviatrix oyun hilesi yoktur. Bir \u00e7arp\u0131\u015fma oyunu algoritmas\u0131yla oynamak hile yapmak olur. Bununla birlikte, oyuncu olas\u0131l\u0131k teorisini ve oyunun kan\u0131tlanabilir adil teknolojiye dayand\u0131\u011f\u0131 ve tamamen rastgele oldu\u011fu ger\u00e7e\u011fini kullanarak fayda sa\u011flayabilir. \u00d6ncelikle, ki\u015fi kaybetme ger\u00e7e\u011fine al\u0131\u015fmal\u0131 ve kaybetmeyi g\u00f6ze alabilece\u011fi para miktar\u0131n\u0131 belirlemelidir. Turlar\u0131n 1%'sinde \u00e7\u00f6k\u00fc\u015f saniyeler i\u00e7inde ger\u00e7ekle\u015fecektir, bu nedenle kay\u0131p yak\u0131nd\u0131r.<\/p>\n\n\n\n<p>Casino crash oyunlar\u0131n\u0131n ortalama 97% RTP'ye sahip oldu\u011fu bilinmektedir. Bahis\u00e7i, belirli oyun stratejilerini kullanarak kazan\u00e7 ve kay\u0131plar\u0131n\u0131 dengeleyebilir.<\/p>\n\n\n\n<ul class=\"space-mark wp-block-list\">\n<li>Sabit Bahis plan\u0131, bahis boyutunu de\u011fi\u015ftirmedi\u011finiz anlam\u0131na gelir. Basittir ve s\u0131n\u0131rl\u0131 paralara uygundur.<\/li>\n\n\n\n<li>Fibonacci dizisi: Oyuncu kaybettikten sonra bahsini art\u0131rarak iki dizi ad\u0131m\u0131 ileri gider. Kazand\u0131klar\u0131nda ise bir ad\u0131m geri giderler.<\/li>\n\n\n\n<li>Martingale, Fibonacci'nin daha agresif bir versiyonudur: bahis\u00e7i k\u00fc\u00e7\u00fck bir bahisle ba\u015flar ve her kaybetti\u011finde bunu ikiye katlar. Hesab\u0131n\u0131z\u0131 h\u0131zla t\u00fcketebilece\u011finden esnek bir para birikimi gerektirir.<\/li>\n\n\n\n<li>Reverse Martingale'de oyuncu her kazand\u0131\u011f\u0131nda bahsi ikiye katlar ve kazanma serisinden maksimum kazan\u00e7 elde eder. Kaybetme serisi \u00e7ok uzun de\u011filse ve kazanma serisi \u00e7ok k\u0131sa de\u011filse strateji iyi \u00e7al\u0131\u015f\u0131r.<\/li>\n\n\n\n<li>D'Alembert stratejisi uzun vadeli oyun i\u00e7in uygundur. Bahis, kaybettikten sonra biraz art\u0131r\u0131l\u0131r ve kazand\u0131ktan sonra biraz azalt\u0131l\u0131r.<\/li>\n<\/ul>\n\n\n\n<h2 class=\"wp-block-heading\">Aviatrix Game Mobil Uygulamalar\u0131<\/h2>\n\n\n\n<p>Oyun iOS, Android ve Windows Phone i\u015fletim sistemleri ile uyumludur. Aviatrix Oyununu indirmek ve bir mobil cihazda oynamak i\u00e7in, ba\u015fl\u0131\u011f\u0131 resmi uygulama ma\u011fazan\u0131z\u0131n arama \u00e7ubu\u011funa koyman\u0131z yeterlidir ve d\u00fcnyan\u0131n herhangi bir yerinden ger\u00e7ek parayla oynayabilirsiniz.<\/p>\n\n\n\n<h2 class=\"wp-block-heading\">\u00d6zet<\/h2>\n\n\n\n<p>Aviatrix, klasik bir tema ve mekani\u011fi (u\u00e7ak hikayesi, \u00e7arpan, nakde \u00e7evirme) baz\u0131 ilgin\u00e7 \u00f6zelliklerle (\u00f6zelle\u015ftirme, NFT entegrasyonu, sadakat program\u0131) birle\u015ftiren bir casino \u00e7arp\u0131\u015fma oyunudur. Bir\u00e7ok \u00e7evrimi\u00e7i casinoda ve mobil cihazlar i\u00e7in de mevcuttur.<\/p>\n\n\n\n<h2 class=\"wp-block-heading\">SSS<\/h2>\n\n\n\n<div class=\"schema-faq wp-block-yoast-faq-block\"><div class=\"schema-faq-section\" id=\"faq-question-1706046279969\"><strong class=\"schema-faq-question\">Aviatrix'i ak\u0131ll\u0131 telefonumda oynayabilir miyim?<\/strong> <p class=\"schema-faq-answer\">Evet, uygulamay\u0131 ma\u011fazan\u0131zdan indirmeniz yeterli<\/p> <\/div> <div class=\"schema-faq-section\" id=\"faq-question-1706046290264\"><strong class=\"schema-faq-question\">Aviatrix Kan\u0131tlanabilir \u015eekilde Adil mi?<\/strong> <p class=\"schema-faq-answer\">Evet, oyun kan\u0131tlanabilir adil teknolojilere dayan\u0131yor ve test edilebilir algoritmalar kullan\u0131yor.<\/p> <\/div> <div class=\"schema-faq-section\" id=\"faq-question-1706046303190\"><strong class=\"schema-faq-question\">Aviatrix nas\u0131l kazan\u0131l\u0131r?<\/strong> <p class=\"schema-faq-answer\">Aviatrix rastgeledir, bu nedenle kazanmay\u0131 garanti etmenin bir yolu yoktur, ancak oyun stratejileri kay\u0131plar\u0131n\u0131z\u0131 ve kazan\u00e7lar\u0131n\u0131z\u0131 dengelemenize yard\u0131mc\u0131 olabilir.<\/p> <\/div> <\/div>","protected":false},"excerpt":{"rendered":"<p>Crash games are the latest buzz among bettors because of their unique combination of randomness, dynamic and exciting gameplay, and decent RTP. Today, we are reviewing one of them\u2014the Aviatrix game. What is Aviatrix Game Aviatrix is one of those online casino crash games where the player watches an aircraft that takes off, flies a [&hellip;]<\/p>\n","protected":false},"author":2,"featured_media":0,"parent":0,"menu_order":0,"comment_status":"closed","ping_status":"closed","template":"","meta":{"footnotes":""},"class_list":["post-72","page","type-page","status-publish","hentry"],"yoast_head":"<!-- This site is optimized with the Yoast SEO plugin v27.3 - https:\/\/yoast.com\/product\/yoast-seo-wordpress\/ -->\n<title>Aviatrix game: a comprehensive review for betting gamers<\/title>\n<meta name=\"description\" content=\"Aviatrix game is a choice for those who like to combine gambling and gaming. We will explain every detail of this NFT-based crash casino game with a classic aircraft theme.\" \/>\n<meta name=\"robots\" content=\"index, follow, max-snippet:-1, max-image-preview:large, max-video-preview:-1\" \/>\n<link rel=\"canonical\" href=\"https:\/\/superjetx.com\/tr\/aviatrix-game-online-review\/\" \/>\n<meta property=\"og:locale\" content=\"tr_TR\" \/>\n<meta property=\"og:type\" content=\"article\" \/>\n<meta property=\"og:title\" content=\"Aviatrix game: a comprehensive review for betting gamers\" \/>\n<meta property=\"og:description\" content=\"Aviatrix game is a choice for those who like to combine gambling and gaming. We will explain every detail of this NFT-based crash casino game with a classic aircraft theme.\" \/>\n<meta property=\"og:url\" content=\"https:\/\/superjetx.com\/tr\/aviatrix-game-online-review\/\" \/>\n<meta property=\"og:site_name\" content=\"JetX Game\" \/>\n<meta property=\"article:modified_time\" content=\"2024-01-24T16:04:53+00:00\" \/>\n<meta name=\"twitter:card\" content=\"summary_large_image\" \/>\n<meta name=\"twitter:label1\" content=\"Tahmini okuma s\u00fcresi\" \/>\n\t<meta name=\"twitter:data1\" content=\"5 dakika\" \/>\n<script type=\"application\/ld+json\" class=\"yoast-schema-graph\">{\"@context\":\"https:\\\/\\\/schema.org\",\"@graph\":[{\"@type\":[\"WebPage\",\"FAQPage\"],\"@id\":\"https:\\\/\\\/superjetx.com\\\/aviatrix-game-online-review\\\/\",\"url\":\"https:\\\/\\\/superjetx.com\\\/aviatrix-game-online-review\\\/\",\"name\":\"Aviatrix game: a comprehensive review for betting gamers\",\"isPartOf\":{\"@id\":\"https:\\\/\\\/superjetx.com\\\/#website\"},\"datePublished\":\"2024-01-05T09:46:00+00:00\",\"dateModified\":\"2024-01-24T16:04:53+00:00\",\"description\":\"Aviatrix game is a choice for those who like to combine gambling and gaming. We will explain every detail of this NFT-based crash casino game with a classic aircraft theme.\",\"breadcrumb\":{\"@id\":\"https:\\\/\\\/superjetx.com\\\/aviatrix-game-online-review\\\/#breadcrumb\"},\"mainEntity\":[{\"@id\":\"https:\\\/\\\/superjetx.com\\\/aviatrix-game-online-review\\\/#faq-question-1706046279969\"},{\"@id\":\"https:\\\/\\\/superjetx.com\\\/aviatrix-game-online-review\\\/#faq-question-1706046290264\"},{\"@id\":\"https:\\\/\\\/superjetx.com\\\/aviatrix-game-online-review\\\/#faq-question-1706046303190\"}],\"inLanguage\":\"tr\",\"potentialAction\":[{\"@type\":\"ReadAction\",\"target\":[\"https:\\\/\\\/superjetx.com\\\/aviatrix-game-online-review\\\/\"]}]},{\"@type\":\"BreadcrumbList\",\"@id\":\"https:\\\/\\\/superjetx.com\\\/aviatrix-game-online-review\\\/#breadcrumb\",\"itemListElement\":[{\"@type\":\"ListItem\",\"position\":1,\"name\":\"Home\",\"item\":\"https:\\\/\\\/superjetx.com\\\/\"},{\"@type\":\"ListItem\",\"position\":2,\"name\":\"Aviatrix Game Online Review\"}]},{\"@type\":\"WebSite\",\"@id\":\"https:\\\/\\\/superjetx.com\\\/#website\",\"url\":\"https:\\\/\\\/superjetx.com\\\/\",\"name\":\"JetX Game\",\"description\":\"Super JetX Club\",\"potentialAction\":[{\"@type\":\"SearchAction\",\"target\":{\"@type\":\"EntryPoint\",\"urlTemplate\":\"https:\\\/\\\/superjetx.com\\\/?s={search_term_string}\"},\"query-input\":{\"@type\":\"PropertyValueSpecification\",\"valueRequired\":true,\"valueName\":\"search_term_string\"}}],\"inLanguage\":\"tr\"},{\"@type\":\"Question\",\"@id\":\"https:\\\/\\\/superjetx.com\\\/aviatrix-game-online-review\\\/#faq-question-1706046279969\",\"position\":1,\"url\":\"https:\\\/\\\/superjetx.com\\\/aviatrix-game-online-review\\\/#faq-question-1706046279969\",\"name\":\"Can I play Aviatrix on my smartphone?\",\"answerCount\":1,\"acceptedAnswer\":{\"@type\":\"Answer\",\"text\":\"Yes, simply download the application from your store\",\"inLanguage\":\"tr\"},\"inLanguage\":\"tr\"},{\"@type\":\"Question\",\"@id\":\"https:\\\/\\\/superjetx.com\\\/aviatrix-game-online-review\\\/#faq-question-1706046290264\",\"position\":2,\"url\":\"https:\\\/\\\/superjetx.com\\\/aviatrix-game-online-review\\\/#faq-question-1706046290264\",\"name\":\"Is Aviatrix Provably Fair?\",\"answerCount\":1,\"acceptedAnswer\":{\"@type\":\"Answer\",\"text\":\"Yes, the game is based on provable fair technologies and uses testable algorithms.\",\"inLanguage\":\"tr\"},\"inLanguage\":\"tr\"},{\"@type\":\"Question\",\"@id\":\"https:\\\/\\\/superjetx.com\\\/aviatrix-game-online-review\\\/#faq-question-1706046303190\",\"position\":3,\"url\":\"https:\\\/\\\/superjetx.com\\\/aviatrix-game-online-review\\\/#faq-question-1706046303190\",\"name\":\"How to win Aviatrix?\",\"answerCount\":1,\"acceptedAnswer\":{\"@type\":\"Answer\",\"text\":\"Aviatrix is random so there is no way to guarantee winning but playing strategies can help balance your losses and winnings.\",\"inLanguage\":\"tr\"},\"inLanguage\":\"tr\"}]}<\/script>\n<!-- \/ Yoast SEO plugin. -->","yoast_head_json":{"title":"Aviatrix oyunu: bahis oyuncular\u0131 i\u00e7in kapsaml\u0131 bir inceleme","description":"Aviatrix oyunu, kumar ve oyunu birle\u015ftirmeyi sevenler i\u00e7in bir se\u00e7imdir. Klasik bir u\u00e7ak temas\u0131na sahip bu NFT tabanl\u0131 \u00e7arp\u0131\u015fma casino oyununun her detay\u0131n\u0131 a\u00e7\u0131klayaca\u011f\u0131z.","robots":{"index":"index","follow":"follow","max-snippet":"max-snippet:-1","max-image-preview":"max-image-preview:large","max-video-preview":"max-video-preview:-1"},"canonical":"https:\/\/superjetx.com\/tr\/aviatrix-game-online-review\/","og_locale":"tr_TR","og_type":"article","og_title":"Aviatrix game: a comprehensive review for betting gamers","og_description":"Aviatrix game is a choice for those who like to combine gambling and gaming. We will explain every detail of this NFT-based crash casino game with a classic aircraft theme.","og_url":"https:\/\/superjetx.com\/tr\/aviatrix-game-online-review\/","og_site_name":"JetX Game","article_modified_time":"2024-01-24T16:04:53+00:00","twitter_card":"summary_large_image","twitter_misc":{"Tahmini okuma s\u00fcresi":"5 dakika"},"schema":{"@context":"https:\/\/schema.org","@graph":[{"@type":["WebPage","FAQPage"],"@id":"https:\/\/superjetx.com\/aviatrix-game-online-review\/","url":"https:\/\/superjetx.com\/aviatrix-game-online-review\/","name":"Aviatrix oyunu: bahis oyuncular\u0131 i\u00e7in kapsaml\u0131 bir inceleme","isPartOf":{"@id":"https:\/\/superjetx.com\/#website"},"datePublished":"2024-01-05T09:46:00+00:00","dateModified":"2024-01-24T16:04:53+00:00","description":"Aviatrix oyunu, kumar ve oyunu birle\u015ftirmeyi sevenler i\u00e7in bir se\u00e7imdir. Klasik bir u\u00e7ak temas\u0131na sahip bu NFT tabanl\u0131 \u00e7arp\u0131\u015fma casino oyununun her detay\u0131n\u0131 a\u00e7\u0131klayaca\u011f\u0131z.","breadcrumb":{"@id":"https:\/\/superjetx.com\/aviatrix-game-online-review\/#breadcrumb"},"mainEntity":[{"@id":"https:\/\/superjetx.com\/aviatrix-game-online-review\/#faq-question-1706046279969"},{"@id":"https:\/\/superjetx.com\/aviatrix-game-online-review\/#faq-question-1706046290264"},{"@id":"https:\/\/superjetx.com\/aviatrix-game-online-review\/#faq-question-1706046303190"}],"inLanguage":"tr","potentialAction":[{"@type":"ReadAction","target":["https:\/\/superjetx.com\/aviatrix-game-online-review\/"]}]},{"@type":"BreadcrumbList","@id":"https:\/\/superjetx.com\/aviatrix-game-online-review\/#breadcrumb","itemListElement":[{"@type":"ListItem","position":1,"name":"Home","item":"https:\/\/superjetx.com\/"},{"@type":"ListItem","position":2,"name":"Aviatrix Game Online Review"}]},{"@type":"WebSite","@id":"https:\/\/superjetx.com\/#website","url":"https:\/\/superjetx.com\/","name":"JetX Oyunu","description":"S\u00fcper JetX Kul\u00fcb\u00fc","potentialAction":[{"@type":"SearchAction","target":{"@type":"EntryPoint","urlTemplate":"https:\/\/superjetx.com\/?s={search_term_string}"},"query-input":{"@type":"PropertyValueSpecification","valueRequired":true,"valueName":"search_term_string"}}],"inLanguage":"tr"},{"@type":"Question","@id":"https:\/\/superjetx.com\/aviatrix-game-online-review\/#faq-question-1706046279969","position":1,"url":"https:\/\/superjetx.com\/aviatrix-game-online-review\/#faq-question-1706046279969","name":"Aviatrix'i ak\u0131ll\u0131 telefonumda oynayabilir miyim?","answerCount":1,"acceptedAnswer":{"@type":"Answer","text":"Yes, simply download the application from your store","inLanguage":"tr"},"inLanguage":"tr"},{"@type":"Question","@id":"https:\/\/superjetx.com\/aviatrix-game-online-review\/#faq-question-1706046290264","position":2,"url":"https:\/\/superjetx.com\/aviatrix-game-online-review\/#faq-question-1706046290264","name":"Aviatrix Kan\u0131tlanabilir \u015eekilde Adil mi?","answerCount":1,"acceptedAnswer":{"@type":"Answer","text":"Yes, the game is based on provable fair technologies and uses testable algorithms.","inLanguage":"tr"},"inLanguage":"tr"},{"@type":"Question","@id":"https:\/\/superjetx.com\/aviatrix-game-online-review\/#faq-question-1706046303190","position":3,"url":"https:\/\/superjetx.com\/aviatrix-game-online-review\/#faq-question-1706046303190","name":"Aviatrix nas\u0131l kazan\u0131l\u0131r?","answerCount":1,"acceptedAnswer":{"@type":"Answer","text":"Aviatrix is random so there is no way to guarantee winning but playing strategies can help balance your losses and winnings.","inLanguage":"tr"},"inLanguage":"tr"}]}},"_links":{"self":[{"href":"https:\/\/superjetx.com\/tr\/wp-json\/wp\/v2\/pages\/72","targetHints":{"allow":["GET"]}}],"collection":[{"href":"https:\/\/superjetx.com\/tr\/wp-json\/wp\/v2\/pages"}],"about":[{"href":"https:\/\/superjetx.com\/tr\/wp-json\/wp\/v2\/types\/page"}],"author":[{"embeddable":true,"href":"https:\/\/superjetx.com\/tr\/wp-json\/wp\/v2\/users\/2"}],"replies":[{"embeddable":true,"href":"https:\/\/superjetx.com\/tr\/wp-json\/wp\/v2\/comments?post=72"}],"version-history":[{"count":3,"href":"https:\/\/superjetx.com\/tr\/wp-json\/wp\/v2\/pages\/72\/revisions"}],"predecessor-version":[{"id":94,"href":"https:\/\/superjetx.com\/tr\/wp-json\/wp\/v2\/pages\/72\/revisions\/94"}],"wp:attachment":[{"href":"https:\/\/superjetx.com\/tr\/wp-json\/wp\/v2\/media?parent=72"}],"curies":[{"name":"wp","href":"https:\/\/api.w.org\/{rel}","templated":true}]}}