{"id":84,"date":"2024-01-18T15:24:33","date_gmt":"2024-01-18T15:24:33","guid":{"rendered":"https:\/\/superjetx.com\/?page_id=84"},"modified":"2024-04-10T10:27:34","modified_gmt":"2024-04-10T10:27:34","slug":"blaze-crash-game-review-2024","status":"publish","type":"page","link":"https:\/\/superjetx.com\/tr\/blaze-crash-game-review-2024\/","title":{"rendered":"Blaze Crash Oyun \u0130ncelemesi"},"content":{"rendered":"<p>\u00c7arp\u0131\u015fma oyunlar\u0131 t\u00fcr\u00fc online casinolar\u0131 kas\u0131p kavurdu ve hi\u00e7bir yere gitmiyor. Nedeni basit: bahis\u00e7iler kumar oynaman\u0131n ve oyun oynaman\u0131n heyecan verici kombinasyonunu seviyor.<\/p>\n\n\n\n<p>\u00c7arp\u0131\u015fma oyunlar\u0131n\u0131n temelinde kan\u0131tlanabilir adalet teknolojisi yatar - oyun s\u00fcreci aniden sona erdi\u011finden, turun son an\u0131 tahmin edilemez olmal\u0131d\u0131r. Kan\u0131tlanabilir adalet teknolojileri ve rastgele say\u0131 \u00fcrete\u00e7leri, hile yap\u0131lmas\u0131 veya \u00f6ng\u00f6r\u00fclmesi imkans\u0131z bir algoritma yarat\u0131r. Bu, \u00e7arp\u0131\u015fma oyunlar\u0131nda oyunun sonucunun yaln\u0131zca \u015fans\u0131n\u0131za (biraz da becerinize) ba\u011fl\u0131 olaca\u011f\u0131n\u0131 garanti eder.<\/p>\n\n\n\n<p>Crash oyun ba\u015fl\u0131klar\u0131 d\u00fczinelerce say\u0131l\u0131yor ve daha da fazlas\u0131 geliyor. T\u00fcr\u00fcn pop\u00fclaritesi nedeniyle, \u00e7evrimi\u00e7i casinolarda \u00e7ok nadiren bir tane yoktur. Bu \u00e7e\u015fitlilik i\u00e7inde kaybolmaman\u0131za yard\u0131mc\u0131 olaca\u011f\u0131z ve size en ilgin\u00e7 ba\u015fl\u0131klar\u0131 anlataca\u011f\u0131z. Blaze Crash oyunu bunlardan biridir.<\/p>\n\n\n\n<div class=\"btn\" style=\"display: flex; justify-content: center;\"><a href=\"\/play\/1win\/\" target=\"_blank\" rel=\"noreferrer noopener nofollow\">Bonus Al\u0131n ve Oynay\u0131n<\/a><\/div>\n\n\n\n<div style=\"height:50px\" aria-hidden=\"true\" class=\"wp-block-spacer\"><\/div>\n\n\n\n<h2 class=\"wp-block-heading\">Blaze Crash Oyunu Nedir<\/h2>\n\n\n\n<p>Oyun, online casino Blaze'in bir orijinali olarak tan\u0131t\u0131lmaktad\u0131r. Web platformu Prolific Trade N.V. taraf\u0131ndan i\u015fletilmektedir. \u015eirketin Curacao lisans\u0131 vard\u0131r, bu nedenle m\u00fc\u015fterilerin kumarhanelerinin yasall\u0131\u011f\u0131 konusunda endi\u015felenmeleri gerekir.<\/p>\n\n\n\n<p>Slotlara benzer \u015fekilde Blaze Crash de anl\u0131kt\u0131r ancak benzerlik burada sona ermektedir. Oyun di\u011fer y\u00f6nleriyle Aviator, Rocketon veya Lucky Jet gibi di\u011fer \u00e7arp\u0131\u015fma oyunlar\u0131na benzemektedir.<\/p>\n\n\n\n<h2 class=\"wp-block-heading\">Oynan\u0131\u015f<\/h2>\n\n\n\n<p>Oyuncu bir bahis koyarak tura girer ve zara benzeyen grafik simgenin u\u00e7u\u015funu takip eder. Jeton u\u00e7arken \u00e7arpan grafi\u011fini y\u00fckseltir. Oyuncu \u00f6deme d\u00fc\u011fmesine her bast\u0131\u011f\u0131nda, bahis, oyuncunun kazanaca\u011f\u0131 para miktar\u0131n\u0131 belirleyen mevcut \u00e7arpan de\u011feriyle \u00e7arp\u0131l\u0131r. Rastgele se\u00e7ilen anda tur \"\u00e7\u00f6ker\". Nakit \u00e7\u0131k\u0131\u015f\u0131 bundan \u00f6nce ger\u00e7ekle\u015fmemi\u015fse, bahis kaybedilir. Otomatik para \u00e7ekme se\u00e7ene\u011fi de vard\u0131r: \u00e7arpan belirledi\u011finiz de\u011fere ula\u015ft\u0131\u011f\u0131nda oyun kazanc\u0131n\u0131z\u0131 sizin i\u00e7in \u00e7eker.<\/p>\n\n\n\n<p>Bununla birlikte, Blaze Crash casino oyununun birka\u00e7 ilgin\u00e7 \u00f6zelli\u011fi vard\u0131r. \u00d6nceki \u00e7\u00f6kmelerin g\u00fcnl\u00fc\u011f\u00fcn\u00fc ve di\u011fer oyuncular\u0131n her bir g\u00fcnl\u00fck turunda nas\u0131l yapt\u0131klar\u0131n\u0131 g\u00f6rebilirsiniz. \u00d6zel bir tablo, \u00e7\u00f6kmeden \u00f6nce nakde \u00e7evirmeyi ba\u015farm\u0131\u015flarsa bahislerini ve kazan\u00e7lar\u0131n\u0131 g\u00f6sterir.<\/p>\n\n\n\n<h2 class=\"wp-block-heading\">Grafikler ve Sanat Stili<\/h2>\n\n\n\n<p>Oyuncuyu grafikleri ve hikayesiyle etkilemeye \u00e7al\u0131\u015fan di\u011fer oyunlar\u0131n aksine, Blaze Crash bahis oyunu ne oldu\u011funu hat\u0131rlar. Bir u\u00e7ak, 3D uzay roketi, jet veya ba\u015fka bir \u015fey yerine, sadece k\u00fc\u00e7\u00fck bir 2D simgesi vard\u0131r. G\u00f6rsel tasar\u0131m, \u00e7arpana konsantre olman\u0131z\u0131 sa\u011flar. \u00c7izgisi hafif\u00e7e bir borsa grafi\u011fini and\u0131r\u0131yor ve nas\u0131l b\u00fcy\u00fcd\u00fc\u011f\u00fcn\u00fc (ve kazanc\u0131n\u0131z\u0131) izlemek biraz e\u011flenceli.<\/p>\n\n\n\n<p>Oyunda ses efektleri de var, ancak sessizli\u011fi seviyorsan\u0131z, kendi ortam melodinizi tercih ediyorsan\u0131z veya otomatik modda oynuyorsan\u0131z sesleri kapatabilirsiniz.<\/p>\n\n\n\n<h2 class=\"wp-block-heading\">Crash Blaze Nas\u0131l Oynan\u0131r<\/h2>\n\n\n\n<p>Blaze crash oyununu \u00e7evrimi\u00e7i oynama zevkini hi\u00e7 ya\u015famad\u0131ysan\u0131z, endi\u015felenmeyin - s\u00fcre\u00e7 boyunca size rehberlik edece\u011fiz! Aray\u00fcz ger\u00e7ekten sezgiseldir ve kurallar basittir, bu nedenle oyunu oynarken herhangi bir sorunla kar\u015f\u0131la\u015fmazs\u0131n\u0131z.<\/p>\n\n\n\n<h3 class=\"wp-block-heading\">Depozito<\/h3>\n\n\n\n<p>Bahis i\u00e7in m\u00fc\u015fterinin para yat\u0131rmas\u0131 gerekir. \u00dccretlendirme paras\u0131 oyuncunun hesab\u0131ndan d\u00fc\u015f\u00fcl\u00fcr, bu nedenle, bahis bakiyenizi a\u015farsa, onu yerle\u015ftiremezsiniz.<\/p>\n\n\n\n<h3 class=\"wp-block-heading\">Bahisler<\/h3>\n\n\n\n<p>Bahsin boyutu, \"Miktar\" alan\u0131nda se\u00e7ti\u011finiz \u015feydir. \u0130\u015flemi sizin i\u00e7in h\u0131zland\u0131rmak i\u00e7in, toplam\u0131 ikiye b\u00f6len ve \u00e7arpan d\u00fc\u011fmeler vard\u0131r. Sabit bir bahis ve oynamak istedi\u011finiz bahis say\u0131s\u0131n\u0131 belirleyerek otomatik bahis oynamay\u0131 tercih edebilirsiniz. Bu, otomatik para \u00e7ekme se\u00e7ene\u011fiyle iyi \u00e7al\u0131\u015f\u0131r ve oyun oynarken di\u011fer i\u015flere kat\u0131lman\u0131za olanak tan\u0131r.<\/p>\n\n\n\n<h2 class=\"wp-block-heading\">Blaze Crash Oyun Demosu<\/h2>\n\n\n\n<p>Oyunu denemek, oynan\u0131\u015fa al\u0131\u015fmak veya oyun stratejisi konusunda biraz deneyim kazanmak istiyorsan\u0131z, Blaze Crash'in bir demo modu vard\u0131r. Kumarhanenin oyun men\u00fcs\u00fcnde \"e\u011flence i\u00e7in oyna\" se\u00e7ene\u011fini se\u00e7meniz yeterlidir.<\/p>\n\n\n\n<p>Demo modu \u00fccretsizdir: ger\u00e7ek parayla bahis yapmazs\u0131n\u0131z. Bu nedenle, ger\u00e7ek bir kazan\u00e7 da elde edemezsiniz. Ger\u00e7ek moda ge\u00e7i\u015f her zaman yap\u0131labilir, sadece dikkatli olun ve demonun izin vermesinden sonra paran\u0131zla dikkatsiz davranmay\u0131n.<\/p>\n\n\n\n<h2 class=\"wp-block-heading\">Blaze Crash Mobil Uygulamalar\u0131<\/h2>\n\n\n\n<p>Mobilseniz ve kumar\u0131n\u0131z da \u00f6yleyse, Blaze Crash ya\u015fam tarz\u0131n\u0131zla m\u00fckemmel bir \u015fekilde uyumludur. Tek yapman\u0131z gereken Blaze crash oyunu .apk dosyas\u0131n\u0131 Android i\u00e7in uygulama ma\u011fazas\u0131ndan veya ilgili uygulamay\u0131 iOS cihazlar\u0131 i\u00e7in App Store'dan indirmektir. Oyunla ilgili herhangi bir teknik sorun ya\u015farsan\u0131z, destek ekibiyle sohbet etmek her zaman web sitesinde mevcuttur.<\/p>\n\n\n\n<h2 class=\"wp-block-heading\">Blaze Crash Oyun Bonuslar\u0131<\/h2>\n\n\n\n<p>Blaze Casino m\u00fc\u015fterilerine bonuslar ve promosyon kodlar\u0131 sunar - \u00f6rne\u011fin, 200 Euro'ya kadar ho\u015f geldin bonusu vard\u0131r. Hi\u00e7bir \u015feyi ka\u00e7\u0131rmamak i\u00e7in haberleri takip edin: sadakat programlar\u0131 genellikle daha fazla masraf yapmadan en sevdi\u011finiz oyunun tad\u0131n\u0131 \u00e7\u0131karman\u0131z i\u00e7in size ek f\u0131rsatlar sunar.<\/p>\n\n\n\n<h2 class=\"wp-block-heading\">\u00d6zet<\/h2>\n\n\n\n<p>Blaze Crush oyunu, casino oyunlar\u0131n\u0131n klasik kurallar\u0131n\u0131 takip eder. Otomatik bahis ve para \u00e7ekme uygulamas\u0131, minimalist ve basit tasar\u0131m ve sezgisel aray\u00fcz, oyunu an\u0131nda \u00e7arp\u0131\u015fma oyunlar\u0131n\u0131 seven bahis\u00e7iler i\u00e7in \u00e7ekici k\u0131lmaktad\u0131r. \u00d6nceki turlar\u0131n sonu\u00e7lar\u0131n\u0131 g\u00f6steren g\u00fcnl\u00fck \u00f6zelli\u011fi, kazanma \/ kaybetme serisini takip edenler veya belirli bir stratejiyi oynamak i\u00e7in ek bilgiye ihtiya\u00e7 duyanlar i\u00e7in \u00f6nemlidir.<\/p>\n\n\n\n<h2 class=\"wp-block-heading\">SSS<\/h2>\n\n\n\n<div class=\"schema-faq wp-block-yoast-faq-block\"><div class=\"schema-faq-section\" id=\"faq-question-1706109803344\"><strong class=\"schema-faq-question\">Blaze Crash'te nas\u0131l kazan\u0131l\u0131r?<\/strong> <p class=\"schema-faq-answer\">Crash oyunlar\u0131 tamamen rastgeledir, bu nedenle her zaman kazanmak m\u00fcmk\u00fcn de\u011fildir. Sorumlu bir oyuncu paras\u0131n\u0131 ak\u0131ll\u0131ca y\u00f6netmeli ve kaybetmeyi g\u00f6ze alabilece\u011fi para miktar\u0131na bir s\u0131n\u0131r koymal\u0131d\u0131r. Do\u011fru kullan\u0131ld\u0131\u011f\u0131nda kazan\u00e7 ve kay\u0131plar\u0131 dengelemek i\u00e7in belirli stratejiler tasarlanm\u0131\u015ft\u0131r.<\/p> <\/div> <div class=\"schema-faq-section\" id=\"faq-question-1706109827215\"><strong class=\"schema-faq-question\">Blaze Crash yasal m\u0131?<\/strong> <p class=\"schema-faq-answer\">Blaze online casino Curacao lisans\u0131na sahiptir, bu nedenle kumar\u0131n \u00fclkenizde yasal olup olmad\u0131\u011f\u0131 sorusunu daralt\u0131r. G\u00fcvenli ve yasal bir \u015fekilde oynayabilece\u011finizden emin olmak i\u00e7in \u00f6deme ve para \u00e7ekme se\u00e7eneklerini kontrol edin.<\/p> <\/div> <div class=\"schema-faq-section\" id=\"faq-question-1706109843110\"><strong class=\"schema-faq-question\">Crash oyununu nas\u0131l oynuyorsun?<\/strong> <p class=\"schema-faq-answer\">Kullan\u0131c\u0131n\u0131n kumarhaneye kaydolmas\u0131, oyunu se\u00e7mesi, bir bahis koymas\u0131 ve tura girmesi gerekir. Tur, oyun i\u00e7i nesne u\u00e7ana ve \u00e7arpan y\u00fckselene kadar s\u00fcrer. Oyuncu tur sona ermeden \u00f6nce para yat\u0131rmazsa bahsi kaybeder.<\/p> <\/div> <\/div>","protected":false},"excerpt":{"rendered":"<p>The genre of crash games took online casinos by storm and it is not going anywhere. The reason is simple\u2014bettors love the thrilling combination of gambling and playing the game. In the foundation of crash games lies the technology of provable fairness\u2014because the gaming process ends abruptly, the final moment of the round should be [&hellip;]<\/p>\n","protected":false},"author":2,"featured_media":0,"parent":0,"menu_order":0,"comment_status":"closed","ping_status":"closed","template":"","meta":{"footnotes":""},"class_list":["post-84","page","type-page","status-publish","hentry"],"yoast_head":"<!-- This site is optimized with the Yoast SEO plugin v27.4 - https:\/\/yoast.com\/product\/yoast-seo-wordpress\/ -->\n<title>Blaze Crash Game: a Comprehensive Player\u2019s Guide<\/title>\n<meta name=\"description\" content=\"Blaze crash game is an original from a web casino Blaze. It is a classic crash game you can play online or in the mobile app. Our review will tell you everything about it.\" \/>\n<meta name=\"robots\" content=\"index, follow, max-snippet:-1, max-image-preview:large, max-video-preview:-1\" \/>\n<link rel=\"canonical\" href=\"https:\/\/superjetx.com\/tr\/blaze-crash-game-review-2024\/\" \/>\n<meta property=\"og:locale\" content=\"tr_TR\" \/>\n<meta property=\"og:type\" content=\"article\" \/>\n<meta property=\"og:title\" content=\"Blaze Crash Game: a Comprehensive Player\u2019s Guide\" \/>\n<meta property=\"og:description\" content=\"Blaze crash game is an original from a web casino Blaze. It is a classic crash game you can play online or in the mobile app. Our review will tell you everything about it.\" \/>\n<meta property=\"og:url\" content=\"https:\/\/superjetx.com\/tr\/blaze-crash-game-review-2024\/\" \/>\n<meta property=\"og:site_name\" content=\"JetX Game\" \/>\n<meta property=\"article:modified_time\" content=\"2024-04-10T10:27:34+00:00\" \/>\n<meta name=\"twitter:card\" content=\"summary_large_image\" \/>\n<meta name=\"twitter:label1\" content=\"Tahmini okuma s\u00fcresi\" \/>\n\t<meta name=\"twitter:data1\" content=\"5 dakika\" \/>\n<script type=\"application\/ld+json\" class=\"yoast-schema-graph\">{\"@context\":\"https:\\\/\\\/schema.org\",\"@graph\":[{\"@type\":[\"WebPage\",\"FAQPage\"],\"@id\":\"https:\\\/\\\/superjetx.com\\\/blaze-crash-game-review-2024\\\/\",\"url\":\"https:\\\/\\\/superjetx.com\\\/blaze-crash-game-review-2024\\\/\",\"name\":\"Blaze Crash Game: a Comprehensive Player\u2019s Guide\",\"isPartOf\":{\"@id\":\"https:\\\/\\\/superjetx.com\\\/#website\"},\"datePublished\":\"2024-01-18T15:24:33+00:00\",\"dateModified\":\"2024-04-10T10:27:34+00:00\",\"description\":\"Blaze crash game is an original from a web casino Blaze. It is a classic crash game you can play online or in the mobile app. Our review will tell you everything about it.\",\"breadcrumb\":{\"@id\":\"https:\\\/\\\/superjetx.com\\\/blaze-crash-game-review-2024\\\/#breadcrumb\"},\"mainEntity\":[{\"@id\":\"https:\\\/\\\/superjetx.com\\\/blaze-crash-game-review-2024\\\/#faq-question-1706109803344\"},{\"@id\":\"https:\\\/\\\/superjetx.com\\\/blaze-crash-game-review-2024\\\/#faq-question-1706109827215\"},{\"@id\":\"https:\\\/\\\/superjetx.com\\\/blaze-crash-game-review-2024\\\/#faq-question-1706109843110\"}],\"inLanguage\":\"tr\",\"potentialAction\":[{\"@type\":\"ReadAction\",\"target\":[\"https:\\\/\\\/superjetx.com\\\/blaze-crash-game-review-2024\\\/\"]}]},{\"@type\":\"BreadcrumbList\",\"@id\":\"https:\\\/\\\/superjetx.com\\\/blaze-crash-game-review-2024\\\/#breadcrumb\",\"itemListElement\":[{\"@type\":\"ListItem\",\"position\":1,\"name\":\"Home\",\"item\":\"https:\\\/\\\/superjetx.com\\\/\"},{\"@type\":\"ListItem\",\"position\":2,\"name\":\"Blaze Crash Game Review\"}]},{\"@type\":\"WebSite\",\"@id\":\"https:\\\/\\\/superjetx.com\\\/#website\",\"url\":\"https:\\\/\\\/superjetx.com\\\/\",\"name\":\"JetX Game\",\"description\":\"Super JetX Club\",\"potentialAction\":[{\"@type\":\"SearchAction\",\"target\":{\"@type\":\"EntryPoint\",\"urlTemplate\":\"https:\\\/\\\/superjetx.com\\\/?s={search_term_string}\"},\"query-input\":{\"@type\":\"PropertyValueSpecification\",\"valueRequired\":true,\"valueName\":\"search_term_string\"}}],\"inLanguage\":\"tr\"},{\"@type\":\"Question\",\"@id\":\"https:\\\/\\\/superjetx.com\\\/blaze-crash-game-review-2024\\\/#faq-question-1706109803344\",\"position\":1,\"url\":\"https:\\\/\\\/superjetx.com\\\/blaze-crash-game-review-2024\\\/#faq-question-1706109803344\",\"name\":\"How to win at Blaze Crash?\",\"answerCount\":1,\"acceptedAnswer\":{\"@type\":\"Answer\",\"text\":\"Crash games are completely random, so winning all the time is not possible. A responsible player should manage their bankroll wisely and set a limit on the amount of money they can afford to lose. Certain strategies are designed to balance winnings and losses if used correctly.\",\"inLanguage\":\"tr\"},\"inLanguage\":\"tr\"},{\"@type\":\"Question\",\"@id\":\"https:\\\/\\\/superjetx.com\\\/blaze-crash-game-review-2024\\\/#faq-question-1706109827215\",\"position\":2,\"url\":\"https:\\\/\\\/superjetx.com\\\/blaze-crash-game-review-2024\\\/#faq-question-1706109827215\",\"name\":\"Is Blaze Crash legal?\",\"answerCount\":1,\"acceptedAnswer\":{\"@type\":\"Answer\",\"text\":\"Blaze online casino has a Curacao license, so it narrows the question down to if gambling is legal in your country. Check the payment and money withdrawal options to ensure that you can play safely and legally.\",\"inLanguage\":\"tr\"},\"inLanguage\":\"tr\"},{\"@type\":\"Question\",\"@id\":\"https:\\\/\\\/superjetx.com\\\/blaze-crash-game-review-2024\\\/#faq-question-1706109843110\",\"position\":3,\"url\":\"https:\\\/\\\/superjetx.com\\\/blaze-crash-game-review-2024\\\/#faq-question-1706109843110\",\"name\":\"How do you play the game Crash?\",\"answerCount\":1,\"acceptedAnswer\":{\"@type\":\"Answer\",\"text\":\"The user needs to register in the casino, choose the game, place a bet, and enter the round. The round lasts until the in-game object flies and the multiplier rises. If the player does not cash out before the round crashes, they lose the bet.\",\"inLanguage\":\"tr\"},\"inLanguage\":\"tr\"}]}<\/script>\n<!-- \/ Yoast SEO plugin. -->","yoast_head_json":{"title":"Blaze Crash Oyunu: Kapsaml\u0131 Bir Oyuncu Rehberi","description":"Blaze crash oyunu, Blaze web kumarhanesinden bir orijinaldir. \u00c7evrimi\u00e7i veya mobil uygulamada oynayabilece\u011finiz klasik bir \u00e7arp\u0131\u015fma oyunudur. \u0130ncelememiz size bu konuda her \u015feyi anlatacak.","robots":{"index":"index","follow":"follow","max-snippet":"max-snippet:-1","max-image-preview":"max-image-preview:large","max-video-preview":"max-video-preview:-1"},"canonical":"https:\/\/superjetx.com\/tr\/blaze-crash-game-review-2024\/","og_locale":"tr_TR","og_type":"article","og_title":"Blaze Crash Game: a Comprehensive Player\u2019s Guide","og_description":"Blaze crash game is an original from a web casino Blaze. It is a classic crash game you can play online or in the mobile app. Our review will tell you everything about it.","og_url":"https:\/\/superjetx.com\/tr\/blaze-crash-game-review-2024\/","og_site_name":"JetX Game","article_modified_time":"2024-04-10T10:27:34+00:00","twitter_card":"summary_large_image","twitter_misc":{"Tahmini okuma s\u00fcresi":"5 dakika"},"schema":{"@context":"https:\/\/schema.org","@graph":[{"@type":["WebPage","FAQPage"],"@id":"https:\/\/superjetx.com\/blaze-crash-game-review-2024\/","url":"https:\/\/superjetx.com\/blaze-crash-game-review-2024\/","name":"Blaze Crash Oyunu: Kapsaml\u0131 Bir Oyuncu Rehberi","isPartOf":{"@id":"https:\/\/superjetx.com\/#website"},"datePublished":"2024-01-18T15:24:33+00:00","dateModified":"2024-04-10T10:27:34+00:00","description":"Blaze crash oyunu, Blaze web kumarhanesinden bir orijinaldir. \u00c7evrimi\u00e7i veya mobil uygulamada oynayabilece\u011finiz klasik bir \u00e7arp\u0131\u015fma oyunudur. \u0130ncelememiz size bu konuda her \u015feyi anlatacak.","breadcrumb":{"@id":"https:\/\/superjetx.com\/blaze-crash-game-review-2024\/#breadcrumb"},"mainEntity":[{"@id":"https:\/\/superjetx.com\/blaze-crash-game-review-2024\/#faq-question-1706109803344"},{"@id":"https:\/\/superjetx.com\/blaze-crash-game-review-2024\/#faq-question-1706109827215"},{"@id":"https:\/\/superjetx.com\/blaze-crash-game-review-2024\/#faq-question-1706109843110"}],"inLanguage":"tr","potentialAction":[{"@type":"ReadAction","target":["https:\/\/superjetx.com\/blaze-crash-game-review-2024\/"]}]},{"@type":"BreadcrumbList","@id":"https:\/\/superjetx.com\/blaze-crash-game-review-2024\/#breadcrumb","itemListElement":[{"@type":"ListItem","position":1,"name":"Home","item":"https:\/\/superjetx.com\/"},{"@type":"ListItem","position":2,"name":"Blaze Crash Game Review"}]},{"@type":"WebSite","@id":"https:\/\/superjetx.com\/#website","url":"https:\/\/superjetx.com\/","name":"JetX Oyunu","description":"S\u00fcper JetX Kul\u00fcb\u00fc","potentialAction":[{"@type":"SearchAction","target":{"@type":"EntryPoint","urlTemplate":"https:\/\/superjetx.com\/?s={search_term_string}"},"query-input":{"@type":"PropertyValueSpecification","valueRequired":true,"valueName":"search_term_string"}}],"inLanguage":"tr"},{"@type":"Question","@id":"https:\/\/superjetx.com\/blaze-crash-game-review-2024\/#faq-question-1706109803344","position":1,"url":"https:\/\/superjetx.com\/blaze-crash-game-review-2024\/#faq-question-1706109803344","name":"Blaze Crash'te nas\u0131l kazan\u0131l\u0131r?","answerCount":1,"acceptedAnswer":{"@type":"Answer","text":"Crash games are completely random, so winning all the time is not possible. A responsible player should manage their bankroll wisely and set a limit on the amount of money they can afford to lose. Certain strategies are designed to balance winnings and losses if used correctly.","inLanguage":"tr"},"inLanguage":"tr"},{"@type":"Question","@id":"https:\/\/superjetx.com\/blaze-crash-game-review-2024\/#faq-question-1706109827215","position":2,"url":"https:\/\/superjetx.com\/blaze-crash-game-review-2024\/#faq-question-1706109827215","name":"Blaze Crash yasal m\u0131?","answerCount":1,"acceptedAnswer":{"@type":"Answer","text":"Blaze online casino has a Curacao license, so it narrows the question down to if gambling is legal in your country. Check the payment and money withdrawal options to ensure that you can play safely and legally.","inLanguage":"tr"},"inLanguage":"tr"},{"@type":"Question","@id":"https:\/\/superjetx.com\/blaze-crash-game-review-2024\/#faq-question-1706109843110","position":3,"url":"https:\/\/superjetx.com\/blaze-crash-game-review-2024\/#faq-question-1706109843110","name":"Crash oyununu nas\u0131l oynuyorsun?","answerCount":1,"acceptedAnswer":{"@type":"Answer","text":"The user needs to register in the casino, choose the game, place a bet, and enter the round. The round lasts until the in-game object flies and the multiplier rises. If the player does not cash out before the round crashes, they lose the bet.","inLanguage":"tr"},"inLanguage":"tr"}]}},"_links":{"self":[{"href":"https:\/\/superjetx.com\/tr\/wp-json\/wp\/v2\/pages\/84","targetHints":{"allow":["GET"]}}],"collection":[{"href":"https:\/\/superjetx.com\/tr\/wp-json\/wp\/v2\/pages"}],"about":[{"href":"https:\/\/superjetx.com\/tr\/wp-json\/wp\/v2\/types\/page"}],"author":[{"embeddable":true,"href":"https:\/\/superjetx.com\/tr\/wp-json\/wp\/v2\/users\/2"}],"replies":[{"embeddable":true,"href":"https:\/\/superjetx.com\/tr\/wp-json\/wp\/v2\/comments?post=84"}],"version-history":[{"count":4,"href":"https:\/\/superjetx.com\/tr\/wp-json\/wp\/v2\/pages\/84\/revisions"}],"predecessor-version":[{"id":186,"href":"https:\/\/superjetx.com\/tr\/wp-json\/wp\/v2\/pages\/84\/revisions\/186"}],"wp:attachment":[{"href":"https:\/\/superjetx.com\/tr\/wp-json\/wp\/v2\/media?parent=84"}],"curies":[{"name":"wp","href":"https:\/\/api.w.org\/{rel}","templated":true}]}}