{"id":95,"date":"2024-01-21T16:57:21","date_gmt":"2024-01-21T16:57:21","guid":{"rendered":"https:\/\/superjetx.com\/?page_id=95"},"modified":"2024-01-25T20:52:38","modified_gmt":"2024-01-25T20:52:38","slug":"how-to-download-jetx-game","status":"publish","type":"page","link":"https:\/\/superjetx.com\/tr\/how-to-download-jetx-game\/","title":{"rendered":"JetX Oyunu Nas\u0131l \u0130ndirilir"},"content":{"rendered":"<p>Yeni m\u00fckemmel oyun se\u00e7ene\u011finin tad\u0131n\u0131 \u00e7\u0131karmak ister misiniz? O zaman normal slotlardan farkl\u0131 bir \u015fey denemenin tam zaman\u0131. Burada JetX Game ile ilgili \u00f6zellikleri ve faydal\u0131 ayr\u0131nt\u0131lar\u0131 a\u00e7\u0131klayaca\u011f\u0131z. Bu oyun size kolay kazan\u00e7larla birlikte olumlu duygular ya\u015fatacak.<\/p>\n\n\n\n<h2 class=\"wp-block-heading\">JetX Oyunu Nedir<\/h2>\n\n\n\n<p>Bu oyunun tasar\u0131m\u0131 kolayd\u0131r ancak ayn\u0131 zamanda bir\u00e7ok hevesli oyuncuyu cezbeder. Oyun a\u015fa\u011f\u0131daki gibi in\u015fa edilmi\u015ftir:<\/p>\n\n\n\n<ul class=\"space-mark wp-block-list\">\n<li>Oyuna ba\u015flamadan \u00f6nce, kullan\u0131c\u0131 ger\u00e7ek modda oynuyorsa bahis oynamak zorundad\u0131r.<\/li>\n\n\n\n<li>Ard\u0131ndan, tur bir u\u00e7a\u011f\u0131n y\u00fckselmesiyle ba\u015flar.<\/li>\n\n\n\n<li>Hareket halindeyken, \u00e7arpan ve olas\u0131 kazan\u00e7lar da artar.<\/li>\n\n\n\n<li>Kullan\u0131c\u0131 u\u00e7ak d\u00fc\u015fmeden \u00f6nce paras\u0131n\u0131 \u00e7ekerse kazan\u0131r.<\/li>\n\n\n\n<li>E\u011fer durum tam tersi ise, bahis kaybedilir.<\/li>\n<\/ul>\n\n\n\n<p>Burada her \u015fey h\u0131zl\u0131 ve dinamik. Oyun hem dikkat hem de sezgi gerektiriyor. Yine de, en b\u00fcy\u00fcleyici ger\u00e7ek, kullan\u0131c\u0131n\u0131n sonu\u00e7lar\u0131 etkilemesidir. Bu, ki\u015finin yaln\u0131zca sonucu beklemek zorunda oldu\u011fu normal slotlar aras\u0131ndaki temel farkt\u0131r.<\/p>\n\n\n\n<h3 class=\"wp-block-heading\">JetX nas\u0131l \u00e7al\u0131\u015f\u0131r?<\/h3>\n\n\n\n<p>Oyun, tahmin edilemeyen veya etkilenemeyen adil ve h\u0131zl\u0131 bir algoritmaya sahiptir. Bu nedenle, mevcut turun sonucunun ne olaca\u011f\u0131n\u0131 \u00f6nceden bilmenin bir yolu yoktur. Yine de, RTP 97%'ye kadar ula\u015f\u0131r ve buradaki kazan\u00e7lar d\u00fczenli ve sa\u011flamd\u0131r.<\/p>\n\n\n\n<p>Oyunun bu kadar b\u00fcy\u00fck bir pop\u00fclerlik kazanmas\u0131na ve b\u00fcy\u00fck bir kitleyi kendine \u00e7ekmesine \u015fa\u015fmamal\u0131. Oynamas\u0131 kolay ve e\u011flenceli, parlak ve kullan\u0131c\u0131 dostu ve sadece olumlu duygularla ili\u015fkili.<\/p>\n\n\n\n<h2 class=\"wp-block-heading\">JetX Oyununu \u0130ndirin<\/h2>\n\n\n\n<p>Bu oyunu denemek i\u00e7in iki ana se\u00e7enek vard\u0131r. \u0130lk olarak, \u00f6zel uygulamay\u0131 indirebilir ve cep telefonunuzdan oynayabilirsiniz. \u0130kinci olarak, g\u00fcvenilir bir kumarhaneyi ziyaret edebilir, oraya kaydolabilir ve masa\u00fcst\u00fc s\u00fcr\u00fcm\u00fcnde veya PC i\u00e7in istemciyi indirdikten sonra oynayabilirsiniz.<\/p>\n\n\n\n<h3 class=\"wp-block-heading\">JetX Mobil Uygulamas\u0131n\u0131 \u0130ndirin<\/h3>\n\n\n\n<p>Geli\u015ftiriciler, m\u00fc\u015fterilerine m\u00fckemmel bir oyun deneyimi sunmak i\u00e7in ellerinden geleni yapt\u0131lar. Bu nedenle, hem iOS hem de Android i\u00e7in uygulamalar olu\u015fturdular. Tercihlerini \u00f6\u011frenmek i\u00e7in a\u015fa\u011f\u0131dakileri yapmak gerekir:<\/p>\n\n\n\n<ol class=\"wp-block-list\">\n<li>Mobil cihazda Apple Store veya Google Play Store'u a\u00e7\u0131n.<\/li>\n\n\n\n<li>Arama \u00e7ubu\u011funa oyunun ad\u0131n\u0131 yaz\u0131n.<\/li>\n\n\n\n<li>\u0130ndirme i\u00e7in gerekli se\u00e7ene\u011fi se\u00e7in ve k\u0131sa bir s\u00fcre bekleyin.<\/li>\n\n\n\n<li>Uygulamay\u0131 ba\u015flat\u0131n ve y\u00fckleyin.<\/li>\n<\/ol>\n\n\n\n<p>T\u00fcm bu ad\u0131mlar dakikadan k\u0131sa s\u00fcrer ve ard\u0131ndan oyun her zaman ve her yerden an\u0131nda eri\u015fim ile do\u011frudan telefonda kullan\u0131labilir hale gelir. Uygulamada, masa\u00fcst\u00fc s\u00fcr\u00fcm\u00fcnde oldu\u011fu gibi ayn\u0131 aray\u00fcze ve kurallara sahiptir. Bu nedenle, baz\u0131 de\u011fi\u015fiklikler veya rahats\u0131z edici farkl\u0131l\u0131klar konusunda endi\u015felenmenize gerek yoktur.<\/p>\n\n\n\n<h3 class=\"wp-block-heading\">PC i\u00e7in JetX indir<\/h3>\n\n\n\n<p>Tam ekranda oynamak isteyenler, bu oyun se\u00e7ene\u011fini sa\u011flayan g\u00fcvenilir bir \u00e7evrimi\u00e7i kumarhane bulmal\u0131 ve a\u015fa\u011f\u0131dakileri yapmal\u0131d\u0131r:<\/p>\n\n\n\n<ol class=\"wp-block-list\">\n<li>Web sitesine kaydolun ve hesab\u0131 do\u011frulay\u0131n.<\/li>\n\n\n\n<li>Oyunu bulun ve masa\u00fcst\u00fc s\u00fcr\u00fcm\u00fcn\u00fc kullan\u0131n veya PC i\u00e7in istemciyi se\u00e7in ve indirin.<\/li>\n\n\n\n<li>H\u0131zl\u0131 bir kurulumdan sonra, oyun bilgisayarda veya diz\u00fcst\u00fc bilgisayarda da kullan\u0131labilir hale gelir.<\/li>\n<\/ol>\n\n\n\n<p>Hangi se\u00e7ene\u011fi se\u00e7erseniz se\u00e7in, m\u00fckemmel bir deneyim ve keyifli kazan\u00e7lar garantidir.<\/p>\n\n\n\n<h2 class=\"wp-block-heading\">JetX Kazanma Stratejisi<\/h2>\n\n\n\n<p>Kazanma \u015fans\u0131n\u0131z\u0131 art\u0131rman\u0131n bir yolu var m\u0131? Bir yandan, oyun b\u00fcy\u00fck \u00f6l\u00e7\u00fcde \u015fansa ba\u011fl\u0131d\u0131r. \u00d6te yandan, ba\u015far\u0131l\u0131 olmak isteyenlerin atmas\u0131 gereken ad\u0131mlar var, yani:<\/p>\n\n\n\n<ul class=\"space-mark wp-block-list\">\n<li>Kurallar\u0131 \u00f6\u011frenmek ve oynan\u0131\u015f\u0131 anlamak i\u00e7in \u00f6nce \u00fccretsiz demo s\u00fcr\u00fcm\u00fcnde oynay\u0131n.<\/li>\n\n\n\n<li>Zaman ve fon a\u00e7\u0131s\u0131ndan zihninizi olu\u015fturun ve belirledi\u011finiz s\u0131n\u0131rlara sad\u0131k kal\u0131n.<\/li>\n\n\n\n<li>K\u00fc\u00e7\u00fck ama s\u0131k bahislerle ba\u015flay\u0131n.<\/li>\n\n\n\n<li>\u00d6nceki seslerinizin yan\u0131 s\u0131ra di\u011fer kullan\u0131c\u0131lar\u0131n sonu\u00e7lar\u0131n\u0131 da analiz edin.<\/li>\n\n\n\n<li>Varsa canl\u0131 sohbeti takip edin ve ba\u015fkalar\u0131ndan \u00f6\u011frenmekten \u00e7ekinmeyin.<\/li>\n\n\n\n<li>Daha k\u00fc\u00e7\u00fck bahisler i\u00e7in otomatik para \u00e7ekmeyi deneyin.<\/li>\n<\/ul>\n\n\n\n<p>Aceleyle oynamamak ve dinlenmek i\u00e7in kendinize yeterince zaman vermek \u00f6nemlidir. Bu oyundaki turlar \u00e7ok h\u0131zl\u0131 oldu\u011fu i\u00e7in konsantrasyonunuzu kaybedebilir ve daha fazla \u00e7\u00f6kme ya\u015fayabilirsiniz. Bu y\u00fczden sorumlu bir \u015fekilde oynay\u0131n ve oyundan b\u00fcy\u00fck kazan\u00e7lar beklemeyin. Oyunun as\u0131l amac\u0131 sizi milyoner yapmak de\u011fil, e\u011flendirmek ve g\u00fcnl\u00fck stresinizi azaltmakt\u0131r.<\/p>\n\n\n\n<h2 class=\"wp-block-heading\">JetX Demo S\u00fcr\u00fcm\u00fc<\/h2>\n\n\n\n<p>JetX i\u00e7in mevcut olan harika se\u00e7enek, \u00fccretsiz bir demo s\u00fcr\u00fcm\u00fcd\u00fcr. Herkes kolayca eri\u015febilir ve herhangi bir kay\u0131t veya do\u011frulama olmadan oynayabilir. Bu modda ger\u00e7ek bir bahis yapma veya para kazanma imkan\u0131 yoktur. Bununla birlikte, kullan\u0131c\u0131 oyun hakk\u0131nda bilgi sahibi olabilir ve ger\u00e7ek bir modla devam etmek i\u00e7in yeterli deneyim kazanabilir.<\/p>\n\n\n\n<p>Hem acemi hem de tecr\u00fcbeli oyuncular i\u00e7in \u015fiddetle tavsiye edilir. Bu mod ayn\u0131 ne\u015feyi ve olumlu duygular\u0131 getirir ve herhangi bir kay\u0131pla ilgili de\u011fildir. Bu nedenle, ger\u00e7ek bahislere ve risklere ge\u00e7meden \u00f6nce deneyin.<\/p>\n\n\n\n<h2 class=\"wp-block-heading\">\u00d6zet<\/h2>\n\n\n\n<p>\u00d6zetle, JetX oynamaya ba\u015flamak ve ayn\u0131 zamanda ger\u00e7ek para \u00f6\u011frenmek \u00e7ok kolay. T\u00fcm oyun i\u00e7i \u00f6zellikleri ve incelikleri anlamak i\u00e7in \u00fccretsiz demo s\u00fcr\u00fcm\u00fcn\u00fc deneyebilirsiniz. Ayr\u0131ca, hem bir PC s\u00fcr\u00fcm\u00fc hem de iOS veya Android i\u00e7in bir mobil uygulama olarak mevcuttur. Bu nedenle, birka\u00e7 t\u0131klamayla indirebilir ve istedi\u011finiz herhangi bir cihazda oynayabilirsiniz. Sadece kula\u011fa m\u00fckemmel gelmekle kalmaz, ayn\u0131 zamanda bir d\u00fcrt\u00fc ve mutluluk art\u0131\u015f\u0131 da getirir.<\/p>\n\n\n\n<h2 class=\"wp-block-heading\">SSS<\/h2>\n\n\n\n<div class=\"schema-faq wp-block-yoast-faq-block\"><div class=\"schema-faq-section\" id=\"faq-question-1706115274005\"><strong class=\"schema-faq-question\">JetX oyunu nas\u0131l kazan\u0131l\u0131r?<\/strong> <p class=\"schema-faq-answer\">Tek bir kazanma stratejisi yoktur. Dikkatli ve sab\u0131rl\u0131 olmak, k\u00fc\u00e7\u00fck d\u00fczenli bahisler yapmak ve \u00f6nceki deneyimleri analiz etmek gerekir.<\/p> <\/div> <div class=\"schema-faq-section\" id=\"faq-question-1706115284344\"><strong class=\"schema-faq-question\">Ne kadar kazanabilirim?<\/strong> <p class=\"schema-faq-answer\">Kazan\u00e7lar i\u00e7in \u00fcst s\u0131n\u0131r yoktur. Bahsinize ve nakde \u00e7evirdi\u011finiz anda belirlenen \u00e7arpana g\u00f6re kazan\u0131rs\u0131n\u0131z.<\/p> <\/div> <div class=\"schema-faq-section\" id=\"faq-question-1706115295449\"><strong class=\"schema-faq-question\">JetX uygulamas\u0131 nas\u0131l indirilir?<\/strong> <p class=\"schema-faq-answer\">Apple Store veya Google Play Store'u a\u00e7\u0131n, bu oyunu aray\u0131n ve uygulamay\u0131 indirin. Kurulum birka\u00e7 dakika s\u00fcrer ve uygulaman\u0131n cihaz i\u00e7in herhangi bir \u00f6zel gereksinimi yoktur.<\/p> <\/div> <\/div>","protected":false},"excerpt":{"rendered":"<p>Would you like to enjoy the new perfect gaming option? Then it is high time to try something different from the usual slots. Here we are going to unveil the features and useful details about JetX Game. This one will give you an upsurge of positive emotions together with easy winnings. What is JetX Game [&hellip;]<\/p>\n","protected":false},"author":2,"featured_media":0,"parent":0,"menu_order":0,"comment_status":"closed","ping_status":"closed","template":"","meta":{"footnotes":""},"class_list":["post-95","page","type-page","status-publish","hentry"],"yoast_head":"<!-- This site is optimized with the Yoast SEO plugin v27.4 - https:\/\/yoast.com\/product\/yoast-seo-wordpress\/ -->\n<title>How to Download JetX: learn two easy ways to access this game<\/title>\n<meta name=\"description\" content=\"How to Download JetX? You can do this using the Apple Store or Google Play Store or find the app or PC client on a website of an online casino. It is a quick procedure with an instant access\" \/>\n<meta name=\"robots\" content=\"index, follow, max-snippet:-1, max-image-preview:large, max-video-preview:-1\" \/>\n<link rel=\"canonical\" href=\"https:\/\/superjetx.com\/tr\/how-to-download-jetx-game\/\" \/>\n<meta property=\"og:locale\" content=\"tr_TR\" \/>\n<meta property=\"og:type\" content=\"article\" \/>\n<meta property=\"og:title\" content=\"How to Download JetX: learn two easy ways to access this game\" \/>\n<meta property=\"og:description\" content=\"How to Download JetX? You can do this using the Apple Store or Google Play Store or find the app or PC client on a website of an online casino. It is a quick procedure with an instant access\" \/>\n<meta property=\"og:url\" content=\"https:\/\/superjetx.com\/tr\/how-to-download-jetx-game\/\" \/>\n<meta property=\"og:site_name\" content=\"JetX Game\" \/>\n<meta property=\"article:modified_time\" content=\"2024-01-25T20:52:38+00:00\" \/>\n<meta name=\"twitter:card\" content=\"summary_large_image\" \/>\n<meta name=\"twitter:label1\" content=\"Tahmini okuma s\u00fcresi\" \/>\n\t<meta name=\"twitter:data1\" content=\"5 dakika\" \/>\n<script type=\"application\/ld+json\" class=\"yoast-schema-graph\">{\"@context\":\"https:\\\/\\\/schema.org\",\"@graph\":[{\"@type\":[\"WebPage\",\"FAQPage\"],\"@id\":\"https:\\\/\\\/superjetx.com\\\/how-to-download-jetx-game\\\/\",\"url\":\"https:\\\/\\\/superjetx.com\\\/how-to-download-jetx-game\\\/\",\"name\":\"How to Download JetX: learn two easy ways to access this game\",\"isPartOf\":{\"@id\":\"https:\\\/\\\/superjetx.com\\\/#website\"},\"datePublished\":\"2024-01-21T16:57:21+00:00\",\"dateModified\":\"2024-01-25T20:52:38+00:00\",\"description\":\"How to Download JetX? You can do this using the Apple Store or Google Play Store or find the app or PC client on a website of an online casino. It is a quick procedure with an instant access\",\"breadcrumb\":{\"@id\":\"https:\\\/\\\/superjetx.com\\\/how-to-download-jetx-game\\\/#breadcrumb\"},\"mainEntity\":[{\"@id\":\"https:\\\/\\\/superjetx.com\\\/how-to-download-jetx-game\\\/#faq-question-1706115274005\"},{\"@id\":\"https:\\\/\\\/superjetx.com\\\/how-to-download-jetx-game\\\/#faq-question-1706115284344\"},{\"@id\":\"https:\\\/\\\/superjetx.com\\\/how-to-download-jetx-game\\\/#faq-question-1706115295449\"}],\"inLanguage\":\"tr\",\"potentialAction\":[{\"@type\":\"ReadAction\",\"target\":[\"https:\\\/\\\/superjetx.com\\\/how-to-download-jetx-game\\\/\"]}]},{\"@type\":\"BreadcrumbList\",\"@id\":\"https:\\\/\\\/superjetx.com\\\/how-to-download-jetx-game\\\/#breadcrumb\",\"itemListElement\":[{\"@type\":\"ListItem\",\"position\":1,\"name\":\"Home\",\"item\":\"https:\\\/\\\/superjetx.com\\\/\"},{\"@type\":\"ListItem\",\"position\":2,\"name\":\"How to Download JetX Game\"}]},{\"@type\":\"WebSite\",\"@id\":\"https:\\\/\\\/superjetx.com\\\/#website\",\"url\":\"https:\\\/\\\/superjetx.com\\\/\",\"name\":\"JetX Game\",\"description\":\"Super JetX Club\",\"potentialAction\":[{\"@type\":\"SearchAction\",\"target\":{\"@type\":\"EntryPoint\",\"urlTemplate\":\"https:\\\/\\\/superjetx.com\\\/?s={search_term_string}\"},\"query-input\":{\"@type\":\"PropertyValueSpecification\",\"valueRequired\":true,\"valueName\":\"search_term_string\"}}],\"inLanguage\":\"tr\"},{\"@type\":\"Question\",\"@id\":\"https:\\\/\\\/superjetx.com\\\/how-to-download-jetx-game\\\/#faq-question-1706115274005\",\"position\":1,\"url\":\"https:\\\/\\\/superjetx.com\\\/how-to-download-jetx-game\\\/#faq-question-1706115274005\",\"name\":\"How to win JetX game?\",\"answerCount\":1,\"acceptedAnswer\":{\"@type\":\"Answer\",\"text\":\"There is no single winning strategy. One has to be attentive and patient, place small regular bets and analyze previous experiences.\",\"inLanguage\":\"tr\"},\"inLanguage\":\"tr\"},{\"@type\":\"Question\",\"@id\":\"https:\\\/\\\/superjetx.com\\\/how-to-download-jetx-game\\\/#faq-question-1706115284344\",\"position\":2,\"url\":\"https:\\\/\\\/superjetx.com\\\/how-to-download-jetx-game\\\/#faq-question-1706115284344\",\"name\":\"How much can I win?\",\"answerCount\":1,\"acceptedAnswer\":{\"@type\":\"Answer\",\"text\":\"There is no upper limit for winnings. You win according to your bet and multiplier set at the moment when you cash out.\",\"inLanguage\":\"tr\"},\"inLanguage\":\"tr\"},{\"@type\":\"Question\",\"@id\":\"https:\\\/\\\/superjetx.com\\\/how-to-download-jetx-game\\\/#faq-question-1706115295449\",\"position\":3,\"url\":\"https:\\\/\\\/superjetx.com\\\/how-to-download-jetx-game\\\/#faq-question-1706115295449\",\"name\":\"How to download the JetX app?\",\"answerCount\":1,\"acceptedAnswer\":{\"@type\":\"Answer\",\"text\":\"Just open the Apple Store or Google Play Store, search for this game and download the app. The installation takes a few minutes and the app does not have any special requirements for the device.\",\"inLanguage\":\"tr\"},\"inLanguage\":\"tr\"}]}<\/script>\n<!-- \/ Yoast SEO plugin. -->","yoast_head_json":{"title":"JetX Nas\u0131l \u0130ndirilir: Bu oyuna eri\u015fmenin iki kolay yolunu \u00f6\u011frenin","description":"JetX Nas\u0131l \u0130ndirilir? Bunu Apple Store veya Google Play Store'u kullanarak yapabilir veya uygulamay\u0131 veya PC istemcisini \u00e7evrimi\u00e7i bir kumarhanenin web sitesinde bulabilirsiniz. An\u0131nda eri\u015fim ile h\u0131zl\u0131 bir prosed\u00fcrd\u00fcr","robots":{"index":"index","follow":"follow","max-snippet":"max-snippet:-1","max-image-preview":"max-image-preview:large","max-video-preview":"max-video-preview:-1"},"canonical":"https:\/\/superjetx.com\/tr\/how-to-download-jetx-game\/","og_locale":"tr_TR","og_type":"article","og_title":"How to Download JetX: learn two easy ways to access this game","og_description":"How to Download JetX? You can do this using the Apple Store or Google Play Store or find the app or PC client on a website of an online casino. It is a quick procedure with an instant access","og_url":"https:\/\/superjetx.com\/tr\/how-to-download-jetx-game\/","og_site_name":"JetX Game","article_modified_time":"2024-01-25T20:52:38+00:00","twitter_card":"summary_large_image","twitter_misc":{"Tahmini okuma s\u00fcresi":"5 dakika"},"schema":{"@context":"https:\/\/schema.org","@graph":[{"@type":["WebPage","FAQPage"],"@id":"https:\/\/superjetx.com\/how-to-download-jetx-game\/","url":"https:\/\/superjetx.com\/how-to-download-jetx-game\/","name":"JetX Nas\u0131l \u0130ndirilir: Bu oyuna eri\u015fmenin iki kolay yolunu \u00f6\u011frenin","isPartOf":{"@id":"https:\/\/superjetx.com\/#website"},"datePublished":"2024-01-21T16:57:21+00:00","dateModified":"2024-01-25T20:52:38+00:00","description":"JetX Nas\u0131l \u0130ndirilir? Bunu Apple Store veya Google Play Store'u kullanarak yapabilir veya uygulamay\u0131 veya PC istemcisini \u00e7evrimi\u00e7i bir kumarhanenin web sitesinde bulabilirsiniz. An\u0131nda eri\u015fim ile h\u0131zl\u0131 bir prosed\u00fcrd\u00fcr","breadcrumb":{"@id":"https:\/\/superjetx.com\/how-to-download-jetx-game\/#breadcrumb"},"mainEntity":[{"@id":"https:\/\/superjetx.com\/how-to-download-jetx-game\/#faq-question-1706115274005"},{"@id":"https:\/\/superjetx.com\/how-to-download-jetx-game\/#faq-question-1706115284344"},{"@id":"https:\/\/superjetx.com\/how-to-download-jetx-game\/#faq-question-1706115295449"}],"inLanguage":"tr","potentialAction":[{"@type":"ReadAction","target":["https:\/\/superjetx.com\/how-to-download-jetx-game\/"]}]},{"@type":"BreadcrumbList","@id":"https:\/\/superjetx.com\/how-to-download-jetx-game\/#breadcrumb","itemListElement":[{"@type":"ListItem","position":1,"name":"Home","item":"https:\/\/superjetx.com\/"},{"@type":"ListItem","position":2,"name":"How to Download JetX Game"}]},{"@type":"WebSite","@id":"https:\/\/superjetx.com\/#website","url":"https:\/\/superjetx.com\/","name":"JetX Oyunu","description":"S\u00fcper JetX Kul\u00fcb\u00fc","potentialAction":[{"@type":"SearchAction","target":{"@type":"EntryPoint","urlTemplate":"https:\/\/superjetx.com\/?s={search_term_string}"},"query-input":{"@type":"PropertyValueSpecification","valueRequired":true,"valueName":"search_term_string"}}],"inLanguage":"tr"},{"@type":"Question","@id":"https:\/\/superjetx.com\/how-to-download-jetx-game\/#faq-question-1706115274005","position":1,"url":"https:\/\/superjetx.com\/how-to-download-jetx-game\/#faq-question-1706115274005","name":"JetX oyunu nas\u0131l kazan\u0131l\u0131r?","answerCount":1,"acceptedAnswer":{"@type":"Answer","text":"There is no single winning strategy. One has to be attentive and patient, place small regular bets and analyze previous experiences.","inLanguage":"tr"},"inLanguage":"tr"},{"@type":"Question","@id":"https:\/\/superjetx.com\/how-to-download-jetx-game\/#faq-question-1706115284344","position":2,"url":"https:\/\/superjetx.com\/how-to-download-jetx-game\/#faq-question-1706115284344","name":"Ne kadar kazanabilirim?","answerCount":1,"acceptedAnswer":{"@type":"Answer","text":"There is no upper limit for winnings. You win according to your bet and multiplier set at the moment when you cash out.","inLanguage":"tr"},"inLanguage":"tr"},{"@type":"Question","@id":"https:\/\/superjetx.com\/how-to-download-jetx-game\/#faq-question-1706115295449","position":3,"url":"https:\/\/superjetx.com\/how-to-download-jetx-game\/#faq-question-1706115295449","name":"JetX uygulamas\u0131 nas\u0131l indirilir?","answerCount":1,"acceptedAnswer":{"@type":"Answer","text":"Just open the Apple Store or Google Play Store, search for this game and download the app. The installation takes a few minutes and the app does not have any special requirements for the device.","inLanguage":"tr"},"inLanguage":"tr"}]}},"_links":{"self":[{"href":"https:\/\/superjetx.com\/tr\/wp-json\/wp\/v2\/pages\/95","targetHints":{"allow":["GET"]}}],"collection":[{"href":"https:\/\/superjetx.com\/tr\/wp-json\/wp\/v2\/pages"}],"about":[{"href":"https:\/\/superjetx.com\/tr\/wp-json\/wp\/v2\/types\/page"}],"author":[{"embeddable":true,"href":"https:\/\/superjetx.com\/tr\/wp-json\/wp\/v2\/users\/2"}],"replies":[{"embeddable":true,"href":"https:\/\/superjetx.com\/tr\/wp-json\/wp\/v2\/comments?post=95"}],"version-history":[{"count":3,"href":"https:\/\/superjetx.com\/tr\/wp-json\/wp\/v2\/pages\/95\/revisions"}],"predecessor-version":[{"id":118,"href":"https:\/\/superjetx.com\/tr\/wp-json\/wp\/v2\/pages\/95\/revisions\/118"}],"wp:attachment":[{"href":"https:\/\/superjetx.com\/tr\/wp-json\/wp\/v2\/media?parent=95"}],"curies":[{"name":"wp","href":"https:\/\/api.w.org\/{rel}","templated":true}]}}