{"id":98,"date":"2024-01-24T19:08:30","date_gmt":"2024-01-24T19:08:30","guid":{"rendered":"https:\/\/superjetx.com\/?page_id=98"},"modified":"2024-01-24T19:08:30","modified_gmt":"2024-01-24T19:08:30","slug":"how-to-play-jetx-game","status":"publish","type":"page","link":"https:\/\/superjetx.com\/tr\/how-to-play-jetx-game\/","title":{"rendered":"JetX Oyunu Nas\u0131l Oynan\u0131r?"},"content":{"rendered":"<p>Modern oyunlar, oyuncular\u0131n sadece keyifle vakit ge\u00e7irmelerini de\u011fil, ayn\u0131 zamanda kar elde etmelerini de sa\u011flar. Kural olarak, bu oyunlar \u00e7e\u015fitli \u00e7evrimi\u00e7i casinolarda mevcuttur. Her oyunun kendine \u00f6zg\u00fc \u00f6zellikleri, kurallar\u0131 ve kazan\u00e7 potansiyeli vard\u0131r.<\/p>\n\n\n\n<p>JetX kullan\u0131c\u0131lar aras\u0131nda en pop\u00fcler oyunlardan biridir. \u0130lk olarak, bu oyun Cbet kumarhanesinde ortaya \u00e7\u0131kt\u0131, ancak bug\u00fcn JetX'i \u00e7ok say\u0131da platformda ve web sitesinde oynamak m\u00fcmk\u00fcn. E\u011fer online casino oyunlar\u0131 d\u00fcnyas\u0131nda acemi iseniz, endi\u015felenmenize gerek yok. Bu k\u0131lavuz, JetX'in nas\u0131l oynanaca\u011f\u0131 ve ger\u00e7ek fonlar\u0131n nas\u0131l al\u0131naca\u011f\u0131 hakk\u0131nda bilgiler i\u00e7erir.<\/p>\n\n\n\n<h2 class=\"wp-block-heading\">JetX Oyunu Nedir<\/h2>\n\n\n\n<p>JetX, d\u00fcnyan\u0131n her k\u00f6\u015fesinde bilinen \u00e7evrimi\u00e7i bir oyundur. Oyunculara sanal bir jet\/u\u00e7ak kazas\u0131n\u0131n sonucu \u00fczerine bahis oynama imkan\u0131 sunar. JetX oyununun ana fikri, jet\/u\u00e7ak patlamadan \u00f6nce m\u00fcmk\u00fcn oldu\u011funca \u00e7ok para kazanmak i\u00e7in en uygun anda Topla d\u00fc\u011fmesine basmakt\u0131r.<\/p>\n\n\n\n<p>JetX basit bir oyundur. Bu y\u00fczden yeni kullan\u0131c\u0131lar i\u00e7in bile bu oyunu oynamak zahmetsiz olacakt\u0131r. SmartSoft Gaming, JetX arcade g\u00f6r\u00fcn\u00fcml\u00fc slot oyununun yarat\u0131c\u0131s\u0131d\u0131r. 80'li y\u0131llar\u0131n klasik oyunlar\u0131n\u0131n hayranlar\u0131, retro g\u00f6r\u00fcn\u00fcm\u00fc nedeniyle JetX'i \u015f\u00fcphesiz be\u011feneceklerdir.<\/p>\n\n\n\n<h2 class=\"wp-block-heading\">JetX Oyunu Nas\u0131l Oynan\u0131r?<\/h2>\n\n\n\n<p>JetX oyununun prensibi basittir. Jet havalan\u0131r ve sonunda d\u00fc\u015fene kadar u\u00e7ar. Jet u\u00e7maya ve y\u00fckselmeye devam etti\u011fi s\u00fcrece, ona ba\u011fl\u0131 \u00e7arpan da b\u00fcy\u00fcmeye devam eder. Jet patlad\u0131\u011f\u0131nda tur tamamlanm\u0131\u015f olur.<\/p>\n\n\n\n<p>JetX oynamaya ba\u015flamak i\u00e7in bahsinizi koymal\u0131s\u0131n\u0131z. Ayn\u0131 anda birka\u00e7 bahis de oynayabilirsiniz. G\u00f6reviniz, jetin hangi \u00e7arpanda patlayaca\u011f\u0131n\u0131 tahmin etmektir. Jet ne kadar uzun s\u00fcre \"havada\" kal\u0131rsa, bahsinizin \u00e7arpan\u0131 o kadar y\u00fcksek olur.<\/p>\n\n\n\n<p>Oyunun anlam\u0131, jet d\u00fc\u015fmeden \u00f6nce para \u00e7ekmektir. Gecikmeli olarak para \u00e7ekerseniz, bahsiniz kaybedilir.<\/p>\n\n\n\n<h3 class=\"wp-block-heading\">3 Seviye Jackpot<\/h3>\n\n\n\n<p>JetX kendi ba\u015f\u0131na \u00e7ekici ve ilgi \u00e7ekici bir oyundur. Ancak, \u00fc\u00e7 seviyeli jackpot \u00f6zelli\u011fi bu oyuna daha fazla ilgi kat\u0131yor. Bu jackpotlar\u0131 nas\u0131l kazanaca\u011f\u0131n\u0131z\u0131 merak ediyor musunuz? Jet ilerlerken Uzay, Galaksi ve Gezegen olarak bilinen \u00fc\u00e7 seviyeden ge\u00e7ecektir. Bu seviyelerin her birine rastgele bir jackpot eklenmi\u015ftir. Hangi bahsi oynad\u0131\u011f\u0131n\u0131z\u0131n bir \u00f6nemi yoktur, \u00e7\u00fcnk\u00fc ikramiye i\u015fe yararsa kesinlikle \u00f6d\u00fcl havuzunda bir \u015fans elde edersiniz.<\/p>\n\n\n\n<h2 class=\"wp-block-heading\">Kazand\u0131ran JetX Oyun Stratejisi<\/h2>\n\n\n\n<p>JetX oyunu bir Rastgele Say\u0131 \u00dcreticisine (RNG) dayanmaktad\u0131r. Bu, zaferinizin \u015fans\u0131n\u0131za ba\u011fl\u0131 oldu\u011fu anlam\u0131na gelir. Kural olarak, oyunculara her turda 100% kazan\u00e7 sa\u011flayacak kesin taktikler yoktur. Bununla birlikte, baz\u0131 oyun stratejileri kullan\u0131c\u0131lar i\u00e7in yararl\u0131 olabilir. Bu ipu\u00e7lar\u0131, oyuncular\u0131n riskleri en aza indirmelerine ve ger\u00e7ek kazan\u00e7 \u015fanslar\u0131n\u0131 art\u0131rmalar\u0131na yard\u0131mc\u0131 olabilir.<\/p>\n\n\n\n<p>Etkili kazanma stratejilerine g\u00fcvenmenin yan\u0131 s\u0131ra, oyunun kurallar\u0131n\u0131 tamamen \u00f6\u011frenmek de ayn\u0131 \u015fekilde iyi bir fikir olacakt\u0131r. Kullan\u0131c\u0131lar, bu oyunun demo versiyonunu oynayarak JetX'in mekaniklerini ve prensiplerini anlama f\u0131rsat\u0131na sahiptir.<\/p>\n\n\n\n<h3 class=\"wp-block-heading\">Bahis ve \u00e7arpan<\/h3>\n\n\n\n<p>JetX oyununu oynarken faydal\u0131 tavsiyelerden biri, ayn\u0131 tur boyunca d\u00fc\u015f\u00fck \u00e7arpana b\u00fcy\u00fck bahisler ve y\u00fcksek \u00e7arpana d\u00fc\u015f\u00fck bahisler koymakt\u0131r. Bu, JetX oyuncular\u0131 taraf\u0131ndan yayg\u0131n olarak kullan\u0131lan bir tekniktir.<\/p>\n\n\n\n<p>Bu stratejinin ilk amac\u0131, tekrarlayan kazan\u00e7lar sa\u011flamaya \u00e7al\u0131\u015f\u0131rken riski k\u0131s\u0131tlamak ve b\u00fcy\u00fck bahis miktar\u0131n\u0131n yard\u0131m\u0131yla bakiyeyi sabit tutmakt\u0131r. Bu arada, kullan\u0131c\u0131lar bakiyelerini art\u0131rabilecek b\u00fcy\u00fck bir \u00e7arpan\u0131 vurmaya \u00e7al\u0131\u015fmak i\u00e7in k\u00fc\u00e7\u00fck bir bahis koymal\u0131d\u0131r.<\/p>\n\n\n\n<h3 class=\"wp-block-heading\">Nakit \u00c7\u0131k\u0131\u015f\u0131<\/h3>\n\n\n\n<p>Baz\u0131 oyuncular ba\u015fka bir stratejiye ba\u011fl\u0131 kal\u0131r ve de\u011fi\u015fken oynar. Bu tekni\u011fin anlam\u0131, kullan\u0131c\u0131lar\u0131n kural olarak yapacaklar\u0131ndan daha y\u00fcksek bahisler koymalar\u0131 ve d\u00fc\u015f\u00fck \u00e7arpanlarda para \u00e7ekmeleri gerekti\u011fidir. M\u00fcmk\u00fcn olan en k\u0131sa s\u00fcrede paraya \u00e7evirmenin amac\u0131, tekrarlayan kazan\u00e7lar elde etmek ve yeterince kazand\u0131ktan sonra oyun platformundan veya web sitesinden kazan\u00e7lar\u0131 \u00e7ekmektir.<\/p>\n\n\n\n<p>Ancak, bu stratejiyi uygulamaya karar verirseniz dikkatli olmal\u0131s\u0131n\u0131z. Genelde yapt\u0131\u011f\u0131n\u0131zdan daha y\u00fcksek bahis oynamak, \u015fanss\u0131z bir seriye girerseniz h\u0131zl\u0131 bir kayba yol a\u00e7abilir.<\/p>\n\n\n\n<h3 class=\"wp-block-heading\">Martingale<\/h3>\n\n\n\n<p>Martingale, online casinolarda oyuncular aras\u0131nda olduk\u00e7a pop\u00fcler bir tekniktir. Yine de Martingale konusunda dikkatli olmal\u0131s\u0131n\u0131z \u00e7\u00fcnk\u00fc bu strateji belirli riskler ve tehlikelerle ili\u015fkilidir. Martingale tekni\u011fi, \u00f6nce k\u00fc\u00e7\u00fck bir bahis koymay\u0131 ve bir \u00f6nceki bahis kaybedilirse bahisleri ikiye katlamay\u0131 gerektirir.<\/p>\n\n\n\n<p>Martingale tekni\u011fi, oyuncular\u0131n b\u00fcy\u00fck bir paras\u0131 yoksa tehlikeli olarak kabul edilir. Dahas\u0131, online casinolar\u0131n \u00e7o\u011fu bu tekni\u011fin kendi h\u00fck\u00fcm ve ko\u015fullar\u0131nda yasak oldu\u011funu beyan etmektedir. Bu nedenle, Martingale riskli tekni\u011fine ba\u011fl\u0131 kalmaktansa ba\u015fka bir stratejiye g\u00fcvenmek daha iyi bir \u00e7\u00f6z\u00fcm olacakt\u0131r.<\/p>\n\n\n\n<h3 class=\"wp-block-heading\">Yuvarlak sigorta<\/h3>\n\n\n\n<p>JetX oyununun modeli 2 bahis \u00f6ng\u00f6rmektedir. Oyuncular\u0131n otomatik \u00e7ekili\u015fi ilk durumda 1.50'ye, ikincisinde ise 2.00'ye ayarlamalar\u0131 \u00f6nerilir. Kullan\u0131c\u0131lar kazan\u0131rsa, olduk\u00e7a b\u00fcy\u00fck \u00f6d\u00fclleri d\u00fczeltme olana\u011f\u0131na sahip olacaklar. Bununla birlikte, kay\u0131p durumunda kay\u0131plar\u0131n boyutu olduk\u00e7a h\u0131zl\u0131 bir \u015fekilde artacakt\u0131r.<\/p>\n\n\n\n<h3 class=\"wp-block-heading\">Para y\u00f6netimi<\/h3>\n\n\n\n<p>Oyunlarda para y\u00f6netimi, genellikle istikrarl\u0131 ve keyifli bir oyun s\u00fcreci sa\u011flamak i\u00e7in ki\u015finin oyun i\u00e7i para birimini veya kaynaklar\u0131n\u0131 etkili bir \u015fekilde y\u00f6netme uygulamas\u0131n\u0131 ifade eder. JetX oyununda para y\u00f6netimi i\u00e7in belirli ipu\u00e7lar\u0131 vard\u0131r. Bu \u00f6neriler bir b\u00fct\u00e7e belirlemeyi, harcamalar\u0131n\u0131z\u0131 izlemeyi, hesaplanm\u0131\u015f riskler almay\u0131 vb. i\u00e7erir.<\/p>\n\n\n\n<p>\u00d6rne\u011fin, kullan\u0131c\u0131lar JetX oyununu oynamak i\u00e7in ne kadar oyun i\u00e7i para birimi veya kaynak ay\u0131rmaya haz\u0131r olduklar\u0131n\u0131 belirleyebilirler. Ayr\u0131ca, oyuncular\u0131n ne kadar oyun i\u00e7i para birimi veya kaynak harcad\u0131klar\u0131n\u0131 ve ne i\u00e7in harcad\u0131klar\u0131n\u0131 takip etmek \u00f6nemlidir.<\/p>\n\n\n\n<h2 class=\"wp-block-heading\">JetX Oyun Uygulamas\u0131 \u0130ndir<\/h2>\n\n\n\n<p>G\u00fcn\u00fcm\u00fczde, JetX oyunu herhangi bir cihazda oynamak i\u00e7in kullan\u0131labilir. Ana ko\u015ful, istikrarl\u0131 ve g\u00fcvenli bir internet ba\u011flant\u0131s\u0131na sahip olmakt\u0131r. B\u00f6ylece, d\u00fcnyan\u0131n her yerinden kullan\u0131c\u0131lar JetX oyununu bilgisayarlarda, diz\u00fcst\u00fc bilgisayarlarda, tabletlerde ve ak\u0131ll\u0131 telefonlarda oynayabilir. Oyun aray\u00fcz\u00fc duyarl\u0131 oldu\u011fundan, ekran\u0131n\u0131z\u0131n boyutuna g\u00f6re otomatik olarak ayarlanacakt\u0131r.<\/p>\n\n\n\n<p>Daha da uygun olan\u0131, JetX'in kullan\u0131c\u0131lar i\u00e7in bir mobil uygulama sunmas\u0131d\u0131r. JetX oyun uygulamas\u0131n\u0131 iOS ve Android cihazlara indirmek m\u00fcmk\u00fcnd\u00fcr. Grafikler ve ses, web sitesi s\u00fcr\u00fcm\u00fcnde oldu\u011fu gibi ayn\u0131 y\u00fcksek seviyededir.<\/p>\n\n\n\n<h2 class=\"wp-block-heading\">JetX Oyun Bonuslar\u0131<\/h2>\n\n\n\n<p>JetX ilgin\u00e7 bir oyun oldu\u011fu i\u00e7in her g\u00fcn yeni oyuncular\u0131n ilgisini \u00e7ekmektedir. Yeni ve d\u00fczenli oyunculara sunulan bonuslar ve promosyonlar, kullan\u0131c\u0131lar\u0131n dikkatini daha da fazla \u00e7eken \u015feydir. \u00d6rne\u011fin, JetX oyununa yeni ba\u015flayanlar\u0131n ilk depozitolar\u0131 i\u00e7in bir ho\u015fgeldin bonusu almalar\u0131 garanti edilecektir. Mevcut \u00f6zel teklifler ve bonuslar JetX oyununun web sitesinin ana sayfas\u0131nda ke\u015ffedilebilir.<\/p>\n\n\n\n<h2 class=\"wp-block-heading\">\u00d6zet<\/h2>\n\n\n\n<p>E\u011flenceli bir oyun oynaman\u0131n ve biraz para kazanman\u0131n yollar\u0131n\u0131 m\u0131 ar\u0131yorsunuz? Bu ama\u00e7la JetX oyunu en uygun se\u00e7enek olacakt\u0131r. JetX'in basit kurallar\u0131 vard\u0131r ancak b\u00fcy\u00fck kazan\u00e7lar elde etme olas\u0131l\u0131\u011f\u0131 y\u00fcksektir. Ba\u015far\u0131 \u015fans\u0131n\u0131z\u0131 art\u0131rmak i\u00e7in yukar\u0131da tart\u0131\u015f\u0131lan oyun stratejilerinden yararlanabilirsiniz.<\/p>\n\n\n\n<h2 class=\"wp-block-heading\">SSS<\/h2>\n\n\n\n<div class=\"schema-faq wp-block-yoast-faq-block\"><div class=\"schema-faq-section\" id=\"faq-question-1706123033831\"><strong class=\"schema-faq-question\">JetX nas\u0131l oynan\u0131r?<\/strong> <p class=\"schema-faq-answer\">JetX oynamak i\u00e7in bahsinizi koymal\u0131 ve jet d\u00fc\u015fene kadar zaman\u0131nda nakit \u00e7ekmelisiniz.<\/p> <\/div> <div class=\"schema-faq-section\" id=\"faq-question-1706123054496\"><strong class=\"schema-faq-question\">JetX neden bu kadar pop\u00fcler?<\/strong> <p class=\"schema-faq-answer\">JetX'in oyuncular aras\u0131nda bu kadar pop\u00fcler olmas\u0131n\u0131n birka\u00e7 nedeni var. Bu oyunu \u00f6\u011frenmek kolayd\u0131r, benzersiz bir oynan\u0131\u015fa ve y\u00fcksek kazanma potansiyeline sahiptir, bonuslar ve daha fazlas\u0131n\u0131 sunar.<\/p> <\/div> <div class=\"schema-faq-section\" id=\"faq-question-1706123073866\"><strong class=\"schema-faq-question\">JetX oyunu nas\u0131l kazan\u0131l\u0131r?<\/strong> <p class=\"schema-faq-answer\">JetX bir Rastgele Say\u0131 \u00dcreticisine (RNG) dayand\u0131\u011f\u0131ndan, size d\u00fczenli kazan\u00e7lar sa\u011flayacak 100% etkili oyun stratejisi mevcut de\u011fildir. Yine de, baz\u0131 teknikler, \u00f6zellikle de de\u011fi\u015fken bir oyun tarz\u0131na ba\u011fl\u0131 kalmak, d\u00fc\u015f\u00fck \u00e7arpana b\u00fcy\u00fck bahis yapmak ve y\u00fcksek \u00e7arpana d\u00fc\u015f\u00fck bahis yapmak, Martingale tekni\u011fini uygulamak vb. b\u00fcy\u00fck kazan\u00e7 \u015fans\u0131n\u0131z\u0131 art\u0131rman\u0131za yard\u0131mc\u0131 olabilir.<\/p> <\/div> <\/div>","protected":false},"excerpt":{"rendered":"<p>Modern games enable players not only to spend time with enjoyment but likewise to get profit. As a rule, these games are available in various online casinos. Each game has its own unique features, rules, and potential for winnings. JetX is one of the most popular games among users. First, this game appeared on Cbet [&hellip;]<\/p>\n","protected":false},"author":2,"featured_media":0,"parent":0,"menu_order":0,"comment_status":"closed","ping_status":"closed","template":"","meta":{"footnotes":""},"class_list":["post-98","page","type-page","status-publish","hentry"],"yoast_head":"<!-- This site is optimized with the Yoast SEO plugin v27.3 - https:\/\/yoast.com\/product\/yoast-seo-wordpress\/ -->\n<title>How to Play JetX Game and Get Big Winnings: Recommendations<\/title>\n<meta name=\"description\" content=\"How to play the JetX game if you intend to win real money? This article involves detailed data on the JetX game and provides useful strategies that will surely bring you to victory\" \/>\n<meta name=\"robots\" content=\"index, follow, max-snippet:-1, max-image-preview:large, max-video-preview:-1\" \/>\n<link rel=\"canonical\" href=\"https:\/\/superjetx.com\/tr\/how-to-play-jetx-game\/\" \/>\n<meta property=\"og:locale\" content=\"tr_TR\" \/>\n<meta property=\"og:type\" content=\"article\" \/>\n<meta property=\"og:title\" content=\"How to Play JetX Game and Get Big Winnings: Recommendations\" \/>\n<meta property=\"og:description\" content=\"How to play the JetX game if you intend to win real money? This article involves detailed data on the JetX game and provides useful strategies that will surely bring you to victory\" \/>\n<meta property=\"og:url\" content=\"https:\/\/superjetx.com\/tr\/how-to-play-jetx-game\/\" \/>\n<meta property=\"og:site_name\" content=\"JetX Game\" \/>\n<meta name=\"twitter:card\" content=\"summary_large_image\" \/>\n<meta name=\"twitter:label1\" content=\"Tahmini okuma s\u00fcresi\" \/>\n\t<meta name=\"twitter:data1\" content=\"6 dakika\" \/>\n<script type=\"application\/ld+json\" class=\"yoast-schema-graph\">{\"@context\":\"https:\\\/\\\/schema.org\",\"@graph\":[{\"@type\":[\"WebPage\",\"FAQPage\"],\"@id\":\"https:\\\/\\\/superjetx.com\\\/how-to-play-jetx-game\\\/\",\"url\":\"https:\\\/\\\/superjetx.com\\\/how-to-play-jetx-game\\\/\",\"name\":\"How to Play JetX Game and Get Big Winnings: Recommendations\",\"isPartOf\":{\"@id\":\"https:\\\/\\\/superjetx.com\\\/#website\"},\"datePublished\":\"2024-01-24T19:08:30+00:00\",\"description\":\"How to play the JetX game if you intend to win real money? This article involves detailed data on the JetX game and provides useful strategies that will surely bring you to victory\",\"breadcrumb\":{\"@id\":\"https:\\\/\\\/superjetx.com\\\/how-to-play-jetx-game\\\/#breadcrumb\"},\"mainEntity\":[{\"@id\":\"https:\\\/\\\/superjetx.com\\\/how-to-play-jetx-game\\\/#faq-question-1706123033831\"},{\"@id\":\"https:\\\/\\\/superjetx.com\\\/how-to-play-jetx-game\\\/#faq-question-1706123054496\"},{\"@id\":\"https:\\\/\\\/superjetx.com\\\/how-to-play-jetx-game\\\/#faq-question-1706123073866\"}],\"inLanguage\":\"tr\",\"potentialAction\":[{\"@type\":\"ReadAction\",\"target\":[\"https:\\\/\\\/superjetx.com\\\/how-to-play-jetx-game\\\/\"]}]},{\"@type\":\"BreadcrumbList\",\"@id\":\"https:\\\/\\\/superjetx.com\\\/how-to-play-jetx-game\\\/#breadcrumb\",\"itemListElement\":[{\"@type\":\"ListItem\",\"position\":1,\"name\":\"Home\",\"item\":\"https:\\\/\\\/superjetx.com\\\/\"},{\"@type\":\"ListItem\",\"position\":2,\"name\":\"How to Play JetX Game\"}]},{\"@type\":\"WebSite\",\"@id\":\"https:\\\/\\\/superjetx.com\\\/#website\",\"url\":\"https:\\\/\\\/superjetx.com\\\/\",\"name\":\"JetX Game\",\"description\":\"Super JetX Club\",\"potentialAction\":[{\"@type\":\"SearchAction\",\"target\":{\"@type\":\"EntryPoint\",\"urlTemplate\":\"https:\\\/\\\/superjetx.com\\\/?s={search_term_string}\"},\"query-input\":{\"@type\":\"PropertyValueSpecification\",\"valueRequired\":true,\"valueName\":\"search_term_string\"}}],\"inLanguage\":\"tr\"},{\"@type\":\"Question\",\"@id\":\"https:\\\/\\\/superjetx.com\\\/how-to-play-jetx-game\\\/#faq-question-1706123033831\",\"position\":1,\"url\":\"https:\\\/\\\/superjetx.com\\\/how-to-play-jetx-game\\\/#faq-question-1706123033831\",\"name\":\"How to play JetX?\",\"answerCount\":1,\"acceptedAnswer\":{\"@type\":\"Answer\",\"text\":\"To play JetX, you should place your bet and cash out on time until the jet crashes.\",\"inLanguage\":\"tr\"},\"inLanguage\":\"tr\"},{\"@type\":\"Question\",\"@id\":\"https:\\\/\\\/superjetx.com\\\/how-to-play-jetx-game\\\/#faq-question-1706123054496\",\"position\":2,\"url\":\"https:\\\/\\\/superjetx.com\\\/how-to-play-jetx-game\\\/#faq-question-1706123054496\",\"name\":\"Why is JetX so popular?\",\"answerCount\":1,\"acceptedAnswer\":{\"@type\":\"Answer\",\"text\":\"There are a few reasons why JetX is so popular among players. This game is simple to learn, has unique gameplay and high winning potential, offers bonuses, and more.\",\"inLanguage\":\"tr\"},\"inLanguage\":\"tr\"},{\"@type\":\"Question\",\"@id\":\"https:\\\/\\\/superjetx.com\\\/how-to-play-jetx-game\\\/#faq-question-1706123073866\",\"position\":3,\"url\":\"https:\\\/\\\/superjetx.com\\\/how-to-play-jetx-game\\\/#faq-question-1706123073866\",\"name\":\"How to win JetX game?\",\"answerCount\":1,\"acceptedAnswer\":{\"@type\":\"Answer\",\"text\":\"Since JetX is based on a Random Number Generator (RNG), 100% effective gaming strategies that would provide you with regular winnings don't exist. Still, some techniques, in particular, sticking to a volatile play style, betting big on a low multiplier and betting low on a high multiplier, applying the Martingale technique, etc. may help raise your chances of big wins.\",\"inLanguage\":\"tr\"},\"inLanguage\":\"tr\"}]}<\/script>\n<!-- \/ Yoast SEO plugin. -->","yoast_head_json":{"title":"JetX Oyunu Nas\u0131l Oynan\u0131r ve B\u00fcy\u00fck Kazan\u00e7lar Elde Edilir? \u00d6neriler","description":"Ger\u00e7ek para kazanmak istiyorsan\u0131z JetX oyununu nas\u0131l oynamal\u0131s\u0131n\u0131z? Bu makale JetX oyunu hakk\u0131nda ayr\u0131nt\u0131l\u0131 veriler i\u00e7eriyor ve sizi kesinlikle zafere ula\u015ft\u0131racak faydal\u0131 stratejiler sunuyor","robots":{"index":"index","follow":"follow","max-snippet":"max-snippet:-1","max-image-preview":"max-image-preview:large","max-video-preview":"max-video-preview:-1"},"canonical":"https:\/\/superjetx.com\/tr\/how-to-play-jetx-game\/","og_locale":"tr_TR","og_type":"article","og_title":"How to Play JetX Game and Get Big Winnings: Recommendations","og_description":"How to play the JetX game if you intend to win real money? This article involves detailed data on the JetX game and provides useful strategies that will surely bring you to victory","og_url":"https:\/\/superjetx.com\/tr\/how-to-play-jetx-game\/","og_site_name":"JetX Game","twitter_card":"summary_large_image","twitter_misc":{"Tahmini okuma s\u00fcresi":"6 dakika"},"schema":{"@context":"https:\/\/schema.org","@graph":[{"@type":["WebPage","FAQPage"],"@id":"https:\/\/superjetx.com\/how-to-play-jetx-game\/","url":"https:\/\/superjetx.com\/how-to-play-jetx-game\/","name":"JetX Oyunu Nas\u0131l Oynan\u0131r ve B\u00fcy\u00fck Kazan\u00e7lar Elde Edilir? \u00d6neriler","isPartOf":{"@id":"https:\/\/superjetx.com\/#website"},"datePublished":"2024-01-24T19:08:30+00:00","description":"Ger\u00e7ek para kazanmak istiyorsan\u0131z JetX oyununu nas\u0131l oynamal\u0131s\u0131n\u0131z? Bu makale JetX oyunu hakk\u0131nda ayr\u0131nt\u0131l\u0131 veriler i\u00e7eriyor ve sizi kesinlikle zafere ula\u015ft\u0131racak faydal\u0131 stratejiler sunuyor","breadcrumb":{"@id":"https:\/\/superjetx.com\/how-to-play-jetx-game\/#breadcrumb"},"mainEntity":[{"@id":"https:\/\/superjetx.com\/how-to-play-jetx-game\/#faq-question-1706123033831"},{"@id":"https:\/\/superjetx.com\/how-to-play-jetx-game\/#faq-question-1706123054496"},{"@id":"https:\/\/superjetx.com\/how-to-play-jetx-game\/#faq-question-1706123073866"}],"inLanguage":"tr","potentialAction":[{"@type":"ReadAction","target":["https:\/\/superjetx.com\/how-to-play-jetx-game\/"]}]},{"@type":"BreadcrumbList","@id":"https:\/\/superjetx.com\/how-to-play-jetx-game\/#breadcrumb","itemListElement":[{"@type":"ListItem","position":1,"name":"Home","item":"https:\/\/superjetx.com\/"},{"@type":"ListItem","position":2,"name":"How to Play JetX Game"}]},{"@type":"WebSite","@id":"https:\/\/superjetx.com\/#website","url":"https:\/\/superjetx.com\/","name":"JetX Oyunu","description":"S\u00fcper JetX Kul\u00fcb\u00fc","potentialAction":[{"@type":"SearchAction","target":{"@type":"EntryPoint","urlTemplate":"https:\/\/superjetx.com\/?s={search_term_string}"},"query-input":{"@type":"PropertyValueSpecification","valueRequired":true,"valueName":"search_term_string"}}],"inLanguage":"tr"},{"@type":"Question","@id":"https:\/\/superjetx.com\/how-to-play-jetx-game\/#faq-question-1706123033831","position":1,"url":"https:\/\/superjetx.com\/how-to-play-jetx-game\/#faq-question-1706123033831","name":"JetX nas\u0131l oynan\u0131r?","answerCount":1,"acceptedAnswer":{"@type":"Answer","text":"To play JetX, you should place your bet and cash out on time until the jet crashes.","inLanguage":"tr"},"inLanguage":"tr"},{"@type":"Question","@id":"https:\/\/superjetx.com\/how-to-play-jetx-game\/#faq-question-1706123054496","position":2,"url":"https:\/\/superjetx.com\/how-to-play-jetx-game\/#faq-question-1706123054496","name":"JetX neden bu kadar pop\u00fcler?","answerCount":1,"acceptedAnswer":{"@type":"Answer","text":"There are a few reasons why JetX is so popular among players. This game is simple to learn, has unique gameplay and high winning potential, offers bonuses, and more.","inLanguage":"tr"},"inLanguage":"tr"},{"@type":"Question","@id":"https:\/\/superjetx.com\/how-to-play-jetx-game\/#faq-question-1706123073866","position":3,"url":"https:\/\/superjetx.com\/how-to-play-jetx-game\/#faq-question-1706123073866","name":"JetX oyunu nas\u0131l kazan\u0131l\u0131r?","answerCount":1,"acceptedAnswer":{"@type":"Answer","text":"Since JetX is based on a Random Number Generator (RNG), 100% effective gaming strategies that would provide you with regular winnings don't exist. Still, some techniques, in particular, sticking to a volatile play style, betting big on a low multiplier and betting low on a high multiplier, applying the Martingale technique, etc. may help raise your chances of big wins.","inLanguage":"tr"},"inLanguage":"tr"}]}},"_links":{"self":[{"href":"https:\/\/superjetx.com\/tr\/wp-json\/wp\/v2\/pages\/98","targetHints":{"allow":["GET"]}}],"collection":[{"href":"https:\/\/superjetx.com\/tr\/wp-json\/wp\/v2\/pages"}],"about":[{"href":"https:\/\/superjetx.com\/tr\/wp-json\/wp\/v2\/types\/page"}],"author":[{"embeddable":true,"href":"https:\/\/superjetx.com\/tr\/wp-json\/wp\/v2\/users\/2"}],"replies":[{"embeddable":true,"href":"https:\/\/superjetx.com\/tr\/wp-json\/wp\/v2\/comments?post=98"}],"version-history":[{"count":1,"href":"https:\/\/superjetx.com\/tr\/wp-json\/wp\/v2\/pages\/98\/revisions"}],"predecessor-version":[{"id":99,"href":"https:\/\/superjetx.com\/tr\/wp-json\/wp\/v2\/pages\/98\/revisions\/99"}],"wp:attachment":[{"href":"https:\/\/superjetx.com\/tr\/wp-json\/wp\/v2\/media?parent=98"}],"curies":[{"name":"wp","href":"https:\/\/api.w.org\/{rel}","templated":true}]}}